{"id":138,"date":"2025-06-02T10:52:17","date_gmt":"2025-06-02T13:52:17","guid":{"rendered":"https:\/\/www2.uepg.br\/microbiologia-ambiental\/?page_id=138"},"modified":"2025-06-02T10:52:17","modified_gmt":"2025-06-02T13:52:17","slug":"estudantes-de-pos-graduacao","status":"publish","type":"page","link":"https:\/\/www2.uepg.br\/microbiologia-ambiental\/estudantes-de-pos-graduacao\/","title":{"rendered":"Estudantes de P\u00f3s-Gradua\u00e7\u00e3o"},"content":{"rendered":"","protected":false},"excerpt":{"rendered":"","protected":false},"author":378,"featured_media":0,"parent":0,"menu_order":0,"comment_status":"closed","ping_status":"closed","template":"","meta":[],"_links":{"self":[{"href":"https:\/\/www2.uepg.br\/microbiologia-ambiental\/wp-json\/wp\/v2\/pages\/138"}],"collection":[{"href":"https:\/\/www2.uepg.br\/microbiologia-ambiental\/wp-json\/wp\/v2\/pages"}],"about":[{"href":"https:\/\/www2.uepg.br\/microbiologia-ambiental\/wp-json\/wp\/v2\/types\/page"}],"author":[{"embeddable":true,"href":"https:\/\/www2.uepg.br\/microbiologia-ambiental\/wp-json\/wp\/v2\/users\/378"}],"replies":[{"embeddable":true,"href":"https:\/\/www2.uepg.br\/microbiologia-ambiental\/wp-json\/wp\/v2\/comments?post=138"}],"version-history":[{"count":1,"href":"https:\/\/www2.uepg.br\/microbiologia-ambiental\/wp-json\/wp\/v2\/pages\/138\/revisions"}],"predecessor-version":[{"id":163,"href":"https:\/\/www2.uepg.br\/microbiologia-ambiental\/wp-json\/wp\/v2\/pages\/138\/revisions\/163"}],"wp:attachment":[{"href":"https:\/\/www2.uepg.br\/microbiologia-ambiental\/wp-json\/wp\/v2\/media?parent=138"}],"curies":[{"name":"wp","href":"https:\/\/api.w.org\/{rel}","templated":true}]}}