{"id":143,"date":"2025-06-02T10:52:17","date_gmt":"2025-06-02T13:52:17","guid":{"rendered":"https:\/\/www2.uepg.br\/microbiologia-ambiental\/?page_id=143"},"modified":"2025-10-20T22:17:11","modified_gmt":"2025-10-21T01:17:11","slug":"materiais-didaticos","status":"publish","type":"page","link":"https:\/\/www2.uepg.br\/microbiologia-ambiental\/materiais-didaticos\/","title":{"rendered":"Materiais Did\u00e1ticos"},"content":{"rendered":"<div id=\"pl-143\"  class=\"panel-layout\" ><div id=\"pg-143-0\"  class=\"panel-grid panel-no-style\" ><div id=\"pgc-143-0-0\"  class=\"panel-grid-cell\" ><div id=\"panel-143-0-0-0\" class=\"so-panel widget widget_sow-editor panel-first-child\" data-index=\"0\" ><div\n\t\t\t\n\t\t\tclass=\"so-widget-sow-editor so-widget-sow-editor-base\"\n\t\t\t\n\t\t>\n<div class=\"siteorigin-widget-tinymce textwidget\">\n\t<p>Al\u00e9m de ser um espa\u00e7o de pesquisa, o Laborat\u00f3rio de Microbiologia Ambiental da UEPG tamb\u00e9m contribui com a produ\u00e7\u00e3o de conte\u00fados voltados ao ensino e \u00e0 divulga\u00e7\u00e3o cient\u00edfica. Os materiais desenvolvidos refletem a experi\u00eancia acumulada em projetos acad\u00eamicos e a busca por formas acess\u00edveis e instigantes de apresentar a microbiologia ambiental.<\/p>\n<p><!--StartFragment --><\/p>\n<p><!--EndFragment --><\/p>\n<\/div>\n<\/div><\/div><div id=\"panel-143-0-0-1\" class=\"so-panel widget widget_siteorigin-panels-builder panel-last-child\" data-index=\"1\" ><div id=\"pl-w68f6dd9f26c76\"  class=\"panel-layout\" ><div id=\"pg-w68f6dd9f26c76-0\"  class=\"panel-grid panel-no-style\" ><div id=\"pgc-w68f6dd9f26c76-0-0\"  class=\"panel-grid-cell\" ><div id=\"panel-w68f6dd9f26c76-0-0-0\" class=\"so-panel widget widget_sow-editor panel-first-child panel-last-child\" data-index=\"0\" ><div\n\t\t\t\n\t\t\tclass=\"so-widget-sow-editor so-widget-sow-editor-base\"\n\t\t\t\n\t\t><h3 class=\"widget-title\">A Sociedade Secreta das Bact\u00e9rias <\/h3>\n<div class=\"siteorigin-widget-tinymce textwidget\">\n\t<p>Um dos destaques \u00e9 o livro <em>A Sociedade Secreta das Bact\u00e9rias<\/em>, escrito pelo Prof. Dr. Marcos Pileggi, que aborda o universo microbiano de forma clara, conectando ci\u00eancia, cotidiano e curiosidade.<\/p>\n<\/div>\n<\/div><\/div><\/div><div id=\"pgc-w68f6dd9f26c76-0-1\"  class=\"panel-grid-cell\" ><div id=\"panel-w68f6dd9f26c76-0-1-0\" class=\"so-panel widget widget_media_image panel-first-child panel-last-child\" data-index=\"1\" ><img width=\"211\" height=\"300\" src=\"https:\/\/www2.uepg.br\/microbiologia-ambiental\/wp-content\/uploads\/sites\/288\/2025\/10\/71I53NJbyNL._SL1500_-211x300.jpg\" class=\"image wp-image-342  attachment-medium size-medium\" alt=\"\" loading=\"lazy\" style=\"max-width: 100%; height: auto;\" srcset=\"https:\/\/www2.uepg.br\/microbiologia-ambiental\/wp-content\/uploads\/sites\/288\/2025\/10\/71I53NJbyNL._SL1500_-211x300.jpg 211w, https:\/\/www2.uepg.br\/microbiologia-ambiental\/wp-content\/uploads\/sites\/288\/2025\/10\/71I53NJbyNL._SL1500_-720x1024.jpg 720w, https:\/\/www2.uepg.br\/microbiologia-ambiental\/wp-content\/uploads\/sites\/288\/2025\/10\/71I53NJbyNL._SL1500_-768x1093.jpg 768w, https:\/\/www2.uepg.br\/microbiologia-ambiental\/wp-content\/uploads\/sites\/288\/2025\/10\/71I53NJbyNL._SL1500_-759x1080.jpg 759w, https:\/\/www2.uepg.br\/microbiologia-ambiental\/wp-content\/uploads\/sites\/288\/2025\/10\/71I53NJbyNL._SL1500_.jpg 1054w\" sizes=\"(max-width: 211px) 100vw, 211px\" \/><\/div><\/div><\/div><\/div><\/div><\/div><\/div><\/div>","protected":false},"excerpt":{"rendered":"<p>Al\u00e9m de ser um espa\u00e7o de pesquisa, o Laborat\u00f3rio de Microbiologia Ambiental da UEPG tamb\u00e9m contribui com a produ\u00e7\u00e3o de conte\u00fados voltados ao ensino e \u00e0 divulga\u00e7\u00e3o cient\u00edfica. Os materiais desenvolvidos refletem a experi\u00eancia acumulada em projetos acad\u00eamicos e a busca por formas acess\u00edveis e instigantes de apresentar a microbiologia ambiental.<\/p>\n","protected":false},"author":378,"featured_media":0,"parent":0,"menu_order":0,"comment_status":"closed","ping_status":"closed","template":"","meta":[],"_links":{"self":[{"href":"https:\/\/www2.uepg.br\/microbiologia-ambiental\/wp-json\/wp\/v2\/pages\/143"}],"collection":[{"href":"https:\/\/www2.uepg.br\/microbiologia-ambiental\/wp-json\/wp\/v2\/pages"}],"about":[{"href":"https:\/\/www2.uepg.br\/microbiologia-ambiental\/wp-json\/wp\/v2\/types\/page"}],"author":[{"embeddable":true,"href":"https:\/\/www2.uepg.br\/microbiologia-ambiental\/wp-json\/wp\/v2\/users\/378"}],"replies":[{"embeddable":true,"href":"https:\/\/www2.uepg.br\/microbiologia-ambiental\/wp-json\/wp\/v2\/comments?post=143"}],"version-history":[{"count":4,"href":"https:\/\/www2.uepg.br\/microbiologia-ambiental\/wp-json\/wp\/v2\/pages\/143\/revisions"}],"predecessor-version":[{"id":345,"href":"https:\/\/www2.uepg.br\/microbiologia-ambiental\/wp-json\/wp\/v2\/pages\/143\/revisions\/345"}],"wp:attachment":[{"href":"https:\/\/www2.uepg.br\/microbiologia-ambiental\/wp-json\/wp\/v2\/media?parent=143"}],"curies":[{"name":"wp","href":"https:\/\/api.w.org\/{rel}","templated":true}]}}