{"id":144,"date":"2025-06-02T10:52:17","date_gmt":"2025-06-02T13:52:17","guid":{"rendered":"https:\/\/www2.uepg.br\/microbiologia-ambiental\/?page_id=144"},"modified":"2025-10-20T21:24:23","modified_gmt":"2025-10-21T00:24:23","slug":"workshops-e-palestras","status":"publish","type":"page","link":"https:\/\/www2.uepg.br\/microbiologia-ambiental\/workshops-e-palestras\/","title":{"rendered":"Workshops e Palestras"},"content":{"rendered":"<div id=\"pl-144\"  class=\"panel-layout\" ><div id=\"pg-144-0\"  class=\"panel-grid panel-no-style\" ><div id=\"pgc-144-0-0\"  class=\"panel-grid-cell\" ><div id=\"panel-144-0-0-0\" class=\"so-panel widget widget_sow-editor panel-first-child panel-last-child\" data-index=\"0\" ><div\n\t\t\t\n\t\t\tclass=\"so-widget-sow-editor so-widget-sow-editor-base\"\n\t\t\t\n\t\t>\n<div class=\"siteorigin-widget-tinymce textwidget\">\n\t<p>Mais do que produzir ci\u00eancia, o Laborat\u00f3rio de Microbiologia Ambiental da UEPG acredita em compartilh\u00e1-la de forma cr\u00edtica, acess\u00edvel e transformadora. \u00c9 assim que o Prof. Dr. Marcos Pileggi conduz workshops e palestras que provocam, instigam e conectam saberes.<\/p>\n<p>As atividades v\u00e3o al\u00e9m da sala de aula: discutem microbiologia ambiental com quem est\u00e1 come\u00e7ando na \u00e1rea, com quem j\u00e1 pesquisa, e com quem simplesmente quer entender melhor o mundo invis\u00edvel que nos cerca. Cada encontro \u00e9 uma oportunidade de di\u00e1logo, entre ci\u00eancia e sociedade, entre teoria e pr\u00e1tica, entre o laborat\u00f3rio e o cotidiano.<\/p>\n<\/div>\n<\/div><\/div><\/div><\/div><div id=\"pg-144-1\"  class=\"panel-grid panel-no-style\" ><div id=\"pgc-144-1-0\"  class=\"panel-grid-cell\" ><div id=\"panel-144-1-0-0\" class=\"so-panel widget widget_sow-editor panel-first-child panel-last-child\" data-index=\"1\" ><div\n\t\t\t\n\t\t\tclass=\"so-widget-sow-editor so-widget-sow-editor-base\"\n\t\t\t\n\t\t><h3 class=\"widget-title\">Palestras<\/h3>\n<div class=\"siteorigin-widget-tinymce textwidget\">\n\t<ul>\n<li>Biofilmes bacterianos, sede FUNDUNESP, para Universidade de York, em parceria com Igor Policarpov.<\/li>\n<\/ul>\n<\/div>\n<\/div><\/div><\/div><\/div><div id=\"pg-144-2\"  class=\"panel-grid panel-no-style\" ><div id=\"pgc-144-2-0\"  class=\"panel-grid-cell\" ><div id=\"panel-144-2-0-0\" class=\"so-panel widget widget_sow-editor panel-first-child panel-last-child\" data-index=\"2\" ><div\n\t\t\t\n\t\t\tclass=\"so-widget-sow-editor so-widget-sow-editor-base\"\n\t\t\t\n\t\t><h3 class=\"widget-title\">Workshops<\/h3>\n<div class=\"siteorigin-widget-tinymce textwidget\">\n\t<\/div>\n<\/div><\/div><\/div><\/div><\/div>","protected":false},"excerpt":{"rendered":"<p>Mais do que produzir ci\u00eancia, o Laborat\u00f3rio de Microbiologia Ambiental da UEPG acredita em compartilh\u00e1-la de forma cr\u00edtica, acess\u00edvel e transformadora. \u00c9 assim que o Prof. Dr. Marcos Pileggi conduz workshops e palestras que provocam, instigam e conectam saberes.As atividades v\u00e3o al\u00e9m da sala de aula: discutem microbiologia ambiental com quem est\u00e1 come\u00e7ando na \u00e1rea,&nbsp;&hellip;<\/p>\n","protected":false},"author":378,"featured_media":0,"parent":0,"menu_order":0,"comment_status":"closed","ping_status":"closed","template":"","meta":[],"_links":{"self":[{"href":"https:\/\/www2.uepg.br\/microbiologia-ambiental\/wp-json\/wp\/v2\/pages\/144"}],"collection":[{"href":"https:\/\/www2.uepg.br\/microbiologia-ambiental\/wp-json\/wp\/v2\/pages"}],"about":[{"href":"https:\/\/www2.uepg.br\/microbiologia-ambiental\/wp-json\/wp\/v2\/types\/page"}],"author":[{"embeddable":true,"href":"https:\/\/www2.uepg.br\/microbiologia-ambiental\/wp-json\/wp\/v2\/users\/378"}],"replies":[{"embeddable":true,"href":"https:\/\/www2.uepg.br\/microbiologia-ambiental\/wp-json\/wp\/v2\/comments?post=144"}],"version-history":[{"count":3,"href":"https:\/\/www2.uepg.br\/microbiologia-ambiental\/wp-json\/wp\/v2\/pages\/144\/revisions"}],"predecessor-version":[{"id":333,"href":"https:\/\/www2.uepg.br\/microbiologia-ambiental\/wp-json\/wp\/v2\/pages\/144\/revisions\/333"}],"wp:attachment":[{"href":"https:\/\/www2.uepg.br\/microbiologia-ambiental\/wp-json\/wp\/v2\/media?parent=144"}],"curies":[{"name":"wp","href":"https:\/\/api.w.org\/{rel}","templated":true}]}}