{"id":145,"date":"2025-06-02T10:52:17","date_gmt":"2025-06-02T13:52:17","guid":{"rendered":"https:\/\/www2.uepg.br\/microbiologia-ambiental\/?page_id=145"},"modified":"2025-07-06T18:15:33","modified_gmt":"2025-07-06T21:15:33","slug":"projetos-de-extensao","status":"publish","type":"page","link":"https:\/\/www2.uepg.br\/microbiologia-ambiental\/projetos-de-extensao\/","title":{"rendered":"Projetos de Extens\u00e3o"},"content":{"rendered":"<h2 style=\"text-align: center\"><strong>Museu de ci\u00eancias naturais da UEPG: <\/strong>a\u00e7\u00f5es educativas e valoriza\u00e7\u00e3o do patri\u00f4nio cient\u00edfico-cultural<\/h2>\n<p style=\"text-align: left\">As bact\u00e9rias, microrganismos teoricamente presentes em todos os ecossistemas, desempenham pap\u00e9is fundamentais na manuten\u00e7\u00e3o do equil\u00edbrio ambiental e na sa\u00fade humana. Este projeto tem como objetivo n\u00e3o apenas destacar as fun\u00e7\u00f5es e aplica\u00e7\u00f5es desses microrganismos na medicina, na ind\u00fastria e no ambiente, mas tamb\u00e9m desmistificar a ideia de que bact\u00e9rias espec\u00edficas s\u00e3o prejudiciais. Afinal, cientificamente, n\u00e3o existe o conceito de seres do \u201cbem\u201d ou do \u201cmal\u201d.<\/p>\n<p style=\"text-align: left\">O Acervo MicroMuseu \u00e9 composto por uma cole\u00e7\u00e3o de bact\u00e9rias em placas resinadas, expostas no Museu de Ci\u00eancias Naturais, e por um livro que re\u00fane, de maneira detalhada e em escrita acess\u00edvel, cada etapa do desenvolvimento do projeto, abordando m\u00e9todos utilizados, as descobertas alcan\u00e7adas e os avan\u00e7os no campo de microbiologia.<\/p>\n<p style=\"text-align: left\">Dessa forma, o Acervo MicroMuseu busca n\u00e3o apenas divulgar o universo das bact\u00e9rias, mas tamb\u00e9m despertar a curiosidade cient\u00edfica sobre o papel desses microrganismos.<\/p>\n","protected":false},"excerpt":{"rendered":"<p>Museu de ci\u00eancias naturais da UEPG: a\u00e7\u00f5es educativas e valoriza\u00e7\u00e3o do patri\u00f4nio cient\u00edfico-cultural As bact\u00e9rias, microrganismos teoricamente presentes em todos os ecossistemas, desempenham pap\u00e9is fundamentais na manuten\u00e7\u00e3o do equil\u00edbrio ambiental e na sa\u00fade humana. Este projeto tem como objetivo n\u00e3o apenas destacar as fun\u00e7\u00f5es e aplica\u00e7\u00f5es desses microrganismos na medicina, na ind\u00fastria e no ambiente,&nbsp;&hellip;<\/p>\n","protected":false},"author":378,"featured_media":0,"parent":0,"menu_order":0,"comment_status":"closed","ping_status":"closed","template":"","meta":[],"_links":{"self":[{"href":"https:\/\/www2.uepg.br\/microbiologia-ambiental\/wp-json\/wp\/v2\/pages\/145"}],"collection":[{"href":"https:\/\/www2.uepg.br\/microbiologia-ambiental\/wp-json\/wp\/v2\/pages"}],"about":[{"href":"https:\/\/www2.uepg.br\/microbiologia-ambiental\/wp-json\/wp\/v2\/types\/page"}],"author":[{"embeddable":true,"href":"https:\/\/www2.uepg.br\/microbiologia-ambiental\/wp-json\/wp\/v2\/users\/378"}],"replies":[{"embeddable":true,"href":"https:\/\/www2.uepg.br\/microbiologia-ambiental\/wp-json\/wp\/v2\/comments?post=145"}],"version-history":[{"count":12,"href":"https:\/\/www2.uepg.br\/microbiologia-ambiental\/wp-json\/wp\/v2\/pages\/145\/revisions"}],"predecessor-version":[{"id":223,"href":"https:\/\/www2.uepg.br\/microbiologia-ambiental\/wp-json\/wp\/v2\/pages\/145\/revisions\/223"}],"wp:attachment":[{"href":"https:\/\/www2.uepg.br\/microbiologia-ambiental\/wp-json\/wp\/v2\/media?parent=145"}],"curies":[{"name":"wp","href":"https:\/\/api.w.org\/{rel}","templated":true}]}}