{"id":6,"date":"2020-04-20T14:56:52","date_gmt":"2020-04-20T17:56:52","guid":{"rendered":"http:\/\/www2.uepg.br\/microbiologia-ambiental\/?page_id=6"},"modified":"2025-07-06T18:21:21","modified_gmt":"2025-07-06T21:21:21","slug":"home","status":"publish","type":"page","link":"https:\/\/www2.uepg.br\/microbiologia-ambiental\/","title":{"rendered":"Home"},"content":{"rendered":"<div id=\"pl-6\"  class=\"panel-layout\" ><div id=\"pg-6-0\"  class=\"panel-grid panel-no-style\" ><div id=\"pgc-6-0-0\"  class=\"panel-grid-cell panel-grid-cell-empty\" ><\/div><\/div><div id=\"pg-6-1\"  class=\"panel-grid panel-no-style\" ><div id=\"pgc-6-1-0\"  class=\"panel-grid-cell\" ><div id=\"panel-6-1-0-0\" class=\"so-panel widget widget_sow-editor panel-first-child\" data-index=\"0\" ><div\n\t\t\t\n\t\t\tclass=\"so-widget-sow-editor so-widget-sow-editor-base\"\n\t\t\t\n\t\t><h3 class=\"widget-title\">Laborat\u00f3rio de Microbiologia Ambiental<\/h3>\n<div class=\"siteorigin-widget-tinymce textwidget\">\n\t<p style=\"text-align: left\"><span style=\"font-weight: 400\">O Laborat\u00f3rio de Microbiologia Ambiental da UEPG (LMA-UEPG) \u00e9 um espa\u00e7o dedicado \u00e0 <\/span><b>pesquisa, ensino e extens\u00e3o<\/b><span style=\"font-weight: 400\">, promovendo tanto a forma\u00e7\u00e3o acad\u00eamica quanto o avan\u00e7o cient\u00edfico na \u00e1rea microbiol\u00f3gica. Com infraestrutura especializada e suporte t\u00e9cnico qualificado, o laborat\u00f3rio apoia diversos cursos de gradua\u00e7\u00e3o e p\u00f3s-gradua\u00e7\u00e3o, proporcionando experi\u00eancias pr\u00e1ticas e contribuindo para investiga\u00e7\u00f5es inovadoras.<\/span><\/p>\n<p style=\"text-align: left\"><span style=\"font-weight: 400\">\u00a0\u00a0Seu escopo de pesquisa envolve o estudo dos sistemas de respostas de bact\u00e9rias a estresses causados por subst\u00e2ncias xenobi\u00f3ticas, isoladas de ambientes com alta press\u00e3o seletiva, como solo e \u00e1gua contaminada com agrot\u00f3xicos, cavernas e mangues. Al\u00e9m disso, microbiomas intestinais de diversos animais s\u00e3o analisados. As investiga\u00e7\u00f5es utilizam t\u00e9cnicas avan\u00e7adas de gen\u00f4mica e metagen\u00f4mica, degrada\u00e7\u00e3o de xenobi\u00f3ticos e identifica\u00e7\u00e3o de mol\u00e9culas sinalizadoras de quorum sensing por cromatografia l\u00edquida e espectrometria de massas, al\u00e9m de estudos sobre atividade enzim\u00e1tica relacionada ao estresse oxidativo e identifica\u00e7\u00e3o de \u00e1cidos graxos por cromatografia gasosa.<\/span><\/p>\n<p style=\"text-align: left\"><span style=\"font-weight: 400\">\u00a0\u00a0O laborat\u00f3rio iniciou suas atividades na sede central da UEPG na sala 3. Em 1992, foi transferido para o campus, ocupando a sala 76 no Laborat\u00f3rio Multiusu\u00e1rio. Desde ent\u00e3o, ampliou sua atua\u00e7\u00e3o, tornando-se um ambiente fundamental para o desenvolvimento de pesquisas e suporte ao ensino, incluindo inicia\u00e7\u00e3o cient\u00edfica, projetos de extens\u00e3o, trabalhos de conclus\u00e3o de curso e pesquisas de mestrado.<\/span><\/p>\n<p style=\"text-align: left\"><span style=\"font-weight: 400\">\u00a0\u00a0Os achados das pesquisas realizadas no laborat\u00f3rio t\u00eam como objetivo o desenvolvimento de novos sistemas de biorremedia\u00e7\u00e3o baseados em cons\u00f3rcios bacterianos, controle biol\u00f3gico, controle de prolifera\u00e7\u00e3o tumoral e bioprospec\u00e7\u00e3o, al\u00e9m da sele\u00e7\u00e3o de linhagens probi\u00f3ticas, consolidando o papel do laborat\u00f3rio na inova\u00e7\u00e3o e na contribui\u00e7\u00e3o para a ci\u00eancia microbiol\u00f3gica.<\/span><\/p>\n<\/div>\n<\/div><\/div><div id=\"panel-6-1-0-2\" class=\"so-panel widget widget_sow-editor\" data-index=\"2\" ><div class=\"panel-widget-style panel-widget-style-for-6-1-0-2\" ><div\n\t\t\t\n\t\t\tclass=\"so-widget-sow-editor so-widget-sow-editor-base\"\n\t\t\t\n\t\t>\n<div class=\"siteorigin-widget-tinymce textwidget\">\n\t<h4 style=\"text-align: center\"><strong>\u00daltimas Not\u00edcias<\/strong><\/h4>\n\n<\/div>\n<\/div><\/div><\/div><div id=\"panel-6-1-0-3\" class=\"so-panel widget widget_sow-button panel-last-child\" data-index=\"3\" ><div class=\"panel-widget-style panel-widget-style-for-6-1-0-3\" ><div\n\t\t\t\n\t\t\tclass=\"so-widget-sow-button so-widget-sow-button-atom-f28947f507e4-6\"\n\t\t\t\n\t\t><div class=\"ow-button-base ow-button-align-center\">\n\t<a href=\"https:\/\/www2.uepg.br\/microbiologia-ambiental\/noticias\/\" class=\"ow-icon-placement-left ow-button-hover\" \t\t>\n\t\t<span>\n\t\t\t\n\t\t\tveja todas as not\u00edcias\t\t<\/span>\n\t<\/a>\n<\/div>\n<\/div><\/div><\/div><\/div><\/div><\/div>","protected":false},"excerpt":{"rendered":"<p>O Laborat\u00f3rio de Microbiologia Ambiental da UEPG (LMA-UEPG) \u00e9 um espa\u00e7o dedicado \u00e0 pesquisa, ensino e extens\u00e3o, promovendo tanto a forma\u00e7\u00e3o acad\u00eamica quanto o avan\u00e7o cient\u00edfico na \u00e1rea microbiol\u00f3gica. Com infraestrutura especializada e suporte t\u00e9cnico qualificado, o laborat\u00f3rio apoia diversos cursos de gradua\u00e7\u00e3o e p\u00f3s-gradua\u00e7\u00e3o, proporcionando experi\u00eancias pr\u00e1ticas e contribuindo para investiga\u00e7\u00f5es inovadoras. \u00a0\u00a0Seu escopo&nbsp;&hellip;<\/p>\n","protected":false},"author":24,"featured_media":0,"parent":0,"menu_order":0,"comment_status":"closed","ping_status":"closed","template":"","meta":[],"_links":{"self":[{"href":"https:\/\/www2.uepg.br\/microbiologia-ambiental\/wp-json\/wp\/v2\/pages\/6"}],"collection":[{"href":"https:\/\/www2.uepg.br\/microbiologia-ambiental\/wp-json\/wp\/v2\/pages"}],"about":[{"href":"https:\/\/www2.uepg.br\/microbiologia-ambiental\/wp-json\/wp\/v2\/types\/page"}],"author":[{"embeddable":true,"href":"https:\/\/www2.uepg.br\/microbiologia-ambiental\/wp-json\/wp\/v2\/users\/24"}],"replies":[{"embeddable":true,"href":"https:\/\/www2.uepg.br\/microbiologia-ambiental\/wp-json\/wp\/v2\/comments?post=6"}],"version-history":[{"count":13,"href":"https:\/\/www2.uepg.br\/microbiologia-ambiental\/wp-json\/wp\/v2\/pages\/6\/revisions"}],"predecessor-version":[{"id":256,"href":"https:\/\/www2.uepg.br\/microbiologia-ambiental\/wp-json\/wp\/v2\/pages\/6\/revisions\/256"}],"wp:attachment":[{"href":"https:\/\/www2.uepg.br\/microbiologia-ambiental\/wp-json\/wp\/v2\/media?parent=6"}],"curies":[{"name":"wp","href":"https:\/\/api.w.org\/{rel}","templated":true}]}}