{"id":207,"date":"2019-12-03T14:46:28","date_gmt":"2019-12-03T17:46:28","guid":{"rendered":"http:\/\/www2.uepg.br\/museu\/?page_id=207"},"modified":"2026-04-10T16:12:19","modified_gmt":"2026-04-10T19:12:19","slug":"agendamentos","status":"publish","type":"page","link":"https:\/\/www2.uepg.br\/museu\/agendamentos\/","title":{"rendered":"Agendamentos"},"content":{"rendered":"<h3>MARCAR UMA SESS\u00c3O<\/h3>\n<p>&nbsp;<\/p>\n<p>As <strong>visita\u00e7\u00f5es individuais<\/strong> \u00e0s atuais exposi\u00e7\u00f5es do Museu Campos Gerais dispensam a necessidade de agendamento.<\/p>\n<p>Em caso de <strong>visitas de grupos<\/strong>, combinar pelo e-mail: museucamposgerais@uepg.br.<\/p>\n<p>Para <strong>pesquisadores<\/strong>, \u00e9 necess\u00e1rio agendar consulta ao acervo documental com pelo menos 48 horas de anteced\u00eancia atrav\u00e9s do seguinte link:<a href=\"https:\/\/forms.gle\/32cRjGvopvEGk7Cj9\"> https:\/\/forms.gle\/32cRjGvopvEGk7Cj9<\/a><\/p>\n<p>&nbsp;<\/p>\n<p>&nbsp;<\/p>\n<hr \/>\n<p>&nbsp;<\/p>\n<p style=\"text-align: center\">O hor\u00e1rio de atendimento \u00e9 de ter\u00e7a-feira a s\u00e1bado, das 9h \u00e0s 11:45 e das 13:30 \u00e0s 17h.<\/p>\n","protected":false},"excerpt":{"rendered":"<p>MARCAR UMA SESS\u00c3O &nbsp; As visita\u00e7\u00f5es individuais \u00e0s atuais exposi\u00e7\u00f5es do Museu Campos Gerais dispensam a necessidade de agendamento. Em caso de visitas de grupos, combinar pelo e-mail: museucamposgerais@uepg.br. Para pesquisadores, \u00e9 necess\u00e1rio agendar consulta ao acervo documental com pelo menos 48 horas de anteced\u00eancia atrav\u00e9s do seguinte link: https:\/\/forms.gle\/32cRjGvopvEGk7Cj9 &nbsp; &nbsp; &nbsp; O hor\u00e1rio&nbsp;&hellip;<\/p>\n","protected":false},"author":24,"featured_media":0,"parent":0,"menu_order":0,"comment_status":"closed","ping_status":"closed","template":"","meta":[],"_links":{"self":[{"href":"https:\/\/www2.uepg.br\/museu\/wp-json\/wp\/v2\/pages\/207"}],"collection":[{"href":"https:\/\/www2.uepg.br\/museu\/wp-json\/wp\/v2\/pages"}],"about":[{"href":"https:\/\/www2.uepg.br\/museu\/wp-json\/wp\/v2\/types\/page"}],"author":[{"embeddable":true,"href":"https:\/\/www2.uepg.br\/museu\/wp-json\/wp\/v2\/users\/24"}],"replies":[{"embeddable":true,"href":"https:\/\/www2.uepg.br\/museu\/wp-json\/wp\/v2\/comments?post=207"}],"version-history":[{"count":49,"href":"https:\/\/www2.uepg.br\/museu\/wp-json\/wp\/v2\/pages\/207\/revisions"}],"predecessor-version":[{"id":5013,"href":"https:\/\/www2.uepg.br\/museu\/wp-json\/wp\/v2\/pages\/207\/revisions\/5013"}],"wp:attachment":[{"href":"https:\/\/www2.uepg.br\/museu\/wp-json\/wp\/v2\/media?parent=207"}],"curies":[{"name":"wp","href":"https:\/\/api.w.org\/{rel}","templated":true}]}}