{"id":210,"date":"2019-12-03T14:48:10","date_gmt":"2019-12-03T17:48:10","guid":{"rendered":"http:\/\/www2.uepg.br\/museu\/?page_id=210"},"modified":"2023-08-08T11:35:18","modified_gmt":"2023-08-08T14:35:18","slug":"acervos","status":"publish","type":"page","link":"https:\/\/www2.uepg.br\/museu\/acervos\/","title":{"rendered":"Acervos"},"content":{"rendered":"<div id=\"pl-210\"  class=\"panel-layout\" ><div id=\"pg-210-0\"  class=\"panel-grid panel-no-style\" ><div id=\"pgc-210-0-0\"  class=\"panel-grid-cell\" ><div id=\"panel-210-0-0-0\" class=\"so-panel widget widget_sow-editor panel-first-child\" data-index=\"0\" ><div id=\"acervos-documentais\" class=\"panel-widget-style panel-widget-style-for-210-0-0-0\" ><div\n\t\t\t\n\t\t\tclass=\"so-widget-sow-editor so-widget-sow-editor-base\"\n\t\t\t\n\t\t><h3 class=\"widget-title\">Acervos Documentais<\/h3>\n<div class=\"siteorigin-widget-tinymce textwidget\">\n\t<p style=\"text-align: justify\" align=\"justify\"><span style=\"font-family: Times New Roman, serif\">Formado por um vasto registro hist\u00f3rico, o Museu, atrav\u00e9s do Centro de Documenta\u00e7\u00e3o, cumpre com um dos seus objetivos institucionais: o de fornecer e produzir conhecimento. Com a inten\u00e7\u00e3o de alcan\u00e7ar pesquisadores em geral o Arquivos Hist\u00f3ricos Hugo Reis disponibiliza Acervos diversos, dentre eles: <\/span><\/p>\n<ul>\n<li><span style=\"font-family: Times New Roman, serif\"><a href=\"https:\/\/www2.uepg.br\/museu\/wp-content\/uploads\/sites\/31\/2021\/03\/inventariojornaisMCG_PIBICJR_2021-1.pdf\">Acervo de jornais regionais<\/a> (com destaque para o <em>Di\u00e1rio dos Campos<\/em>, <em>Jornal da Manh\u00e3<\/em> e<em> Di\u00e1rio da Manh\u00e3<\/em>);<\/span><\/li>\n<li style=\"text-align: justify\"><span style=\"font-family: Times New Roman, serif\">Acervo de Revistas (com destaque para <em>O Cruzeiro<\/em>, <em>Carioca<\/em>, <em>Manchete<\/em> e <em>Veja<\/em>);<\/span><\/li>\n<li style=\"text-align: justify\"><span style=\"font-family: Times New Roman, serif\">Acervo Iconogr\u00e1fico;<\/span><\/li>\n<li style=\"text-align: justify\"><span style=\"font-family: Times New Roman, serif\"><a href=\"https:\/\/www2.uepg.br\/museu\/inventario-colecao-de-negativos-do-crav\/\">Acervo de Negativos do Centro de Recursos Audiovisuais<\/a> (CRAV\/UEPG);<\/span><\/li>\n<li style=\"text-align: justify\"><span style=\"font-family: Times New Roman, serif\">Acervos Institucionais;<\/span><\/li>\n<li style=\"text-align: justify\"><span style=\"font-family: Times New Roman, serif\">Acervo de Mem\u00f3ria Pol\u00edtica;<\/span><\/li>\n<li style=\"text-align: justify\"><span style=\"font-family: Times New Roman, serif\">Acervo Numism\u00e1tico;<\/span><\/li>\n<li style=\"text-align: justify\"><span style=\"font-family: Times New Roman, serif\">Acervo Bibliogr\u00e1fico (Com destaque para a Biblioteca do Museu);<\/span><\/li>\n<\/ul>\n<p style=\"text-align: justify\" align=\"justify\"><span style=\"font-family: Times New Roman, serif\">Al\u00e9m disso, completam a lista de Acervos registros sobre Hist\u00f3ria local, regional e nacional, acess\u00edveis aos pesquisadores de gradua\u00e7\u00e3o, p\u00f3s-gradua\u00e7\u00e3o, bem como ao p\u00fablico em geral. <\/span><\/p>\n<p style=\"text-align: justify\" align=\"justify\"><span style=\"font-family: Times New Roman, serif\">Parte dos acervos documentais do Museu Campos Gerais, atrav\u00e9s da se\u00e7\u00e3o de digitaliza\u00e7\u00e3o, vem sendo disponibilizada de modo digital na p\u00e1gina eletr\u00f4nica <a href=\"http:\/\/memoriasdigitais.museu.uepg.br\/\" target=\"_blank\" rel=\"noopener noreferrer\">Mem\u00f3rias Digitais<\/a>. <\/span><\/p>\n<\/div>\n<\/div><\/div><\/div><div id=\"panel-210-0-0-1\" class=\"so-panel widget widget_sow-editor\" data-index=\"1\" ><div id=\"reserva-tecnica\" class=\"panel-widget-style panel-widget-style-for-210-0-0-1\" ><div\n\t\t\t\n\t\t\tclass=\"so-widget-sow-editor so-widget-sow-editor-base\"\n\t\t\t\n\t\t><h3 class=\"widget-title\">Reserva T\u00e9cnica<\/h3>\n<div class=\"siteorigin-widget-tinymce textwidget\">\n\t<p align=\"justify\">O acervo de um museu n\u00e3o \u00e9 composto somente da parte expositiva, ou seja, daquilo que est\u00e1 exposto. Grande parte do acervo fica guardada e conservada em um ou mais salas, espa\u00e7o conhecido como <b>Reserva T\u00e9cnica \u2013<\/b> um ambiente com controle de climatiza\u00e7\u00e3o e constante higieniza\u00e7\u00e3o. Dessa forma, o acervo fica protegido de fatores que podem acelerar seu processo de degrada\u00e7\u00e3o, tais como polui\u00e7\u00e3o, luminosidade, poeira e umidade.<\/p>\n<p align=\"justify\">A <b>Reservas T\u00e9cnicas<\/b>, pode-se dizer, s\u00e3o o \u2018cora\u00e7\u00e3o\u2019 de um museu, s\u00e3o a base para as demais atividades vitais, como fornecer material para as exposi\u00e7\u00f5es, como fonte de pesquisa e, sobretudo, para preservar objetos para o futuro \u2013 essa a primeira diretriz de um museu.<\/p>\n<p align=\"justify\">O Museu Campos Gerais possui tr\u00eas <b>Reservas T\u00e9cnicas<\/b>, cada uma com diferenciada gama de objetos, abrangendo as seguintes categorias de cultura material:<\/p>\n<p align=\"justify\">- Armamento<\/p>\n<p align=\"justify\">- Arqueologia<\/p>\n<p align=\"justify\">- Cultura popular<\/p>\n<p align=\"justify\">- Maquin\u00e1rio e utens\u00edlio<\/p>\n<p align=\"justify\">- Cole\u00e7\u00e3o Etnogr\u00e1fica<\/p>\n<p align=\"justify\">- Indument\u00e1ria<\/p>\n<p align=\"justify\">- Instrumentos musicais<\/p>\n<p align=\"justify\">- M\u00eddia<\/p>\n<p align=\"justify\">- Mobili\u00e1rio<\/p>\n<p align=\"justify\">- Numism\u00e1tica e medalh\u00edstica<\/p>\n<p align=\"justify\">- Uso pessoal<\/p>\n<p align=\"justify\">- Uso dom\u00e9stico<\/p>\n<p align=\"justify\">Os objetos abrangem desde a pr\u00e9-hist\u00f3ria, como material l\u00edtico (rocha trabalhada), moedas do s\u00e9culo XIX, at\u00e9 utens\u00edlios atuais do s\u00e9culo XX, como porcelanas, m\u00e1quinas de escrever e costura, equipamentos de m\u00eddia (r\u00e1dio, TV, vitrola, projetores, c\u00e2meras fotogr\u00e1ficas e de filme), pe\u00e7as do mundo do trabalho, objetos do cotidiano, de uso dom\u00e9stico ou pessoal.<\/p>\n<p><em>Renoaldo Kaczmarech<\/em><\/p>\n<\/div>\n<\/div><\/div><\/div><div id=\"panel-210-0-0-2\" class=\"so-panel widget widget_sow-editor panel-last-child\" data-index=\"2\" ><div id=\"acervos-digitalizados\" class=\"panel-widget-style panel-widget-style-for-210-0-0-2\" ><div\n\t\t\t\n\t\t\tclass=\"so-widget-sow-editor so-widget-sow-editor-base\"\n\t\t\t\n\t\t><h3 class=\"widget-title\">Acervos Digitalizados (Mem\u00f3rias Digitais)<\/h3>\n<div class=\"siteorigin-widget-tinymce textwidget\">\n\t<p style=\"text-align: left\">Acesse aqui o <a href=\"http:\/\/memoriasdigitais.museu.uepg.br\/\" target=\"_blank\" rel=\"noopener noreferrer\">Mem\u00f3rias Digitais<\/a><\/p>\n<\/div>\n<\/div><\/div><\/div><\/div><\/div><\/div>","protected":false},"excerpt":{"rendered":"<p>Formado por um vasto registro hist\u00f3rico, o Museu, atrav\u00e9s do Centro de Documenta\u00e7\u00e3o, cumpre com um dos seus objetivos institucionais: o de fornecer e produzir conhecimento. Com a inten\u00e7\u00e3o de alcan\u00e7ar pesquisadores em geral o Arquivos Hist\u00f3ricos Hugo Reis disponibiliza Acervos diversos, dentre eles: Acervo de jornais regionais (com destaque para o Di\u00e1rio dos Campos,&nbsp;&hellip;<\/p>\n","protected":false},"author":24,"featured_media":0,"parent":0,"menu_order":0,"comment_status":"closed","ping_status":"closed","template":"","meta":[],"_links":{"self":[{"href":"https:\/\/www2.uepg.br\/museu\/wp-json\/wp\/v2\/pages\/210"}],"collection":[{"href":"https:\/\/www2.uepg.br\/museu\/wp-json\/wp\/v2\/pages"}],"about":[{"href":"https:\/\/www2.uepg.br\/museu\/wp-json\/wp\/v2\/types\/page"}],"author":[{"embeddable":true,"href":"https:\/\/www2.uepg.br\/museu\/wp-json\/wp\/v2\/users\/24"}],"replies":[{"embeddable":true,"href":"https:\/\/www2.uepg.br\/museu\/wp-json\/wp\/v2\/comments?post=210"}],"version-history":[{"count":22,"href":"https:\/\/www2.uepg.br\/museu\/wp-json\/wp\/v2\/pages\/210\/revisions"}],"predecessor-version":[{"id":3843,"href":"https:\/\/www2.uepg.br\/museu\/wp-json\/wp\/v2\/pages\/210\/revisions\/3843"}],"wp:attachment":[{"href":"https:\/\/www2.uepg.br\/museu\/wp-json\/wp\/v2\/media?parent=210"}],"curies":[{"name":"wp","href":"https:\/\/api.w.org\/{rel}","templated":true}]}}