{"id":217,"date":"2024-03-27T10:17:21","date_gmt":"2024-03-27T13:17:21","guid":{"rendered":"http:\/\/www2.uepg.br\/museu\/?page_id=217"},"modified":"2026-04-10T16:10:07","modified_gmt":"2026-04-10T19:10:07","slug":"equipe","status":"publish","type":"page","link":"https:\/\/www2.uepg.br\/museu\/equipe\/","title":{"rendered":"Equipe"},"content":{"rendered":"<div id=\"pl-217\"  class=\"panel-layout\" ><div id=\"pg-217-0\"  class=\"panel-grid panel-no-style\" ><div id=\"pgc-217-0-0\"  class=\"panel-grid-cell\" ><div id=\"panel-217-0-0-0\" class=\"so-panel widget widget_sow-editor panel-first-child panel-last-child\" data-index=\"0\" ><div\n\t\t\t\n\t\t\tclass=\"so-widget-sow-editor so-widget-sow-editor-base\"\n\t\t\t\n\t\t><h3 class=\"widget-title\"> <\/h3>\n<div class=\"siteorigin-widget-tinymce textwidget\">\n\t<h4 style=\"text-align: center\"><strong>Diretor Geral<\/strong><\/h4>\n<p style=\"text-align: center\">Prof. Dr. Niltonci Batista Chaves \u2013 Departamento de Hist\u00f3ria\/UEPG<br \/>\n(<a href=\"http:\/\/lattes.cnpq.br\/2830302312631949\" target=\"_blank\" rel=\"noopener noreferrer\">http:\/\/lattes.cnpq.br\/2830302312631949<\/a>)<\/p>\n<h4 style=\"text-align: center\"><strong>Diretor de A\u00e7\u00e3o Educativa e Extens\u00e3o<\/strong><\/h4>\n<p style=\"text-align: center\">Prof. Dr. Ilton Cesar Martins \u2013 Departamento de Hist\u00f3ria\/UEPG<br \/>\n(<a href=\"http:\/\/lattes.cnpq.br\/5918654253639750\" target=\"_blank\" rel=\"noopener noreferrer\">http:\/\/lattes.cnpq.br\/5918654253639750<\/a>)<\/p>\n<h4 style=\"text-align: center\"><strong>Diretor de Acervos e Pesquisa<\/strong><\/h4>\n<p style=\"text-align: center\">Prof. Dr.Robson Laverdi\u00a0 \u2013 Departamento de Hist\u00f3ria\/UEPG<br \/>\n(<a href=\"http:\/\/lattes.cnpq.br\/1041505616173109\">http:\/\/lattes.cnpq.br\/1041505616173109<\/a>)<\/p>\n<p>&nbsp;<\/p>\n<h4 style=\"text-align: center\">Assistente de Dire\u00e7\u00e3o<\/h4>\n<p style=\"text-align: center\">Bianca Ferreira de Paiva<\/p>\n<h4 style=\"text-align: center\"><strong><br \/>\nApoio de Gest\u00e3o<\/strong><\/h4>\n<p style=\"text-align: center\">Prof.Bernardo de Carvalho (Bolsista Emenda Parlamentar)<\/p>\n<p style=\"text-align: center\">(<a href=\"http:\/\/lattes.cnpq.br\/5800199891292070\">http:\/\/lattes.cnpq.br\/5800199891292070<\/a>)<\/p>\n<p style=\"text-align: center\">Prof. Eli\u00e9zer Nascimento de Oliveira (Bolsista Emenda Parlamentar)<\/p>\n<p style=\"text-align: center\">(<a href=\"http:\/\/lattes.cnpq.br\/8187323448068499\">http:\/\/lattes.cnpq.br\/8187323448068499<\/a>)<\/p>\n<p style=\"text-align: center\">Prof. Felipe Bronoski Soares (Bolsista Emenda Parlamentar)<\/p>\n<p style=\"text-align: center\">(<a href=\"http:\/\/lattes.cnpq.br\/2223331307177014\">http:\/\/lattes.cnpq.br\/2223331307177014<\/a>)<\/p>\n<p style=\"text-align: center\">Prof.\u00aa Dr.\u00aa Merylin Ricieli dos Santos (Bolsista Emenda Parlamentar)<\/p>\n<p style=\"text-align: center\">(<a href=\"http:\/\/lattes.cnpq.br\/2223331307177014\">http:\/\/lattes.cnpq.br\/2223331307177014<\/a>)<\/p>\n<h4 style=\"text-align: center\"><strong><br \/>\nResidentes T\u00e9cnicos de Gest\u00e3o Documental e Patrimonial<br \/>\n<\/strong><\/h4>\n<p style=\"text-align: center\">Prof.\u00aa Bruna Belter Zarpel\u00e3o<\/p>\n<p style=\"text-align: center\">(<a href=\"http:\/\/lattes.cnpq.br\/6544356172975648\">http:\/\/lattes.cnpq.br\/6544356172975648<\/a>)<\/p>\n<p style=\"text-align: center\">Prof. Gabriel Lacerda de Souza<\/p>\n<p style=\"text-align: center\">(<a href=\"http:\/\/lattes.cnpq.br\/2449904999359899\">http:\/\/lattes.cnpq.br\/2449904999359899<\/a>)<\/p>\n<h4 style=\"text-align: center\"><strong><br \/>\nReserva T\u00e9cnica<\/strong><\/h4>\n<p style=\"text-align: center\">Renoaldo Kaczmarech<\/p>\n<p style=\"text-align: center\">(<a href=\"http:\/\/lattes.cnpq.br\/1319065849209207\">http:\/\/lattes.cnpq.br\/1319065849209207<\/a>)<\/p>\n<p style=\"text-align: center\">Gabriel Sirineu Gouvea (Bolsista Emenda Parlamentar)<\/p>\n<p style=\"text-align: center\">(<a href=\"https:\/\/lattes.cnpq.br\/2556098467266921\">https:\/\/lattes.cnpq.br\/2556098467266921<\/a>)<\/p>\n<h4 style=\"text-align: center\"><strong><br \/>\nArquivos Hist\u00f3ricos Hugo Reis<\/strong><\/h4>\n<p style=\"text-align: center\">Rute Maria Batista<\/p>\n<p style=\"text-align: center\">Gabriel de Jesus Maciel (Estagi\u00e1rio)<\/p>\n<p style=\"text-align: center\">(<a href=\"http:\/\/lattes.cnpq.br\/0844855482029928\">http:\/\/lattes.cnpq.br\/0844855482029928<\/a>)<\/p>\n<p style=\"text-align: center\">Sara Bomfim Cinque (Bolsista Emenda Parlamentar)<\/p>\n<p style=\"text-align: center\">(<a href=\"http:\/\/lattes.cnpq.br\/5254965054270387\">http:\/\/lattes.cnpq.br\/5254965054270387<\/a>)<\/p>\n<h4 style=\"text-align: center\">\nCoordena\u00e7\u00e3o do Laborat\u00f3rio Multiusu\u00e1rio de Humanidades Digitais e Inova\u00e7\u00e3o (LAMUHDI)<\/h4>\n<p style=\"text-align: center\">Prof. Dr. Edson Armando Silva<\/p>\n<p style=\"text-align: center\">(<a href=\"http:\/\/lattes.cnpq.br\/9922845707683592\">http:\/\/lattes.cnpq.br\/9922845707683592<\/a>)<\/p>\n<p style=\"text-align: center\">Cloter Migliorini Filho<\/p>\n<p style=\"text-align: center\">(<a href=\"http:\/\/lattes.cnpq.br\/3661630152642832\">http:\/\/lattes.cnpq.br\/3661630152642832<\/a>)<\/p>\n<p style=\"text-align: center\"><strong>Bolsistas LAMUHDI<\/strong><\/p>\n<p style=\"text-align: center\">Prof.\u00aa Julia Graciela Machado<\/p>\n<p style=\"text-align: center\">(<a href=\"http:\/\/lattes.cnpq.br\/8424210709415414\">http:\/\/lattes.cnpq.br\/8424210709415414<\/a>)<\/p>\n<p style=\"text-align: center\">Prof.\u00aa Karine de Fatima Almeida (SETI\/PR)<\/p>\n<p style=\"text-align: center\">(<a href=\"http:\/\/lattes.cnpq.br\/8214539842531429\">http:\/\/lattes.cnpq.br\/8214539842531429<\/a>)<\/p>\n<p style=\"text-align: center\">Davi Muller Beltrame (Bolsista Emenda Parlamentar)<\/p>\n<p style=\"text-align: center\">(<a href=\"http:\/\/lattes.cnpq.br\/2251073990165123\">http:\/\/lattes.cnpq.br\/2251073990165123<\/a>)<\/p>\n<p style=\"text-align: center\">Giovana Ferreira (Bolsista Inicia\u00e7\u00e3o Cient\u00edfica)<\/p>\n<p style=\"text-align: center\">(<a href=\"http:\/\/lattes.cnpq.br\/5400761143160464\">http:\/\/lattes.cnpq.br\/5400761143160464<\/a>)<\/p>\n<p style=\"text-align: center\">Jo\u00e3o Paulo Lima Rodrigues (Bolsista Emenda Parlamentar)<\/p>\n<p style=\"text-align: center\">(<a href=\"http:\/\/lattes.cnpq.br\/3115751768693721\">http:\/\/lattes.cnpq.br\/3115751768693721<\/a>)<\/p>\n<p style=\"text-align: center\">Jo\u00e3o Victor Bota (Bolsista Emenda Parlamentar)<\/p>\n<p style=\"text-align: center\">(<a href=\"http:\/\/lattes.cnpq.br\/8546155553797730\">http:\/\/lattes.cnpq.br\/8546155553797730<\/a>)<\/p>\n<p style=\"text-align: center\">Lucas Vinicius Kaspzack (Bolsista Inicia\u00e7\u00e3o Cient\u00edfica)<\/p>\n<p style=\"text-align: center\">(<a href=\"http:\/\/lattes.cnpq.br\/1349934491041194\">http:\/\/lattes.cnpq.br\/1349934491041194<\/a>)<\/p>\n<p style=\"text-align: center\">Rebeca Aparecida Massalak Sadovski (Estagi\u00e1ria)<\/p>\n<p style=\"text-align: center\">(<a href=\"http:\/\/lattes.cnpq.br\/3791051020926388\">http:\/\/lattes.cnpq.br\/3791051020926388<\/a>)<\/p>\n<h4 style=\"text-align: center\">\nDigitaliza\u00e7\u00e3o de Documenta\u00e7\u00e3o Hist\u00f3rica<\/h4>\n<p style=\"text-align: center\">Amanda Taeli Rodrigues dos Santos Rodrigues (Bolsista PNAB)<\/p>\n<p style=\"text-align: center\">(<a href=\"http:\/\/lattes.cnpq.br\/1032722190782134\">http:\/\/lattes.cnpq.br\/1032722190782134<\/a>)<\/p>\n<h4 style=\"text-align: center\"><strong><br \/>\nPortaria<\/strong><\/h4>\n<p style=\"text-align: center\">Emerson Luis de Oliveira<\/p>\n<p style=\"text-align: center\">Gislene Aparecida Cordeiro Paz<\/p>\n<p style=\"text-align: center\">Bruno Vin\u00edcius de Lara Justus Chemin<\/p>\n<h4 style=\"text-align: center\"><strong><br \/>\nLimpeza<\/strong><\/h4>\n<p style=\"text-align: center\">Ana Paula Malaquias<\/p>\n<h4 style=\"text-align: center\"><b><br \/>\nEquipe de A\u00e7\u00e3o Educativa<\/b><\/h4>\n<p style=\"text-align: center\">Emanuel Balbino Pinheiro (Bolsista Extens\u00e3o)<\/p>\n<p style=\"text-align: center\">(<a href=\"http:\/\/lattes.cnpq.br\/9198720673098209\">http:\/\/lattes.cnpq.br\/9198720673098209<\/a>)<\/p>\n<p style=\"text-align: center\">F\u00e1bio Eduardo Santana da Silva (Estagi\u00e1rio)<\/p>\n<p style=\"text-align: center\">(<a href=\"http:\/\/lattes.cnpq.br\/1011815893489688\">http:\/\/lattes.cnpq.br\/1011815893489688<\/a>)<\/p>\n<p style=\"text-align: center\">Gustavo Jesus da Silva (Bolsista Extens\u00e3o)<\/p>\n<p style=\"text-align: center\">(<a href=\"http:\/\/lattes.cnpq.br\/9348995514338025\">http:\/\/lattes.cnpq.br\/9348995514338025<\/a>)<\/p>\n<p style=\"text-align: center\">Luiza Kaminoski Gomes (Bolsista Extens\u00e3o)<\/p>\n<p style=\"text-align: center\">(<a href=\"http:\/\/lattes.cnpq.br\/8139268055196056\">http:\/\/lattes.cnpq.br\/8139268055196056<\/a>)<\/p>\n<p style=\"text-align: center\">Rafaela Gon\u00e7alves (Bolsista Emenda Parlamentar)<\/p>\n<p style=\"text-align: center\">(<a href=\"http:\/\/lattes.cnpq.br\/8593104368970508\">http:\/\/lattes.cnpq.br\/8593104368970508<\/a>)<\/p>\n<h4 style=\"text-align: center\"><strong><br \/>\nJovem Aprendiz (Guarda Mirim)<\/strong><\/h4>\n<p style=\"text-align: center\">Karla Emanueli Veloso<\/p>\n<p style=\"text-align: center\">Nataly Vitoria Mendes da Silva<\/p>\n<\/div>\n<\/div><\/div><\/div><\/div><\/div>","protected":false},"excerpt":{"rendered":"<p>Diretor Geral Prof. Dr. Niltonci Batista Chaves \u2013 Departamento de Hist\u00f3ria\/UEPG (http:\/\/lattes.cnpq.br\/2830302312631949) Diretor de A\u00e7\u00e3o Educativa e Extens\u00e3o Prof. Dr. Ilton Cesar Martins \u2013 Departamento de Hist\u00f3ria\/UEPG (http:\/\/lattes.cnpq.br\/5918654253639750) Diretor de Acervos e Pesquisa Prof. Dr.Robson Laverdi\u00a0 \u2013 Departamento de Hist\u00f3ria\/UEPG (http:\/\/lattes.cnpq.br\/1041505616173109) &nbsp; Assistente de Dire\u00e7\u00e3o Bianca Ferreira de Paiva Apoio de Gest\u00e3o Prof.Bernardo de Carvalho&nbsp;&hellip;<\/p>\n","protected":false},"author":24,"featured_media":0,"parent":0,"menu_order":0,"comment_status":"closed","ping_status":"closed","template":"","meta":[],"_links":{"self":[{"href":"https:\/\/www2.uepg.br\/museu\/wp-json\/wp\/v2\/pages\/217"}],"collection":[{"href":"https:\/\/www2.uepg.br\/museu\/wp-json\/wp\/v2\/pages"}],"about":[{"href":"https:\/\/www2.uepg.br\/museu\/wp-json\/wp\/v2\/types\/page"}],"author":[{"embeddable":true,"href":"https:\/\/www2.uepg.br\/museu\/wp-json\/wp\/v2\/users\/24"}],"replies":[{"embeddable":true,"href":"https:\/\/www2.uepg.br\/museu\/wp-json\/wp\/v2\/comments?post=217"}],"version-history":[{"count":134,"href":"https:\/\/www2.uepg.br\/museu\/wp-json\/wp\/v2\/pages\/217\/revisions"}],"predecessor-version":[{"id":5012,"href":"https:\/\/www2.uepg.br\/museu\/wp-json\/wp\/v2\/pages\/217\/revisions\/5012"}],"wp:attachment":[{"href":"https:\/\/www2.uepg.br\/museu\/wp-json\/wp\/v2\/media?parent=217"}],"curies":[{"name":"wp","href":"https:\/\/api.w.org\/{rel}","templated":true}]}}