{"id":223,"date":"2019-12-03T15:01:50","date_gmt":"2019-12-03T18:01:50","guid":{"rendered":"http:\/\/www2.uepg.br\/museu\/?page_id=223"},"modified":"2026-04-10T16:18:54","modified_gmt":"2026-04-10T19:18:54","slug":"editais","status":"publish","type":"page","link":"https:\/\/www2.uepg.br\/museu\/editais\/","title":{"rendered":"Editais"},"content":{"rendered":"<div id=\"pl-223\"  class=\"panel-layout\" ><div id=\"pg-223-0\"  class=\"panel-grid panel-no-style\" ><div id=\"pgc-223-0-0\"  class=\"panel-grid-cell\" ><div id=\"panel-223-0-0-0\" class=\"so-panel widget widget_sow-accordion panel-first-child panel-last-child\" data-index=\"0\" ><div\n\t\t\t\n\t\t\tclass=\"so-widget-sow-accordion so-widget-sow-accordion-default-42b8ec0ce079-223\"\n\t\t\t\n\t\t><div>\n\t<div class=\"sow-accordion\">\n\t\t\t<div class=\"sow-accordion-panel\"\n\t\t\t data-anchor=\"2026\">\n\t\t\t\t<div class=\"sow-accordion-panel-header-container\" role=\"heading\" aria-level=\"2\">\n\t\t\t\t\t<div class=\"sow-accordion-panel-header\" tabindex=\"0\" role=\"button\" id=\"accordion-label-2026\" aria-controls=\"accordion-content-2026\" aria-expanded=\"false\">\n\t\t\t\t\t\t<div class=\"sow-accordion-title sow-accordion-title-icon-left\">\n\t\t\t\t\t\t\t\t\t\t\t\t\t\t2026\t\t\t\t\t\t\t\t\t\t\t\t\t<\/div>\n\t\t\t\t\t\t<div class=\"sow-accordion-open-close-button\">\n\t\t\t\t\t\t\t<div class=\"sow-accordion-open-button\">\n\t\t\t\t\t\t\t\t<span class=\"sow-icon-ionicons\" data-sow-icon=\"&#xf218;\"\n\t\t \n\t\taria-hidden=\"true\"><\/span>\t\t\t\t\t\t\t<\/div>\n\t\t\t\t\t\t\t<div class=\"sow-accordion-close-button\">\n\t\t\t\t\t\t\t\t<span class=\"sow-icon-ionicons\" data-sow-icon=\"&#xf209;\"\n\t\t \n\t\taria-hidden=\"true\"><\/span>\t\t\t\t\t\t\t<\/div>\n\t\t\t\t\t\t<\/div>\n\t\t\t\t\t<\/div>\n\t\t\t\t<\/div>\n\n\t\t\t<div\n\t\t\t\tclass=\"sow-accordion-panel-content\"\n\t\t\t\trole=\"region\"\n\t\t\t\taria-labelledby=\"accordion-label-2026\"\n\t\t\t\tid=\"accordion-content-2026\"\n\t\t\t\tstyle=\"display: none;\"\t\t\t>\n\t\t\t\t<div class=\"sow-accordion-panel-border\" tabindex=\"0\">\n\t\t\t\t\t<p><a href=\"http:\/\/www2.uepg.br\/museu\/wp-content\/uploads\/sites\/31\/2026\/02\/Edital-01-2026-Vaga-Remanescente-Resultado-FINAL.pdf\">Edital 01-2026 - Vaga Remanescente Resultado Final<\/a><\/p>\n<p><a href=\"http:\/\/www2.uepg.br\/museu\/wp-content\/uploads\/sites\/31\/2026\/02\/EDITAL-PRELIMINAR-01-26-1.pdf\">Edital 01-2026 - Resultados Preliminares<\/a><\/p>\n<p><a href=\"http:\/\/www2.uepg.br\/museu\/wp-content\/uploads\/sites\/31\/2026\/02\/Edital-01-26-VAGA-REMANESCENTE.pdf\">Edital 01-2026 Vaga Remanescente<\/a><\/p>\n<p><a href=\"http:\/\/www2.uepg.br\/museu\/wp-content\/uploads\/sites\/31\/2026\/02\/Edital-Homologacao-01-26.pdf\">Edital 01-2026 - Homologa\u00e7\u00e3o de Inscri\u00e7\u00f5es<\/a><\/p>\n\t\t\t\t<\/div>\n\t\t\t<\/div>\n\t\t<\/div>\n\t\t\t<div class=\"sow-accordion-panel sow-accordion-panel-open\"\n\t\t\t data-anchor=\"2025\">\n\t\t\t\t<div class=\"sow-accordion-panel-header-container\" role=\"heading\" aria-level=\"2\">\n\t\t\t\t\t<div class=\"sow-accordion-panel-header\" tabindex=\"0\" role=\"button\" id=\"accordion-label-2025\" aria-controls=\"accordion-content-2025\" aria-expanded=\"true\">\n\t\t\t\t\t\t<div class=\"sow-accordion-title sow-accordion-title-icon-left\">\n\t\t\t\t\t\t\t\t\t\t\t\t\t\t2025\t\t\t\t\t\t\t\t\t\t\t\t\t<\/div>\n\t\t\t\t\t\t<div class=\"sow-accordion-open-close-button\">\n\t\t\t\t\t\t\t<div class=\"sow-accordion-open-button\">\n\t\t\t\t\t\t\t\t<span class=\"sow-icon-ionicons\" data-sow-icon=\"&#xf218;\"\n\t\t \n\t\taria-hidden=\"true\"><\/span>\t\t\t\t\t\t\t<\/div>\n\t\t\t\t\t\t\t<div class=\"sow-accordion-close-button\">\n\t\t\t\t\t\t\t\t<span class=\"sow-icon-ionicons\" data-sow-icon=\"&#xf209;\"\n\t\t \n\t\taria-hidden=\"true\"><\/span>\t\t\t\t\t\t\t<\/div>\n\t\t\t\t\t\t<\/div>\n\t\t\t\t\t<\/div>\n\t\t\t\t<\/div>\n\n\t\t\t<div\n\t\t\t\tclass=\"sow-accordion-panel-content\"\n\t\t\t\trole=\"region\"\n\t\t\t\taria-labelledby=\"accordion-label-2025\"\n\t\t\t\tid=\"accordion-content-2025\"\n\t\t\t\t\t\t\t>\n\t\t\t\t<div class=\"sow-accordion-panel-border\" tabindex=\"0\">\n\t\t\t\t\t<p><a href=\"http:\/\/www2.uepg.br\/museu\/wp-content\/uploads\/sites\/31\/2025\/11\/Edital-01-2025-Homologacao-das-Inscricoes.pdf\">Edital 01-2025 - Homologa\u00e7\u00e3o de Inscri\u00e7\u00f5es<\/a><\/p>\n<p><a href=\"http:\/\/www2.uepg.br\/museu\/wp-content\/uploads\/sites\/31\/2025\/11\/Edital-01-2025-Selecao-de-Bolsistas-Programa-de-Acoes-de-Fortalecimento-e-Modernizacao-do-MCG-1.pdf\">Edital 01-2025 - Sele\u00e7\u00e3o de Bolsistas Programa de A\u00e7\u00f5es de Fortalecimento e Moderniza\u00e7\u00e3o do MCG<\/a><\/p>\n<p><a href=\"http:\/\/www2.uepg.br\/museu\/wp-content\/uploads\/sites\/31\/2025\/12\/Edital-01-2025-Resultados-Preliminares-1.pdf\">Edital 01-2025 - Resultados Preliminares<\/a><\/p>\n<p><a href=\"http:\/\/www2.uepg.br\/museu\/wp-content\/uploads\/sites\/31\/2025\/12\/Edital-01-2025-Resultado-Final.pdf\">Edital 01-2025 - Resultado Final<\/a><\/p>\n\t\t\t\t<\/div>\n\t\t\t<\/div>\n\t\t<\/div>\n\t\t\t<div class=\"sow-accordion-panel\"\n\t\t\t data-anchor=\"2024\">\n\t\t\t\t<div class=\"sow-accordion-panel-header-container\" role=\"heading\" aria-level=\"2\">\n\t\t\t\t\t<div class=\"sow-accordion-panel-header\" tabindex=\"0\" role=\"button\" id=\"accordion-label-2024\" aria-controls=\"accordion-content-2024\" aria-expanded=\"false\">\n\t\t\t\t\t\t<div class=\"sow-accordion-title sow-accordion-title-icon-left\">\n\t\t\t\t\t\t\t\t\t\t\t\t\t\t2024\t\t\t\t\t\t\t\t\t\t\t\t\t<\/div>\n\t\t\t\t\t\t<div class=\"sow-accordion-open-close-button\">\n\t\t\t\t\t\t\t<div class=\"sow-accordion-open-button\">\n\t\t\t\t\t\t\t\t<span class=\"sow-icon-ionicons\" data-sow-icon=\"&#xf218;\"\n\t\t \n\t\taria-hidden=\"true\"><\/span>\t\t\t\t\t\t\t<\/div>\n\t\t\t\t\t\t\t<div class=\"sow-accordion-close-button\">\n\t\t\t\t\t\t\t\t<span class=\"sow-icon-ionicons\" data-sow-icon=\"&#xf209;\"\n\t\t \n\t\taria-hidden=\"true\"><\/span>\t\t\t\t\t\t\t<\/div>\n\t\t\t\t\t\t<\/div>\n\t\t\t\t\t<\/div>\n\t\t\t\t<\/div>\n\n\t\t\t<div\n\t\t\t\tclass=\"sow-accordion-panel-content\"\n\t\t\t\trole=\"region\"\n\t\t\t\taria-labelledby=\"accordion-label-2024\"\n\t\t\t\tid=\"accordion-content-2024\"\n\t\t\t\tstyle=\"display: none;\"\t\t\t>\n\t\t\t\t<div class=\"sow-accordion-panel-border\" tabindex=\"0\">\n\t\t\t\t\t<p><a href=\"https:\/\/ead.uepg.br\/apl\/sigma\/assets\/editais\/PS0899E4023.pdf\">Inscri\u00e7\u00f5es abertas at\u00e9 dia 20\/04 para vaga de est\u00e1gio para formado em Hist\u00f3ria - bolsa 30 meses.<\/a><\/p>\n<p><a href=\"https:\/\/ead.uepg.br\/apl\/sigma\/assets\/editais\/PS0898E4022.pdf\">Inscri\u00e7\u00f5es abertas at\u00e9 dia 20\/04 para vaga de est\u00e1gio para formado em Hist\u00f3ria - bolsa 19 meses.<\/a><\/p>\n<p><a href=\"https:\/\/www4.pr.gov.br\/gee\/jsp\/frm_cons_detalhe_vaga.jsp?codoferta=162258\">Inscri\u00e7\u00f5es abertas at\u00e9 dia 09\/04 para vaga de est\u00e1gio para estudantes do curso de Hist\u00f3ria da Universidade Estadual de Ponta Grossa (UEPG)<\/a><\/p>\n<p><a href=\"https:\/\/www4.pr.gov.br\/gee\/jsp\/frm_cons_detalhe_vaga.jsp?codoferta=162066\">Inscri\u00e7\u00f5es abertas at\u00e9 dia 30\/03 para vaga de est\u00e1gio para estudantes do curso de Hist\u00f3ria da Universidade Estadual de Ponta Grossa (UEPG)<\/a><\/p>\n<p style=\"text-align: left\"><a href=\"https:\/\/www4.pr.gov.br\/gee\/jsp\/frm_cons_detalhe_vaga.jsp?codoferta=161235\">Inscri\u00e7\u00f5es abertas at\u00e9 dia 07\/03 para vaga de est\u00e1gio para estudantes do curso de Hist\u00f3ria da Universidade Estadual de Ponta Grossa (UEPG)<\/a><\/p>\n\t\t\t\t<\/div>\n\t\t\t<\/div>\n\t\t<\/div>\n\t\t\t<div class=\"sow-accordion-panel\"\n\t\t\t data-anchor=\"2023\">\n\t\t\t\t<div class=\"sow-accordion-panel-header-container\" role=\"heading\" aria-level=\"2\">\n\t\t\t\t\t<div class=\"sow-accordion-panel-header\" tabindex=\"0\" role=\"button\" id=\"accordion-label-2023\" aria-controls=\"accordion-content-2023\" aria-expanded=\"false\">\n\t\t\t\t\t\t<div class=\"sow-accordion-title sow-accordion-title-icon-left\">\n\t\t\t\t\t\t\t\t\t\t\t\t\t\t2023\t\t\t\t\t\t\t\t\t\t\t\t\t<\/div>\n\t\t\t\t\t\t<div class=\"sow-accordion-open-close-button\">\n\t\t\t\t\t\t\t<div class=\"sow-accordion-open-button\">\n\t\t\t\t\t\t\t\t<span class=\"sow-icon-ionicons\" data-sow-icon=\"&#xf218;\"\n\t\t \n\t\taria-hidden=\"true\"><\/span>\t\t\t\t\t\t\t<\/div>\n\t\t\t\t\t\t\t<div class=\"sow-accordion-close-button\">\n\t\t\t\t\t\t\t\t<span class=\"sow-icon-ionicons\" data-sow-icon=\"&#xf209;\"\n\t\t \n\t\taria-hidden=\"true\"><\/span>\t\t\t\t\t\t\t<\/div>\n\t\t\t\t\t\t<\/div>\n\t\t\t\t\t<\/div>\n\t\t\t\t<\/div>\n\n\t\t\t<div\n\t\t\t\tclass=\"sow-accordion-panel-content\"\n\t\t\t\trole=\"region\"\n\t\t\t\taria-labelledby=\"accordion-label-2023\"\n\t\t\t\tid=\"accordion-content-2023\"\n\t\t\t\tstyle=\"display: none;\"\t\t\t>\n\t\t\t\t<div class=\"sow-accordion-panel-border\" tabindex=\"0\">\n\t\t\t\t\t<p><a href=\"https:\/\/www2.uepg.br\/proex\/wp-content\/uploads\/sites\/8\/2023\/08\/Edital-01-2023-de-selecao-bolsistas-retificado.pdf\">Inscri\u00e7\u00f5es abertas at\u00e9 o dia 21\/08 para estudantes do curso de Hist\u00f3ria (Licenciatura e Bacharelado) para atuar como bolsista no \u00e2mbito do Programa Empoderamento e Lideran\u00e7a das Mulheres Paranaenses.<\/a><\/p>\n<p><a href=\"https:\/\/drive.google.com\/file\/d\/10BC8qNpqDFYuYdLbGIyWSr-BPNcu7kti\/view\">Inscri\u00e7\u00f5es abertas at\u00e9 o dia 30\/07 para sele\u00e7\u00e3o de Residente T\u00e9cnico em Gest\u00e3o Cultural, voltado a profissional rec\u00e9m formados em Hist\u00f3ria.<\/a><\/p>\n<p><a href=\"https:\/\/ead.uepg.br\/apl\/sigma\/assets\/editais\/PS0732E2984.pdf\">Inscri\u00e7\u00f5es abertas at\u00e9 dia 21\/04 para atuar junto ao N\u00facleo de Digitaliza\u00e7\u00e3o, voltado a profissional graduado em Hist\u00f3ria (Licenciatura ou Bacharelado), com experi\u00eancia em digitaliza\u00e7\u00e3o.<\/a><\/p>\n<p style=\"text-align: left\"><a href=\"https:\/\/www4.pr.gov.br\/gee\/jsp\/frm_cons_detalhe_vaga.jsp?codoferta=153990\">Inscri\u00e7\u00f5es abertas at\u00e9 dia 05\/03 para vaga de est\u00e1gio para estudantes do curso de Licenciatura em Hist\u00f3ria da Universidade Estadual de Ponta Grossa (UEPG)<\/a><\/p>\n\t\t\t\t<\/div>\n\t\t\t<\/div>\n\t\t<\/div>\n\t\t\t<div class=\"sow-accordion-panel\"\n\t\t\t data-anchor=\"2022\">\n\t\t\t\t<div class=\"sow-accordion-panel-header-container\" role=\"heading\" aria-level=\"2\">\n\t\t\t\t\t<div class=\"sow-accordion-panel-header\" tabindex=\"0\" role=\"button\" id=\"accordion-label-2022\" aria-controls=\"accordion-content-2022\" aria-expanded=\"false\">\n\t\t\t\t\t\t<div class=\"sow-accordion-title sow-accordion-title-icon-left\">\n\t\t\t\t\t\t\t\t\t\t\t\t\t\t2022\t\t\t\t\t\t\t\t\t\t\t\t\t<\/div>\n\t\t\t\t\t\t<div class=\"sow-accordion-open-close-button\">\n\t\t\t\t\t\t\t<div class=\"sow-accordion-open-button\">\n\t\t\t\t\t\t\t\t<span class=\"sow-icon-ionicons\" data-sow-icon=\"&#xf218;\"\n\t\t \n\t\taria-hidden=\"true\"><\/span>\t\t\t\t\t\t\t<\/div>\n\t\t\t\t\t\t\t<div class=\"sow-accordion-close-button\">\n\t\t\t\t\t\t\t\t<span class=\"sow-icon-ionicons\" data-sow-icon=\"&#xf209;\"\n\t\t \n\t\taria-hidden=\"true\"><\/span>\t\t\t\t\t\t\t<\/div>\n\t\t\t\t\t\t<\/div>\n\t\t\t\t\t<\/div>\n\t\t\t\t<\/div>\n\n\t\t\t<div\n\t\t\t\tclass=\"sow-accordion-panel-content\"\n\t\t\t\trole=\"region\"\n\t\t\t\taria-labelledby=\"accordion-label-2022\"\n\t\t\t\tid=\"accordion-content-2022\"\n\t\t\t\tstyle=\"display: none;\"\t\t\t>\n\t\t\t\t<div class=\"sow-accordion-panel-border\" tabindex=\"0\">\n\t\t\t\t\t<p style=\"text-align: left\"><a href=\"https:\/\/www4.pr.gov.br\/gee\/jsp\/frm_cons_detalhe_vaga.jsp?codoferta=149460\">Inscri\u00e7\u00f5es abertas at\u00e9 dia 09\/07 para vaga de est\u00e1gio para estudantes do curso de Licenciatura em Hist\u00f3ria da Universidade Estadual de Ponta Grossa (UEPG)<\/a><\/p>\n<p style=\"text-align: left\"><a href=\"https:\/\/www4.pr.gov.br\/gee\/jsp\/frm_cons_detalhe_vaga.jsp?codoferta=148336\">Inscri\u00e7\u00f5es abertas at\u00e9 dia 10\/05 para vaga de est\u00e1gio para graduandos do curso de Licenciatura em Hist\u00f3ria da Universidade Estadual de Ponta Grossa (UEPG)<\/a><\/p>\n<p style=\"text-align: left\"><a href=\"https:\/\/www4.pr.gov.br\/gee\/jsp\/frm_cons_detalhe_vaga.jsp?codoferta=147719\">Inscri\u00e7\u00f5es abertas at\u00e9 dia 15\/04 para vaga de est\u00e1gio para graduandos do curso de bacharelado em Jornalismo da Universidade Estadual de Ponta Grossa (UEPG)<\/a><\/p>\n\t\t\t\t<\/div>\n\t\t\t<\/div>\n\t\t<\/div>\n\t\t<\/div>\n<\/div>\n<\/div><\/div><\/div><\/div><\/div>","protected":false},"excerpt":{"rendered":"<p>2026 Edital 01-2026 &#8211; Vaga Remanescente Resultado Final Edital 01-2026 &#8211; Resultados Preliminares Edital 01-2026 Vaga Remanescente Edital 01-2026 &#8211; Homologa\u00e7\u00e3o de Inscri\u00e7\u00f5es 2025 Edital 01-2025 &#8211; Homologa\u00e7\u00e3o de Inscri\u00e7\u00f5es Edital 01-2025 &#8211; Sele\u00e7\u00e3o de Bolsistas Programa de A\u00e7\u00f5es de Fortalecimento e Moderniza\u00e7\u00e3o do MCG Edital 01-2025 &#8211; Resultados Preliminares Edital 01-2025 &#8211; Resultado Final&nbsp;&hellip;<\/p>\n","protected":false},"author":24,"featured_media":0,"parent":0,"menu_order":0,"comment_status":"closed","ping_status":"closed","template":"","meta":[],"_links":{"self":[{"href":"https:\/\/www2.uepg.br\/museu\/wp-json\/wp\/v2\/pages\/223"}],"collection":[{"href":"https:\/\/www2.uepg.br\/museu\/wp-json\/wp\/v2\/pages"}],"about":[{"href":"https:\/\/www2.uepg.br\/museu\/wp-json\/wp\/v2\/types\/page"}],"author":[{"embeddable":true,"href":"https:\/\/www2.uepg.br\/museu\/wp-json\/wp\/v2\/users\/24"}],"replies":[{"embeddable":true,"href":"https:\/\/www2.uepg.br\/museu\/wp-json\/wp\/v2\/comments?post=223"}],"version-history":[{"count":34,"href":"https:\/\/www2.uepg.br\/museu\/wp-json\/wp\/v2\/pages\/223\/revisions"}],"predecessor-version":[{"id":4966,"href":"https:\/\/www2.uepg.br\/museu\/wp-json\/wp\/v2\/pages\/223\/revisions\/4966"}],"wp:attachment":[{"href":"https:\/\/www2.uepg.br\/museu\/wp-json\/wp\/v2\/media?parent=223"}],"curies":[{"name":"wp","href":"https:\/\/api.w.org\/{rel}","templated":true}]}}