{"id":3477,"date":"2022-08-05T11:14:31","date_gmt":"2022-08-05T14:14:31","guid":{"rendered":"https:\/\/www2.uepg.br\/museu\/?page_id=3477"},"modified":"2022-12-08T10:48:17","modified_gmt":"2022-12-08T13:48:17","slug":"acao-educativa","status":"publish","type":"page","link":"https:\/\/www2.uepg.br\/museu\/acao-educativa\/","title":{"rendered":"A\u00e7\u00e3o Educativa"},"content":{"rendered":"<p style=\"text-align: justify\">O Museu Campos Gerais realiza atividades para divulgar e mostrar suas exposi\u00e7\u00f5es, incluindo em sua agenda institucional as A\u00e7\u00f5es Educativas &#8211; visitas agendadas de institui\u00e7\u00f5es de ensino, entidades e grupos diversos, que desejem desenvolver forma\u00e7\u00e3o dentro do espa\u00e7o do museu. Essas a\u00e7\u00f5es t\u00eam como objetivo promover um contato diferente com as exposi\u00e7\u00f5es, al\u00e9m de poder incluir tour nas depend\u00eancias como a reserva t\u00e9cnica e acervo documental. O passeio \u00e9 conduzido e planejado pelo professor Dr. Ilton Cesar Martins, diretor de A\u00e7\u00e3o Educativa e Extens\u00e3o do MCG, sempre em contato pr\u00e9vio com professores respons\u00e1veis pelas turmas.<\/p>\n<p style=\"text-align: justify\">Entre as turmas que realizaram a visita neste ano est\u00e3o estudantes do Col\u00e9gio S\u00e3o Jorge. Na oportunidade, os estudantes conheceram os espa\u00e7os do MCG, visitaram as exposi\u00e7\u00f5es \u201cMem\u00f3rias Entrela\u00e7adas\u201d, \u201cSalus: hist\u00f3rias da sa\u00fade em Ponta Grossa\u201d e \u201cIntelectualidades: trajet\u00f3ria de Wilson Martins\u201d. A seguir, os alunos realizaram um exerc\u00edcio em sala em que tiveram que desenhar o que mais gostaram da visita ao Museu.<\/p>\n<p style=\"text-align: justify\">Outra visita foi do Col\u00e9gio Sagrada Fam\u00edlia, que levou ao museu turmas do 2\u00b0 ano do Ensino Fundamental, orientadas pelas professoras Andrelise, Vanessa e Mariele.<\/p>\n<p style=\"text-align: justify\">Confira, abaixo, o material produzido sobre a visita e que foi recebido por nossa A\u00e7\u00e3o Educativa.<\/p>\n<p><a href=\"http:\/\/www2.uepg.br\/museu\/wp-content\/uploads\/sites\/31\/2022\/12\/2\u00b0SZA-PROF.-MARIELLE.pdf\">2\u00b0SZA PROF. MARIELLE<\/a><\/p>\n<p><a href=\"http:\/\/www2.uepg.br\/museu\/wp-content\/uploads\/sites\/31\/2022\/12\/2\u00b0-ano-B-PROFESSORA-VANESSA.pdf\">2\u00b0 ano B &#8211; PROFESSORA VANESSA<\/a><\/p>\n<p><a href=\"http:\/\/www2.uepg.br\/museu\/wp-content\/uploads\/sites\/31\/2022\/12\/2\u00b0-ano-A-PROFESSORA-ANDRELISE.pdf\">2\u00b0 ano A &#8211; PROFESSORA ANDRELISE<\/a><\/p>\n<div style=\"width: 1280px;\" class=\"wp-video\"><!--[if lt IE 9]><script>document.createElement('video');<\/script><![endif]-->\n<video class=\"wp-video-shortcode\" id=\"video-3477-1\" width=\"1280\" height=\"720\" autoplay=\"1\" preload=\"metadata\" controls=\"controls\"><source type=\"video\/mp4\" src=\"http:\/\/www2.uepg.br\/museu\/wp-content\/uploads\/sites\/31\/2022\/12\/aspose_video.mp4?_=1\" \/><a href=\"http:\/\/www2.uepg.br\/museu\/wp-content\/uploads\/sites\/31\/2022\/12\/aspose_video.mp4\">http:\/\/www2.uepg.br\/museu\/wp-content\/uploads\/sites\/31\/2022\/12\/aspose_video.mp4<\/a><\/video><\/div>\n<p>(texto: Vanessa Galv\u00e3o e Tamires Limurci projeto A\u00e7\u00f5es Culturais no MCG)<\/p>\n","protected":false},"excerpt":{"rendered":"<p>O Museu Campos Gerais realiza atividades para divulgar e mostrar suas exposi\u00e7\u00f5es, incluindo em sua agenda institucional as A\u00e7\u00f5es Educativas &#8211; visitas agendadas de institui\u00e7\u00f5es de ensino, entidades e grupos diversos, que desejem desenvolver forma\u00e7\u00e3o dentro do espa\u00e7o do museu. Essas a\u00e7\u00f5es t\u00eam como objetivo promover um contato diferente com as exposi\u00e7\u00f5es, al\u00e9m de poder&nbsp;&hellip;<\/p>\n","protected":false},"author":483,"featured_media":0,"parent":0,"menu_order":0,"comment_status":"closed","ping_status":"closed","template":"","meta":[],"_links":{"self":[{"href":"https:\/\/www2.uepg.br\/museu\/wp-json\/wp\/v2\/pages\/3477"}],"collection":[{"href":"https:\/\/www2.uepg.br\/museu\/wp-json\/wp\/v2\/pages"}],"about":[{"href":"https:\/\/www2.uepg.br\/museu\/wp-json\/wp\/v2\/types\/page"}],"author":[{"embeddable":true,"href":"https:\/\/www2.uepg.br\/museu\/wp-json\/wp\/v2\/users\/483"}],"replies":[{"embeddable":true,"href":"https:\/\/www2.uepg.br\/museu\/wp-json\/wp\/v2\/comments?post=3477"}],"version-history":[{"count":7,"href":"https:\/\/www2.uepg.br\/museu\/wp-json\/wp\/v2\/pages\/3477\/revisions"}],"predecessor-version":[{"id":3688,"href":"https:\/\/www2.uepg.br\/museu\/wp-json\/wp\/v2\/pages\/3477\/revisions\/3688"}],"wp:attachment":[{"href":"https:\/\/www2.uepg.br\/museu\/wp-json\/wp\/v2\/media?parent=3477"}],"curies":[{"name":"wp","href":"https:\/\/api.w.org\/{rel}","templated":true}]}}