{"id":3494,"date":"2022-08-10T11:14:30","date_gmt":"2022-08-10T14:14:30","guid":{"rendered":"https:\/\/www2.uepg.br\/museu\/?page_id=3494"},"modified":"2022-08-11T10:13:46","modified_gmt":"2022-08-11T13:13:46","slug":"doacoes","status":"publish","type":"page","link":"https:\/\/www2.uepg.br\/museu\/doacoes\/","title":{"rendered":"Doa\u00e7\u00f5es"},"content":{"rendered":"<p>Em constru\u00e7\u00e3o.<\/p>\n","protected":false},"excerpt":{"rendered":"<p>Em constru\u00e7\u00e3o.<\/p>\n","protected":false},"author":483,"featured_media":0,"parent":0,"menu_order":0,"comment_status":"closed","ping_status":"closed","template":"","meta":[],"_links":{"self":[{"href":"https:\/\/www2.uepg.br\/museu\/wp-json\/wp\/v2\/pages\/3494"}],"collection":[{"href":"https:\/\/www2.uepg.br\/museu\/wp-json\/wp\/v2\/pages"}],"about":[{"href":"https:\/\/www2.uepg.br\/museu\/wp-json\/wp\/v2\/types\/page"}],"author":[{"embeddable":true,"href":"https:\/\/www2.uepg.br\/museu\/wp-json\/wp\/v2\/users\/483"}],"replies":[{"embeddable":true,"href":"https:\/\/www2.uepg.br\/museu\/wp-json\/wp\/v2\/comments?post=3494"}],"version-history":[{"count":2,"href":"https:\/\/www2.uepg.br\/museu\/wp-json\/wp\/v2\/pages\/3494\/revisions"}],"predecessor-version":[{"id":3517,"href":"https:\/\/www2.uepg.br\/museu\/wp-json\/wp\/v2\/pages\/3494\/revisions\/3517"}],"wp:attachment":[{"href":"https:\/\/www2.uepg.br\/museu\/wp-json\/wp\/v2\/media?parent=3494"}],"curies":[{"name":"wp","href":"https:\/\/api.w.org\/{rel}","templated":true}]}}