{"id":3510,"date":"2022-08-11T09:18:00","date_gmt":"2022-08-11T12:18:00","guid":{"rendered":"https:\/\/www2.uepg.br\/museu\/?page_id=3510"},"modified":"2025-04-03T14:24:58","modified_gmt":"2025-04-03T17:24:58","slug":"atuais","status":"publish","type":"page","link":"https:\/\/www2.uepg.br\/museu\/atuais\/","title":{"rendered":"Atuais"},"content":{"rendered":"<p>Atualmente, o Museu Campos Gerais t\u00eam seis exposi\u00e7\u00f5es em funcionamento. Saiba mais sobre cada uma:<\/p>\n<h4><\/h4>\n<h3>COTIDIANO E VIDA MILITAR EM ROMA<\/h3>\n<p style=\"text-align: left\"><img loading=\"lazy\" class=\"wp-image-4798 alignleft\" src=\"http:\/\/www2.uepg.br\/museu\/wp-content\/uploads\/sites\/31\/2025\/04\/Cotidiano-e-Vida-Militar-em-Roma.jpg\" alt=\"\" width=\"535\" height=\"301\" \/><\/p>\n<p style=\"text-align: justify\">A exposi\u00e7\u00e3o &#8220;Cotidiano e vida militar em Roma&#8221;, organizada pelo Museu Campos Gerais, com o acervo do nosso funcion\u00e1rio, Renoaldo Kaczmarech conta com uma narrativa sobre o Imp\u00e9rio Romano para al\u00e9m dos elementos militares e b\u00e9licos. Com objetos originais datados de mais de 2000 anos, fax-similes (c\u00f3pias perfeitas) e r\u00e9plicas, a exposi\u00e7\u00e3o permite conhecer um pouco mais sobre a cultura romana que tanto nos influenciou. Do cotidiano das casas, vilas, roupas e penteados, at\u00e9 armas e vestimentas dos soldados romanos. Uma exposi\u00e7\u00e3o que n\u00e3o da pra n\u00e3o ser visitada.<\/p>\n<p>&nbsp;<\/p>\n<p>&nbsp;<\/p>\n<p>&nbsp;<\/p>\n<p>&nbsp;<\/p>\n<p>&nbsp;<\/p>\n<h3>Mostra Inset\u00e1rio Felipe Justus<\/h3>\n<p style=\"text-align: justify\"><img loading=\"lazy\" class=\"wp-image-4799 alignleft\" src=\"http:\/\/www2.uepg.br\/museu\/wp-content\/uploads\/sites\/31\/2025\/04\/INSETARIO-MOD-MCG_page-0001.jpg\" alt=\"\" width=\"537\" height=\"302\" \/>A &#8220;Mostra inset\u00e1rio Felipe Justos&#8221; \u00e9 uma das cole\u00e7\u00f5es originais do Museu Campos Gerais e conta com uma variedade de in\u00fameros insetos de v\u00e1rios cantos do globo. A mostra diz respeito \u00e0 18 quadros com mais de 1800 insetos e outros animais. N\u00e3o apresentamos a cole\u00e7\u00e3o completa, mas ainda assim, \u00e9 uma exposi\u00e7\u00e3o que nos permite pensar sobre ci\u00eancia, conhecimento, hist\u00f3ria, ecologia e preserva\u00e7\u00e3o.<\/p>\n<p>&nbsp;<\/p>\n<p>&nbsp;<\/p>\n<p>&nbsp;<\/p>\n<p>&nbsp;<\/p>\n<p>&nbsp;<\/p>\n<p>&nbsp;<\/p>\n<p>&nbsp;<\/p>\n<h3>\u00c1FRICA(NIDADES) E(M) M\u00c1SCARAS<\/h3>\n<p><img loading=\"lazy\" class=\"wp-image-4800 alignleft\" src=\"http:\/\/www2.uepg.br\/museu\/wp-content\/uploads\/sites\/31\/2025\/04\/AFRICANIDADES-EM-MASCARAS-MCG.jpg\" alt=\"\" width=\"533\" height=\"300\" \/><\/p>\n<p style=\"text-align: justify\">Exposi\u00e7\u00e3o aberta para a Semana da Consci\u00eancia Negra de 2024 e que se preocupa em discutir a heran\u00e7a africana e a sua adapta\u00e7\u00e3o no Brasil, onde a express\u00e3o da arte n\u00e3o \u00e9 apenas decorativa, mas pol\u00edtica, funcional, identit\u00e1ria e espiritual.<\/p>\n<p>&nbsp;<\/p>\n<p>&nbsp;<\/p>\n<p>&nbsp;<\/p>\n<p>&nbsp;<\/p>\n<p>&nbsp;<\/p>\n<p>&nbsp;<\/p>\n<p>&nbsp;<\/p>\n<h3>2\u00aa MICRO MOSTRA DA RESERVA T\u00c9CNICA<\/h3>\n<p style=\"text-align: justify\"><img loading=\"lazy\" class=\"wp-image-4801 alignleft\" src=\"http:\/\/www2.uepg.br\/museu\/wp-content\/uploads\/sites\/31\/2025\/04\/Micro-Mostra-II-2025_page-0001.jpg\" alt=\"\" width=\"541\" height=\"304\" \/>A &#8220;2\u00aa Micro mostra da Reserva T\u00e9cnica&#8221; \u00e9 uma exposi\u00e7\u00e3o que busca demonstrar alguns dos diversos objetos em nosso acervo. Chama-se &#8220;micro mostra&#8221;, pois atualmente o Museu Campos Gerais conta com mais de 25 mil objetos em nosso acervo tridimensional, sendo assim, o que voc\u00ea vai encontrar nesta mostra \u00e9 um pedacinho do que temos em nossa salvaguarda. A exposi\u00e7\u00e3o \u00e9 voltada para demonstra\u00e7\u00e3o de parte do acervo do Museu Campos Gerais a exposi\u00e7\u00e3o encanta por apresentar objetos antigos que v\u00e3o desde porcelanas adquiridas em diversas partes do mundo, objetos musicais, c\u00e2meras fotogr\u00e1ficas e fragmentos da antiga Catedral de Ponta Grossa.<\/p>\n<p>&nbsp;<\/p>\n<p>&nbsp;<\/p>\n<p>&nbsp;<\/p>\n<p>&nbsp;<\/p>\n<p>&nbsp;<\/p>\n<h3>MEU CORA\u00c7\u00c3O POLACO VOLTOU<\/h3>\n<p style=\"text-align: justify\"><img loading=\"lazy\" class=\"wp-image-4802 alignleft\" src=\"http:\/\/www2.uepg.br\/museu\/wp-content\/uploads\/sites\/31\/2025\/04\/Paulo-Leminski-Meu-coracao-de-polaco-voltou.png\" alt=\"\" width=\"545\" height=\"308\" \/>O Museu Campos Gerais \u00e9 muito feliz em dizer que possui uma parceria longeva com as filhas de Paulo Leminski, \u00c1urea e Estrela Leminski, e com a poetisa, tradutora e letrista curitibana, Alice Ruiz Leminski, companheira de Paulo. A exposi\u00e7\u00e3o &#8220;Meu cora\u00e7\u00e3o polaco voltou&#8221; \u00e9 um mergulho na hist\u00f3ria de vida de Paulo Leminski e seu jeito &#8220;polaco&#8221; de ser, de pensar e de escrever. Muito das influ\u00eancias de Paulo Leminski s\u00e3o evidenciadas aqui, principalmente as influ\u00eancias polonesas em suas obras.<\/p>\n<p>&nbsp;<\/p>\n<p>&nbsp;<\/p>\n<p>&nbsp;<\/p>\n<p>&nbsp;<\/p>\n<p>&nbsp;<\/p>\n<p>&nbsp;<\/p>\n<h3>MARINHAS \u2013 ARQUEOLOGIA DA MORTE<\/h3>\n<p><img loading=\"lazy\" class=\"wp-image-4803 alignleft\" src=\"http:\/\/www2.uepg.br\/museu\/wp-content\/uploads\/sites\/31\/2025\/04\/2025-Orientacao-Exposicoes.jpg\" alt=\"\" width=\"546\" height=\"672\" \/><\/p>\n<p style=\"text-align: justify\">&#8220;Marinhas &#8211; arqueologia da morte&#8221; \u00e9 uma exposi\u00e7\u00e3o de fotografias de Orlando Azevedo, fot\u00f3grafo portugu\u00eas radicado no Paran\u00e1, que retrata um olhar bastante original e sens\u00edvel sobre aquilo que pouco atentamos quando olhamos para o mar: a morte!<\/p>\n<p>&nbsp;<\/p>\n<p>&nbsp;<\/p>\n<p>&nbsp;<\/p>\n<p>&nbsp;<\/p>\n<p>&nbsp;<\/p>\n<p>&nbsp;<\/p>\n<p>&nbsp;<\/p>\n<p>&nbsp;<\/p>\n<p>&nbsp;<\/p>\n<p>&nbsp;<\/p>\n<p>&nbsp;<\/p>\n<p>&nbsp;<\/p>\n<p>&nbsp;<\/p>\n<p>&nbsp;<\/p>\n<p>&nbsp;<\/p>\n<p>&nbsp;<\/p>\n<h3>Habitatione: um breve hist\u00f3rico<\/h3>\n<p>&nbsp;<\/p>\n<p style=\"text-align: justify\"><span class=\"OYPEnA font-feature-liga-off font-feature-clig-off font-feature-calt-off text-decoration-none text-strikethrough-none\"><img loading=\"lazy\" class=\" wp-image-4812 alignleft\" src=\"http:\/\/www2.uepg.br\/museu\/wp-content\/uploads\/sites\/31\/2025\/04\/Copia-de-LAMUHDI-Maringa-.jpg\" alt=\"\" width=\"547\" height=\"308\" \/>A exposi\u00e7\u00e3o &#8220;Habitatione: um breve hist\u00f3rica&#8221; \u00e9 uma exposi\u00e7\u00e3o virtual, dispon\u00edveis em nossos totens interativos, que traz os trabalhos fotogr\u00e1ficos produzidos no \u00e2mbito do projeto de extens\u00e3o \u201cForma\u00e7\u00e3o humana e profissional para adolescente aprendiz\u201d. Em julho de 2000 o Projeto de Extens\u00e3o \u201cForma\u00e7\u00e3o humana e profissional para o adolescente aprendiz\u201d, coordenado pelo advogado Amarildo Miguel Leal, elaborado pela professora Gracia Vass\u00e3o Iezak, diretora do Setor de Ci\u00eancias Jur\u00eddicas, e proposto pela Procuradoria Jur\u00eddica da UEPG, foi aprovado no Conselho de Ensino, Pesquisa e Extens\u00e3o da Universidade. Agora, um quarto de s\u00e9culo depois, as imagens foram cedidas ao acervo documental do MCG e, num primeiro momento, passam a integrar uma micro exposi\u00e7\u00e3o virtual para os visitantes que circulam pelo Museu Campos Gerais.<\/span><\/p>\n","protected":false},"excerpt":{"rendered":"<p>Atualmente, o Museu Campos Gerais t\u00eam seis exposi\u00e7\u00f5es em funcionamento. Saiba mais sobre cada uma: COTIDIANO E VIDA MILITAR EM ROMA A exposi\u00e7\u00e3o &#8220;Cotidiano e vida militar em Roma&#8221;, organizada pelo Museu Campos Gerais, com o acervo do nosso funcion\u00e1rio, Renoaldo Kaczmarech conta com uma narrativa sobre o Imp\u00e9rio Romano para al\u00e9m dos elementos militares&nbsp;&hellip;<\/p>\n","protected":false},"author":483,"featured_media":0,"parent":0,"menu_order":0,"comment_status":"closed","ping_status":"closed","template":"","meta":[],"_links":{"self":[{"href":"https:\/\/www2.uepg.br\/museu\/wp-json\/wp\/v2\/pages\/3510"}],"collection":[{"href":"https:\/\/www2.uepg.br\/museu\/wp-json\/wp\/v2\/pages"}],"about":[{"href":"https:\/\/www2.uepg.br\/museu\/wp-json\/wp\/v2\/types\/page"}],"author":[{"embeddable":true,"href":"https:\/\/www2.uepg.br\/museu\/wp-json\/wp\/v2\/users\/483"}],"replies":[{"embeddable":true,"href":"https:\/\/www2.uepg.br\/museu\/wp-json\/wp\/v2\/comments?post=3510"}],"version-history":[{"count":38,"href":"https:\/\/www2.uepg.br\/museu\/wp-json\/wp\/v2\/pages\/3510\/revisions"}],"predecessor-version":[{"id":4168,"href":"https:\/\/www2.uepg.br\/museu\/wp-json\/wp\/v2\/pages\/3510\/revisions\/4168"}],"wp:attachment":[{"href":"https:\/\/www2.uepg.br\/museu\/wp-json\/wp\/v2\/media?parent=3510"}],"curies":[{"name":"wp","href":"https:\/\/api.w.org\/{rel}","templated":true}]}}