{"id":3751,"date":"2023-04-27T10:35:15","date_gmt":"2023-04-27T13:35:15","guid":{"rendered":"https:\/\/www2.uepg.br\/museu\/?page_id=3751"},"modified":"2025-11-17T11:59:34","modified_gmt":"2025-11-17T14:59:34","slug":"contato","status":"publish","type":"page","link":"https:\/\/www2.uepg.br\/museu\/contato\/","title":{"rendered":"Contato"},"content":{"rendered":"<p style=\"text-align: center\"><strong>E-MAIL<\/strong><\/p>\n<p style=\"text-align: center\">museucamposgerais@uepg.br<\/p>\n<p>&nbsp;<\/p>\n<p style=\"text-align: center\"><strong>TELEFONES E RAMAIS<\/strong><\/p>\n<p style=\"text-align: center\">Secretaria (Sede Hist\u00f3rica)<\/p>\n<p style=\"text-align: center\">(42) 2102-<strong>8981<\/strong><\/p>\n<p style=\"text-align: center\">Recep\u00e7\u00e3o (Sede Hist\u00f3rica)<\/p>\n<p style=\"text-align: center\">2102-<strong>8975<\/strong><\/p>\n<p style=\"text-align: center\">Recep\u00e7\u00e3o (Sede Banestado)<\/p>\n<p style=\"text-align: center\">3220-<strong>8697<\/strong><\/p>\n<p style=\"text-align: center\">Se\u00e7\u00e3o de Documenta\u00e7\u00e3o\/Pesquisa (Sede Banestado)<\/p>\n<p style=\"text-align: center\">(42) 2102-<strong>8698<\/strong><\/p>\n<p style=\"text-align: center\">Foto Elite (Sede Hist\u00f3rica)<\/p>\n<p style=\"text-align: center\">(42) 2102-<strong>8982<\/strong><\/p>\n<p>&nbsp;<\/p>\n","protected":false},"excerpt":{"rendered":"<p>E-MAIL museucamposgerais@uepg.br &nbsp; TELEFONES E RAMAIS Secretaria (Sede Hist\u00f3rica) (42) 2102-8981 Recep\u00e7\u00e3o (Sede Hist\u00f3rica) 2102-8975 Recep\u00e7\u00e3o (Sede Banestado) 3220-8697 Se\u00e7\u00e3o de Documenta\u00e7\u00e3o\/Pesquisa (Sede Banestado) (42) 2102-8698 Foto Elite (Sede Hist\u00f3rica) (42) 2102-8982 &nbsp;<\/p>\n","protected":false},"author":467,"featured_media":0,"parent":0,"menu_order":0,"comment_status":"closed","ping_status":"closed","template":"","meta":[],"_links":{"self":[{"href":"https:\/\/www2.uepg.br\/museu\/wp-json\/wp\/v2\/pages\/3751"}],"collection":[{"href":"https:\/\/www2.uepg.br\/museu\/wp-json\/wp\/v2\/pages"}],"about":[{"href":"https:\/\/www2.uepg.br\/museu\/wp-json\/wp\/v2\/types\/page"}],"author":[{"embeddable":true,"href":"https:\/\/www2.uepg.br\/museu\/wp-json\/wp\/v2\/users\/467"}],"replies":[{"embeddable":true,"href":"https:\/\/www2.uepg.br\/museu\/wp-json\/wp\/v2\/comments?post=3751"}],"version-history":[{"count":13,"href":"https:\/\/www2.uepg.br\/museu\/wp-json\/wp\/v2\/pages\/3751\/revisions"}],"predecessor-version":[{"id":4892,"href":"https:\/\/www2.uepg.br\/museu\/wp-json\/wp\/v2\/pages\/3751\/revisions\/4892"}],"wp:attachment":[{"href":"https:\/\/www2.uepg.br\/museu\/wp-json\/wp\/v2\/media?parent=3751"}],"curies":[{"name":"wp","href":"https:\/\/api.w.org\/{rel}","templated":true}]}}