{"id":561,"date":"2020-06-08T16:54:45","date_gmt":"2020-06-08T19:54:45","guid":{"rendered":"http:\/\/www2.uepg.br\/museu\/?page_id=561"},"modified":"2024-11-27T15:26:42","modified_gmt":"2024-11-27T18:26:42","slug":"visita-360o","status":"publish","type":"page","link":"https:\/\/www2.uepg.br\/museu\/visita-360o\/","title":{"rendered":"Visita 360\u00ba"},"content":{"rendered":"<h4 style=\"text-align: center\">Conhe\u00e7a a exposi\u00e7\u00e3o Duzentos<\/h4>\n<h4 style=\"text-align: center\"><a href=\"https:\/\/www.google.com\/maps\/place\/Museu+Campos+Gerais\/@-25.0965531,-50.1586289,3a,75y,90t\/data=!3m8!1e1!3m6!1sAF1QipO2dC1SPW4cwi1gM-0-NQWPWKy-Pirte_Vg5Ozc!2e10!3e11!6shttps:%2F%2Flh5.googleusercontent.com%2Fp%2FAF1QipO2dC1SPW4cwi1gM-0-NQWPWKy-Pirte_Vg5Ozc%3Dw203-h100-k-no-pi-0-ya359.29-ro-0-fo100!7i6000!8i3000!4m9!3m8!1s0x94e81a416076422d:0xf2e72e5a3f5c543!8m2!3d-25.096486!4d-50.15866!10e5!14m1!1BCgIgARICGAI!16s%2Fg%2F12116x2r?entry=ttu\"><strong>clicando aqui<\/strong><\/a><\/h4>\n<p>&nbsp;<\/p>\n<p>&nbsp;<\/p>\n<h4 style=\"text-align: center\">Conhe\u00e7a a exposi\u00e7\u00e3o Muirapiranga<\/h4>\n<h4 style=\"text-align: center\"><a href=\"https:\/\/goo.gl\/maps\/RJLQPSZ4sXyHCMQ26\">clicando aqui<\/a><\/h4>\n<p>&nbsp;<\/p>\n<p>&nbsp;<\/p>\n<h4 style=\"text-align: center\"><\/h4>\n<h4 style=\"text-align: center\">Conhe\u00e7a a exposi\u00e7\u00e3o Povos Paranaenses: Cultura Cai\u00e7ara<\/h4>\n<h4 style=\"text-align: center\"><strong><a href=\"https:\/\/www.google.com\/maps\/@-25.0965633,-50.1586838,0a,75y,0.42h,79.46t\/data=!3m4!1e1!3m2!1sAF1QipPtKkUkJdY5wpvbX4-gNumQ6Y2CStH6J0QatIpG!2e10?utm_source=mstt_0&amp;g_ep=CAESCTExLjc2LjMwMBgAIIGBASoAQgJCUg%3D%3D\" target=\"_blank\" rel=\"noopener\">clicando aqui<\/a><\/strong><\/h4>\n<p>&nbsp;<\/p>\n<p>&nbsp;<\/p>\n<h4 style=\"text-align: center\"><\/h4>\n<h4 style=\"text-align: center\">Conhe\u00e7a a exposi\u00e7\u00e3o Mem\u00f3rias Entrela\u00e7adas<\/h4>\n<h4 style=\"text-align: center\"><strong><a href=\"https:\/\/goo.gl\/maps\/NU8m2MT2WR6ZbzB87\" target=\"_blank\" rel=\"noopener\">clicando aqui<\/a><\/strong><\/h4>\n<h4 style=\"text-align: center\"><\/h4>\n<div align=\"center\"><\/div>\n<div align=\"center\"><\/div>\n<h4 style=\"text-align: center\"><\/h4>\n<p>&nbsp;<\/p>\n<p>&nbsp;<\/p>\n<h4 style=\"text-align: center\">Conhe\u00e7a a exposi\u00e7\u00e3o M\u00faltiplo Leminski: um mergulho na obra de Paulo Leminski<strong>, um artista m\u00faltiplo<\/strong><\/h4>\n<h4 style=\"text-align: center\"><strong><a href=\"https:\/\/www.google.com\/maps\/@-25.0965537,-50.1587013,3a,75y,358.1h,87.49t\/data=!3m7!1e1!3m5!1sAF1QipNBtE_Z7P3oYojEreXGgp95GNcDtQSyvt0CA9_v!2e10!3e12!7i10000!8i5000\" target=\"_blank\" rel=\"noopener\">clicando aqui<\/a><\/strong><\/h4>\n<p>&nbsp;<\/p>\n<p>&nbsp;<\/p>\n<h4 style=\"text-align: center\"><\/h4>\n<h4 style=\"text-align: center\">Conhe\u00e7a a exposi\u00e7\u00e3o Jo\u00e3o Vilanova Artigas: nos pormenores um universo<\/h4>\n<h4 style=\"text-align: center\"><strong><a href=\"https:\/\/goo.gl\/maps\/fTEqJNo59FPwESba7\" target=\"_blank\" rel=\"noopener\">clicando aqui<\/a><\/strong><\/h4>\n<p>&nbsp;<\/p>\n<p>&nbsp;<\/p>\n<h4 style=\"text-align: center\">Conhe\u00e7a as exposi\u00e7\u00f5es que reabriram o Museu Campos Gerais em abril de 2019<\/h4>\n<h4 style=\"text-align: center\"><a href=\"https:\/\/www.google.com.br\/maps\/@-25.0965382,-50.1585674,3a,75y,357.61h,127.44t\/data=!3m7!1e1!3m5!1sAF1QipNWvNz9WuVwvKAW7CK-UYDDlS0fc5U_lEH0SANR!2e10!6shttps:%2F%2Flh5.googleusercontent.com%2Fp%2FAF1QipNWvNz9WuVwvKAW7CK-UYDDlS0fc5U_lEH0SANR%3Dw900-h600-k-no-pi-37.4357305295908-ya357.1915112069117-ro0-fo100!7i10000!8i5000?entry=tts&amp;g_ep=EgoyMDI0MTEyNC4xIPu8ASoASAFQAw%3D%3D\" target=\"_blank\" rel=\"noopener\"><strong>clicando aqui<\/strong><\/a><\/h4>\n<p>&nbsp;<\/p>\n<p>&nbsp;<\/p>\n<h4 style=\"text-align: center\">Conhe\u00e7a a Sede Hist\u00f3rica do Museu Campos Gerais<\/h4>\n<h4 style=\"text-align: center\"><a href=\"https:\/\/maps.app.goo.gl\/sHDW8GkjnvjGvST6A\">clicando aqui<\/a><\/h4>\n<h4 style=\"text-align: center\"><\/h4>\n<p>&nbsp;<\/p>\n<p>&nbsp;<\/p>\n<h4 style=\"text-align: center\">Conhe\u00e7a a exposi\u00e7\u00e3o 1\u00aa Micro Mostra da Reserva T\u00e9cnica do MCG<\/h4>\n<h4 style=\"text-align: center\"><a href=\"https:\/\/maps.app.goo.gl\/P34pK63og3McDSk18\">clicando aqui<\/a><\/h4>\n<p>&nbsp;<\/p>\n<p>&nbsp;<\/p>\n<h4 style=\"text-align: center\">Conhe\u00e7a a exposi\u00e7\u00e3o Marinhas: arqueologia da morte, do fot\u00f3grafo Orlando Azevedo<\/h4>\n<h4 style=\"text-align: center\"><a href=\"https:\/\/maps.app.goo.gl\/XMbo1ZWXbyjfPb9v7\">clicando aqui<\/a><\/h4>\n<p>&nbsp;<\/p>\n<p>&nbsp;<\/p>\n<h4 style=\"text-align: center\">Conhe\u00e7a a exposi\u00e7\u00e3o Meu cora\u00e7\u00e3o de polaco voltou<\/h4>\n<h4 style=\"text-align: center\"><a href=\"https:\/\/maps.app.goo.gl\/8dEMPgdTNTdNREh39\">clicando aqui<\/a><\/h4>\n<p>&nbsp;<\/p>\n<p>&nbsp;<\/p>\n<p>&nbsp;<\/p>\n<h4 style=\"text-align: center\">Conhe\u00e7a a exposi\u00e7\u00e3o Sala de bonecas<\/h4>\n<h4 style=\"text-align: center\"><a href=\"https:\/\/maps.app.goo.gl\/PTwpyjeKSWf3ifpV8\">clicando aqui<\/a><\/h4>\n<p>&nbsp;<\/p>\n<p>&nbsp;<\/p>\n<p>&nbsp;<\/p>\n<h4 style=\"text-align: center\">Conhe\u00e7a a exposi\u00e7\u00e3o Mulheres ind\u00edgenas<\/h4>\n<h4 style=\"text-align: center\"><a href=\"https:\/\/maps.app.goo.gl\/kxBDCkNsxAfiSSXe7\">clicando aqui<\/a><\/h4>\n<p>&nbsp;<\/p>\n<p>&nbsp;<\/p>\n<h4 style=\"text-align: center\">Conhe\u00e7a a exposi\u00e7\u00e3o Africa(nidades) e(m) m\u00e1scaras<\/h4>\n<h4 style=\"text-align: center\"><a href=\"https:\/\/maps.app.goo.gl\/8CFFNwBygycYMiXG8\">clicando aqui<\/a><\/h4>\n<h4 style=\"text-align: center\"><\/h4>\n<p>&nbsp;<\/p>\n<p>&nbsp;<\/p>\n<p>&nbsp;<\/p>\n<h4 style=\"text-align: center\"><strong>Conhe\u00e7a a exposi\u00e7\u00e3o Naji: apartheid na Palestina<\/strong><\/h4>\n<h4 style=\"text-align: center\"><a href=\"https:\/\/maps.app.goo.gl\/NkU4ExLckifyA8Ay5\">clicando aqui<\/a><\/h4>\n<p>&nbsp;<\/p>\n<p>&nbsp;<\/p>\n<p>&nbsp;<\/p>\n<h4 style=\"text-align: center\">Conhe\u00e7a a exposi\u00e7\u00e3o Albary, o prefeito<\/h4>\n<h4 style=\"text-align: center\"><a href=\"https:\/\/maps.app.goo.gl\/oD3yV8F4JnGirM7Z7\">clicando aqui<\/a><\/h4>\n","protected":false},"excerpt":{"rendered":"<p>Conhe\u00e7a a exposi\u00e7\u00e3o Duzentos clicando aqui &nbsp; &nbsp; Conhe\u00e7a a exposi\u00e7\u00e3o Muirapiranga clicando aqui &nbsp; &nbsp; Conhe\u00e7a a exposi\u00e7\u00e3o Povos Paranaenses: Cultura Cai\u00e7ara clicando aqui &nbsp; &nbsp; Conhe\u00e7a a exposi\u00e7\u00e3o Mem\u00f3rias Entrela\u00e7adas clicando aqui &nbsp; &nbsp; Conhe\u00e7a a exposi\u00e7\u00e3o M\u00faltiplo Leminski: um mergulho na obra de Paulo Leminski, um artista m\u00faltiplo clicando aqui &nbsp; &nbsp;&nbsp;&hellip;<\/p>\n","protected":false},"author":24,"featured_media":0,"parent":0,"menu_order":0,"comment_status":"closed","ping_status":"closed","template":"","meta":[],"_links":{"self":[{"href":"https:\/\/www2.uepg.br\/museu\/wp-json\/wp\/v2\/pages\/561"}],"collection":[{"href":"https:\/\/www2.uepg.br\/museu\/wp-json\/wp\/v2\/pages"}],"about":[{"href":"https:\/\/www2.uepg.br\/museu\/wp-json\/wp\/v2\/types\/page"}],"author":[{"embeddable":true,"href":"https:\/\/www2.uepg.br\/museu\/wp-json\/wp\/v2\/users\/24"}],"replies":[{"embeddable":true,"href":"https:\/\/www2.uepg.br\/museu\/wp-json\/wp\/v2\/comments?post=561"}],"version-history":[{"count":42,"href":"https:\/\/www2.uepg.br\/museu\/wp-json\/wp\/v2\/pages\/561\/revisions"}],"predecessor-version":[{"id":4717,"href":"https:\/\/www2.uepg.br\/museu\/wp-json\/wp\/v2\/pages\/561\/revisions\/4717"}],"wp:attachment":[{"href":"https:\/\/www2.uepg.br\/museu\/wp-json\/wp\/v2\/media?parent=561"}],"curies":[{"name":"wp","href":"https:\/\/api.w.org\/{rel}","templated":true}]}}