{"id":41,"date":"2020-02-12T14:09:58","date_gmt":"2020-02-12T17:09:58","guid":{"rendered":"http:\/\/www2.uepg.br\/nep\/?page_id=41"},"modified":"2024-04-04T16:41:44","modified_gmt":"2024-04-04T19:41:44","slug":"quem-somos","status":"publish","type":"page","link":"https:\/\/www2.uepg.br\/nep\/quem-somos\/","title":{"rendered":"Quem somos"},"content":{"rendered":"<p style=\"text-align: center\" align=\"justify\"><strong>CULTURA DE PAZ SE FAZ COM EDUCA\u00c7\u00c3O PARA A PAZ!\u00a0<\/strong><\/p>\n<p style=\"text-align: center\" align=\"justify\"><strong>(NEP\/UEPG &#8211; 2024)<\/strong><\/p>\n<p style=\"text-align: center\" align=\"justify\">O N\u00facleo de Educa\u00e7\u00e3o para a Paz (NEP\/UEPG) \u00e9 Projeto de Extens\u00e3o Universit\u00e1ria composto por profissionais das \u00e1reas de Ci\u00eancias Humanas, Ci\u00eancias Sociais e Ci\u00eancias da Sa\u00fade al\u00e9m de acad\u00eamicos de cursos de gradua\u00e7\u00e3o que, nas suas pr\u00e1ticas profissionais e sociais, desenvolvem propostas pedag\u00f3gicas relacionadas \u00e0 Cultura de Paz, Educa\u00e7\u00e3o em Direitos Humanos e Educa\u00e7\u00e3o para a Paz.<\/p>\n<p style=\"text-align: center\" align=\"justify\">O NEP\/UEPG \u00e9 conduzido conceitualmente pelas quest\u00f5es da Teoria da Complexidade de Edgar Morin, pela pensamento educacional de Paulo Freire e, tem como componentes estruturantes, as \u201ccinco pedagogias da paz\u201d (SALLES FILHO, 2016): Pedagogia dos Valores Humanos, Pedagogia dos Direitos Humanos, Pedagogia da Conflitologia, Pedagogia da Ecoforma\u00e7\u00e3o e Pedagogia das Viv\u00eancias \/ Conviv\u00eancias, tratadas \u00e0 luz da transdiciplinaridade.<\/p>\n<p style=\"text-align: center\" align=\"justify\">A participa\u00e7\u00e3o no NEP\/UEPG \u00e9 de car\u00e1ter volunt\u00e1rio, marcada por momentos de estudos coletivos, palestras, oficinas e cursos, com a an\u00e1lise e a produ\u00e7\u00e3o cient\u00edfica fruto das experi\u00eancias desenvolvidas. Portanto a concep\u00e7\u00e3o de projeto extensionista como parte da indissociabilidade entre ensino-pesquisa-extens\u00e3o, permite ao NEP\/UEPG um papel fundamental dentro das pr\u00e1ticas sociais, pedag\u00f3gicas e dos trabalhos de pesquisa, contando com profissionais que atuam em diferentes \u00e1reas, al\u00e9m dos docentes e do ensino superior, visando redimensionar vis\u00f5es te\u00f3ricas e pr\u00e1ticas sociais\/pedag\u00f3gicas relacionadas \u00e0 Cultura de Paz.<\/p>\n<p style=\"text-align: center\" align=\"justify\">O NEP\/UEPG tamb\u00e9m incorpora, com densidade, a discuss\u00e3o sobre a \u201cAgenda 2030 da ONU\u201d, que trata dos objetivos e metas para o desenvolvimento sustent\u00e1vel no per\u00edodo 2015-2030, j\u00e1 incorporadas pelo Governo Federal e Governo do Estado do Paran\u00e1. Al\u00e9m da Agenda 2030, outros documentos da ONU e da UNESCO representam um la\u00e7o efetivo relacionado com a \u201cEduca\u00e7\u00e3o para a cidadania global\u201d proposta pelas Na\u00e7\u00f5es Unidas, que tem como aspectos centrais a Educa\u00e7\u00e3o para a Paz e a Educa\u00e7\u00e3o para a Sustentabilidade. Considerando isso, o NEP\/UEPG tamb\u00e9m possui interface com o Grupo de Pesquisa Cultura de Paz, Direitos Humanos e Sustentabilidade (CNPq\/UEPG) que contribui com reflex\u00f5es amplas na pesquisa, que s\u00e3o pensadas em suas possibilidades de transposi\u00e7\u00e3o para as a\u00e7\u00f5es extensionistas. <strong>Link<\/strong>: <a href=\"http:\/\/dgp.cnpq.br\/dgp\/espelhogrupo\/0694520967959188\">Grupo de Pesquisa CNPq &#8211; clique aqui<\/a><\/p>\n<p style=\"text-align: center\" align=\"justify\">Al\u00e9m da vis\u00e3o ampliada, o NEP\/UEPG est\u00e1 fortemente ligado \u00e0s pesquisas e reflex\u00f5es atuais sobre as viol\u00eancias, os estudos sobre conviv\u00eancias e clima escolar e atento ao movimento que internacionalmente \u00e9 conhecido como Investiga\u00e7\u00e3o para a Paz (Peace Research). Como conceito b\u00e1sico para o trabalho est\u00e1 o entendimento da Educa\u00e7\u00e3o para a Paz como o processo pedag\u00f3gico de resolu\u00e7\u00e3o n\u00e3o-violenta dos conflitos, entendo-os como inerentes aos seres humanos e \u00e0s institui\u00e7\u00f5es educacionais. Logo a percep\u00e7\u00e3o sobre Paz \u00e9 ampliada apenas de suas dimens\u00f5es de espiritualidade, harmonia e tranquilidade \u2013 mesmo que as considere \u2013 para uma dimens\u00e3o concreta das pr\u00e1ticas sociais e escolares considerando a diversidade nas ideias, opini\u00f5es e formas de perceber o mundo e a vida.<\/p>\n<p style=\"text-align: center\" align=\"justify\"><strong>Contato: nep@uepg.br<\/strong><\/p>\n","protected":false},"excerpt":{"rendered":"<p>CULTURA DE PAZ SE FAZ COM EDUCA\u00c7\u00c3O PARA A PAZ!\u00a0 (NEP\/UEPG &#8211; 2024) O N\u00facleo de Educa\u00e7\u00e3o para a Paz (NEP\/UEPG) \u00e9 Projeto de Extens\u00e3o Universit\u00e1ria composto por profissionais das \u00e1reas de Ci\u00eancias Humanas, Ci\u00eancias Sociais e Ci\u00eancias da Sa\u00fade al\u00e9m de acad\u00eamicos de cursos de gradua\u00e7\u00e3o que, nas suas pr\u00e1ticas profissionais e sociais, desenvolvem&nbsp;&hellip;<\/p>\n","protected":false},"author":24,"featured_media":0,"parent":0,"menu_order":0,"comment_status":"closed","ping_status":"closed","template":"","meta":[],"_links":{"self":[{"href":"https:\/\/www2.uepg.br\/nep\/wp-json\/wp\/v2\/pages\/41"}],"collection":[{"href":"https:\/\/www2.uepg.br\/nep\/wp-json\/wp\/v2\/pages"}],"about":[{"href":"https:\/\/www2.uepg.br\/nep\/wp-json\/wp\/v2\/types\/page"}],"author":[{"embeddable":true,"href":"https:\/\/www2.uepg.br\/nep\/wp-json\/wp\/v2\/users\/24"}],"replies":[{"embeddable":true,"href":"https:\/\/www2.uepg.br\/nep\/wp-json\/wp\/v2\/comments?post=41"}],"version-history":[{"count":8,"href":"https:\/\/www2.uepg.br\/nep\/wp-json\/wp\/v2\/pages\/41\/revisions"}],"predecessor-version":[{"id":375,"href":"https:\/\/www2.uepg.br\/nep\/wp-json\/wp\/v2\/pages\/41\/revisions\/375"}],"wp:attachment":[{"href":"https:\/\/www2.uepg.br\/nep\/wp-json\/wp\/v2\/media?parent=41"}],"curies":[{"name":"wp","href":"https:\/\/api.w.org\/{rel}","templated":true}]}}