{"id":43,"date":"2020-02-12T14:10:36","date_gmt":"2020-02-12T17:10:36","guid":{"rendered":"http:\/\/www2.uepg.br\/nep\/?page_id=43"},"modified":"2024-04-04T16:36:36","modified_gmt":"2024-04-04T19:36:36","slug":"objetivos","status":"publish","type":"page","link":"https:\/\/www2.uepg.br\/nep\/objetivos\/","title":{"rendered":"Objetivos"},"content":{"rendered":"<p style=\"text-align: center\" align=\"justify\"><strong>OBJETIVOS<\/strong><\/p>\n<p style=\"text-align: center\" align=\"justify\"><strong>2024<\/strong><\/p>\n<p style=\"text-align: center\" align=\"justify\">O N\u00facleo de Educa\u00e7\u00e3o para a Paz\u00a0 (NEP\/UEPG), como projeto de extens\u00e3o, desenvolve a\u00e7\u00f5es com profissionais da educa\u00e7\u00e3o, assist\u00eancia social, sa\u00fade entre outros al\u00e9m da comunidade em geral, dialogando sobre aspectos conceituais e metodol\u00f3gicos da Educa\u00e7\u00e3o para a Paz. As a\u00e7\u00f5es s\u00e3o acompanhadas da dimens\u00e3o te\u00f3rica estabelecida pelos movimentos nacionais e internacionais ligados \u00e0 Cultura de Paz e \u00e0 Educa\u00e7\u00e3o para a Cidadania Global, especialmente em sintonia com a ONU e a UNESCO, al\u00e9m do foco no campo espec\u00edfico dos Estudos para a Paz (EPP).<\/p>\n<p style=\"text-align: center\" align=\"justify\">Procura-se igualmente, valorizar as constru\u00e7\u00f5es dos diferentes grupos e profissionais dentro de suas realidades e comunidades, buscando experi\u00eancias positivas e a produ\u00e7\u00e3o de conhecimento advindo destas pr\u00e1ticas sociais e pedag\u00f3gicas a partir da forma\u00e7\u00e3o continuada. Como elemento articulador das quest\u00f5es conceituais e seus desdobramentos no cotidiano educacional, os estudos do NEP\/UEPG aprofundam no pensamento complexo de Edgar Morin, como ponto de reflex\u00e3o ampliada sobre a rela\u00e7\u00e3o entre viol\u00eancia-conflito-paz e na discuss\u00e3o da teoria pedag\u00f3gica de Paulo Freire como fonte relevante nas dimens\u00f5es de cr\u00edtica \u00e0s quest\u00f5es sociais quanto na humaniza\u00e7\u00e3o das pessoas, entendendo o inacabamento do ser humano e a hist\u00f3ria aberta para possibilidades.<\/p>\n<p style=\"text-align: center\" align=\"justify\">Al\u00e9m disso, o NEP\/UEPG colabora com grupos de acad\u00eamicos de diferentes cursos de gradua\u00e7\u00e3o da UEPG, atrav\u00e9s de grupo de estudos, participa\u00e7\u00e3o em semin\u00e1rios e palestras, <strong>procurando contribuir com a curriculariza\u00e7\u00e3o da extens\u00e3o<\/strong>. Acredita-se que a discuss\u00e3o destas tem\u00e1ticas na forma\u00e7\u00e3o inicial \u00e9 fundamental para construir outras formas de perceber sua forma\u00e7\u00e3o universit\u00e1ria, de maneira mais ampla, integradas e transdisciplinar.<\/p>\n<p style=\"text-align: center\" align=\"justify\"><strong>Fundamentalmente os objetivos do NEP\/UEPG s\u00e3o a informa\u00e7\u00e3o, discuss\u00e3o, an\u00e1lise e proposi\u00e7\u00e3o de a\u00e7\u00f5es relacionadas \u00e0s conviv\u00eancias humanas, observando a Educa\u00e7\u00e3o para a Paz (e seus desdobramentos) como um elemento articulador neste processo.<\/strong><\/p>\n<p style=\"text-align: center\" align=\"justify\"><strong>Contato: nep@uepg.br<\/strong><\/p>\n","protected":false},"excerpt":{"rendered":"<p>OBJETIVOS 2024 O N\u00facleo de Educa\u00e7\u00e3o para a Paz\u00a0 (NEP\/UEPG), como projeto de extens\u00e3o, desenvolve a\u00e7\u00f5es com profissionais da educa\u00e7\u00e3o, assist\u00eancia social, sa\u00fade entre outros al\u00e9m da comunidade em geral, dialogando sobre aspectos conceituais e metodol\u00f3gicos da Educa\u00e7\u00e3o para a Paz. As a\u00e7\u00f5es s\u00e3o acompanhadas da dimens\u00e3o te\u00f3rica estabelecida pelos movimentos nacionais e internacionais ligados&nbsp;&hellip;<\/p>\n","protected":false},"author":24,"featured_media":0,"parent":0,"menu_order":0,"comment_status":"closed","ping_status":"closed","template":"","meta":[],"_links":{"self":[{"href":"https:\/\/www2.uepg.br\/nep\/wp-json\/wp\/v2\/pages\/43"}],"collection":[{"href":"https:\/\/www2.uepg.br\/nep\/wp-json\/wp\/v2\/pages"}],"about":[{"href":"https:\/\/www2.uepg.br\/nep\/wp-json\/wp\/v2\/types\/page"}],"author":[{"embeddable":true,"href":"https:\/\/www2.uepg.br\/nep\/wp-json\/wp\/v2\/users\/24"}],"replies":[{"embeddable":true,"href":"https:\/\/www2.uepg.br\/nep\/wp-json\/wp\/v2\/comments?post=43"}],"version-history":[{"count":6,"href":"https:\/\/www2.uepg.br\/nep\/wp-json\/wp\/v2\/pages\/43\/revisions"}],"predecessor-version":[{"id":371,"href":"https:\/\/www2.uepg.br\/nep\/wp-json\/wp\/v2\/pages\/43\/revisions\/371"}],"wp:attachment":[{"href":"https:\/\/www2.uepg.br\/nep\/wp-json\/wp\/v2\/media?parent=43"}],"curies":[{"name":"wp","href":"https:\/\/api.w.org\/{rel}","templated":true}]}}