{"id":45,"date":"2020-02-12T14:11:10","date_gmt":"2020-02-12T17:11:10","guid":{"rendered":"http:\/\/www2.uepg.br\/nep\/?page_id=45"},"modified":"2024-04-04T16:26:12","modified_gmt":"2024-04-04T19:26:12","slug":"equipe","status":"publish","type":"page","link":"https:\/\/www2.uepg.br\/nep\/equipe\/","title":{"rendered":"Equipe"},"content":{"rendered":"<h3 style=\"text-align: center\"><strong>Equipe Multidisciplinar\u00a0\u00a0<\/strong><\/h3>\n<p style=\"text-align: center\"><strong>2024<\/strong><\/p>\n<p style=\"text-align: center\"><strong>Nei Alberto Salles Filho<\/strong><\/p>\n<p style=\"text-align: center\">Doutor em Educa\u00e7\u00e3o &#8211; Docente da UEPG\/PR &#8211; Coordenador<\/p>\n<p style=\"text-align: center\"><strong>Andreia Gaspar Soltoski<\/strong><\/p>\n<p style=\"text-align: center\">Doutora em Ci\u00eancias Sociais Aplicadas &#8211; UEPG\/PR<\/p>\n<p style=\"text-align: center\"><strong>Bruna Woinorvski de Miranda<\/strong><\/p>\n<p style=\"text-align: center\">Doutoranda em Ci\u00eancias Sociais Aplicadas &#8211; UEPG\/PR<\/p>\n<p style=\"text-align: center\"><strong>Catharina Eugeni Schier da Cruz\u00a0<\/strong><\/p>\n<p style=\"text-align: center\">Mestranda em Ci\u00eancias Sociais Aplicadas &#8211; UEPG\/PR<\/p>\n<p style=\"text-align: center\"><strong>Daniele Cristina Bahniuk Mendes<\/strong><\/p>\n<p style=\"text-align: center\">Doutoranda em Ci\u00eancias Sociais Aplicadas<\/p>\n<p style=\"text-align: center\"><strong>Jo\u00e3o Paulo Kaiut<\/strong><\/p>\n<p style=\"text-align: center\">Mestrando em Educa\u00e7\u00e3o Inclusiva &#8211; UEPG\/PR<\/p>\n<p style=\"text-align: center\"><strong>Juliana Maciel Bohaienko<\/strong><\/p>\n<p style=\"text-align: center\">Mestranda em Ci\u00eancias Sociais Aplicadas &#8211; UEPG\/PR<\/p>\n<p style=\"text-align: center\"><strong>Lu\u00eds Fernando Ribas<\/strong><\/p>\n<p style=\"text-align: center\">Doutorando em Ci\u00eancias Sociais Aplicadas &#8211; UEPG\/PR<\/p>\n<p style=\"text-align: center\"><strong>Susana Bartmeyer\u00a0<\/strong><\/p>\n<p style=\"text-align: center\">Doutoranda em Ci\u00eancias Sociais Aplicadas &#8211; UEPG\/PR<\/p>\n<p style=\"text-align: center\"><strong>Tha\u00eds Cristina dos Santos<\/strong><\/p>\n<p style=\"text-align: center\">Doutoranda no Ensino de Ci\u00eancia e Tecnologia &#8211; UTFPR \u2013 Campus Ponta Grossa<\/p>\n<p style=\"text-align: center\"><strong>Virginia Ostroski Salles <\/strong><\/p>\n<p style=\"text-align: center\">Doutora no Ensino de Ci\u00eancia e Tecnologia &#8211; UTFPR \u2013 Campus Ponta Grossa<\/p>\n<p>&nbsp;<\/p>\n<h3 style=\"text-align: center\"><strong>Acad\u00eamicos &#8211; Gradua\u00e7\u00e3o e Inicia\u00e7\u00e3o Cient\u00edfica<\/strong><\/h3>\n<p style=\"text-align: center\"><strong>J\u00falia Rauch <\/strong><\/p>\n<p style=\"text-align: center\">Inicia\u00e7\u00e3o Cient\u00edfica<\/p>\n<p>&nbsp;<\/p>\n<p style=\"text-align: center\"><strong>Contato: nep@uepg.br<\/strong><\/p>\n<p style=\"text-align: center\"><strong>Instagram: @culturadepaz.nep<\/strong><\/p>\n<p>&nbsp;<\/p>\n","protected":false},"excerpt":{"rendered":"<p>Equipe Multidisciplinar\u00a0\u00a0 2024 Nei Alberto Salles Filho Doutor em Educa\u00e7\u00e3o &#8211; Docente da UEPG\/PR &#8211; Coordenador Andreia Gaspar Soltoski Doutora em Ci\u00eancias Sociais Aplicadas &#8211; UEPG\/PR Bruna Woinorvski de Miranda Doutoranda em Ci\u00eancias Sociais Aplicadas &#8211; UEPG\/PR Catharina Eugeni Schier da Cruz\u00a0 Mestranda em Ci\u00eancias Sociais Aplicadas &#8211; UEPG\/PR Daniele Cristina Bahniuk Mendes Doutoranda em&nbsp;&hellip;<\/p>\n","protected":false},"author":24,"featured_media":0,"parent":0,"menu_order":0,"comment_status":"closed","ping_status":"closed","template":"","meta":[],"_links":{"self":[{"href":"https:\/\/www2.uepg.br\/nep\/wp-json\/wp\/v2\/pages\/45"}],"collection":[{"href":"https:\/\/www2.uepg.br\/nep\/wp-json\/wp\/v2\/pages"}],"about":[{"href":"https:\/\/www2.uepg.br\/nep\/wp-json\/wp\/v2\/types\/page"}],"author":[{"embeddable":true,"href":"https:\/\/www2.uepg.br\/nep\/wp-json\/wp\/v2\/users\/24"}],"replies":[{"embeddable":true,"href":"https:\/\/www2.uepg.br\/nep\/wp-json\/wp\/v2\/comments?post=45"}],"version-history":[{"count":12,"href":"https:\/\/www2.uepg.br\/nep\/wp-json\/wp\/v2\/pages\/45\/revisions"}],"predecessor-version":[{"id":369,"href":"https:\/\/www2.uepg.br\/nep\/wp-json\/wp\/v2\/pages\/45\/revisions\/369"}],"wp:attachment":[{"href":"https:\/\/www2.uepg.br\/nep\/wp-json\/wp\/v2\/media?parent=45"}],"curies":[{"name":"wp","href":"https:\/\/api.w.org\/{rel}","templated":true}]}}