{"id":49,"date":"2020-02-12T14:11:57","date_gmt":"2020-02-12T17:11:57","guid":{"rendered":"http:\/\/www2.uepg.br\/nep\/?page_id=49"},"modified":"2024-04-04T16:30:29","modified_gmt":"2024-04-04T19:30:29","slug":"metodologia","status":"publish","type":"page","link":"https:\/\/www2.uepg.br\/nep\/metodologia\/","title":{"rendered":"Metodologia"},"content":{"rendered":"<p style=\"text-align: center\" align=\"justify\"><strong>METODOLOGIA<\/strong><\/p>\n<p style=\"text-align: center\" align=\"justify\"><strong>2024<\/strong><\/p>\n<p style=\"text-align: center\" align=\"justify\">O N\u00facleo de Educa\u00e7\u00e3o para a Paz\u00a0 (NEP\/UEPG) orienta suas a\u00e7\u00f5es da seguinte forma: palestras, cursos, grupo de estudos, oficinas pedag\u00f3gicas a partir de demandas apresentadas por diferentes institui\u00e7\u00f5es. Seu foco concentra-se em processos educativos referentes \u00e0 qualifica\u00e7\u00e3o de conviv\u00eancias, preven\u00e7\u00e3o das viol\u00eancias e promo\u00e7\u00e3o da Cultura de Paz.<\/p>\n<p style=\"text-align: center\" align=\"justify\">Considera-se o espa\u00e7o educacional como privilegiado para este trabalho. Ao mesmo tempo tamb\u00e9m s\u00e3o encaminhadas propostas e a\u00e7\u00f5es na educa\u00e7\u00e3o n\u00e3o-forma e informal, al\u00e9m de Centros de Refer\u00eancia em Assist\u00eancia Social, ONGs, Institutos e demais institui\u00e7\u00f5es que atuem na promo\u00e7\u00e3o da Cultura de Paz, utilizando como elementos os processos de valores humanos, direitos humanos, media\u00e7\u00e3o de conflitos, pr\u00e1ticas restaurativas, educa\u00e7\u00e3o ambiental\/ecoforma\u00e7\u00e3o\/sustentabilidade.<\/p>\n<p style=\"text-align: center\" align=\"justify\">No \u00e2mbito das redes municipais de ensino atua na discuss\u00e3o e planejamento referentes \u00e0 Educa\u00e7\u00e3o para a Paz, sintonizado \u00e0s quest\u00f5es da Lei de Diretrizes e Bases da Educa\u00e7\u00e3o Nacional e\u00a0 da Base Nacional Comum Curricular. Al\u00e9m disso, o NEP\/UEPG atua em espa\u00e7os destinados a refletir e discutir pr\u00e1ticas comunit\u00e1rias, pol\u00edticas p\u00fablicas e pol\u00edticas educacionais com o foco na Cultura de Paz.<\/p>\n<p style=\"text-align: center\" align=\"justify\"><strong>Alguns exemplos das a\u00e7\u00f5es extensionistas<\/strong>: oficinas e cursos de curta dura\u00e7\u00e3o, forma\u00e7\u00e3o continuada de profissionais, palestras para diversos p\u00fablicos, assessoria pedag\u00f3gica entre outras.<\/p>\n<p style=\"text-align: center\" align=\"justify\"><strong>OBSERVA\u00c7\u00c3O<\/strong><\/p>\n<p style=\"text-align: center\" align=\"justify\">\u00c9 importante ressaltar que o NEP\/UEPG atua em conjunto com <strong>parceiros que efetivamente pretendam construir propostas cont\u00ednuas e sustent\u00e1veis<\/strong> nas quest\u00f5es da Cultura de Paz (Educa\u00e7\u00e3o para a Paz, Educa\u00e7\u00e3o em Direitos Humanos, Pedagogia da Conflitologia, Ecoforma\u00e7\u00e3o etc). <strong>Procura-se evitar atividades isoladas que n\u00e3o estejam relacionadas \u00e0 organiza\u00e7\u00e3o de a\u00e7\u00f5es que tenham continuidade, tanto em escolas, redes de ensino e nas pol\u00edticas p\u00fablicas em geral.<\/strong><\/p>\n<p style=\"text-align: center\"><strong>Fale conosco: nep@uepg.br<\/strong><\/p>\n","protected":false},"excerpt":{"rendered":"<p>METODOLOGIA 2024 O N\u00facleo de Educa\u00e7\u00e3o para a Paz\u00a0 (NEP\/UEPG) orienta suas a\u00e7\u00f5es da seguinte forma: palestras, cursos, grupo de estudos, oficinas pedag\u00f3gicas a partir de demandas apresentadas por diferentes institui\u00e7\u00f5es. Seu foco concentra-se em processos educativos referentes \u00e0 qualifica\u00e7\u00e3o de conviv\u00eancias, preven\u00e7\u00e3o das viol\u00eancias e promo\u00e7\u00e3o da Cultura de Paz. Considera-se o espa\u00e7o educacional&nbsp;&hellip;<\/p>\n","protected":false},"author":24,"featured_media":0,"parent":0,"menu_order":0,"comment_status":"closed","ping_status":"closed","template":"","meta":[],"_links":{"self":[{"href":"https:\/\/www2.uepg.br\/nep\/wp-json\/wp\/v2\/pages\/49"}],"collection":[{"href":"https:\/\/www2.uepg.br\/nep\/wp-json\/wp\/v2\/pages"}],"about":[{"href":"https:\/\/www2.uepg.br\/nep\/wp-json\/wp\/v2\/types\/page"}],"author":[{"embeddable":true,"href":"https:\/\/www2.uepg.br\/nep\/wp-json\/wp\/v2\/users\/24"}],"replies":[{"embeddable":true,"href":"https:\/\/www2.uepg.br\/nep\/wp-json\/wp\/v2\/comments?post=49"}],"version-history":[{"count":6,"href":"https:\/\/www2.uepg.br\/nep\/wp-json\/wp\/v2\/pages\/49\/revisions"}],"predecessor-version":[{"id":370,"href":"https:\/\/www2.uepg.br\/nep\/wp-json\/wp\/v2\/pages\/49\/revisions\/370"}],"wp:attachment":[{"href":"https:\/\/www2.uepg.br\/nep\/wp-json\/wp\/v2\/media?parent=49"}],"curies":[{"name":"wp","href":"https:\/\/api.w.org\/{rel}","templated":true}]}}