{"id":51,"date":"2020-02-12T14:12:38","date_gmt":"2020-02-12T17:12:38","guid":{"rendered":"http:\/\/www2.uepg.br\/nep\/?page_id=51"},"modified":"2024-04-04T17:23:10","modified_gmt":"2024-04-04T20:23:10","slug":"parceiros","status":"publish","type":"page","link":"https:\/\/www2.uepg.br\/nep\/parceiros\/","title":{"rendered":"Parceiros"},"content":{"rendered":"<p style=\"text-align: center\"><strong>PARCERIAS<\/strong><\/p>\n<p style=\"text-align: center\"><strong>2024<\/strong><\/p>\n<p style=\"text-align: center\">O N\u00facleo de Educa\u00e7\u00e3o para a Paz (NEP\/UEPG) atua em parceria com diferentes institui\u00e7\u00f5es que (efetivamente) estejam organizando e estruturando propostas relacionadas com a Educa\u00e7\u00e3o para a Paz.<\/p>\n<p style=\"text-align: center\">No ano de 2024 NEP\/UEPG colabora com:<\/p>\n<ul>\n<li style=\"text-align: center\">F\u00f3rum das Universidades pela Paz (FOUP): movimento de Institui\u00e7\u00f5es de Ensino Superior do Brasil, da Am\u00e9rica Latina e da Europa que visa a contru\u00e7\u00e3o de experi\u00eancias exitosas no campo da Cultura de Paz e Educa\u00e7\u00e3o em Direitos Humanos. O FOUP\/UEPG encontra-se em fase de estrutura\u00e7\u00e3o e a\u00e7\u00f5es iniciais.<\/li>\n<li style=\"text-align: center\">Programa de P\u00f3s-Gradua\u00e7\u00e3o em Ci\u00eancias Sociais Aplicadas da Universidade Estadual de Ponta Grossa: estreita rela\u00e7\u00e3o com o N\u00facleo de Direitos Humanos, Cidadania e Pol\u00edticas P\u00fablicas e com a produ\u00e7\u00e3o de pesquisa no \u00e2mbito dos Estudos para a Paz, al\u00e9m da oferta anual da disciplina &#8220;Cultura de Paz, Direitos Humanos e Epistemologias do Sul&#8221; para pesquisadores do Brasil e exterior.<\/li>\n<li style=\"text-align: center\">Mestrado em Educa\u00e7\u00e3o Inclusiva (PROFEI\/UEPG\/CAPES): Grupo de Estudos em Educa\u00e7\u00e3o para a Paz e Educa\u00e7\u00e3o Inclusiva para mestrandos do referido Programa de P\u00f3s-Gradua\u00e7\u00e3o.<\/li>\n<li style=\"text-align: center\">Ambulat\u00f3rio de Sa\u00fade Integrativa (ASI\/UEPG), em reflex\u00f5es sobre a rela\u00e7\u00e3o da Cultura de Paz com a sa\u00fade, particulamente em rela\u00e7\u00e3o \u00e0s Pr\u00e1ticas Integrativa e Complementares em Sa\u00fade (PICS\/SUS) e da Terapia Comunit\u00e1ria Integrativa (TCI).<\/li>\n<li><span style=\"text-align: center\">Secretaria Municipal da Educa\u00e7\u00e3o de Ponta Grossa (Paran\u00e1), na elabora\u00e7\u00e3o de proposta relacionada \u00e0 Educa\u00e7\u00e3o para a Paz, fazendo a constru\u00e7\u00e3o a partir da Base Nacional Comum Curricular e atendendo \u00e0 Lei n. 13.663\/2018 que inseriu &#8211; na Lei de Diretrizes e Bases &#8211; a Preven\u00e7\u00e3o de Viol\u00eancia e a Cultura de Paz como aspectos fundamentais nas escolas brasileiras.\n<p><\/span><\/li>\n<li style=\"text-align: center\">\u00a0Juizado de Viol\u00eancia Contra a Mulher e Anexos em Ponta Grossa, no projeto &#8220;Papo de Homem&#8221;, tamb\u00e9m com a participa\u00e7\u00e3o da Equipe do Oper\u00e1rio Ferrovi\u00e1rio Esporte Clube, na reflex\u00e3o sobre viol\u00eancias contra a mulher.<\/li>\n<li style=\"text-align: center\">O NEP\/UEPG colabora academicamente com algumas a\u00e7\u00f5es das seguintes IES: Universidade Tecnol\u00f3gica Federal do Paran\u00e1 (UTFPR &#8211; Campus Ponta Grossa), Universidade Federal dos Pampa (UNIPAMPA, RS), Faculdades do Centro do Paran\u00e1 (UCP &#8211; Pitanga, Paran\u00e1), Faculdades de Tel\u00eamaco Borba (FATEB, Paran\u00e1). Tamb\u00e9m existem parcerias junto a: Connselho Municipal de Cultura de Paz de Londrina (Paran\u00e1) e Conselho Municipal de Cultura da Paz de S\u00e3o Jos\u00e9 dos Campos (SP).<\/li>\n<\/ul>\n<p style=\"text-align: center\">\n","protected":false},"excerpt":{"rendered":"<p>PARCERIAS 2024 O N\u00facleo de Educa\u00e7\u00e3o para a Paz (NEP\/UEPG) atua em parceria com diferentes institui\u00e7\u00f5es que (efetivamente) estejam organizando e estruturando propostas relacionadas com a Educa\u00e7\u00e3o para a Paz. No ano de 2024 NEP\/UEPG colabora com: F\u00f3rum das Universidades pela Paz (FOUP): movimento de Institui\u00e7\u00f5es de Ensino Superior do Brasil, da Am\u00e9rica Latina e&nbsp;&hellip;<\/p>\n","protected":false},"author":24,"featured_media":0,"parent":0,"menu_order":0,"comment_status":"closed","ping_status":"closed","template":"","meta":[],"_links":{"self":[{"href":"https:\/\/www2.uepg.br\/nep\/wp-json\/wp\/v2\/pages\/51"}],"collection":[{"href":"https:\/\/www2.uepg.br\/nep\/wp-json\/wp\/v2\/pages"}],"about":[{"href":"https:\/\/www2.uepg.br\/nep\/wp-json\/wp\/v2\/types\/page"}],"author":[{"embeddable":true,"href":"https:\/\/www2.uepg.br\/nep\/wp-json\/wp\/v2\/users\/24"}],"replies":[{"embeddable":true,"href":"https:\/\/www2.uepg.br\/nep\/wp-json\/wp\/v2\/comments?post=51"}],"version-history":[{"count":9,"href":"https:\/\/www2.uepg.br\/nep\/wp-json\/wp\/v2\/pages\/51\/revisions"}],"predecessor-version":[{"id":382,"href":"https:\/\/www2.uepg.br\/nep\/wp-json\/wp\/v2\/pages\/51\/revisions\/382"}],"wp:attachment":[{"href":"https:\/\/www2.uepg.br\/nep\/wp-json\/wp\/v2\/media?parent=51"}],"curies":[{"name":"wp","href":"https:\/\/api.w.org\/{rel}","templated":true}]}}