{"id":4,"date":"2018-08-20T14:44:48","date_gmt":"2018-08-20T14:44:48","guid":{"rendered":"http:\/\/www2.uepg.br\/nerepp\/?page_id=4"},"modified":"2018-09-20T18:01:01","modified_gmt":"2018-09-20T18:01:01","slug":"home","status":"publish","type":"page","link":"https:\/\/www2.uepg.br\/nerepp\/","title":{"rendered":"SOBRE N\u00d3S"},"content":{"rendered":"<p style=\"text-align: justify\">O N\u00facleo de Economia Regional e Pol\u00edticas P\u00fablicas (NEREPP) \u00e9 formado por pesquisadores ligados ao Departamento de Economia e Programa P\u00f3s-gradua\u00e7\u00e3o em Economia da Universidade Estadual de Ponta Grossa. O principal objetivo do NEREPP \u00e9 desenvolver pesquisas quantitativas de car\u00e1ter regional, abrangendo temas diversos. Dentre os principais enfoques, tem-se: calcular o \u00edndice de infla\u00e7\u00e3o da cesta b\u00e1sica de Ponta Grossa; avaliar a inser\u00e7\u00e3o das regi\u00f5es no com\u00e9rcio internacional; o desenvolvimento rural e as pol\u00edticas agr\u00edcolas; a estrutura industrial; ou os aspectos sociais. Tais temas ser\u00e3o analisados por meio de constru\u00e7\u00e3o de indicadores regionais e estimativas econom\u00e9tricas, sobretudo, via econometria espacial.<\/p>\n<p style=\"text-align: justify\">Endere\u00e7o: Coronel Bittencourt, 625 &#8211; Centro &#8211; Edif\u00edcio Imperador &#8211; Ponta Grossa (PR)<\/p>\n<p style=\"text-align: justify\">E-mail: nerepp@uepg.br<\/p>\n<p>&nbsp;<\/p>\n","protected":false},"excerpt":{"rendered":"<p>O N\u00facleo de Economia Regional e Pol\u00edticas P\u00fablicas (NEREPP) \u00e9 formado por pesquisadores ligados ao Departamento de Economia e Programa P\u00f3s-gradua\u00e7\u00e3o em Economia da Universidade Estadual de Ponta Grossa. O principal objetivo do NEREPP \u00e9 desenvolver pesquisas quantitativas de car\u00e1ter regional, abrangendo temas diversos. Dentre os principais enfoques, tem-se: calcular o \u00edndice de infla\u00e7\u00e3o da&nbsp;&hellip;<\/p>\n","protected":false},"author":2,"featured_media":0,"parent":0,"menu_order":0,"comment_status":"closed","ping_status":"closed","template":"","meta":[],"_links":{"self":[{"href":"https:\/\/www2.uepg.br\/nerepp\/wp-json\/wp\/v2\/pages\/4"}],"collection":[{"href":"https:\/\/www2.uepg.br\/nerepp\/wp-json\/wp\/v2\/pages"}],"about":[{"href":"https:\/\/www2.uepg.br\/nerepp\/wp-json\/wp\/v2\/types\/page"}],"author":[{"embeddable":true,"href":"https:\/\/www2.uepg.br\/nerepp\/wp-json\/wp\/v2\/users\/2"}],"replies":[{"embeddable":true,"href":"https:\/\/www2.uepg.br\/nerepp\/wp-json\/wp\/v2\/comments?post=4"}],"version-history":[{"count":8,"href":"https:\/\/www2.uepg.br\/nerepp\/wp-json\/wp\/v2\/pages\/4\/revisions"}],"predecessor-version":[{"id":85,"href":"https:\/\/www2.uepg.br\/nerepp\/wp-json\/wp\/v2\/pages\/4\/revisions\/85"}],"wp:attachment":[{"href":"https:\/\/www2.uepg.br\/nerepp\/wp-json\/wp\/v2\/media?parent=4"}],"curies":[{"name":"wp","href":"https:\/\/api.w.org\/{rel}","templated":true}]}}