{"id":6,"date":"2018-08-20T14:45:04","date_gmt":"2018-08-20T14:45:04","guid":{"rendered":"http:\/\/www2.uepg.br\/nerepp\/?page_id=6"},"modified":"2018-09-20T19:48:25","modified_gmt":"2018-09-20T19:48:25","slug":"equipe","status":"publish","type":"page","link":"https:\/\/www2.uepg.br\/nerepp\/equipe\/","title":{"rendered":"EQUIPE"},"content":{"rendered":"<h4><strong>AUGUSTA PELINSKI RAIHER<\/strong><\/h4>\n<p style=\"text-align: justify\">Doutora em Economia pela Universidade Federal do Rio Grande do Sul (2010), Mestre em Desenvolvimento Regional e Agroneg\u00f3cio pela Universidade Estadual do Oeste do Paran\u00e1 (2007) e Graduada em Ci\u00eancias Econ\u00f4micas pela Universidade Estadual de Ponta Grossa (2003). Atualmente \u00e9 professora do Programa de P\u00f3s-Gradua\u00e7\u00e3o em Economia, do Programa de P\u00f3s Gradua\u00e7\u00e3o em Ci\u00eancias Sociais e do curso de Economia na Universidade Estadual de Ponta Grossa. Bolsista de Produtividade em Pesquisa do CNPq, pesquisadora da Funda\u00e7\u00e3o Arauc\u00e1ria, do N\u00facleo de economia regional e pol\u00edticas p\u00fablicas &#8211; Nerepp e do NDR-UNIOESTE. Ganhou diversos pr\u00eamios ao desenvolver trabalhos\/artigos na \u00e1rea de desenvolvimento regional. Suas pesquisas abrangem as \u00e1reas: desenvolvimento regional, desenvolvimento agr\u00edcola, desenvolvimento econ\u00f4mico, e desenvolvimento social.<\/p>\n<p>Curr\u00edculo lattes: <a href=\"http:\/\/lattes.cnpq.br\/2807884379340559\">http:\/\/lattes.cnpq.br\/2807884379340559<\/a><\/p>\n<p>Contato: apelinski@gmail.com<\/p>\n<h4><strong>ALEX SANDER SOUZA DO CARMO<\/strong><\/h4>\n<p style=\"text-align: justify\">Possui mestrado e doutorado em Desenvolvimento Econ\u00f4mico na Universidade Federal do Paran\u00e1 (UFPR). Atualmente, \u00e9 professor adjunto do Departamento de Economia e do Programa de P\u00f3s-Gradua\u00e7\u00e3o em Economia da Universidade Estadual de Ponta Grossa (UEPG). As pesquisas desenvolvidas abrangem os seguintes temas: com\u00e9rcio internacional; desenvolvimento econ\u00f4mico e pol\u00edticas sociais. \u00c9 pesquisador do N\u00facleo de Economia Regional e Pol\u00edticas P\u00fablicas (NEREPP) e do N\u00facleo de Economia Internacional e Desenvolvimento Econ\u00f4mico.<\/p>\n<p>Curriculo lattes: <a href=\"https:\/\/wwws.cnpq.br\/cvlattesweb\/PKG_MENU.menu?f_cod=427D58139ECBE9ED582CB85A8A40B9F6\">http:\/\/lattes.cnpq.br\/5354078737715477<\/a><\/p>\n<p>Contato: acarmo@uepg.br<\/p>\n<h4><strong>ALYSSON LUIZ STEGE<\/strong><\/h4>\n<p style=\"text-align: justify\">Possui gradua\u00e7\u00e3o em Ci\u00eancias Econ\u00f4micas pela Universidade Estadual de Ponta Grossa (UEPG), mestrado em Economia pela Universidade Estadual de Maring\u00e1 (UEM) e doutorado em Economia Aplicada pela Escola Superior de Agricultura Luiz de Queiroz (ESALQ) da Universidade de S\u00e3o Paulo (USP). Atualmente \u00e9 professor do Programa de P\u00f3s-Gradua\u00e7\u00e3o em Economia da Universidade Estadual de Ponta Grossa (UEPG). Tem experi\u00eancia na \u00e1rea de Economia, com \u00eanfase em Economia Regional e Economia Agr\u00edcola.<\/p>\n<p>Curr\u00edculo lattes: \u00a0<a href=\"http:\/\/lattes.cnpq.br\/1614751196185869\">http:\/\/lattes.cnpq.br\/1614751196185869<\/a><\/p>\n<p>Contato: alyssonstege@gmail.com<\/p>\n<h4><strong>ALEXANDRE ROBERTO LAGES<\/strong><\/h4>\n<p style=\"text-align: justify\">Possui gradua\u00e7\u00e3o em Bacharel Em Ci\u00eancias Econ\u00f4micas pela Universidade Estadual de Ponta Grossa (1992), especializa\u00e7\u00e3o em Administra\u00e7\u00e3o P\u00fablica (UEPG\/UFPR) (1998) e mestrado em Economia Industrial pela Universidade Federal de Santa Catarina (2002). Atualmente \u00e9 economista da Universidade Estadual de Ponta Grossa, Professor de Economia das Faculdades Ponta Grossa e Professor Formador do EAD &#8211; UEPG, atuando principalmente nos seguintes temas: estrat\u00e9gias, supermercados e competi\u00e7\u00e3o.<\/p>\n<p>Curr\u00edculo lattes: \u00a0<a href=\"http:\/\/lattes.cnpq.br\/3860297630414146\">http:\/\/lattes.cnpq.br\/3860297630414146<\/a><\/p>\n<p>Contato: alexlages@uol.com.br<\/p>\n","protected":false},"excerpt":{"rendered":"<p>AUGUSTA PELINSKI RAIHER Doutora em Economia pela Universidade Federal do Rio Grande do Sul (2010), Mestre em Desenvolvimento Regional e Agroneg\u00f3cio pela Universidade Estadual do Oeste do Paran\u00e1 (2007) e Graduada em Ci\u00eancias Econ\u00f4micas pela Universidade Estadual de Ponta Grossa (2003). Atualmente \u00e9 professora do Programa de P\u00f3s-Gradua\u00e7\u00e3o em Economia, do Programa de P\u00f3s Gradua\u00e7\u00e3o&nbsp;&hellip;<\/p>\n","protected":false},"author":2,"featured_media":0,"parent":0,"menu_order":0,"comment_status":"closed","ping_status":"closed","template":"","meta":[],"_links":{"self":[{"href":"https:\/\/www2.uepg.br\/nerepp\/wp-json\/wp\/v2\/pages\/6"}],"collection":[{"href":"https:\/\/www2.uepg.br\/nerepp\/wp-json\/wp\/v2\/pages"}],"about":[{"href":"https:\/\/www2.uepg.br\/nerepp\/wp-json\/wp\/v2\/types\/page"}],"author":[{"embeddable":true,"href":"https:\/\/www2.uepg.br\/nerepp\/wp-json\/wp\/v2\/users\/2"}],"replies":[{"embeddable":true,"href":"https:\/\/www2.uepg.br\/nerepp\/wp-json\/wp\/v2\/comments?post=6"}],"version-history":[{"count":7,"href":"https:\/\/www2.uepg.br\/nerepp\/wp-json\/wp\/v2\/pages\/6\/revisions"}],"predecessor-version":[{"id":99,"href":"https:\/\/www2.uepg.br\/nerepp\/wp-json\/wp\/v2\/pages\/6\/revisions\/99"}],"wp:attachment":[{"href":"https:\/\/www2.uepg.br\/nerepp\/wp-json\/wp\/v2\/media?parent=6"}],"curies":[{"name":"wp","href":"https:\/\/api.w.org\/{rel}","templated":true}]}}