{"id":223,"date":"2021-03-11T19:04:21","date_gmt":"2021-03-11T22:04:21","guid":{"rendered":"https:\/\/www2.uepg.br\/nti\/?page_id=223"},"modified":"2022-09-12T08:18:49","modified_gmt":"2022-09-12T11:18:49","slug":"apresentacao","status":"publish","type":"page","link":"https:\/\/www2.uepg.br\/nti\/apresentacao\/","title":{"rendered":"Apresenta\u00e7\u00e3o"},"content":{"rendered":"<p><strong>Hist\u00f3rico<\/strong><\/p>\n<p><strong>\u00a0<\/strong>O Centro de Processamento de Dados &#8211; CPD da UEPG foi criado em 04 de junho de 1985 (reuni\u00e3o do Conselho Universit\u00e1rio da Universidade Estadual de Ponta Grossa no dia 03 de junho de 1985 e sancionada pelo Reitor a Resolu\u00e7\u00e3o C.A. N\u00b0 021 de 04 de junho de 1985) como unidade administrativa integrante da Pr\u00f3-Reitoria de Assuntos Administrativos.<\/p>\n<p>Em 07 de abril de 1993 homologou-se o Regimento do Centro de Processamento de Dados da UEPG como \u00d3rg\u00e3o Suplementar subordinado \u00e0 Reitoria e supervisionado pela Pr\u00f3-Reitoria de Assuntos Administrativos (reuni\u00e3o do Conselho Universit\u00e1rio da Universidade Estadual de Ponta Grossa no dia 05 de abril de 1993 e sancionada pelo Reitor a Resolu\u00e7\u00e3o C.A. N\u00b0 06 de 07 de abril de 1993).<\/p>\n<p>A resolu\u00e7\u00e3o UNIV 40\/2014 de 27 de Novembro de 2014 reestruturou o organograma da UEPG e, por consequ\u00eancia, do CPD. Nesta resolu\u00e7\u00e3o a nomenclatura foi alterada para N\u00facleo de Tecnologia da Informa\u00e7\u00e3o &#8211; NTI e, com isso, o Art 5\u00ba, inciso VI do Regimento Geral da UEPG define o NTI como \u00f3rg\u00e3o suplementar em substitui\u00e7\u00e3o ao CPD.<\/p>\n<p>Em 05 de Agosto de 2021 foi aprovado o <a href=\"https:\/\/www2.uepg.br\/nti\/regimento-nti\/\">regimento interno do NTI<\/a>, que atribui ao \u00f3rg\u00e3o a responsabilidade de dire\u00e7\u00e3o, planejamento, desenvolvimento, execu\u00e7\u00e3o, suporte e monitoramento das atividades relacionadas \u00e0 Tecnologia da Informa\u00e7\u00e3o no \u00e2mbito da UEPG.<\/p>\n<p>&nbsp;<\/p>\n<p><strong>Diretores<\/strong><\/p>\n<ul>\n<li>Leila Issa Rickli<br \/>\n04\/06\/1985 a 24\/03\/1992<\/li>\n<li>\u00c1lvaro Benedito Di Piero<br \/>\n25\/03\/1992 a 03\/09\/2002<\/li>\n<li>Carlos Alberto Volpi<br \/>\n03\/09\/2002 a 04\/03\/2013<\/li>\n<li>Dierone Cesar Foltran Junior<br \/>\n05\/03\/2013 a 31\/08\/2018<\/li>\n<li>Luiz Gustavo Barros<br \/>\n01\/09\/2018 &#8211; presente<\/li>\n<\/ul>\n","protected":false},"excerpt":{"rendered":"<p>Hist\u00f3rico \u00a0O Centro de Processamento de Dados &#8211; CPD da UEPG foi criado em 04 de junho de 1985 (reuni\u00e3o do Conselho Universit\u00e1rio da Universidade Estadual de Ponta Grossa no dia 03 de junho de 1985 e sancionada pelo Reitor a Resolu\u00e7\u00e3o C.A. N\u00b0 021 de 04 de junho de 1985) como unidade administrativa integrante&nbsp;&hellip;<\/p>\n","protected":false},"author":204,"featured_media":0,"parent":0,"menu_order":0,"comment_status":"closed","ping_status":"closed","template":"","meta":[],"_links":{"self":[{"href":"https:\/\/www2.uepg.br\/nti\/wp-json\/wp\/v2\/pages\/223"}],"collection":[{"href":"https:\/\/www2.uepg.br\/nti\/wp-json\/wp\/v2\/pages"}],"about":[{"href":"https:\/\/www2.uepg.br\/nti\/wp-json\/wp\/v2\/types\/page"}],"author":[{"embeddable":true,"href":"https:\/\/www2.uepg.br\/nti\/wp-json\/wp\/v2\/users\/204"}],"replies":[{"embeddable":true,"href":"https:\/\/www2.uepg.br\/nti\/wp-json\/wp\/v2\/comments?post=223"}],"version-history":[{"count":6,"href":"https:\/\/www2.uepg.br\/nti\/wp-json\/wp\/v2\/pages\/223\/revisions"}],"predecessor-version":[{"id":523,"href":"https:\/\/www2.uepg.br\/nti\/wp-json\/wp\/v2\/pages\/223\/revisions\/523"}],"wp:attachment":[{"href":"https:\/\/www2.uepg.br\/nti\/wp-json\/wp\/v2\/media?parent=223"}],"curies":[{"name":"wp","href":"https:\/\/api.w.org\/{rel}","templated":true}]}}