{"id":229,"date":"2021-03-11T19:05:35","date_gmt":"2021-03-11T22:05:35","guid":{"rendered":"https:\/\/www2.uepg.br\/nti\/?page_id=229"},"modified":"2021-03-12T13:51:54","modified_gmt":"2021-03-12T16:51:54","slug":"estagio-e-residencia","status":"publish","type":"page","link":"https:\/\/www2.uepg.br\/nti\/estagio-e-residencia\/","title":{"rendered":"Est\u00e1gio e Resid\u00eancia T\u00e9cnica"},"content":{"rendered":"<p style=\"text-align: center;\">Em breve mais informa\u00e7\u00f5es.<\/p>\n","protected":false},"excerpt":{"rendered":"<p>Em breve mais informa\u00e7\u00f5es.<\/p>\n","protected":false},"author":204,"featured_media":0,"parent":0,"menu_order":0,"comment_status":"closed","ping_status":"closed","template":"","meta":[],"_links":{"self":[{"href":"https:\/\/www2.uepg.br\/nti\/wp-json\/wp\/v2\/pages\/229"}],"collection":[{"href":"https:\/\/www2.uepg.br\/nti\/wp-json\/wp\/v2\/pages"}],"about":[{"href":"https:\/\/www2.uepg.br\/nti\/wp-json\/wp\/v2\/types\/page"}],"author":[{"embeddable":true,"href":"https:\/\/www2.uepg.br\/nti\/wp-json\/wp\/v2\/users\/204"}],"replies":[{"embeddable":true,"href":"https:\/\/www2.uepg.br\/nti\/wp-json\/wp\/v2\/comments?post=229"}],"version-history":[{"count":2,"href":"https:\/\/www2.uepg.br\/nti\/wp-json\/wp\/v2\/pages\/229\/revisions"}],"predecessor-version":[{"id":317,"href":"https:\/\/www2.uepg.br\/nti\/wp-json\/wp\/v2\/pages\/229\/revisions\/317"}],"wp:attachment":[{"href":"https:\/\/www2.uepg.br\/nti\/wp-json\/wp\/v2\/media?parent=229"}],"curies":[{"name":"wp","href":"https:\/\/api.w.org\/{rel}","templated":true}]}}