{"id":235,"date":"2021-03-11T19:07:00","date_gmt":"2021-03-11T22:07:00","guid":{"rendered":"https:\/\/www2.uepg.br\/nti\/?page_id=235"},"modified":"2022-04-26T08:32:47","modified_gmt":"2022-04-26T11:32:47","slug":"apresentacoes-tecnicas","status":"publish","type":"page","link":"https:\/\/www2.uepg.br\/nti\/apresentacoes-tecnicas\/","title":{"rendered":"Apresenta\u00e7\u00f5es T\u00e9cnicas"},"content":{"rendered":"<p><strong>2022<\/strong><\/p>\n<p>07\/04\/2022<br \/>\nApresenta\u00e7\u00e3o: <a href=\"http:\/\/www2.uepg.br\/nti\/wp-content\/uploads\/sites\/5\/2022\/04\/2022-audit-open.pdf\">Consulta Reitoria 2022 &#8211; Auditoria do Sistema<\/a><br \/>\nEvento: Auditoria do sistema &#8220;Elei\u00e7\u00f5es UEPG&#8221; junto as chapas dos candidatos a Reitor<\/p>\n<p>&nbsp;<\/p>\n<p><strong>2021<\/strong><\/p>\n<p>14\/12\/2021<br \/>\nApresenta\u00e7\u00e3o: <a href=\"https:\/\/www2.uepg.br\/nti\/workshop-ti-uepg-004-atualizacoes-da-infra\/\">Atualiza\u00e7\u00f5es da Infra<\/a><br \/>\nEvento: Workshop TI UEPG<\/p>\n<p>26\/10\/2021<br \/>\nApresenta\u00e7\u00e3o: <a href=\"https:\/\/www2.uepg.br\/nti\/workshop-ti-uepg-003-sgi-sistema-de-gestao-de-identidades\/\">SGI \u2013 Sistema de Gest\u00e3o de Identidades<\/a><br \/>\nEvento: Workshop TI UEPG<\/p>\n<p>14\/09\/2021<br \/>\nApresenta\u00e7\u00e3o: <a href=\"https:\/\/www2.uepg.br\/nti\/workshop-ti-uepg-002-autenticacao-ieee-802-1x\/\">Autentica\u00e7\u00e3o IEEE 802.1x<\/a><br \/>\nEvento: Workshop TI UEPG<\/p>\n<p>03\/08\/2021<br \/>\nApresenta\u00e7\u00e3o: <a href=\"https:\/\/www2.uepg.br\/nti\/workshop-ti-uepg-001-plataforma-cloudapps-uepg\/\">Plataforma CloudApps UEPG<\/a><br \/>\nEvento: Workshop TI UEPG<\/p>\n<p>14\/06\/2021<br \/>\nApresenta\u00e7\u00e3o: <a href=\"http:\/\/www2.uepg.br\/nti\/wp-content\/uploads\/sites\/5\/2022\/04\/2021-06-14-apres-nti.pdf\">Conversa com o NTI e Prograd: Sistemas que fazem parte da sua vida acad\u00eamica<\/a><br \/>\nEvento: Acolhida Calouros UEPG 2021<br \/>\nV\u00eddeo: <a href=\"https:\/\/www.facebook.com\/watch\/?v=384027396373218\" target=\"_blank\" rel=\"noopener\">https:\/\/www.facebook.com\/watch\/?v=384027396373218<\/a><\/p>\n<p>31\/03\/2021<br \/>\nApresenta\u00e7\u00e3o: <a href=\"http:\/\/www2.uepg.br\/nti\/wp-content\/uploads\/sites\/5\/2022\/04\/2021-03-31-apres-redecomep-mpls.pdf\">Implanta\u00e7\u00e3o do protocolo MPLS na REDECOMEP de Ponta Grossa<\/a><br \/>\nEvento: II Caf\u00e9 com o PoP-PR &#8211; 2021 &#8211; Remoto<\/p>\n<p>&nbsp;<\/p>\n<p><strong>2020<\/strong><\/p>\n<p>07\/10\/2020<br \/>\nApresenta\u00e7\u00e3o: <a href=\"http:\/\/www2.uepg.br\/nti\/wp-content\/uploads\/sites\/5\/2022\/04\/2020-blackhole-rpki-ixp-v2.pdf\" target=\"_blank\" rel=\"noopener\">Blackhole strategies with RPKI on Internet Exchanges<\/a><br \/>\nEvento: LACNIC34\/LACNOG 2020 &#8211; Remoto<br \/>\nV\u00eddeo: <a href=\"https:\/\/youtu.be\/fATzwJiPNSg\" target=\"_blank\" rel=\"noopener\">https:\/\/youtu.be\/fATzwJiPNSg<\/a><\/p>\n<p>06\/08\/2020<br \/>\nApresenta\u00e7\u00e3o: <a href=\"http:\/\/www2.uepg.br\/nti\/wp-content\/uploads\/sites\/5\/2022\/04\/2020-RNP_WTR-PR_2020_roteamento_seguro_gustavo.pdf\" target=\"_blank\" rel=\"noopener\">Boas\u00a0pr\u00e1ticas\u00a0de\u00a0roteamento\u00a0seguro\u200b: An\u00e1lise\u00a0dos\u00a0sistemas\u00a0aut\u00f4nomos\u00a0\u200bacad\u00eamicos\u00a0do\u00a0sul\u00a0do\u00a0Brasil\u200b<\/a><br \/>\nEvento: 4\u00ba Workshop de Tecnologias de Redes &#8211; 2020 &#8211; PoP-PR &#8211; Remoto<br \/>\nV\u00eddeo: <a href=\"https:\/\/eduplay.rnp.br\/portal\/video\/80945\" target=\"_blank\" rel=\"noopener\">https:\/\/eduplay.rnp.br\/portal\/video\/80945<\/a><\/p>\n<p>06\/08\/2020<br \/>\nApresenta\u00e7\u00e3o: <a href=\"http:\/\/www2.uepg.br\/nti\/wp-content\/uploads\/sites\/5\/2022\/04\/2020-08-redecomep-pg.pdf\">Mesa redonda REDECOMEP: Apresenta\u00e7\u00e3o da REDECOMEP de Ponta Grossa<\/a><br \/>\nEvento: 4\u00ba Workshop de Tecnologias de Redes &#8211; 2020 &#8211; PoP-PR &#8211; Remoto<br \/>\nV\u00eddeo: <a href=\"https:\/\/eduplay.rnp.br\/portal\/video\/80945\" target=\"_blank\" rel=\"noopener\">https:\/\/eduplay.rnp.br\/portal\/video\/80945<\/a><\/p>\n<p>&nbsp;<\/p>\n<p><strong>2019<\/strong><\/p>\n<p>30\/05\/2019<br \/>\nApresenta\u00e7\u00e3o: <a href=\"http:\/\/www2.uepg.br\/nti\/wp-content\/uploads\/sites\/5\/2022\/04\/2019-oobm-uepg-luiz-gustavo.pdf\" target=\"_blank\" rel=\"noopener\">Rede Out of Band para gerenciamento de ativos de rede<\/a><br \/>\nEvento: 3\u00ba Workshop de Tecnologias de Redes &#8211; 2019 &#8211; PoP-PR &#8211; Curitiba\/PR<\/p>\n<p>30\/05\/2019<br \/>\nApresenta\u00e7\u00e3o: <a href=\"http:\/\/www2.uepg.br\/nti\/wp-content\/uploads\/sites\/5\/2022\/04\/2019-suporte-uepg-rafael.pdf\">Frontend para abertura de chamados de suporte no OTRS<\/a><br \/>\nEvento: 3\u00ba Workshop de Tecnologias de Redes &#8211; 2019 &#8211; PoP-PR &#8211; Curitiba\/PR<\/p>\n<p>&nbsp;<\/p>\n<p><strong>2016<\/strong><\/p>\n<p>17\/06\/2016<br \/>\nApresenta\u00e7\u00e3o: <a href=\"http:\/\/www2.uepg.br\/nti\/wp-content\/uploads\/sites\/5\/2022\/04\/Rede-de-Campus-uepg.pdf\" target=\"_blank\" rel=\"noopener\">Rede de Campus &#8211; UEPG<\/a><\/p>\n<p>&nbsp;<\/p>\n<p><strong>2015<\/strong><\/p>\n<p>18\/09\/2015<br \/>\nApresenta\u00e7\u00e3o: <a href=\"http:\/\/www2.uepg.br\/nti\/wp-content\/uploads\/sites\/5\/2022\/04\/load-balancer-bgp-anycast_v3.pdf\" target=\"_blank\" rel=\"noopener\">DNS Anycast com ExaBGP<\/a><br \/>\nEvento: 2\u00ba Workshop de Tecnologias de Redes &#8211; 2015 &#8211; POP-PR &#8211; Curitiba\/PR<\/p>\n<p>&nbsp;<\/p>\n<p><strong>2014<\/strong><\/p>\n<p>08\/10\/2014<br \/>\nApresenta\u00e7\u00e3o: <a href=\"http:\/\/www2.uepg.br\/nti\/wp-content\/uploads\/sites\/5\/2022\/04\/2014-UEPG-painel-campus.pdf\" target=\"_blank\" rel=\"noopener\">Painel: Rede de Campus &#8211; UEPG<\/a><br \/>\nEvento: 1\u00ba Workshop de Tecnologias de Redes &#8211; 2014 &#8211; POP-PR &#8211; Curitiba\/PR<\/p>\n<p>08\/10\/2014<br \/>\nApresenta\u00e7\u00e3o: <a href=\"http:\/\/www2.uepg.br\/nti\/wp-content\/uploads\/sites\/5\/2022\/04\/2014-UEPG-painel-AS.pdf\" target=\"_blank\" rel=\"noopener\">Painel: Sistemas Aut\u00f4nomos &#8211; UEPG<\/a><br \/>\nEvento: 1\u00ba Workshop de Tecnologias de Redes &#8211; 2014 &#8211; POP-PR &#8211; Curitiba\/PR<\/p>\n<p>&nbsp;<\/p>\n","protected":false},"excerpt":{"rendered":"<p>2022 07\/04\/2022 Apresenta\u00e7\u00e3o: Consulta Reitoria 2022 &#8211; Auditoria do Sistema Evento: Auditoria do sistema &#8220;Elei\u00e7\u00f5es UEPG&#8221; junto as chapas dos candidatos a Reitor &nbsp; 2021 14\/12\/2021 Apresenta\u00e7\u00e3o: Atualiza\u00e7\u00f5es da Infra Evento: Workshop TI UEPG 26\/10\/2021 Apresenta\u00e7\u00e3o: SGI \u2013 Sistema de Gest\u00e3o de Identidades Evento: Workshop TI UEPG 14\/09\/2021 Apresenta\u00e7\u00e3o: Autentica\u00e7\u00e3o IEEE 802.1x Evento: Workshop TI&nbsp;&hellip;<\/p>\n","protected":false},"author":204,"featured_media":0,"parent":0,"menu_order":0,"comment_status":"closed","ping_status":"closed","template":"","meta":[],"_links":{"self":[{"href":"https:\/\/www2.uepg.br\/nti\/wp-json\/wp\/v2\/pages\/235"}],"collection":[{"href":"https:\/\/www2.uepg.br\/nti\/wp-json\/wp\/v2\/pages"}],"about":[{"href":"https:\/\/www2.uepg.br\/nti\/wp-json\/wp\/v2\/types\/page"}],"author":[{"embeddable":true,"href":"https:\/\/www2.uepg.br\/nti\/wp-json\/wp\/v2\/users\/204"}],"replies":[{"embeddable":true,"href":"https:\/\/www2.uepg.br\/nti\/wp-json\/wp\/v2\/comments?post=235"}],"version-history":[{"count":12,"href":"https:\/\/www2.uepg.br\/nti\/wp-json\/wp\/v2\/pages\/235\/revisions"}],"predecessor-version":[{"id":517,"href":"https:\/\/www2.uepg.br\/nti\/wp-json\/wp\/v2\/pages\/235\/revisions\/517"}],"wp:attachment":[{"href":"https:\/\/www2.uepg.br\/nti\/wp-json\/wp\/v2\/media?parent=235"}],"curies":[{"name":"wp","href":"https:\/\/api.w.org\/{rel}","templated":true}]}}