{"id":239,"date":"2021-03-11T19:07:44","date_gmt":"2021-03-11T22:07:44","guid":{"rendered":"https:\/\/www2.uepg.br\/nti\/?page_id=239"},"modified":"2022-04-21T05:54:48","modified_gmt":"2022-04-21T08:54:48","slug":"atendimento","status":"publish","type":"page","link":"https:\/\/www2.uepg.br\/nti\/atendimento\/","title":{"rendered":"Atendimento"},"content":{"rendered":"<p>Solicita\u00e7\u00f5es de servi\u00e7os ao NTI devem ser feitas atrav\u00e9s de chamado no sistema de Suporte, atrav\u00e9s do endere\u00e7o ou pelo email, confirme abaixo:<\/p>\n<ul>\n<li>Sistema de suporte: <a href=\"https:\/\/suporte.uepg.br\" target=\"_blank\" rel=\"noopener\">https:\/\/suporte.uepg.br<\/a><\/li>\n<li>Email: <a href=\"mailto:suporte@uepg.br\">suporte@uepg.br<\/a><\/li>\n<\/ul>\n<p>O regime de atendimento regular do NTI compreende dias \u00fateis das 8h as 17h.<\/p>\n<p>Instru\u00e7\u00f5es, manuais e orienta\u00e7\u00f5es podem ser encontradas na <a href=\"https:\/\/suporte.uepg.br\/otrs\/public.pl\">Base de Conhecimento (FAQ) do NTI.<\/a><\/p>\n<p>OBS: Solicita\u00e7\u00f5es de cunho administrativo devem ser feitas via SEI e enviadas apra a unidade NTI.<\/p>\n","protected":false},"excerpt":{"rendered":"<p>Solicita\u00e7\u00f5es de servi\u00e7os ao NTI devem ser feitas atrav\u00e9s de chamado no sistema de Suporte, atrav\u00e9s do endere\u00e7o ou pelo email, confirme abaixo: Sistema de suporte: https:\/\/suporte.uepg.br Email: suporte@uepg.br O regime de atendimento regular do NTI compreende dias \u00fateis das 8h as 17h. Instru\u00e7\u00f5es, manuais e orienta\u00e7\u00f5es podem ser encontradas na Base de Conhecimento (FAQ)&nbsp;&hellip;<\/p>\n","protected":false},"author":204,"featured_media":0,"parent":0,"menu_order":0,"comment_status":"closed","ping_status":"closed","template":"","meta":[],"_links":{"self":[{"href":"https:\/\/www2.uepg.br\/nti\/wp-json\/wp\/v2\/pages\/239"}],"collection":[{"href":"https:\/\/www2.uepg.br\/nti\/wp-json\/wp\/v2\/pages"}],"about":[{"href":"https:\/\/www2.uepg.br\/nti\/wp-json\/wp\/v2\/types\/page"}],"author":[{"embeddable":true,"href":"https:\/\/www2.uepg.br\/nti\/wp-json\/wp\/v2\/users\/204"}],"replies":[{"embeddable":true,"href":"https:\/\/www2.uepg.br\/nti\/wp-json\/wp\/v2\/comments?post=239"}],"version-history":[{"count":13,"href":"https:\/\/www2.uepg.br\/nti\/wp-json\/wp\/v2\/pages\/239\/revisions"}],"predecessor-version":[{"id":498,"href":"https:\/\/www2.uepg.br\/nti\/wp-json\/wp\/v2\/pages\/239\/revisions\/498"}],"wp:attachment":[{"href":"https:\/\/www2.uepg.br\/nti\/wp-json\/wp\/v2\/media?parent=239"}],"curies":[{"name":"wp","href":"https:\/\/api.w.org\/{rel}","templated":true}]}}