{"id":241,"date":"2021-03-11T19:09:00","date_gmt":"2021-03-11T22:09:00","guid":{"rendered":"https:\/\/www2.uepg.br\/nti\/?page_id=241"},"modified":"2021-08-10T14:29:47","modified_gmt":"2021-08-10T17:29:47","slug":"cafe","status":"publish","type":"page","link":"https:\/\/www2.uepg.br\/nti\/cafe\/","title":{"rendered":"CAFe"},"content":{"rendered":"<div class=\"bs-docs-section\">\n<h1 class=\"page-header\">O que \u00e9 CAFe?<\/h1>\n<p>A Comunidade Acad\u00eamica Federada (CAFe) \u00e9 um servi\u00e7o de gest\u00e3o de identidade que re\u00fane institui\u00e7\u00f5es de ensino e pesquisa brasileiras, atrav\u00e9s da integra\u00e7\u00e3o de suas bases de dados. Isso significa que, atrav\u00e9s de uma conta \u00fanica (modelo single sign-on), o usu\u00e1rio pode acessar, de onde estiver, os servi\u00e7os de sua pr\u00f3pria institui\u00e7\u00e3o e os oferecidos pelas outras organiza\u00e7\u00f5es que participam da federa\u00e7\u00e3o. Essa autentica\u00e7\u00e3o elimina a necessidade de m\u00faltiplas senhas de acesso e processos de cadastramento, gerando uma rela\u00e7\u00e3o de confian\u00e7a. Servi\u00e7os de ensino a dist\u00e2ncia, acesso a publica\u00e7\u00f5es cient\u00edficas e atividades de colabora\u00e7\u00e3o est\u00e3o entre os maiores benefici\u00e1rios das infraestruturas oferecidas por federa\u00e7\u00f5es.<\/p>\n<\/div>\n<div class=\"bs-docs-section\">\n<h1 class=\"page-header\">Como Funciona?<\/h1>\n<p>Uma infraestrutura de autentica\u00e7\u00e3o e autoriza\u00e7\u00e3o federada \u00e9 constitu\u00edda por dois elementos principais:<br \/>\n&#8211; provedores de identidade: respons\u00e1veis pela manuten\u00e7\u00e3o das informa\u00e7\u00f5es sobre usu\u00e1rios e por sua autentica\u00e7\u00e3o;<br \/>\n&#8211; provedores de servi\u00e7o, que oferecem acesso a um recurso ou servi\u00e7o espec\u00edfico.<\/p>\n<p>A UEPG \u00e9 um provedor de identidade, pois mant\u00e9m os dados de seus usu\u00e1rios e os autentica nos provedores de servi\u00e7o.<\/p>\n<p>Ao acessar um determinado provedor de servi\u00e7o, o usu\u00e1rio \u00e9 redirecionado para uma p\u00e1gina que lhe apresenta uma lista de provedores de identidade. Ele escolhe, ent\u00e3o, sua institui\u00e7\u00e3o de origem e seu navegador \u00e9 redirecionado para o provedor de identidade dessa institui\u00e7\u00e3o. Ap\u00f3s autenticar o usu\u00e1rio, o provedor de identidade repassa o resultado dessa autentica\u00e7\u00e3o ao provedor de servi\u00e7o e cria uma sess\u00e3o de uso associada ao usu\u00e1rio, de forma que acessos a novos servi\u00e7os dentro de um determinado intervalo de tempo n\u00e3o gerem novas requisi\u00e7\u00f5es de autentica\u00e7\u00e3o.<\/p>\n<\/div>\n<div class=\"bs-docs-section\">\n<h1 class=\"page-header\">Como acessar?<\/h1>\n<p>Basta acessar o provedor de servi\u00e7o desejado, selecionar a UEPG na caixa de sele\u00e7\u00e3o, digitar seu usu\u00e1rio e senha na p\u00e1gina de login e obter o acesso atrav\u00e9s da autentica\u00e7\u00e3o via CAFe.<\/p>\n<p>O provedor de servi\u00e7o mais comum \u00e9 o Portal de Peri\u00f3dicos da CAPES.\u00a0<a href=\"http:\/\/wiki.uepg.br\/index.php\/Acesso_capes_cafe\" target=\"_blank\" rel=\"noopener\">Clique aqui para acessar o manual para acesso ao portal atrav\u00e9s da CAFe<\/a><\/p>\n<p>Nem todos os usu\u00e1rios da rede da UEPG tem o acesso a CAFe liberado. Para verificar seu acesso, entre no\u00a0<a href=\"https:\/\/sistemas.uepg.br\/sgi\" target=\"_blank\" rel=\"noopener\">Sistema de Gest\u00e3o de Identidade<\/a>\u00a0e clique no menu &#8220;usu\u00e1rio -&gt; verificar acesso CAFe&#8221;<br \/>\nCaso o acesso a CAFe n\u00e3o esteja habilitado, a ativa\u00e7\u00e3o de seu login para uso da CAFe s\u00f3 ser\u00e1 poss\u00edvel ap\u00f3s uma valida\u00e7\u00e3o de identidade. A valida\u00e7\u00e3o de identidade tem como objetivo comprovar o v\u00ednculo do usu\u00e1rio com a UEPG. A valida\u00e7\u00e3o de identidade pode ser feita no Centro de Processamento de Dados, Campus Uvaranas, das 8:00h \u00e0s 11:30h e das 14:00h \u00e0s 17:00h. O usu\u00e1rio deve estar munido de documento de identifica\u00e7\u00e3o e CPF. N\u00e3o ser\u00e1 poss\u00edvel a valida\u00e7\u00e3o do usu\u00e1rio sem informar o CPF.<\/p>\n<\/div>\n<div class=\"bs-docs-section\">\n<h1 class=\"page-header\">Links e refer\u00eancias<\/h1>\n<p><a href=\"https:\/\/www.rnp.br\/servicos\/alunos-e-professores\/identidade-e-seguranca\/cafe\">https:\/\/www.rnp.br\/servicos\/alunos-e-professores\/identidade-e-seguranca\/cafe<\/a><\/p>\n<\/div>\n","protected":false},"excerpt":{"rendered":"<p>O que \u00e9 CAFe? A Comunidade Acad\u00eamica Federada (CAFe) \u00e9 um servi\u00e7o de gest\u00e3o de identidade que re\u00fane institui\u00e7\u00f5es de ensino e pesquisa brasileiras, atrav\u00e9s da integra\u00e7\u00e3o de suas bases de dados. Isso significa que, atrav\u00e9s de uma conta \u00fanica (modelo single sign-on), o usu\u00e1rio pode acessar, de onde estiver, os servi\u00e7os de sua pr\u00f3pria&nbsp;&hellip;<\/p>\n","protected":false},"author":204,"featured_media":0,"parent":0,"menu_order":0,"comment_status":"closed","ping_status":"closed","template":"","meta":[],"_links":{"self":[{"href":"https:\/\/www2.uepg.br\/nti\/wp-json\/wp\/v2\/pages\/241"}],"collection":[{"href":"https:\/\/www2.uepg.br\/nti\/wp-json\/wp\/v2\/pages"}],"about":[{"href":"https:\/\/www2.uepg.br\/nti\/wp-json\/wp\/v2\/types\/page"}],"author":[{"embeddable":true,"href":"https:\/\/www2.uepg.br\/nti\/wp-json\/wp\/v2\/users\/204"}],"replies":[{"embeddable":true,"href":"https:\/\/www2.uepg.br\/nti\/wp-json\/wp\/v2\/comments?post=241"}],"version-history":[{"count":3,"href":"https:\/\/www2.uepg.br\/nti\/wp-json\/wp\/v2\/pages\/241\/revisions"}],"predecessor-version":[{"id":406,"href":"https:\/\/www2.uepg.br\/nti\/wp-json\/wp\/v2\/pages\/241\/revisions\/406"}],"wp:attachment":[{"href":"https:\/\/www2.uepg.br\/nti\/wp-json\/wp\/v2\/media?parent=241"}],"curies":[{"name":"wp","href":"https:\/\/api.w.org\/{rel}","templated":true}]}}