{"id":255,"date":"2021-03-11T19:11:17","date_gmt":"2021-03-11T22:11:17","guid":{"rendered":"https:\/\/www2.uepg.br\/nti\/?page_id=255"},"modified":"2022-04-23T11:56:11","modified_gmt":"2022-04-23T14:56:11","slug":"redecomep","status":"publish","type":"page","link":"https:\/\/www2.uepg.br\/nti\/redecomep\/","title":{"rendered":"REDECOMEP"},"content":{"rendered":"<p><strong>A Rede<\/strong><\/p>\n<p>A REDECOMEP de Ponta Grossa foi inaugurada em 16\/06\/2021 e possui 13 sites com 52 km de extens\u00e3o. O anel acad\u00eamico tem capacidade de 10 Gbps em todos os sites. Detalhes t\u00e9cnicos est\u00e3o dispon\u00edveis na p\u00e1gina de <a href=\"https:\/\/www2.uepg.br\/nti\/apresentacoes-tecnicas\/\">apresenta\u00e7\u00f5es t\u00e9cnicas<\/a>.<\/p>\n<p>&nbsp;<\/p>\n<p><strong>Desenho da Rede<\/strong><\/p>\n<p><img loading=\"lazy\" class=\"alignnone wp-image-494 size-full\" src=\"http:\/\/www2.uepg.br\/nti\/wp-content\/uploads\/sites\/5\/2022\/04\/PR-PontaGrossa.png\" alt=\"\" width=\"744\" height=\"801\" srcset=\"https:\/\/www2.uepg.br\/nti\/wp-content\/uploads\/sites\/5\/2022\/04\/PR-PontaGrossa.png 744w, https:\/\/www2.uepg.br\/nti\/wp-content\/uploads\/sites\/5\/2022\/04\/PR-PontaGrossa-279x300.png 279w\" sizes=\"(max-width: 744px) 100vw, 744px\" \/><\/p>\n<p>&nbsp;<\/p>\n<p><strong>V\u00eddeo Institucional<\/strong><\/p>\n<p style=\"text-align: center;\">\n<div class='embed-container'><iframe loading=\"lazy\" title=\"Redecomep de Ponta Grossa\" width=\"1778\" height=\"1000\" src=\"https:\/\/www.youtube.com\/embed\/16vENovvXNs?feature=oembed\" frameborder=\"0\" allow=\"accelerometer; autoplay; clipboard-write; encrypted-media; gyroscope; picture-in-picture\" allowfullscreen><\/iframe><\/div>\n<\/p>\n<p>&nbsp;<\/p>\n<p><strong>Mais informa\u00e7\u00f5es<\/strong><\/p>\n<div class='embed-container'>\n<blockquote class=\"wp-embedded-content\" data-secret=\"zk7XIAMFJo\"><p><a href=\"https:\/\/www.uepg.br\/inauguracao-redecomep\/\">Ponta Grossa \u00e9 a cidade escolhida para a 1\u00aa inaugura\u00e7\u00e3o do Programa Redes Comunit\u00e1rias de Educa\u00e7\u00e3o e Pesquisa (Redecomep) em 2021<\/a><\/p><\/blockquote>\n<p><iframe class=\"wp-embedded-content\" sandbox=\"allow-scripts\" security=\"restricted\" style=\"position: absolute; clip: rect(1px, 1px, 1px, 1px);\" title=\"&#8220;Ponta Grossa \u00e9 a cidade escolhida para a 1\u00aa inaugura\u00e7\u00e3o do Programa Redes Comunit\u00e1rias de Educa\u00e7\u00e3o e Pesquisa (Redecomep) em 2021&#8221; &#8212; Universidade Estadual de Ponta Grossa\" src=\"https:\/\/www.uepg.br\/inauguracao-redecomep\/embed\/#?secret=zk7XIAMFJo\" data-secret=\"zk7XIAMFJo\" width=\"600\" height=\"338\" frameborder=\"0\" marginwidth=\"0\" marginheight=\"0\" scrolling=\"no\"><\/iframe><\/div>\n<div class='embed-container'>\n<blockquote class=\"wp-embedded-content\" data-secret=\"FfiUPbEL0J\"><p><a href=\"https:\/\/www.uepg.br\/uepg-redecomep\/\">UEPG coordena Rede Comunit\u00e1ria de Educa\u00e7\u00e3o e Pesquisa na regi\u00e3o<\/a><\/p><\/blockquote>\n<p><iframe class=\"wp-embedded-content\" sandbox=\"allow-scripts\" security=\"restricted\" style=\"position: absolute; clip: rect(1px, 1px, 1px, 1px);\" title=\"&#8220;UEPG coordena Rede Comunit\u00e1ria de Educa\u00e7\u00e3o e Pesquisa na regi\u00e3o&#8221; &#8212; Universidade Estadual de Ponta Grossa\" src=\"https:\/\/www.uepg.br\/uepg-redecomep\/embed\/#?secret=FfiUPbEL0J\" data-secret=\"FfiUPbEL0J\" width=\"600\" height=\"338\" frameborder=\"0\" marginwidth=\"0\" marginheight=\"0\" scrolling=\"no\"><\/iframe><\/div>\n<p>&nbsp;<\/p>\n","protected":false},"excerpt":{"rendered":"<p>A Rede A REDECOMEP de Ponta Grossa foi inaugurada em 16\/06\/2021 e possui 13 sites com 52 km de extens\u00e3o. O anel acad\u00eamico tem capacidade de 10 Gbps em todos os sites. Detalhes t\u00e9cnicos est\u00e3o dispon\u00edveis na p\u00e1gina de apresenta\u00e7\u00f5es t\u00e9cnicas. &nbsp; Desenho da Rede &nbsp; V\u00eddeo Institucional &nbsp; Mais informa\u00e7\u00f5es Ponta Grossa \u00e9 a&nbsp;&hellip;<\/p>\n","protected":false},"author":204,"featured_media":0,"parent":0,"menu_order":0,"comment_status":"closed","ping_status":"closed","template":"","meta":[],"_links":{"self":[{"href":"https:\/\/www2.uepg.br\/nti\/wp-json\/wp\/v2\/pages\/255"}],"collection":[{"href":"https:\/\/www2.uepg.br\/nti\/wp-json\/wp\/v2\/pages"}],"about":[{"href":"https:\/\/www2.uepg.br\/nti\/wp-json\/wp\/v2\/types\/page"}],"author":[{"embeddable":true,"href":"https:\/\/www2.uepg.br\/nti\/wp-json\/wp\/v2\/users\/204"}],"replies":[{"embeddable":true,"href":"https:\/\/www2.uepg.br\/nti\/wp-json\/wp\/v2\/comments?post=255"}],"version-history":[{"count":6,"href":"https:\/\/www2.uepg.br\/nti\/wp-json\/wp\/v2\/pages\/255\/revisions"}],"predecessor-version":[{"id":513,"href":"https:\/\/www2.uepg.br\/nti\/wp-json\/wp\/v2\/pages\/255\/revisions\/513"}],"wp:attachment":[{"href":"https:\/\/www2.uepg.br\/nti\/wp-json\/wp\/v2\/media?parent=255"}],"curies":[{"name":"wp","href":"https:\/\/api.w.org\/{rel}","templated":true}]}}