{"id":266,"date":"2021-03-11T19:12:51","date_gmt":"2021-03-11T22:12:51","guid":{"rendered":"https:\/\/www2.uepg.br\/nti\/?page_id=266"},"modified":"2022-06-08T11:25:31","modified_gmt":"2022-06-08T14:25:31","slug":"regimento-nti","status":"publish","type":"page","link":"https:\/\/www2.uepg.br\/nti\/regimento-nti\/","title":{"rendered":"Regimento NTI"},"content":{"rendered":"<p><a href=\"https:\/\/sistemas.uepg.br\/producao\/reitoria\/documentos\/192021-08-0524.pdf\" target=\"_blank\" rel=\"noopener\">Resolu\u00e7\u00e3o UNIV N\u00b0 2021.9, de 05\/08\/2021<\/a><span style=\"color: #3a4e8d;\">\u00a0(Processo n\u00b0 21.000024766-9) &#8211; Aprova o Regimento Interno do N\u00facleo de Tecnologia da Informa\u00e7\u00e3o &#8211; NTI da UEPG.<\/span><\/p>\n","protected":false},"excerpt":{"rendered":"<p>Resolu\u00e7\u00e3o UNIV N\u00b0 2021.9, de 05\/08\/2021\u00a0(Processo n\u00b0 21.000024766-9) &#8211; Aprova o Regimento Interno do N\u00facleo de Tecnologia da Informa\u00e7\u00e3o &#8211; NTI da UEPG.<\/p>\n","protected":false},"author":204,"featured_media":0,"parent":0,"menu_order":0,"comment_status":"closed","ping_status":"closed","template":"","meta":[],"_links":{"self":[{"href":"https:\/\/www2.uepg.br\/nti\/wp-json\/wp\/v2\/pages\/266"}],"collection":[{"href":"https:\/\/www2.uepg.br\/nti\/wp-json\/wp\/v2\/pages"}],"about":[{"href":"https:\/\/www2.uepg.br\/nti\/wp-json\/wp\/v2\/types\/page"}],"author":[{"embeddable":true,"href":"https:\/\/www2.uepg.br\/nti\/wp-json\/wp\/v2\/users\/204"}],"replies":[{"embeddable":true,"href":"https:\/\/www2.uepg.br\/nti\/wp-json\/wp\/v2\/comments?post=266"}],"version-history":[{"count":3,"href":"https:\/\/www2.uepg.br\/nti\/wp-json\/wp\/v2\/pages\/266\/revisions"}],"predecessor-version":[{"id":519,"href":"https:\/\/www2.uepg.br\/nti\/wp-json\/wp\/v2\/pages\/266\/revisions\/519"}],"wp:attachment":[{"href":"https:\/\/www2.uepg.br\/nti\/wp-json\/wp\/v2\/media?parent=266"}],"curies":[{"name":"wp","href":"https:\/\/api.w.org\/{rel}","templated":true}]}}