{"id":274,"date":"2021-03-11T19:13:50","date_gmt":"2021-03-11T22:13:50","guid":{"rendered":"https:\/\/www2.uepg.br\/nti\/?page_id=274"},"modified":"2025-06-06T15:05:29","modified_gmt":"2025-06-06T18:05:29","slug":"regulamentos","status":"publish","type":"page","link":"https:\/\/www2.uepg.br\/nti\/regulamentos\/","title":{"rendered":"Regulamentos e Instru\u00e7\u00f5es Normativas"},"content":{"rendered":"<div id=\"pl-274\"  class=\"panel-layout\" ><div id=\"pg-274-0\"  class=\"panel-grid panel-no-style\" ><div id=\"pgc-274-0-0\"  class=\"panel-grid-cell\" ><div id=\"panel-274-0-0-0\" class=\"so-panel widget widget_sow-accordion panel-first-child panel-last-child\" data-index=\"0\" ><div\n\t\t\t\n\t\t\tclass=\"so-widget-sow-accordion so-widget-sow-accordion-default-62aaa03d599b-274\"\n\t\t\t\n\t\t><div>\n\t<div class=\"sow-accordion\">\n\t\t\t<div class=\"sow-accordion-panel\"\n\t\t\t data-anchor=\"2025\">\n\t\t\t\t<div class=\"sow-accordion-panel-header-container\" role=\"heading\" aria-level=\"2\">\n\t\t\t\t\t<div class=\"sow-accordion-panel-header\" tabindex=\"0\" role=\"button\" id=\"accordion-label-2025\" aria-controls=\"accordion-content-2025\" aria-expanded=\"false\">\n\t\t\t\t\t\t<div class=\"sow-accordion-title sow-accordion-title-icon-left\">\n\t\t\t\t\t\t\t\t\t\t\t\t\t\t2025\t\t\t\t\t\t\t\t\t\t\t\t\t<\/div>\n\t\t\t\t\t\t<div class=\"sow-accordion-open-close-button\">\n\t\t\t\t\t\t\t<div class=\"sow-accordion-open-button\">\n\t\t\t\t\t\t\t\t<span class=\"sow-icon-ionicons\" data-sow-icon=\"&#xf218;\"\n\t\t \n\t\taria-hidden=\"true\"><\/span>\t\t\t\t\t\t\t<\/div>\n\t\t\t\t\t\t\t<div class=\"sow-accordion-close-button\">\n\t\t\t\t\t\t\t\t<span class=\"sow-icon-ionicons\" data-sow-icon=\"&#xf209;\"\n\t\t \n\t\taria-hidden=\"true\"><\/span>\t\t\t\t\t\t\t<\/div>\n\t\t\t\t\t\t<\/div>\n\t\t\t\t\t<\/div>\n\t\t\t\t<\/div>\n\n\t\t\t<div\n\t\t\t\tclass=\"sow-accordion-panel-content\"\n\t\t\t\trole=\"region\"\n\t\t\t\taria-labelledby=\"accordion-label-2025\"\n\t\t\t\tid=\"accordion-content-2025\"\n\t\t\t\tstyle=\"display: none;\"\t\t\t>\n\t\t\t\t<div class=\"sow-accordion-panel-border\" tabindex=\"0\">\n\t\t\t\t\t<p><a href=\"https:\/\/legislacao.apps.uepg.br\/documentosPublico\/1112025-06-0666.pdf\" target=\"_blank\" rel=\"noopener\">Instru\u00e7\u00e3o Normativa NTI N\u00ba 1\/2025<\/a><\/p>\n\t\t\t\t<\/div>\n\t\t\t<\/div>\n\t\t<\/div>\n\t\t\t<div class=\"sow-accordion-panel\"\n\t\t\t data-anchor=\"2024\">\n\t\t\t\t<div class=\"sow-accordion-panel-header-container\" role=\"heading\" aria-level=\"2\">\n\t\t\t\t\t<div class=\"sow-accordion-panel-header\" tabindex=\"0\" role=\"button\" id=\"accordion-label-2024\" aria-controls=\"accordion-content-2024\" aria-expanded=\"false\">\n\t\t\t\t\t\t<div class=\"sow-accordion-title sow-accordion-title-icon-left\">\n\t\t\t\t\t\t\t\t\t\t\t\t\t\t2024\t\t\t\t\t\t\t\t\t\t\t\t\t<\/div>\n\t\t\t\t\t\t<div class=\"sow-accordion-open-close-button\">\n\t\t\t\t\t\t\t<div class=\"sow-accordion-open-button\">\n\t\t\t\t\t\t\t\t<span class=\"sow-icon-ionicons\" data-sow-icon=\"&#xf218;\"\n\t\t \n\t\taria-hidden=\"true\"><\/span>\t\t\t\t\t\t\t<\/div>\n\t\t\t\t\t\t\t<div class=\"sow-accordion-close-button\">\n\t\t\t\t\t\t\t\t<span class=\"sow-icon-ionicons\" data-sow-icon=\"&#xf209;\"\n\t\t \n\t\taria-hidden=\"true\"><\/span>\t\t\t\t\t\t\t<\/div>\n\t\t\t\t\t\t<\/div>\n\t\t\t\t\t<\/div>\n\t\t\t\t<\/div>\n\n\t\t\t<div\n\t\t\t\tclass=\"sow-accordion-panel-content\"\n\t\t\t\trole=\"region\"\n\t\t\t\taria-labelledby=\"accordion-label-2024\"\n\t\t\t\tid=\"accordion-content-2024\"\n\t\t\t\tstyle=\"display: none;\"\t\t\t>\n\t\t\t\t<div class=\"sow-accordion-panel-border\" tabindex=\"0\">\n\t\t\t\t\t<p><a href=\"http:\/\/www2.uepg.br\/nti\/wp-content\/uploads\/sites\/5\/2024\/10\/in_nti_2024_1.pdf\" target=\"_blank\" rel=\"noopener\">Instru\u00e7\u00e3o Normativa NTI N\u00ba 1\/2024<\/a><\/p>\n\t\t\t\t<\/div>\n\t\t\t<\/div>\n\t\t<\/div>\n\t\t\t<div class=\"sow-accordion-panel\"\n\t\t\t data-anchor=\"2023\">\n\t\t\t\t<div class=\"sow-accordion-panel-header-container\" role=\"heading\" aria-level=\"2\">\n\t\t\t\t\t<div class=\"sow-accordion-panel-header\" tabindex=\"0\" role=\"button\" id=\"accordion-label-2023\" aria-controls=\"accordion-content-2023\" aria-expanded=\"false\">\n\t\t\t\t\t\t<div class=\"sow-accordion-title sow-accordion-title-icon-left\">\n\t\t\t\t\t\t\t\t\t\t\t\t\t\t2023\t\t\t\t\t\t\t\t\t\t\t\t\t<\/div>\n\t\t\t\t\t\t<div class=\"sow-accordion-open-close-button\">\n\t\t\t\t\t\t\t<div class=\"sow-accordion-open-button\">\n\t\t\t\t\t\t\t\t<span class=\"sow-icon-ionicons\" data-sow-icon=\"&#xf218;\"\n\t\t \n\t\taria-hidden=\"true\"><\/span>\t\t\t\t\t\t\t<\/div>\n\t\t\t\t\t\t\t<div class=\"sow-accordion-close-button\">\n\t\t\t\t\t\t\t\t<span class=\"sow-icon-ionicons\" data-sow-icon=\"&#xf209;\"\n\t\t \n\t\taria-hidden=\"true\"><\/span>\t\t\t\t\t\t\t<\/div>\n\t\t\t\t\t\t<\/div>\n\t\t\t\t\t<\/div>\n\t\t\t\t<\/div>\n\n\t\t\t<div\n\t\t\t\tclass=\"sow-accordion-panel-content\"\n\t\t\t\trole=\"region\"\n\t\t\t\taria-labelledby=\"accordion-label-2023\"\n\t\t\t\tid=\"accordion-content-2023\"\n\t\t\t\tstyle=\"display: none;\"\t\t\t>\n\t\t\t\t<div class=\"sow-accordion-panel-border\" tabindex=\"0\">\n\t\t\t\t\t<p><a href=\"http:\/\/www2.uepg.br\/nti\/wp-content\/uploads\/sites\/5\/2023\/03\/in_nti_2023-6_SEI_23.000015170_4.pdf\" target=\"_blank\" rel=\"noopener\">Instru\u00e7\u00e3o Normativa NTI N\u00ba 6\/2023 - Publica o documento \"Indicadores de TI\"<\/a><\/p>\n<p><a href=\"http:\/\/www2.uepg.br\/nti\/wp-content\/uploads\/sites\/5\/2023\/03\/in_nti_2023-5_SEI_23.000015170_4.pdf\" target=\"_blank\" rel=\"noopener\">Instru\u00e7\u00e3o Normativa NTI N\u00ba 5\/2023 - Publica o documento \"Plano de Continuidade de Neg\u00f3cio dos Servi\u00e7os de TI\"<\/a><\/p>\n<p><a href=\"http:\/\/www2.uepg.br\/nti\/wp-content\/uploads\/sites\/5\/2023\/03\/in_nti_2023-4_SEI_23.000015170_4.pdf\" target=\"_blank\" rel=\"noopener\">Instru\u00e7\u00e3o Normativa NTI N\u00ba 4\/2023 - Publica o documento \"Processo de gest\u00e3o de riscos de TI\"<\/a><\/p>\n<p><a href=\"https:\/\/www2.uepg.br\/nti\/wp-content\/uploads\/sites\/5\/2023\/03\/in_nti_2023-3_SEI_23.000015170_4.pdf\" target=\"_blank\" rel=\"noopener\">Revogado pela IN NTI 1\/2024\u00a0 <del>Instru\u00e7\u00e3o Normativa NTI N\u00ba 3\/2023 - Publica o documento \"Processo de Desenvolvimento de Software - PDS-UEPG\", 2\u00aa Edi\u00e7\u00e3o - 2023<\/del><\/a><\/p>\n<p><a href=\"http:\/\/www2.uepg.br\/nti\/wp-content\/uploads\/sites\/5\/2023\/03\/in_nti_2023-2_SEI_23.000015170_4.pdf\" target=\"_blank\" rel=\"noopener\">Instru\u00e7\u00e3o Normativa NTI N\u00ba 2\/2023 - Procedimentos de utiliza\u00e7\u00e3o, compartilhamento e armazenamento de arquivos<\/a><\/p>\n<p><a href=\"http:\/\/www2.uepg.br\/nti\/wp-content\/uploads\/sites\/5\/2023\/03\/in_nti_2023-1.pdf\" target=\"_blank\" rel=\"noopener\">Instru\u00e7\u00e3o Normativa NTI 1\/2023 - Define os canais de atendimento do NTI<\/a><\/p>\n<p><a href=\"http:\/\/www2.uepg.br\/nti\/wp-content\/uploads\/sites\/5\/2023\/02\/psi-uepg-2432023-02-0713.pdf\" target=\"_blank\" rel=\"noopener\">PORTARIA R. 2023.43 - Pol\u00edtica de Seguran\u00e7a da Informa\u00e7\u00e3o e Comunica\u00e7\u00e3o<\/a><\/p>\n\t\t\t\t<\/div>\n\t\t\t<\/div>\n\t\t<\/div>\n\t\t\t<div class=\"sow-accordion-panel\"\n\t\t\t data-anchor=\"2022\">\n\t\t\t\t<div class=\"sow-accordion-panel-header-container\" role=\"heading\" aria-level=\"2\">\n\t\t\t\t\t<div class=\"sow-accordion-panel-header\" tabindex=\"0\" role=\"button\" id=\"accordion-label-2022\" aria-controls=\"accordion-content-2022\" aria-expanded=\"false\">\n\t\t\t\t\t\t<div class=\"sow-accordion-title sow-accordion-title-icon-left\">\n\t\t\t\t\t\t\t\t\t\t\t\t\t\t2022\t\t\t\t\t\t\t\t\t\t\t\t\t<\/div>\n\t\t\t\t\t\t<div class=\"sow-accordion-open-close-button\">\n\t\t\t\t\t\t\t<div class=\"sow-accordion-open-button\">\n\t\t\t\t\t\t\t\t<span class=\"sow-icon-ionicons\" data-sow-icon=\"&#xf218;\"\n\t\t \n\t\taria-hidden=\"true\"><\/span>\t\t\t\t\t\t\t<\/div>\n\t\t\t\t\t\t\t<div class=\"sow-accordion-close-button\">\n\t\t\t\t\t\t\t\t<span class=\"sow-icon-ionicons\" data-sow-icon=\"&#xf209;\"\n\t\t \n\t\taria-hidden=\"true\"><\/span>\t\t\t\t\t\t\t<\/div>\n\t\t\t\t\t\t<\/div>\n\t\t\t\t\t<\/div>\n\t\t\t\t<\/div>\n\n\t\t\t<div\n\t\t\t\tclass=\"sow-accordion-panel-content\"\n\t\t\t\trole=\"region\"\n\t\t\t\taria-labelledby=\"accordion-label-2022\"\n\t\t\t\tid=\"accordion-content-2022\"\n\t\t\t\tstyle=\"display: none;\"\t\t\t>\n\t\t\t\t<div class=\"sow-accordion-panel-border\" tabindex=\"0\">\n\t\t\t\t\t<p><a href=\"http:\/\/www2.uepg.br\/nti\/wp-content\/uploads\/sites\/5\/2023\/02\/priv-uepg-28542022-12-2013.pdf\" target=\"_blank\">PORTARIA R. 2022.854 - Pol\u00edtica de Privacidade e Prote\u00e7\u00e3o de Dados<\/a><\/p>\n<p><a href=\"http:\/\/www2.uepg.br\/nti\/wp-content\/uploads\/sites\/5\/2022\/04\/SEI_22.000025514_6_PDS_2022.pdf\" target=\"_blank\" rel=\"noopener\">Revogado pela IN NTI 3\/2023 <s>Instru\u00e7\u00e3o Normativa NTI N\u00ba 1\/2022 - Publica o documento \"Processo de Desenvolvimento de Software - PDS-UEPG\", 1\u00aa Edi\u00e7\u00e3o - 2022<\/s><\/a><\/p>\n<p>&nbsp;<\/p>\n\t\t\t\t<\/div>\n\t\t\t<\/div>\n\t\t<\/div>\n\t\t<\/div>\n<\/div>\n<\/div><\/div><\/div><\/div><\/div>","protected":false},"excerpt":{"rendered":"<p>2025 Instru\u00e7\u00e3o Normativa NTI N\u00ba 1\/2025 2024 Instru\u00e7\u00e3o Normativa NTI N\u00ba 1\/2024 2023 Instru\u00e7\u00e3o Normativa NTI N\u00ba 6\/2023 &#8211; Publica o documento &#8220;Indicadores de TI&#8221; Instru\u00e7\u00e3o Normativa NTI N\u00ba 5\/2023 &#8211; Publica o documento &#8220;Plano de Continuidade de Neg\u00f3cio dos Servi\u00e7os de TI&#8221; Instru\u00e7\u00e3o Normativa NTI N\u00ba 4\/2023 &#8211; Publica o documento &#8220;Processo de gest\u00e3o&nbsp;&hellip;<\/p>\n","protected":false},"author":204,"featured_media":0,"parent":0,"menu_order":0,"comment_status":"closed","ping_status":"closed","template":"","meta":[],"_links":{"self":[{"href":"https:\/\/www2.uepg.br\/nti\/wp-json\/wp\/v2\/pages\/274"}],"collection":[{"href":"https:\/\/www2.uepg.br\/nti\/wp-json\/wp\/v2\/pages"}],"about":[{"href":"https:\/\/www2.uepg.br\/nti\/wp-json\/wp\/v2\/types\/page"}],"author":[{"embeddable":true,"href":"https:\/\/www2.uepg.br\/nti\/wp-json\/wp\/v2\/users\/204"}],"replies":[{"embeddable":true,"href":"https:\/\/www2.uepg.br\/nti\/wp-json\/wp\/v2\/comments?post=274"}],"version-history":[{"count":30,"href":"https:\/\/www2.uepg.br\/nti\/wp-json\/wp\/v2\/pages\/274\/revisions"}],"predecessor-version":[{"id":577,"href":"https:\/\/www2.uepg.br\/nti\/wp-json\/wp\/v2\/pages\/274\/revisions\/577"}],"wp:attachment":[{"href":"https:\/\/www2.uepg.br\/nti\/wp-json\/wp\/v2\/media?parent=274"}],"curies":[{"name":"wp","href":"https:\/\/api.w.org\/{rel}","templated":true}]}}