{"id":7,"date":"2018-10-08T13:45:33","date_gmt":"2018-10-08T16:45:33","guid":{"rendered":"http:\/\/www2.uepg.br\/nti\/?page_id=7"},"modified":"2026-02-27T10:24:41","modified_gmt":"2026-02-27T13:24:41","slug":"equipe","status":"publish","type":"page","link":"https:\/\/www2.uepg.br\/nti\/equipe\/","title":{"rendered":"Equipe"},"content":{"rendered":"<p><strong>Diretor<\/strong><\/p>\n<ul>\n<li>Luiz Gustavo Barros<\/li>\n<\/ul>\n<p><strong>Ger\u00eancia de Infraestrutura de Redes<\/strong><\/p>\n<ul>\n<li>Rafael Afonso Mayer (Gerente)<\/li>\n<li>Felipe Thiago Wozniak Silva<\/li>\n<li>Luiz Otavio Oyama<\/li>\n<li>Sandro Teixeira<\/li>\n<\/ul>\n<p><strong>Ger\u00eancia de Sistemas de Informa\u00e7\u00e3o<\/strong><\/p>\n<ul>\n<li>Andrea Christiane Zander Pellissari (Gerente)<\/li>\n<li>Andr\u00e9 Hanke do Amaral<\/li>\n<li>Andr\u00e9a Marra Schade<\/li>\n<li>Christiani Borsato de Ramos<\/li>\n<li>Edson de Almeida<\/li>\n<li>Isabelle Betero<\/li>\n<li>Lucas Antiqueira<\/li>\n<li>Lucas Lourival Alves<\/li>\n<li>Luiz Pedro Petroski<\/li>\n<li>Marcelo Pontes<\/li>\n<li>Mikeias Silva Gomes de Azevedo<\/li>\n<li>Tatiane Dobrzanski<\/li>\n<li>Vladimir Alexandrino de Souza<\/li>\n<li>Wesley Vinicius Fernades<\/li>\n<\/ul>\n<p><strong>Ger\u00eancia de Suporte<\/strong><\/p>\n<ul>\n<li>Jocimar Dezonet (Gerente)<\/li>\n<li>C\u00e9sar Luiz Kulcheski<\/li>\n<li>Josu\u00e9 Francisco Santos<\/li>\n<li>Maur\u00edcio Jos\u00e9 Sim\u00e3o<\/li>\n<li>Miroslei Ant\u00f4nio de Jesus<\/li>\n<\/ul>\n<p><strong>Secret\u00e1ria<\/strong><\/p>\n<ul>\n<li>Adriana Aparecida Telles<\/li>\n<\/ul>\n","protected":false},"excerpt":{"rendered":"<p>Diretor Luiz Gustavo Barros Ger\u00eancia de Infraestrutura de Redes Rafael Afonso Mayer (Gerente) Felipe Thiago Wozniak Silva Luiz Otavio Oyama Sandro Teixeira Ger\u00eancia de Sistemas de Informa\u00e7\u00e3o Andrea Christiane Zander Pellissari (Gerente) Andr\u00e9 Hanke do Amaral Andr\u00e9a Marra Schade Christiani Borsato de Ramos Edson de Almeida Isabelle Betero Lucas Antiqueira Lucas Lourival Alves Luiz Pedro&nbsp;&hellip;<\/p>\n","protected":false},"author":154,"featured_media":0,"parent":0,"menu_order":0,"comment_status":"closed","ping_status":"closed","template":"","meta":[],"_links":{"self":[{"href":"https:\/\/www2.uepg.br\/nti\/wp-json\/wp\/v2\/pages\/7"}],"collection":[{"href":"https:\/\/www2.uepg.br\/nti\/wp-json\/wp\/v2\/pages"}],"about":[{"href":"https:\/\/www2.uepg.br\/nti\/wp-json\/wp\/v2\/types\/page"}],"author":[{"embeddable":true,"href":"https:\/\/www2.uepg.br\/nti\/wp-json\/wp\/v2\/users\/154"}],"replies":[{"embeddable":true,"href":"https:\/\/www2.uepg.br\/nti\/wp-json\/wp\/v2\/comments?post=7"}],"version-history":[{"count":26,"href":"https:\/\/www2.uepg.br\/nti\/wp-json\/wp\/v2\/pages\/7\/revisions"}],"predecessor-version":[{"id":584,"href":"https:\/\/www2.uepg.br\/nti\/wp-json\/wp\/v2\/pages\/7\/revisions\/584"}],"wp:attachment":[{"href":"https:\/\/www2.uepg.br\/nti\/wp-json\/wp\/v2\/media?parent=7"}],"curies":[{"name":"wp","href":"https:\/\/api.w.org\/{rel}","templated":true}]}}