{"id":144,"date":"2022-04-12T16:24:02","date_gmt":"2022-04-12T19:24:02","guid":{"rendered":"https:\/\/www2.uepg.br\/nuntiare\/?page_id=144"},"modified":"2024-06-19T16:58:24","modified_gmt":"2024-06-19T19:58:24","slug":"expediente","status":"publish","type":"page","link":"https:\/\/www2.uepg.br\/nuntiare\/expediente\/","title":{"rendered":"Expediente"},"content":{"rendered":"<p><span style=\"font-weight: 400\">A Revista Nuntiare \u00e9 um produto laboratorial do curso de jornalismo da UEPG.\u00a0<\/span><\/p>\n<p><b>Diagrama\u00e7\u00e3o:\u00a0<\/b><\/p>\n<p><span style=\"font-weight: 400\">Bettina Guarienti, <\/span><span style=\"font-weight: 400\">Camila Ribeiro, <\/span><span style=\"font-weight: 400\">Camila Souza, <\/span><span style=\"font-weight: 400\">Daphinne Pimenta, <\/span><span style=\"font-weight: 400\">Emelli Schneider, <\/span><span style=\"font-weight: 400\">Jo\u00e3o Victor Iansen, <\/span><span style=\"font-weight: 400\">Larissa Del Pozo, <\/span><span style=\"font-weight: 400\">L\u00edvia Souza Santos, <\/span><span style=\"font-weight: 400\">Pamela Tischer, <\/span><span style=\"font-weight: 400\">Sara Dalzotto, <\/span><span style=\"font-weight: 400\">Tayna Landarin, <\/span><span style=\"font-weight: 400\">Vanessa Galv\u00e3o, <\/span><span style=\"font-weight: 400\">Wesley Machado.<\/span><\/p>\n<p><b>Editores de texto:\u00a0<\/b><\/p>\n<p><span style=\"font-weight: 400\">Bianca Voinaroski, <\/span><span style=\"font-weight: 400\">Cristiane de Melo, <\/span><span style=\"font-weight: 400\">Eduarda Guimar\u00e3es, <\/span><span style=\"font-weight: 400\">Gabriela Oliveira, <\/span><span style=\"font-weight: 400\">Heloisa Ribas Bida, <\/span><span style=\"font-weight: 400\">Iasmim Gowdak, <\/span><span style=\"font-weight: 400\">Jo\u00e3o Vitor Pizani, <\/span><span style=\"font-weight: 400\">Kailani Czornei, <\/span><span style=\"font-weight: 400\">Kauan Ribeiro, <\/span><span style=\"font-weight: 400\">Maria Eduarda Kobilarz, <\/span><span style=\"font-weight: 400\">Rafaela Koloda.<\/span><\/p>\n<p><b>Chefes de Diagrama\u00e7\u00e3o:\u00a0<\/b><\/p>\n<p><span style=\"font-weight: 400\">Lincoln Vargas, <\/span><span style=\"font-weight: 400\">Rafaela Colman, <\/span><span style=\"font-weight: 400\">Vitt\u00f3ria Mulfait.<\/span><\/p>\n<p><b>Editores chefe:\u00a0<\/b><\/p>\n<p><span style=\"font-weight: 400\">Alex Dolgan, <\/span><span style=\"font-weight: 400\">Amanda Dal&#8217;Bosco, <\/span><span style=\"font-weight: 400\">J\u00falia Andrade, Leonardo Czerski.<\/span><\/p>\n<p><b>Professores:\u00a0<\/b><\/p>\n<p><span style=\"font-weight: 400\">Ivan Bomfim <\/span><span style=\"font-weight: 400\">(DRT MG 11.999), <\/span><span style=\"font-weight: 400\">Gabriela Almeida, <\/span><span style=\"font-weight: 400\">Luiza Carolina dos Santos.<\/span><\/p>\n<p><span style=\"font-weight: 400\">\u00a0<\/span><\/p>\n<p>&nbsp;<\/p>\n","protected":false},"excerpt":{"rendered":"<p>A Revista Nuntiare \u00e9 um produto laboratorial do curso de jornalismo da UEPG.\u00a0 Diagrama\u00e7\u00e3o:\u00a0 Bettina Guarienti, Camila Ribeiro, Camila Souza, Daphinne Pimenta, Emelli Schneider, Jo\u00e3o Victor Iansen, Larissa Del Pozo, L\u00edvia Souza Santos, Pamela Tischer, Sara Dalzotto, Tayna Landarin, Vanessa Galv\u00e3o, Wesley Machado. Editores de texto:\u00a0 Bianca Voinaroski, Cristiane de Melo, Eduarda Guimar\u00e3es, Gabriela Oliveira,&nbsp;&hellip;<\/p>\n","protected":false},"author":378,"featured_media":0,"parent":0,"menu_order":0,"comment_status":"closed","ping_status":"closed","template":"","meta":[],"_links":{"self":[{"href":"https:\/\/www2.uepg.br\/nuntiare\/wp-json\/wp\/v2\/pages\/144"}],"collection":[{"href":"https:\/\/www2.uepg.br\/nuntiare\/wp-json\/wp\/v2\/pages"}],"about":[{"href":"https:\/\/www2.uepg.br\/nuntiare\/wp-json\/wp\/v2\/types\/page"}],"author":[{"embeddable":true,"href":"https:\/\/www2.uepg.br\/nuntiare\/wp-json\/wp\/v2\/users\/378"}],"replies":[{"embeddable":true,"href":"https:\/\/www2.uepg.br\/nuntiare\/wp-json\/wp\/v2\/comments?post=144"}],"version-history":[{"count":3,"href":"https:\/\/www2.uepg.br\/nuntiare\/wp-json\/wp\/v2\/pages\/144\/revisions"}],"predecessor-version":[{"id":1809,"href":"https:\/\/www2.uepg.br\/nuntiare\/wp-json\/wp\/v2\/pages\/144\/revisions\/1809"}],"wp:attachment":[{"href":"https:\/\/www2.uepg.br\/nuntiare\/wp-json\/wp\/v2\/media?parent=144"}],"curies":[{"name":"wp","href":"https:\/\/api.w.org\/{rel}","templated":true}]}}