{"id":54,"date":"2020-09-01T11:13:14","date_gmt":"2020-09-01T14:13:14","guid":{"rendered":"http:\/\/www2.uepg.br\/odontocovidsul\/?page_id=54"},"modified":"2020-09-25T10:32:05","modified_gmt":"2020-09-25T13:32:05","slug":"eventos","status":"publish","type":"page","link":"https:\/\/www2.uepg.br\/odontocovidsul\/eventos\/","title":{"rendered":"Eventos"},"content":{"rendered":"<div id=\"pl-54\"  class=\"panel-layout\" ><div id=\"pg-54-0\"  class=\"panel-grid panel-no-style\" ><div id=\"pgc-54-0-0\"  class=\"panel-grid-cell\" ><div id=\"panel-54-0-0-0\" class=\"so-panel widget widget_sow-accordion panel-first-child panel-last-child\" data-index=\"0\" ><div class=\"panel-widget-style panel-widget-style-for-54-0-0-0\" ><div\n\t\t\t\n\t\t\tclass=\"so-widget-sow-accordion so-widget-sow-accordion-default-7f158b849c7f-54\"\n\t\t\t\n\t\t><h3 class=\"widget-title\">Em andamento<\/h3><div>\n\t<div class=\"sow-accordion\">\n\t\t\t<div class=\"sow-accordion-panel\"\n\t\t\t data-anchor=\"em-breve\">\n\t\t\t\t<div class=\"sow-accordion-panel-header-container\" role=\"heading\" aria-level=\"2\">\n\t\t\t\t\t<div class=\"sow-accordion-panel-header\" tabindex=\"0\" role=\"button\" id=\"accordion-label-em-breve\" aria-controls=\"accordion-content-em-breve\" aria-expanded=\"false\">\n\t\t\t\t\t\t<div class=\"sow-accordion-title sow-accordion-title-icon-left\">\n\t\t\t\t\t\t\t\t\t\t\t\t\t\tEm breve\t\t\t\t\t\t\t\t\t\t\t\t\t<\/div>\n\t\t\t\t\t\t<div class=\"sow-accordion-open-close-button\">\n\t\t\t\t\t\t\t<div class=\"sow-accordion-open-button\">\n\t\t\t\t\t\t\t\t<span class=\"sow-icon-ionicons\" data-sow-icon=\"&#xf218;\"\n\t\t \n\t\taria-hidden=\"true\"><\/span>\t\t\t\t\t\t\t<\/div>\n\t\t\t\t\t\t\t<div class=\"sow-accordion-close-button\">\n\t\t\t\t\t\t\t\t<span class=\"sow-icon-ionicons\" data-sow-icon=\"&#xf209;\"\n\t\t \n\t\taria-hidden=\"true\"><\/span>\t\t\t\t\t\t\t<\/div>\n\t\t\t\t\t\t<\/div>\n\t\t\t\t\t<\/div>\n\t\t\t\t<\/div>\n\n\t\t\t<div\n\t\t\t\tclass=\"sow-accordion-panel-content\"\n\t\t\t\trole=\"region\"\n\t\t\t\taria-labelledby=\"accordion-label-em-breve\"\n\t\t\t\tid=\"accordion-content-em-breve\"\n\t\t\t\tstyle=\"display: none;\"\t\t\t>\n\t\t\t\t<div class=\"sow-accordion-panel-border\" tabindex=\"0\">\n\t\t\t\t\t<p>em breve mais informa\u00e7\u00f5es.<\/p>\n\t\t\t\t<\/div>\n\t\t\t<\/div>\n\t\t<\/div>\n\t\t<\/div>\n<\/div>\n<\/div><\/div><\/div><\/div><\/div><div id=\"pg-54-1\"  class=\"panel-grid panel-no-style\" ><div id=\"pgc-54-1-0\"  class=\"panel-grid-cell\" ><div id=\"panel-54-1-0-0\" class=\"so-panel widget widget_sow-accordion panel-first-child panel-last-child\" data-index=\"1\" ><div class=\"panel-widget-style panel-widget-style-for-54-1-0-0\" ><div\n\t\t\t\n\t\t\tclass=\"so-widget-sow-accordion so-widget-sow-accordion-default-7f158b849c7f-54\"\n\t\t\t\n\t\t><h3 class=\"widget-title\">Finalizados<\/h3><div>\n\t<div class=\"sow-accordion\">\n\t\t\t<div class=\"sow-accordion-panel\"\n\t\t\t data-anchor=\"lan%c3%a7amento-da-rede-colaborativa-de-odontologia-da-regi%c3%a3o-sul-08-de-julho-2020\">\n\t\t\t\t<div class=\"sow-accordion-panel-header-container\" role=\"heading\" aria-level=\"2\">\n\t\t\t\t\t<div class=\"sow-accordion-panel-header\" tabindex=\"0\" role=\"button\" id=\"accordion-label-lan%c3%a7amento-da-rede-colaborativa-de-odontologia-da-regi%c3%a3o-sul-08-de-julho-2020\" aria-controls=\"accordion-content-lan%c3%a7amento-da-rede-colaborativa-de-odontologia-da-regi%c3%a3o-sul-08-de-julho-2020\" aria-expanded=\"false\">\n\t\t\t\t\t\t<div class=\"sow-accordion-title sow-accordion-title-icon-left\">\n\t\t\t\t\t\t\t\t\t\t\t\t\t\tLan\u00e7amento da Rede Colaborativa de Odontologia da Regi\u00e3o Sul (08 de julho 2020)\t\t\t\t\t\t\t\t\t\t\t\t\t<\/div>\n\t\t\t\t\t\t<div class=\"sow-accordion-open-close-button\">\n\t\t\t\t\t\t\t<div class=\"sow-accordion-open-button\">\n\t\t\t\t\t\t\t\t<span class=\"sow-icon-ionicons\" data-sow-icon=\"&#xf218;\"\n\t\t \n\t\taria-hidden=\"true\"><\/span>\t\t\t\t\t\t\t<\/div>\n\t\t\t\t\t\t\t<div class=\"sow-accordion-close-button\">\n\t\t\t\t\t\t\t\t<span class=\"sow-icon-ionicons\" data-sow-icon=\"&#xf209;\"\n\t\t \n\t\taria-hidden=\"true\"><\/span>\t\t\t\t\t\t\t<\/div>\n\t\t\t\t\t\t<\/div>\n\t\t\t\t\t<\/div>\n\t\t\t\t<\/div>\n\n\t\t\t<div\n\t\t\t\tclass=\"sow-accordion-panel-content\"\n\t\t\t\trole=\"region\"\n\t\t\t\taria-labelledby=\"accordion-label-lan%c3%a7amento-da-rede-colaborativa-de-odontologia-da-regi%c3%a3o-sul-08-de-julho-2020\"\n\t\t\t\tid=\"accordion-content-lan%c3%a7amento-da-rede-colaborativa-de-odontologia-da-regi%c3%a3o-sul-08-de-julho-2020\"\n\t\t\t\tstyle=\"display: none;\"\t\t\t>\n\t\t\t\t<div class=\"sow-accordion-panel-border\" tabindex=\"0\">\n\t\t\t\t\t<p style=\"text-align: center\"><a href=\"https:\/\/www.youtube.com\/watch?v=ZM7hhtSvd34\" target=\"_blank\" rel=\"noopener\"><img class=\"alignnone wp-image-154\" src=\"http:\/\/www2.uepg.br\/odontocovidsul\/wp-content\/uploads\/sites\/142\/2020\/09\/Captura-de-Tela-2020-09-05-a\u0300s-9.18.52-AM.png\" alt=\"\" width=\"56\" height=\"41\" \/>Assista na \u00edntegra<br \/>\n[embedyt] https:\/\/www.youtube.com\/watch?v=ZM7hhtSvd34[\/embedyt]<\/a><\/p>\n\t\t\t\t<\/div>\n\t\t\t<\/div>\n\t\t<\/div>\n\t\t\t<div class=\"sow-accordion-panel\"\n\t\t\t data-anchor=\"biosseguran%c3%a7a-e-covid-19-desafios-na-organiza%c3%a7%c3%a3o-da-sa%c3%bade-bucal-nos-munic%c3%adpios-do-paran%c3%a1-11-de-agosto-de-2020\">\n\t\t\t\t<div class=\"sow-accordion-panel-header-container\" role=\"heading\" aria-level=\"2\">\n\t\t\t\t\t<div class=\"sow-accordion-panel-header\" tabindex=\"0\" role=\"button\" id=\"accordion-label-biosseguran%c3%a7a-e-covid-19-desafios-na-organiza%c3%a7%c3%a3o-da-sa%c3%bade-bucal-nos-munic%c3%adpios-do-paran%c3%a1-11-de-agosto-de-2020\" aria-controls=\"accordion-content-biosseguran%c3%a7a-e-covid-19-desafios-na-organiza%c3%a7%c3%a3o-da-sa%c3%bade-bucal-nos-munic%c3%adpios-do-paran%c3%a1-11-de-agosto-de-2020\" aria-expanded=\"false\">\n\t\t\t\t\t\t<div class=\"sow-accordion-title sow-accordion-title-icon-left\">\n\t\t\t\t\t\t\t\t\t\t\t\t\t\tBiosseguran\u00e7a e COVID 19 Desafios na organiza\u00e7\u00e3o da sa\u00fade bucal nos munic\u00edpios do Paran\u00e1 (11 de agosto de 2020)\t\t\t\t\t\t\t\t\t\t\t\t\t<\/div>\n\t\t\t\t\t\t<div class=\"sow-accordion-open-close-button\">\n\t\t\t\t\t\t\t<div class=\"sow-accordion-open-button\">\n\t\t\t\t\t\t\t\t<span class=\"sow-icon-ionicons\" data-sow-icon=\"&#xf218;\"\n\t\t \n\t\taria-hidden=\"true\"><\/span>\t\t\t\t\t\t\t<\/div>\n\t\t\t\t\t\t\t<div class=\"sow-accordion-close-button\">\n\t\t\t\t\t\t\t\t<span class=\"sow-icon-ionicons\" data-sow-icon=\"&#xf209;\"\n\t\t \n\t\taria-hidden=\"true\"><\/span>\t\t\t\t\t\t\t<\/div>\n\t\t\t\t\t\t<\/div>\n\t\t\t\t\t<\/div>\n\t\t\t\t<\/div>\n\n\t\t\t<div\n\t\t\t\tclass=\"sow-accordion-panel-content\"\n\t\t\t\trole=\"region\"\n\t\t\t\taria-labelledby=\"accordion-label-biosseguran%c3%a7a-e-covid-19-desafios-na-organiza%c3%a7%c3%a3o-da-sa%c3%bade-bucal-nos-munic%c3%adpios-do-paran%c3%a1-11-de-agosto-de-2020\"\n\t\t\t\tid=\"accordion-content-biosseguran%c3%a7a-e-covid-19-desafios-na-organiza%c3%a7%c3%a3o-da-sa%c3%bade-bucal-nos-munic%c3%adpios-do-paran%c3%a1-11-de-agosto-de-2020\"\n\t\t\t\tstyle=\"display: none;\"\t\t\t>\n\t\t\t\t<div class=\"sow-accordion-panel-border\" tabindex=\"0\">\n\t\t\t\t\t<p style=\"text-align: center\"><a href=\"https:\/\/www.youtube.com\/watch?v=WnIlS-TtBuE\" target=\"_blank\" rel=\"noopener\"><img class=\"alignnone wp-image-154\" src=\"http:\/\/www2.uepg.br\/odontocovidsul\/wp-content\/uploads\/sites\/142\/2020\/09\/Captura-de-Tela-2020-09-05-a\u0300s-9.18.52-AM.png\" alt=\"\" width=\"56\" height=\"41\" \/>Assista na \u00edntegra<br \/>\n[embedyt] https:\/\/www.youtube.com\/watch?v=WnIlS-TtBuE[\/embedyt]<\/a><\/p>\n\t\t\t\t<\/div>\n\t\t\t<\/div>\n\t\t<\/div>\n\t\t\t<div class=\"sow-accordion-panel\"\n\t\t\t data-anchor=\"odontologia-e-a-covid-19-desafios-no-rio-grande-do-sul-24-de-agosto-de-2020\">\n\t\t\t\t<div class=\"sow-accordion-panel-header-container\" role=\"heading\" aria-level=\"2\">\n\t\t\t\t\t<div class=\"sow-accordion-panel-header\" tabindex=\"0\" role=\"button\" id=\"accordion-label-odontologia-e-a-covid-19-desafios-no-rio-grande-do-sul-24-de-agosto-de-2020\" aria-controls=\"accordion-content-odontologia-e-a-covid-19-desafios-no-rio-grande-do-sul-24-de-agosto-de-2020\" aria-expanded=\"false\">\n\t\t\t\t\t\t<div class=\"sow-accordion-title sow-accordion-title-icon-left\">\n\t\t\t\t\t\t\t\t\t\t\t\t\t\tOdontologia e a COVID-19: Desafios no Rio Grande do Sul (24 de agosto de 2020)\t\t\t\t\t\t\t\t\t\t\t\t\t<\/div>\n\t\t\t\t\t\t<div class=\"sow-accordion-open-close-button\">\n\t\t\t\t\t\t\t<div class=\"sow-accordion-open-button\">\n\t\t\t\t\t\t\t\t<span class=\"sow-icon-ionicons\" data-sow-icon=\"&#xf218;\"\n\t\t \n\t\taria-hidden=\"true\"><\/span>\t\t\t\t\t\t\t<\/div>\n\t\t\t\t\t\t\t<div class=\"sow-accordion-close-button\">\n\t\t\t\t\t\t\t\t<span class=\"sow-icon-ionicons\" data-sow-icon=\"&#xf209;\"\n\t\t \n\t\taria-hidden=\"true\"><\/span>\t\t\t\t\t\t\t<\/div>\n\t\t\t\t\t\t<\/div>\n\t\t\t\t\t<\/div>\n\t\t\t\t<\/div>\n\n\t\t\t<div\n\t\t\t\tclass=\"sow-accordion-panel-content\"\n\t\t\t\trole=\"region\"\n\t\t\t\taria-labelledby=\"accordion-label-odontologia-e-a-covid-19-desafios-no-rio-grande-do-sul-24-de-agosto-de-2020\"\n\t\t\t\tid=\"accordion-content-odontologia-e-a-covid-19-desafios-no-rio-grande-do-sul-24-de-agosto-de-2020\"\n\t\t\t\tstyle=\"display: none;\"\t\t\t>\n\t\t\t\t<div class=\"sow-accordion-panel-border\" tabindex=\"0\">\n\t\t\t\t\t<p style=\"text-align: center\"><a href=\"https:\/\/www.youtube.com\/watch?v=rCHktHL7Flo\" target=\"_blank\" rel=\"noopener\"><img class=\"alignnone wp-image-154\" src=\"http:\/\/www2.uepg.br\/odontocovidsul\/wp-content\/uploads\/sites\/142\/2020\/09\/Captura-de-Tela-2020-09-05-a\u0300s-9.18.52-AM.png\" alt=\"\" width=\"56\" height=\"41\" \/>Assista na \u00edntegra<\/a><\/p>\n<p><\/p>\n\t\t\t\t<\/div>\n\t\t\t<\/div>\n\t\t<\/div>\n\t\t\t<div class=\"sow-accordion-panel\"\n\t\t\t data-anchor=\"o-papel-dos-auxiliares-e-t%c3%a9cnicos-de-sa%c3%bade-bucal-na-pandemia-02-de-setembro-de-2020\">\n\t\t\t\t<div class=\"sow-accordion-panel-header-container\" role=\"heading\" aria-level=\"2\">\n\t\t\t\t\t<div class=\"sow-accordion-panel-header\" tabindex=\"0\" role=\"button\" id=\"accordion-label-o-papel-dos-auxiliares-e-t%c3%a9cnicos-de-sa%c3%bade-bucal-na-pandemia-02-de-setembro-de-2020\" aria-controls=\"accordion-content-o-papel-dos-auxiliares-e-t%c3%a9cnicos-de-sa%c3%bade-bucal-na-pandemia-02-de-setembro-de-2020\" aria-expanded=\"false\">\n\t\t\t\t\t\t<div class=\"sow-accordion-title sow-accordion-title-icon-left\">\n\t\t\t\t\t\t\t\t\t\t\t\t\t\tO papel dos Auxiliares e T\u00e9cnicos de Sa\u00fade Bucal na pandemia (02 de setembro de 2020)\t\t\t\t\t\t\t\t\t\t\t\t\t<\/div>\n\t\t\t\t\t\t<div class=\"sow-accordion-open-close-button\">\n\t\t\t\t\t\t\t<div class=\"sow-accordion-open-button\">\n\t\t\t\t\t\t\t\t<span class=\"sow-icon-ionicons\" data-sow-icon=\"&#xf218;\"\n\t\t \n\t\taria-hidden=\"true\"><\/span>\t\t\t\t\t\t\t<\/div>\n\t\t\t\t\t\t\t<div class=\"sow-accordion-close-button\">\n\t\t\t\t\t\t\t\t<span class=\"sow-icon-ionicons\" data-sow-icon=\"&#xf209;\"\n\t\t \n\t\taria-hidden=\"true\"><\/span>\t\t\t\t\t\t\t<\/div>\n\t\t\t\t\t\t<\/div>\n\t\t\t\t\t<\/div>\n\t\t\t\t<\/div>\n\n\t\t\t<div\n\t\t\t\tclass=\"sow-accordion-panel-content\"\n\t\t\t\trole=\"region\"\n\t\t\t\taria-labelledby=\"accordion-label-o-papel-dos-auxiliares-e-t%c3%a9cnicos-de-sa%c3%bade-bucal-na-pandemia-02-de-setembro-de-2020\"\n\t\t\t\tid=\"accordion-content-o-papel-dos-auxiliares-e-t%c3%a9cnicos-de-sa%c3%bade-bucal-na-pandemia-02-de-setembro-de-2020\"\n\t\t\t\tstyle=\"display: none;\"\t\t\t>\n\t\t\t\t<div class=\"sow-accordion-panel-border\" tabindex=\"0\">\n\t\t\t\t\t<p style=\"text-align: center\"><a href=\"https:\/\/www.youtube.com\/watch?v=pK17uEkxSGk\" target=\"_blank\" rel=\"noopener\"><img class=\"alignnone wp-image-154\" src=\"http:\/\/www2.uepg.br\/odontocovidsul\/wp-content\/uploads\/sites\/142\/2020\/09\/Captura-de-Tela-2020-09-05-a\u0300s-9.18.52-AM.png\" alt=\"\" width=\"56\" height=\"41\" \/>Assista na \u00edntegra<\/a>\n\n<\/p>\t\t\t\t<\/div>\n\t\t\t<\/div>\n\t\t<\/div>\n\t\t<\/div>\n<\/div>\n<\/div><\/div><\/div><\/div><\/div><\/div>","protected":false},"excerpt":{"rendered":"<p>Em andamento Em breve em breve mais informa\u00e7\u00f5es. Finalizados Lan\u00e7amento da Rede Colaborativa de Odontologia da Regi\u00e3o Sul (08 de julho 2020) Assista na \u00edntegra [embedyt] https:\/\/www.youtube.com\/watch?v=ZM7hhtSvd34[\/embedyt] Biosseguran\u00e7a e COVID 19 Desafios na organiza\u00e7\u00e3o da sa\u00fade bucal nos munic\u00edpios do Paran\u00e1 (11 de agosto de 2020) Assista na \u00edntegra [embedyt] https:\/\/www.youtube.com\/watch?v=WnIlS-TtBuE[\/embedyt] Odontologia e a COVID-19:&nbsp;&hellip;<\/p>\n","protected":false},"author":24,"featured_media":0,"parent":0,"menu_order":0,"comment_status":"closed","ping_status":"closed","template":"","meta":[],"_links":{"self":[{"href":"https:\/\/www2.uepg.br\/odontocovidsul\/wp-json\/wp\/v2\/pages\/54"}],"collection":[{"href":"https:\/\/www2.uepg.br\/odontocovidsul\/wp-json\/wp\/v2\/pages"}],"about":[{"href":"https:\/\/www2.uepg.br\/odontocovidsul\/wp-json\/wp\/v2\/types\/page"}],"author":[{"embeddable":true,"href":"https:\/\/www2.uepg.br\/odontocovidsul\/wp-json\/wp\/v2\/users\/24"}],"replies":[{"embeddable":true,"href":"https:\/\/www2.uepg.br\/odontocovidsul\/wp-json\/wp\/v2\/comments?post=54"}],"version-history":[{"count":16,"href":"https:\/\/www2.uepg.br\/odontocovidsul\/wp-json\/wp\/v2\/pages\/54\/revisions"}],"predecessor-version":[{"id":295,"href":"https:\/\/www2.uepg.br\/odontocovidsul\/wp-json\/wp\/v2\/pages\/54\/revisions\/295"}],"wp:attachment":[{"href":"https:\/\/www2.uepg.br\/odontocovidsul\/wp-json\/wp\/v2\/media?parent=54"}],"curies":[{"name":"wp","href":"https:\/\/api.w.org\/{rel}","templated":true}]}}