{"id":13,"date":"2020-02-07T09:03:42","date_gmt":"2020-02-07T12:03:42","guid":{"rendered":"http:\/\/www2.uepg.br\/opmat\/?page_id=13"},"modified":"2024-02-01T16:51:56","modified_gmt":"2024-02-01T19:51:56","slug":"o-que-e","status":"publish","type":"page","link":"https:\/\/www2.uepg.br\/opmat\/o-que-e\/","title":{"rendered":"O que \u00e9?"},"content":{"rendered":"<p style=\"text-align: justify\">A Olimp\u00edada Pontagrossense de Matem\u00e1tica &#8211; OPMat &#8211; \u00e9 uma competi\u00e7\u00e3o dedicada aos alunos dos educand\u00e1rios p\u00fablicos e privados do munic\u00edpio de Ponta Grossa que estejam cursando do 2\u00ba ao 5\u00ba ano do Ensino Fundamental I ou do 6\u00ba ano ao 9\u00ba ano do Ensino Fundamental II ou o Ensino M\u00e9dio ou que, tenham conclu\u00eddo Ensino M\u00e9dio h\u00e1 menos de um ano e n\u00e3o tenham ingressado em nenhum curso superior. A OPMat n\u00e3o \u00e9 uma competi\u00e7\u00e3o entre educand\u00e1rios e sim uma saud\u00e1vel competi\u00e7\u00e3o entre indiv\u00edduos.<\/p>\n<p style=\"text-align: justify\">A Olimp\u00edada Pontagrossense de Matem\u00e1tica tem como objetivos principais: estimular o estudo da Matem\u00e1tica e a participa\u00e7\u00e3o dos alunos nas Olimp\u00edadas Brasileiras de Matem\u00e1tica, influenciar na melhoria do ensino da matem\u00e1tica e detectar jovens talentos.<\/p>\n<p>A OPMat \u00e9 uma realiza\u00e7\u00e3o da Universidade Estadual de Ponta Grossa (UEPG) atrav\u00e9s do Departamento de Matem\u00e1tica e Estat\u00edstica (DEMAT).<\/p>\n","protected":false},"excerpt":{"rendered":"<p>A Olimp\u00edada Pontagrossense de Matem\u00e1tica &#8211; OPMat &#8211; \u00e9 uma competi\u00e7\u00e3o dedicada aos alunos dos educand\u00e1rios p\u00fablicos e privados do munic\u00edpio de Ponta Grossa que estejam cursando do 2\u00ba ao 5\u00ba ano do Ensino Fundamental I ou do 6\u00ba ano ao 9\u00ba ano do Ensino Fundamental II ou o Ensino M\u00e9dio ou que, tenham conclu\u00eddo&nbsp;&hellip;<\/p>\n","protected":false},"author":24,"featured_media":0,"parent":0,"menu_order":0,"comment_status":"closed","ping_status":"closed","template":"","meta":[],"_links":{"self":[{"href":"https:\/\/www2.uepg.br\/opmat\/wp-json\/wp\/v2\/pages\/13"}],"collection":[{"href":"https:\/\/www2.uepg.br\/opmat\/wp-json\/wp\/v2\/pages"}],"about":[{"href":"https:\/\/www2.uepg.br\/opmat\/wp-json\/wp\/v2\/types\/page"}],"author":[{"embeddable":true,"href":"https:\/\/www2.uepg.br\/opmat\/wp-json\/wp\/v2\/users\/24"}],"replies":[{"embeddable":true,"href":"https:\/\/www2.uepg.br\/opmat\/wp-json\/wp\/v2\/comments?post=13"}],"version-history":[{"count":7,"href":"https:\/\/www2.uepg.br\/opmat\/wp-json\/wp\/v2\/pages\/13\/revisions"}],"predecessor-version":[{"id":9541,"href":"https:\/\/www2.uepg.br\/opmat\/wp-json\/wp\/v2\/pages\/13\/revisions\/9541"}],"wp:attachment":[{"href":"https:\/\/www2.uepg.br\/opmat\/wp-json\/wp\/v2\/media?parent=13"}],"curies":[{"name":"wp","href":"https:\/\/api.w.org\/{rel}","templated":true}]}}