{"id":15,"date":"2020-02-07T09:04:00","date_gmt":"2020-02-07T12:04:00","guid":{"rendered":"http:\/\/www2.uepg.br\/opmat\/?page_id=15"},"modified":"2026-02-26T13:26:47","modified_gmt":"2026-02-26T16:26:47","slug":"como-participar","status":"publish","type":"page","link":"https:\/\/www2.uepg.br\/opmat\/como-participar\/","title":{"rendered":"Como participar?"},"content":{"rendered":"<p><strong>Podem participar:<\/strong><\/p>\n<p><strong>N\u00edvel Mirim<\/strong> \u2013 alunos matriculados no 2\u00ba ou 3\u00ba ano do Ensino Fundamental quando da realiza\u00e7\u00e3o da<br \/>\nprimeira fase da OPMat.<\/p>\n<p><strong>N\u00edvel J\u00fanior<\/strong> \u2013 alunos matriculados no 4\u00ba ou 5\u00ba ano do Ensino Fundamental quando da realiza\u00e7\u00e3o da<br \/>\nprimeira fase da OPMat.<\/p>\n<p><strong>N\u00edvel 1<\/strong> &#8211; alunos matriculados no 6\u00ba ou 7\u00ba ano do Ensino Fundamental quando da realiza\u00e7\u00e3o da primeira<br \/>\nfase da OPMat.<\/p>\n<p><strong>N\u00edvel 2<\/strong> &#8211; alunos matriculados no 8\u00ba ou 9\u00ba ano do Ensino Fundamental quando da realiza\u00e7\u00e3o da primeira<br \/>\nfase da OPMat.<\/p>\n<p><strong>N\u00edvel 3<\/strong> &#8211; alunos matriculados na 1\u00aa ou 2\u00aa s\u00e9rie do Ensino M\u00e9dio quando da realiza\u00e7\u00e3o da primeira fase<br \/>\nda OPMat.<\/p>\n<p><strong>N\u00edvel 4<\/strong> &#8211; alunos matriculados na 3\u00aa ou 4\u00aa s\u00e9rie do Ensino M\u00e9dio ou que, tenham conclu\u00eddo Ensino<br \/>\nM\u00e9dio, h\u00e1 menos de um ano e n\u00e3o tenham ingressado em nenhum curso superior, quando da realiza\u00e7\u00e3o da<br \/>\nprimeira fase da OPMat.<\/p>\n<p>&nbsp;<\/p>\n<p>Os educand\u00e1rios p\u00fablicos e privados devem inscrever os seus alunos na 11\u00aa OPMat. Cada educand\u00e1rio receber\u00e1 por e-mail a quantidade de alunos, por n\u00edvel, que poder\u00e1 inscrever na OPMat.<\/p>\n","protected":false},"excerpt":{"rendered":"<p>Podem participar: N\u00edvel Mirim \u2013 alunos matriculados no 2\u00ba ou 3\u00ba ano do Ensino Fundamental quando da realiza\u00e7\u00e3o da primeira fase da OPMat. N\u00edvel J\u00fanior \u2013 alunos matriculados no 4\u00ba ou 5\u00ba ano do Ensino Fundamental quando da realiza\u00e7\u00e3o da primeira fase da OPMat. N\u00edvel 1 &#8211; alunos matriculados no 6\u00ba ou 7\u00ba ano do&nbsp;&hellip;<\/p>\n","protected":false},"author":24,"featured_media":0,"parent":0,"menu_order":0,"comment_status":"closed","ping_status":"closed","template":"","meta":[],"_links":{"self":[{"href":"https:\/\/www2.uepg.br\/opmat\/wp-json\/wp\/v2\/pages\/15"}],"collection":[{"href":"https:\/\/www2.uepg.br\/opmat\/wp-json\/wp\/v2\/pages"}],"about":[{"href":"https:\/\/www2.uepg.br\/opmat\/wp-json\/wp\/v2\/types\/page"}],"author":[{"embeddable":true,"href":"https:\/\/www2.uepg.br\/opmat\/wp-json\/wp\/v2\/users\/24"}],"replies":[{"embeddable":true,"href":"https:\/\/www2.uepg.br\/opmat\/wp-json\/wp\/v2\/comments?post=15"}],"version-history":[{"count":9,"href":"https:\/\/www2.uepg.br\/opmat\/wp-json\/wp\/v2\/pages\/15\/revisions"}],"predecessor-version":[{"id":11933,"href":"https:\/\/www2.uepg.br\/opmat\/wp-json\/wp\/v2\/pages\/15\/revisions\/11933"}],"wp:attachment":[{"href":"https:\/\/www2.uepg.br\/opmat\/wp-json\/wp\/v2\/media?parent=15"}],"curies":[{"name":"wp","href":"https:\/\/api.w.org\/{rel}","templated":true}]}}