{"id":21,"date":"2020-02-07T09:07:18","date_gmt":"2020-02-07T12:07:18","guid":{"rendered":"http:\/\/www2.uepg.br\/opmat\/?page_id=21"},"modified":"2026-04-29T14:40:31","modified_gmt":"2026-04-29T17:40:31","slug":"comissao-organizadora","status":"publish","type":"page","link":"https:\/\/www2.uepg.br\/opmat\/comissao-organizadora\/","title":{"rendered":"Comiss\u00e3o Organizadora"},"content":{"rendered":"<p><strong>A COMISS\u00c3O ORGANIZADORA<\/strong><\/p>\n<p>&nbsp;<\/p>\n<p>A comiss\u00e3o organizadora da Olimp\u00edada Pontagrossense de Matem\u00e1tica \u00e9 composta dos seguintes professores do Departamento de Matem\u00e1tica e Estat\u00edstica da UEPG:<br \/>\n&#8211; Prof\u00aa. Elisangela dos Santos Meza (Coordenadora)<br \/>\n&#8211; Prof. Jocemar de Quadros Chagas<br \/>\n&#8211; Prof. Jos\u00e9 Trobia<br \/>\n&#8211; Prof. Marciano Pereira<br \/>\n&#8211; Prof. Marcos Teixeira Alves<br \/>\n&#8211; Prof\u00aa. Marli Terezinha Van Kan<br \/>\n&#8211; Profa. Scheila Valechenski Biehl<\/p>\n<p>&nbsp;<\/p>\n<p>Ainda, pelos acad\u00eamicos do curso de Licenciatura em Matem\u00e1tica:<br \/>\n&#8211; Isabella Paola Matoski<br \/>\n&#8211; Isabella Nizer da Silva<br \/>\n&#8211; Jessica Camilly Hildebrant<br \/>\n&#8211; Kelvin Advan de Lima<br \/>\n&#8211; Luiz Henrique Bahls<\/p>\n","protected":false},"excerpt":{"rendered":"<p>A COMISS\u00c3O ORGANIZADORA &nbsp; A comiss\u00e3o organizadora da Olimp\u00edada Pontagrossense de Matem\u00e1tica \u00e9 composta dos seguintes professores do Departamento de Matem\u00e1tica e Estat\u00edstica da UEPG: &#8211; Prof\u00aa. Elisangela dos Santos Meza (Coordenadora) &#8211; Prof. Jocemar de Quadros Chagas &#8211; Prof. Jos\u00e9 Trobia &#8211; Prof. Marciano Pereira &#8211; Prof. Marcos Teixeira Alves &#8211; Prof\u00aa. Marli Terezinha&nbsp;&hellip;<\/p>\n","protected":false},"author":24,"featured_media":0,"parent":0,"menu_order":0,"comment_status":"closed","ping_status":"closed","template":"","meta":[],"_links":{"self":[{"href":"https:\/\/www2.uepg.br\/opmat\/wp-json\/wp\/v2\/pages\/21"}],"collection":[{"href":"https:\/\/www2.uepg.br\/opmat\/wp-json\/wp\/v2\/pages"}],"about":[{"href":"https:\/\/www2.uepg.br\/opmat\/wp-json\/wp\/v2\/types\/page"}],"author":[{"embeddable":true,"href":"https:\/\/www2.uepg.br\/opmat\/wp-json\/wp\/v2\/users\/24"}],"replies":[{"embeddable":true,"href":"https:\/\/www2.uepg.br\/opmat\/wp-json\/wp\/v2\/comments?post=21"}],"version-history":[{"count":15,"href":"https:\/\/www2.uepg.br\/opmat\/wp-json\/wp\/v2\/pages\/21\/revisions"}],"predecessor-version":[{"id":12159,"href":"https:\/\/www2.uepg.br\/opmat\/wp-json\/wp\/v2\/pages\/21\/revisions\/12159"}],"wp:attachment":[{"href":"https:\/\/www2.uepg.br\/opmat\/wp-json\/wp\/v2\/media?parent=21"}],"curies":[{"name":"wp","href":"https:\/\/api.w.org\/{rel}","templated":true}]}}