{"id":33,"date":"2020-02-07T09:18:44","date_gmt":"2020-02-07T12:18:44","guid":{"rendered":"http:\/\/www2.uepg.br\/opmat\/?page_id=33"},"modified":"2025-09-23T14:21:29","modified_gmt":"2025-09-23T17:21:29","slug":"revista-da-opmat","status":"publish","type":"page","link":"https:\/\/www2.uepg.br\/opmat\/revista-da-opmat\/","title":{"rendered":"Revista da OPMat"},"content":{"rendered":"<div id=\"pl-33\"  class=\"panel-layout\" ><div id=\"pg-33-0\"  class=\"panel-grid panel-no-style\" ><div id=\"pgc-33-0-0\"  class=\"panel-grid-cell\" ><div id=\"panel-33-0-0-0\" class=\"so-panel widget widget_sow-editor panel-first-child\" data-index=\"0\" ><div\n\t\t\t\n\t\t\tclass=\"so-widget-sow-editor so-widget-sow-editor-base\"\n\t\t\t\n\t\t><h3 class=\"widget-title\">Revista da OPMat<\/h3>\n<div class=\"siteorigin-widget-tinymce textwidget\">\n\t<p>A\u00a0<em><strong>Revista da Olimp\u00edada Pontagrossense de Matem\u00e1tica<\/strong><\/em>\u00a0\u00e9 resultado do projeto de extens\u00e3o:\u00a0<em>Olimp\u00edadas de Matem\u00e1tica: Promovendo a Inclus\u00e3o Social e ajudando a mudar o cen\u00e1rio da Educa\u00e7\u00e3o<\/em>, desenvolvido pelo Departamento de Matem\u00e1tica e Estat\u00edstica da UEPG. Tem periodicidade anual, com atualmente 6 Volumes publicados.<\/p>\n<p>O principal objetivo da Revista \u00e9 compor um material robusto em conte\u00fados matem\u00e1ticos com vista a ser utilizado como recurso pedag\u00f3gico ao letramento matem\u00e1tico (racioc\u00ednio, representa\u00e7\u00e3o, comunica\u00e7\u00e3o e argumenta\u00e7\u00e3o) e como fonte de estudo e treinamento para olimp\u00edadas de matem\u00e1tica.<\/p>\n<\/div>\n<\/div><\/div><div id=\"panel-33-0-0-1\" class=\"so-panel widget widget_sow-tabs panel-last-child\" data-index=\"1\" ><div\n\t\t\t\n\t\t\tclass=\"so-widget-sow-tabs so-widget-sow-tabs-default-b71f00beb456-33\"\n\t\t\t\n\t\t><h3 class=\"widget-title\">Volumes da Revista da OPMat<\/h3><div class=\"sow-tabs\">\n\t<div class=\"sow-tabs-tab-container\" role=\"tablist\">\n\t\t\t<div class=\"sow-tabs-tab sow-tabs-tab-selected\"\n\t\t\t role=\"tab\" data-anchor=\"volume-1-2019\"\n\t\t\t aria-selected=\"true\" tabindex=\"0\">\n\t\t\t<div class=\"sow-tabs-title sow-tabs-title-icon-left\">\n\t\t\t\t\t\t\t\tVolume 1 (2019)\t\t\t\t\t\t\t<\/div>\n\t\t<\/div>\n\t\t\t<div class=\"sow-tabs-tab\"\n\t\t\t role=\"tab\" data-anchor=\"volume-2-2020\"\n\t\t\t aria-selected=\"false\" tabindex=\"-1\">\n\t\t\t<div class=\"sow-tabs-title sow-tabs-title-icon-left\">\n\t\t\t\t\t\t\t\tVolume 2 (2020)\t\t\t\t\t\t\t<\/div>\n\t\t<\/div>\n\t\t\t<div class=\"sow-tabs-tab\"\n\t\t\t role=\"tab\" data-anchor=\"volume-3-2021\"\n\t\t\t aria-selected=\"false\" tabindex=\"-1\">\n\t\t\t<div class=\"sow-tabs-title sow-tabs-title-icon-left\">\n\t\t\t\t\t\t\t\tVolume 3 (2021)\t\t\t\t\t\t\t<\/div>\n\t\t<\/div>\n\t\t\t<div class=\"sow-tabs-tab\"\n\t\t\t role=\"tab\" data-anchor=\"volume-4-2022\"\n\t\t\t aria-selected=\"false\" tabindex=\"-1\">\n\t\t\t<div class=\"sow-tabs-title sow-tabs-title-icon-left\">\n\t\t\t\t\t\t\t\tVolume 4 (2022)\t\t\t\t\t\t\t<\/div>\n\t\t<\/div>\n\t\t\t<div class=\"sow-tabs-tab\"\n\t\t\t role=\"tab\" data-anchor=\"volume-5-2023\"\n\t\t\t aria-selected=\"false\" tabindex=\"-1\">\n\t\t\t<div class=\"sow-tabs-title sow-tabs-title-icon-left\">\n\t\t\t\t\t\t\t\tVolume 5 (2023)\t\t\t\t\t\t\t<\/div>\n\t\t<\/div>\n\t\t\t<div class=\"sow-tabs-tab\"\n\t\t\t role=\"tab\" data-anchor=\"volume-6-2024\"\n\t\t\t aria-selected=\"false\" tabindex=\"-1\">\n\t\t\t<div class=\"sow-tabs-title sow-tabs-title-icon-left\">\n\t\t\t\t\t\t\t\tVolume 6 (2024)\t\t\t\t\t\t\t<\/div>\n\t\t<\/div>\n\t\t\t<div class=\"sow-tabs-tab\"\n\t\t\t role=\"tab\" data-anchor=\"volume-7-2025\"\n\t\t\t aria-selected=\"false\" tabindex=\"-1\">\n\t\t\t<div class=\"sow-tabs-title sow-tabs-title-icon-left\">\n\t\t\t\t\t\t\t\tVolume 7 (2025)\t\t\t\t\t\t\t<\/div>\n\t\t<\/div>\n\t\t\t<div class=\"sow-tabs-tab\"\n\t\t\t role=\"tab\" data-anchor=\"sow-tabs-16249182915ceeb612d8f9d503429015-7\"\n\t\t\t aria-selected=\"false\" tabindex=\"-1\">\n\t\t\t<div class=\"sow-tabs-title sow-tabs-title-icon-left\">\n\t\t\t\t\t\t\t\t\t\t\t\t\t\t\t<\/div>\n\t\t<\/div>\n\t\t<\/div>\n\t\n\t<div class=\"sow-tabs-panel-container\">\n\t\t\t<div class=\"sow-tabs-panel\">\n\t\t\t<div class=\"sow-tabs-panel-content\" role=\"tabpanel\" tabindex=\"0\">\n\t\t\t\t<p><a href=\"http:\/\/www2.uepg.br\/opmat\/wp-content\/uploads\/sites\/49\/2020\/03\/RevistaOPMat-Volume1-2019.pdf\" target=\"_blank\" rel=\"noopener\"><img class=\"aligncenter wp-image-9501\" src=\"http:\/\/www2.uepg.br\/opmat\/wp-content\/uploads\/sites\/49\/2024\/02\/RevistaOPMat-Volume1-2019-1_page-0001.jpg\" alt=\"\" width=\"340\" height=\"476\" \/><\/a><\/p>\n\t\t\t<\/div>\n\t\t<\/div>\n\t\t\t<div class=\"sow-tabs-panel\">\n\t\t\t<div class=\"sow-tabs-panel-content\" role=\"tabpanel\" aria-hidden=\"true\">\n\t\t\t\t<p><a href=\"http:\/\/www2.uepg.br\/opmat\/wp-content\/uploads\/sites\/49\/2020\/12\/RevistaOPMat-Volume2-2020-VersaoOnlineFinal.pdf\" target=\"_blank\" rel=\"noopener\"><img class=\"aligncenter wp-image-9500\" src=\"http:\/\/www2.uepg.br\/opmat\/wp-content\/uploads\/sites\/49\/2024\/02\/RevistaOPMat-Volume2-2020-VersaoOnlineFinal-1_page-0001.jpg\" alt=\"\" width=\"340\" height=\"476\" \/><\/a><\/p>\n\t\t\t<\/div>\n\t\t<\/div>\n\t\t\t<div class=\"sow-tabs-panel\">\n\t\t\t<div class=\"sow-tabs-panel-content\" role=\"tabpanel\" aria-hidden=\"true\">\n\t\t\t\t<p><a href=\"http:\/\/www2.uepg.br\/opmat\/wp-content\/uploads\/sites\/49\/2022\/02\/RevistaOPMat-Volume3-2021-VersaoOnline-Final.pdf\" target=\"_blank\" rel=\"noopener\"><img class=\"aligncenter wp-image-9504\" src=\"http:\/\/www2.uepg.br\/opmat\/wp-content\/uploads\/sites\/49\/2024\/02\/RevistaOPMat-Volume3-2021-VersaoOnline-Final-1_page-0001.jpg\" alt=\"\" width=\"340\" height=\"476\" \/><\/a><\/p>\n\t\t\t<\/div>\n\t\t<\/div>\n\t\t\t<div class=\"sow-tabs-panel\">\n\t\t\t<div class=\"sow-tabs-panel-content\" role=\"tabpanel\" aria-hidden=\"true\">\n\t\t\t\t<p><a href=\"http:\/\/www2.uepg.br\/opmat\/wp-content\/uploads\/sites\/49\/2022\/12\/RevistaOPMat-Volume4-2022_Online.pdf\" target=\"_blank\" rel=\"noopener\"><img class=\"aligncenter wp-image-9503\" src=\"http:\/\/www2.uepg.br\/opmat\/wp-content\/uploads\/sites\/49\/2024\/02\/RevistaOPMat-Volume4-2022_Online-1_page-0001.jpg\" alt=\"\" width=\"340\" height=\"476\" \/><\/a><\/p>\n\t\t\t<\/div>\n\t\t<\/div>\n\t\t\t<div class=\"sow-tabs-panel\">\n\t\t\t<div class=\"sow-tabs-panel-content\" role=\"tabpanel\" aria-hidden=\"true\">\n\t\t\t\t<p><a href=\"http:\/\/www2.uepg.br\/opmat\/wp-content\/uploads\/sites\/49\/2024\/01\/RevistaOPMat-Volume5-2023_Online.pdf\" target=\"_blank\" rel=\"noopener\"><img class=\"aligncenter wp-image-9502\" src=\"http:\/\/www2.uepg.br\/opmat\/wp-content\/uploads\/sites\/49\/2024\/02\/RevistaOPMat-Volume5-2023_Online-1_page-0001.jpg\" alt=\"\" width=\"340\" height=\"476\" \/><\/a><\/p>\n\t\t\t<\/div>\n\t\t<\/div>\n\t\t\t<div class=\"sow-tabs-panel\">\n\t\t\t<div class=\"sow-tabs-panel-content\" role=\"tabpanel\" aria-hidden=\"true\">\n\t\t\t\t<p><a href=\"http:\/\/www2.uepg.br\/opmat\/wp-content\/uploads\/sites\/49\/2024\/12\/Revista-da-OPMat-Volume-6.pdf\" target=\"_blank\" rel=\"noopener\"><img class=\"aligncenter wp-image-10711\" src=\"http:\/\/www2.uepg.br\/opmat\/wp-content\/uploads\/sites\/49\/2024\/12\/capa_6_revista.jpg\" alt=\"\" width=\"339\" height=\"480\" \/><\/a><\/p>\n\t\t\t<\/div>\n\t\t<\/div>\n\t\t\t<div class=\"sow-tabs-panel\">\n\t\t\t<div class=\"sow-tabs-panel-content\" role=\"tabpanel\" aria-hidden=\"true\">\n\t\t\t\t<p><a href=\"http:\/\/www2.uepg.br\/opmat\/wp-content\/uploads\/sites\/49\/2025\/09\/REVISTA-DA-OPMat-VOLUME-7-VERSAO-ON-LINE.pdf\" target=\"_blank\" rel=\"noopener\"><img class=\"aligncenter wp-image-11703\" src=\"http:\/\/www2.uepg.br\/opmat\/wp-content\/uploads\/sites\/49\/2025\/09\/capa-revista-2025-771x1080.png\" alt=\"\" width=\"339\" height=\"475\" \/><\/a><\/p>\n\t\t\t<\/div>\n\t\t<\/div>\n\t\t\t<div class=\"sow-tabs-panel\">\n\t\t\t<div class=\"sow-tabs-panel-content\" role=\"tabpanel\" aria-hidden=\"true\">\n\t\t\t\t\t\t\t<\/div>\n\t\t<\/div>\n\t\t<\/div>\n<\/div>\n<\/div><\/div><\/div><\/div><\/div>","protected":false},"excerpt":{"rendered":"<p>A\u00a0Revista da Olimp\u00edada Pontagrossense de Matem\u00e1tica\u00a0\u00e9 resultado do projeto de extens\u00e3o:\u00a0Olimp\u00edadas de Matem\u00e1tica: Promovendo a Inclus\u00e3o Social e ajudando a mudar o cen\u00e1rio da Educa\u00e7\u00e3o, desenvolvido pelo Departamento de Matem\u00e1tica e Estat\u00edstica da UEPG. Tem periodicidade anual, com atualmente 6 Volumes publicados. O principal objetivo da Revista \u00e9 compor um material robusto em conte\u00fados matem\u00e1ticos&nbsp;&hellip;<\/p>\n","protected":false},"author":24,"featured_media":0,"parent":0,"menu_order":0,"comment_status":"closed","ping_status":"closed","template":"","meta":[],"_links":{"self":[{"href":"https:\/\/www2.uepg.br\/opmat\/wp-json\/wp\/v2\/pages\/33"}],"collection":[{"href":"https:\/\/www2.uepg.br\/opmat\/wp-json\/wp\/v2\/pages"}],"about":[{"href":"https:\/\/www2.uepg.br\/opmat\/wp-json\/wp\/v2\/types\/page"}],"author":[{"embeddable":true,"href":"https:\/\/www2.uepg.br\/opmat\/wp-json\/wp\/v2\/users\/24"}],"replies":[{"embeddable":true,"href":"https:\/\/www2.uepg.br\/opmat\/wp-json\/wp\/v2\/comments?post=33"}],"version-history":[{"count":98,"href":"https:\/\/www2.uepg.br\/opmat\/wp-json\/wp\/v2\/pages\/33\/revisions"}],"predecessor-version":[{"id":11706,"href":"https:\/\/www2.uepg.br\/opmat\/wp-json\/wp\/v2\/pages\/33\/revisions\/11706"}],"wp:attachment":[{"href":"https:\/\/www2.uepg.br\/opmat\/wp-json\/wp\/v2\/media?parent=33"}],"curies":[{"name":"wp","href":"https:\/\/api.w.org\/{rel}","templated":true}]}}