{"id":39,"date":"2020-02-07T09:21:35","date_gmt":"2020-02-07T12:21:35","guid":{"rendered":"http:\/\/www2.uepg.br\/opmat\/?page_id=39"},"modified":"2020-03-25T16:30:01","modified_gmt":"2020-03-25T19:30:01","slug":"links-uteis","status":"publish","type":"page","link":"https:\/\/www2.uepg.br\/opmat\/links-uteis\/","title":{"rendered":"Links \u00dateis"},"content":{"rendered":"<p><strong>OLIMP\u00cdADAS NO BRASIL<\/strong><\/p>\n<ul>\n<li><a href=\"http:\/\/www.obmep.org.br\/\" target=\"_blank\" rel=\"noopener noreferrer\">Olimp\u00edada Brasileira de Matem\u00e1tica das Escolas P\u00fablicas e Privadas \u2013 OBMEP<\/a><\/li>\n<li><a href=\"http:\/\/www.obm.org.br\/\" target=\"_blank\" rel=\"noopener noreferrer\">Olimp\u00edada Brasileira de Matem\u00e1tica &#8211; OBM<\/a><\/li>\n<li><a href=\"http:\/\/www.cangurudematematicabrasil.com.br\/\" target=\"_blank\" rel=\"noopener noreferrer\">Canguru de Matem\u00e1tica Brasil<\/a><\/li>\n<li><a href=\"http:\/\/www.mat.ufpr.br\/oprm\/\" target=\"_blank\" rel=\"noopener noreferrer\">Olimp\u00edada Paranaense de Matem\u00e1tica \u2013 OPRM<\/a><\/li>\n<\/ul>\n<p><strong>OLIMP\u00cdADAS NO EXTERIOR<\/strong><\/p>\n<ul>\n<li><a href=\"http:\/\/www.imo-official.org\/\" target=\"_blank\" rel=\"noopener noreferrer\">International Mathematics Olympiad &#8211; IMO<\/a><\/li>\n<\/ul>\n<p><strong>PORTAIS<\/strong><\/p>\n<ul>\n<li><a href=\"https:\/\/portaldosaber.obmep.org.br\/\" target=\"_blank\" rel=\"noopener noreferrer\">Portal do Saber<\/a><\/li>\n<li><a href=\"https:\/\/poti.impa.br\/\" target=\"_blank\" rel=\"noopener noreferrer\">Polo Ol\u00edmpico de Treinamento Intensivo \u2013 POTI<\/a><\/li>\n<\/ul>\n<p><strong>CA<\/strong><strong>NAL NO YOUTUBE<\/strong><\/p>\n<ul>\n<li><a href=\"https:\/\/www.youtube.com\/channel\/UCzs574vJvpTNc4Z9vaN5Wmg\" target=\"_blank\" rel=\"noopener noreferrer\">Portal da Matem\u00e1tica<\/a><\/li>\n<\/ul>\n<p>&nbsp;<\/p>\n","protected":false},"excerpt":{"rendered":"<p>OLIMP\u00cdADAS NO BRASIL Olimp\u00edada Brasileira de Matem\u00e1tica das Escolas P\u00fablicas e Privadas \u2013 OBMEP Olimp\u00edada Brasileira de Matem\u00e1tica &#8211; OBM Canguru de Matem\u00e1tica Brasil Olimp\u00edada Paranaense de Matem\u00e1tica \u2013 OPRM OLIMP\u00cdADAS NO EXTERIOR International Mathematics Olympiad &#8211; IMO PORTAIS Portal do Saber Polo Ol\u00edmpico de Treinamento Intensivo \u2013 POTI CANAL NO YOUTUBE Portal da Matem\u00e1tica&nbsp;&hellip;<\/p>\n","protected":false},"author":24,"featured_media":0,"parent":0,"menu_order":0,"comment_status":"closed","ping_status":"closed","template":"","meta":[],"_links":{"self":[{"href":"https:\/\/www2.uepg.br\/opmat\/wp-json\/wp\/v2\/pages\/39"}],"collection":[{"href":"https:\/\/www2.uepg.br\/opmat\/wp-json\/wp\/v2\/pages"}],"about":[{"href":"https:\/\/www2.uepg.br\/opmat\/wp-json\/wp\/v2\/types\/page"}],"author":[{"embeddable":true,"href":"https:\/\/www2.uepg.br\/opmat\/wp-json\/wp\/v2\/users\/24"}],"replies":[{"embeddable":true,"href":"https:\/\/www2.uepg.br\/opmat\/wp-json\/wp\/v2\/comments?post=39"}],"version-history":[{"count":3,"href":"https:\/\/www2.uepg.br\/opmat\/wp-json\/wp\/v2\/pages\/39\/revisions"}],"predecessor-version":[{"id":403,"href":"https:\/\/www2.uepg.br\/opmat\/wp-json\/wp\/v2\/pages\/39\/revisions\/403"}],"wp:attachment":[{"href":"https:\/\/www2.uepg.br\/opmat\/wp-json\/wp\/v2\/media?parent=39"}],"curies":[{"name":"wp","href":"https:\/\/api.w.org\/{rel}","templated":true}]}}