{"id":6530,"date":"2023-01-20T11:02:14","date_gmt":"2023-01-20T14:02:14","guid":{"rendered":"https:\/\/www2.uepg.br\/opmat\/?page_id=6530"},"modified":"2026-02-24T15:27:12","modified_gmt":"2026-02-24T18:27:12","slug":"poti-uepg","status":"publish","type":"page","link":"https:\/\/www2.uepg.br\/opmat\/poti-uepg\/","title":{"rendered":"POTI UEPG"},"content":{"rendered":"<div id=\"pl-6530\"  class=\"panel-layout\" ><div id=\"pg-6530-0\"  class=\"panel-grid panel-no-style\" ><div id=\"pgc-6530-0-0\"  class=\"panel-grid-cell\" ><div id=\"panel-6530-0-0-0\" class=\"so-panel widget widget_sow-editor panel-first-child panel-last-child\" data-index=\"0\" ><div\n\t\t\t\n\t\t\tclass=\"so-widget-sow-editor so-widget-sow-editor-base\"\n\t\t\t\n\t\t>\n<div class=\"siteorigin-widget-tinymce textwidget\">\n\t<p><img loading=\"lazy\" class=\"aligncenter wp-image-432 size-full\" src=\"http:\/\/www2.uepg.br\/opmat\/wp-content\/uploads\/sites\/49\/2020\/03\/POTI-LOGO.png\" alt=\"\" width=\"265\" height=\"152\" \/><\/p>\n<p style=\"text-align: justify\"><span style=\"font-weight: 400\">O curso Polo Ol\u00edmpico de Treinamento Intensivo (POTI) \u00e9 oferecido para todos os alunos do ensino fundamental II e do ensino m\u00e9dio, das escolas p\u00fablicas e particulares de Ponta Grossa e regi\u00e3o, que t\u00eam interesse em participar das Olimp\u00edadas Brasileiras de Matem\u00e1tica: OBM e OBMEP, a Olimp\u00edada Estadual, a OPRM, e tamb\u00e9m da OPMat, que \u00e9 a olimp\u00edada do munc\u00edpio de Ponta Grossa. Devido \u00e0 pandemia da COVID-19, o POTI nos anos de 2020 e 2021 foi realizado de forma remota e nos anos de 2022 \u00e0 2026, foi decidido continuar com as atividades remotas uma vez que as aulas s\u00e3o semanais. As aulas s\u00e3o ministradas de forma remota com atividades s\u00edncronas pelo Google Meet e atividades ass\u00edncronas no Google Sala de Aula. A estrutura do curso, se d\u00e1 na seguinte forma: as aulas s\u00e3o realizadas em um dia na semana (dia esse acordado entre os ministrantes e coordena\u00e7\u00e3o), com dura\u00e7\u00e3o de 1 (uma) hora e meia de dura\u00e7\u00e3o. O curso tem uma dura\u00e7\u00e3o de aproximadamente 9 (nove) meses, divididos em ciclos, sendo 4 (quatro) semanas de aula e 1 (uma) semana de atividades (semana a qual \u00e9 destinada aos alunos resolverem a lista postada no in\u00edcio da semana). As aulas s\u00e3o ministradas por professores de matem\u00e1tica e licenciandos em matem\u00e1tica da UEPG que t\u00eam sua turmas divididas por n\u00edveis. A divis\u00e3o por n\u00edveis \u00e9 feita da seguinte forma: N\u00edvel 1 (6\u00b0 e 7 \u00b0 anos do ensino fundamental II), N\u00edvel 2 ( 8\u00b0 e 9\u00b0 anos do fundamental II) e N\u00edvel 3 (ensino m\u00e9dio).<\/span><\/p>\n<p>Para conhecer o material utilizado no POTI, <a href=\"https:\/\/poti.impa.br\/index.php\/site\/material\" target=\"_blank\" rel=\"noopener\">clique aqui<\/a>.<\/p>\n<p>Inscri\u00e7\u00f5es do POTI 2026: <a href=\"https:\/\/poti.impa.br\/index.php\/site\/registroinicio\" target=\"_blank\" rel=\"noopener\">clique aqui<\/a>. Escolha o polo presencial de Ponta Grossa, o mesmo ocorre no formato virtual.<\/p>\n<p>Do dia 23 de fevereiro ao dia 13 de mar\u00e7o.<\/p>\n<p>&nbsp;<\/p>\n<p>Fale conosco atrav\u00e9s do e-mail:<\/p>\n<p><img loading=\"lazy\" class=\"alignnone wp-image-416\" src=\"http:\/\/www2.uepg.br\/opmat\/wp-content\/uploads\/sites\/49\/2020\/03\/81055-1.png\" alt=\"\" width=\"19\" height=\"19\" \/> potiuepg@gmail.com<\/p>\n<\/div>\n<\/div><\/div><\/div><\/div><\/div>","protected":false},"excerpt":{"rendered":"<p>O curso Polo Ol\u00edmpico de Treinamento Intensivo (POTI) \u00e9 oferecido para todos os alunos do ensino fundamental II e do ensino m\u00e9dio, das escolas p\u00fablicas e particulares de Ponta Grossa e regi\u00e3o, que t\u00eam interesse em participar das Olimp\u00edadas Brasileiras de Matem\u00e1tica: OBM e OBMEP, a Olimp\u00edada Estadual, a OPRM, e tamb\u00e9m da OPMat, que&nbsp;&hellip;<\/p>\n","protected":false},"author":582,"featured_media":0,"parent":0,"menu_order":0,"comment_status":"closed","ping_status":"closed","template":"","meta":[],"_links":{"self":[{"href":"https:\/\/www2.uepg.br\/opmat\/wp-json\/wp\/v2\/pages\/6530"}],"collection":[{"href":"https:\/\/www2.uepg.br\/opmat\/wp-json\/wp\/v2\/pages"}],"about":[{"href":"https:\/\/www2.uepg.br\/opmat\/wp-json\/wp\/v2\/types\/page"}],"author":[{"embeddable":true,"href":"https:\/\/www2.uepg.br\/opmat\/wp-json\/wp\/v2\/users\/582"}],"replies":[{"embeddable":true,"href":"https:\/\/www2.uepg.br\/opmat\/wp-json\/wp\/v2\/comments?post=6530"}],"version-history":[{"count":17,"href":"https:\/\/www2.uepg.br\/opmat\/wp-json\/wp\/v2\/pages\/6530\/revisions"}],"predecessor-version":[{"id":11927,"href":"https:\/\/www2.uepg.br\/opmat\/wp-json\/wp\/v2\/pages\/6530\/revisions\/11927"}],"wp:attachment":[{"href":"https:\/\/www2.uepg.br\/opmat\/wp-json\/wp\/v2\/media?parent=6530"}],"curies":[{"name":"wp","href":"https:\/\/api.w.org\/{rel}","templated":true}]}}