{"id":6531,"date":"2023-01-20T11:02:14","date_gmt":"2023-01-20T14:02:14","guid":{"rendered":"https:\/\/www2.uepg.br\/opmat\/?page_id=6531"},"modified":"2024-02-01T16:53:47","modified_gmt":"2024-02-01T19:53:47","slug":"one-pr03","status":"publish","type":"page","link":"https:\/\/www2.uepg.br\/opmat\/one-pr03\/","title":{"rendered":"ONE PR03"},"content":{"rendered":"<p><img loading=\"lazy\" class=\"size-medium wp-image-5075 aligncenter\" src=\"http:\/\/www2.uepg.br\/opmat\/wp-content\/uploads\/sites\/49\/2021\/02\/Simbolo_OBMEP_NA_ESCOLA-sem-fundo-300x125.png\" alt=\"\" width=\"300\" height=\"125\" srcset=\"https:\/\/www2.uepg.br\/opmat\/wp-content\/uploads\/sites\/49\/2021\/02\/Simbolo_OBMEP_NA_ESCOLA-sem-fundo-300x125.png 300w, https:\/\/www2.uepg.br\/opmat\/wp-content\/uploads\/sites\/49\/2021\/02\/Simbolo_OBMEP_NA_ESCOLA-sem-fundo-768x321.png 768w, https:\/\/www2.uepg.br\/opmat\/wp-content\/uploads\/sites\/49\/2021\/02\/Simbolo_OBMEP_NA_ESCOLA-sem-fundo.png 773w\" sizes=\"(max-width: 300px) 100vw, 300px\" \/><\/p>\n<p style=\"text-align: justify\">O Programa OBMEP na Escola (ONE) \u00e9 um curso de forma\u00e7\u00e3o continuada destinado aos professores de matem\u00e1tica do Ensino Fundamental II e do Ensino M\u00e9dio de educand\u00e1rios p\u00fablicos e privados. <span style=\"font-weight: 400\">O objetivo \u00e9<\/span><span style=\"font-weight: 400\"> contribuir para a forma\u00e7\u00e3o de professores de Matem\u00e1tica estimulando-os a estudos mais aprofundados e a ado\u00e7\u00e3o de novas pr\u00e1ticas did\u00e1ticas em suas salas de aula. O curso contempla encontros de forma\u00e7\u00e3o realizados de forma presencial para os professores que residem em Ponta Grossa ou em cidades pr\u00f3ximas e de forma remota s\u00edncrona, via google meet, para os professores que residem em cidades distantes de Ponta Grossa, al\u00e9m de atividades extra curso, de forma ass\u00edncrona, atreladas aos encontros remotos. Os supervisores do projeto de extens\u00e3o envolvidos neste curso s\u00e3o respons\u00e1veis por ministrar as aulas com o material, cedido pelo IMPA, que contempla aspectos te\u00f3ricos, leituras recomendadas, v\u00eddeos e listas de problemas que serviram como estudo nos encontros remotos. O material \u00e9 encaminhado aos professores participantes do curso atrav\u00e9s da plataforma google sala de aula, com no m\u00ednimo 5 dias de anteced\u00eancia aos encontros de forma\u00e7\u00e3o. A Metodologia utilizada \u00e9 a Metodologia de Resolu\u00e7\u00e3o de Problemas. O curso tem uma dura\u00e7\u00e3o de entorno 7 (sete) meses (de abril e setembro), sendo que nos dois primeiros meses (abril e maio), os professores participam de encontros de forma\u00e7\u00e3o, de 4 (quatro) horas, a cada duas semanas e, nos meses subsequentes (de junho a setembro), os professores participaram de um encontro a cada m\u00eas com a dura\u00e7\u00e3o de 4 (horas).<\/span><\/p>\n<p>Abaixo, voc\u00ea encontra os materiais utilizados nas edi\u00e7\u00f5es anteriores do curso.<\/p>\n<p>Fale conosco atrav\u00e9s do e-mail:<\/p>\n<p><img loading=\"lazy\" class=\"alignnone wp-image-416\" src=\"http:\/\/www2.uepg.br\/opmat\/wp-content\/uploads\/sites\/49\/2020\/03\/81055-1.png\" alt=\"\" width=\"19\" height=\"19\" \/> pic.one.pr03@gmail.com<\/p>\n","protected":false},"excerpt":{"rendered":"<p>O Programa OBMEP na Escola (ONE) \u00e9 um curso de forma\u00e7\u00e3o continuada destinado aos professores de matem\u00e1tica do Ensino Fundamental II e do Ensino M\u00e9dio de educand\u00e1rios p\u00fablicos e privados. O objetivo \u00e9 contribuir para a forma\u00e7\u00e3o de professores de Matem\u00e1tica estimulando-os a estudos mais aprofundados e a ado\u00e7\u00e3o de novas pr\u00e1ticas did\u00e1ticas em suas&nbsp;&hellip;<\/p>\n","protected":false},"author":582,"featured_media":0,"parent":0,"menu_order":0,"comment_status":"closed","ping_status":"closed","template":"","meta":[],"_links":{"self":[{"href":"https:\/\/www2.uepg.br\/opmat\/wp-json\/wp\/v2\/pages\/6531"}],"collection":[{"href":"https:\/\/www2.uepg.br\/opmat\/wp-json\/wp\/v2\/pages"}],"about":[{"href":"https:\/\/www2.uepg.br\/opmat\/wp-json\/wp\/v2\/types\/page"}],"author":[{"embeddable":true,"href":"https:\/\/www2.uepg.br\/opmat\/wp-json\/wp\/v2\/users\/582"}],"replies":[{"embeddable":true,"href":"https:\/\/www2.uepg.br\/opmat\/wp-json\/wp\/v2\/comments?post=6531"}],"version-history":[{"count":6,"href":"https:\/\/www2.uepg.br\/opmat\/wp-json\/wp\/v2\/pages\/6531\/revisions"}],"predecessor-version":[{"id":9546,"href":"https:\/\/www2.uepg.br\/opmat\/wp-json\/wp\/v2\/pages\/6531\/revisions\/9546"}],"wp:attachment":[{"href":"https:\/\/www2.uepg.br\/opmat\/wp-json\/wp\/v2\/media?parent=6531"}],"curies":[{"name":"wp","href":"https:\/\/api.w.org\/{rel}","templated":true}]}}