{"id":6536,"date":"2023-01-20T11:02:14","date_gmt":"2023-01-20T14:02:14","guid":{"rendered":"https:\/\/www2.uepg.br\/opmat\/?page_id=6536"},"modified":"2024-02-26T14:03:42","modified_gmt":"2024-02-26T17:03:42","slug":"obmep-pr01","status":"publish","type":"page","link":"https:\/\/www2.uepg.br\/opmat\/obmep-pr01\/","title":{"rendered":"COORDENA\u00c7\u00c3O REGIONAL PR01 OBMEP"},"content":{"rendered":"<p>A Coordena\u00e7\u00e3o Regional PR01 da OBMEP \u00e9 respons\u00e1vel pela log\u00edstica de aplica\u00e7\u00e3o de provas e premia\u00e7\u00f5es em 216 cidades do Paran\u00e1. Desde 2020, a Coordena\u00e7\u00e3o mudou-se para a Universidade Estadual de Ponta Grossa (UEPG) e vem sendo coordenada pela Professora Doutora Elisangela dos Santos Meza, do Departamento de Matem\u00e1tica e Estat\u00edstica da UEPG.<\/p>\n<p>Abaixo segue a divis\u00e3o dos N\u00facleos Regionais de Educa\u00e7\u00e3o do Estado do Paran\u00e1, entre a PR01, sediada em Ponta Grossa, e a PR02, sediada em Cascavel.<\/p>\n<p><img loading=\"lazy\" class=\"size-full wp-image-9695 aligncenter\" src=\"http:\/\/www2.uepg.br\/opmat\/wp-content\/uploads\/sites\/49\/2024\/02\/unnamed.png\" alt=\"\" width=\"504\" height=\"349\" \/><\/p>\n","protected":false},"excerpt":{"rendered":"<p>A Coordena\u00e7\u00e3o Regional PR01 da OBMEP \u00e9 respons\u00e1vel pela log\u00edstica de aplica\u00e7\u00e3o de provas e premia\u00e7\u00f5es em 216 cidades do Paran\u00e1. Desde 2020, a Coordena\u00e7\u00e3o mudou-se para a Universidade Estadual de Ponta Grossa (UEPG) e vem sendo coordenada pela Professora Doutora Elisangela dos Santos Meza, do Departamento de Matem\u00e1tica e Estat\u00edstica da UEPG. Abaixo segue&nbsp;&hellip;<\/p>\n","protected":false},"author":582,"featured_media":0,"parent":0,"menu_order":0,"comment_status":"closed","ping_status":"closed","template":"","meta":[],"_links":{"self":[{"href":"https:\/\/www2.uepg.br\/opmat\/wp-json\/wp\/v2\/pages\/6536"}],"collection":[{"href":"https:\/\/www2.uepg.br\/opmat\/wp-json\/wp\/v2\/pages"}],"about":[{"href":"https:\/\/www2.uepg.br\/opmat\/wp-json\/wp\/v2\/types\/page"}],"author":[{"embeddable":true,"href":"https:\/\/www2.uepg.br\/opmat\/wp-json\/wp\/v2\/users\/582"}],"replies":[{"embeddable":true,"href":"https:\/\/www2.uepg.br\/opmat\/wp-json\/wp\/v2\/comments?post=6536"}],"version-history":[{"count":12,"href":"https:\/\/www2.uepg.br\/opmat\/wp-json\/wp\/v2\/pages\/6536\/revisions"}],"predecessor-version":[{"id":9698,"href":"https:\/\/www2.uepg.br\/opmat\/wp-json\/wp\/v2\/pages\/6536\/revisions\/9698"}],"wp:attachment":[{"href":"https:\/\/www2.uepg.br\/opmat\/wp-json\/wp\/v2\/media?parent=6536"}],"curies":[{"name":"wp","href":"https:\/\/api.w.org\/{rel}","templated":true}]}}