{"id":6537,"date":"2023-01-20T11:02:14","date_gmt":"2023-01-20T14:02:14","guid":{"rendered":"https:\/\/www2.uepg.br\/opmat\/?page_id=6537"},"modified":"2023-03-20T17:12:44","modified_gmt":"2023-03-20T20:12:44","slug":"material-didatico","status":"publish","type":"page","link":"https:\/\/www2.uepg.br\/opmat\/material-didatico\/","title":{"rendered":"MATERIAL DID\u00c1TICO OBMEP"},"content":{"rendered":"<p>Os Materiais Did\u00e1ticos como provas de anos anteriores, bancos de quest\u00f5es da OBMEP, apostilas do PIC, v\u00eddeos, simulados e muito mais, s\u00e3o disponibilizados gratuitamente pelo IMPA atrav\u00e9s do site da OBMEP.<\/p>\n<p>Para acessar os materiais da OBMEP, <a href=\"http:\/\/www.obmep.org.br\/\">clique aqui<\/a> e siga at\u00e9 a aba &#8220;MATERIAIS DID\u00c1TICOS&#8221;.<\/p>\n","protected":false},"excerpt":{"rendered":"<p>Os Materiais Did\u00e1ticos como provas de anos anteriores, bancos de quest\u00f5es da OBMEP, apostilas do PIC, v\u00eddeos, simulados e muito mais, s\u00e3o disponibilizados gratuitamente pelo IMPA atrav\u00e9s do site da OBMEP. Para acessar os materiais da OBMEP, clique aqui e siga at\u00e9 a aba &#8220;MATERIAIS DID\u00c1TICOS&#8221;.<\/p>\n","protected":false},"author":582,"featured_media":0,"parent":0,"menu_order":0,"comment_status":"closed","ping_status":"closed","template":"","meta":[],"_links":{"self":[{"href":"https:\/\/www2.uepg.br\/opmat\/wp-json\/wp\/v2\/pages\/6537"}],"collection":[{"href":"https:\/\/www2.uepg.br\/opmat\/wp-json\/wp\/v2\/pages"}],"about":[{"href":"https:\/\/www2.uepg.br\/opmat\/wp-json\/wp\/v2\/types\/page"}],"author":[{"embeddable":true,"href":"https:\/\/www2.uepg.br\/opmat\/wp-json\/wp\/v2\/users\/582"}],"replies":[{"embeddable":true,"href":"https:\/\/www2.uepg.br\/opmat\/wp-json\/wp\/v2\/comments?post=6537"}],"version-history":[{"count":4,"href":"https:\/\/www2.uepg.br\/opmat\/wp-json\/wp\/v2\/pages\/6537\/revisions"}],"predecessor-version":[{"id":7651,"href":"https:\/\/www2.uepg.br\/opmat\/wp-json\/wp\/v2\/pages\/6537\/revisions\/7651"}],"wp:attachment":[{"href":"https:\/\/www2.uepg.br\/opmat\/wp-json\/wp\/v2\/media?parent=6537"}],"curies":[{"name":"wp","href":"https:\/\/api.w.org\/{rel}","templated":true}]}}