{"id":140,"date":"2019-12-20T22:59:15","date_gmt":"2019-12-21T01:59:15","guid":{"rendered":"http:\/\/www2.uepg.br\/parana-fala-idiomas\/?page_id=140"},"modified":"2026-03-12T10:28:02","modified_gmt":"2026-03-12T13:28:02","slug":"editais-pfe","status":"publish","type":"page","link":"https:\/\/www2.uepg.br\/parana-fala-idiomas\/editais-pfe\/","title":{"rendered":"Editais Paran\u00e1 Fala Espanhol"},"content":{"rendered":"<div id=\"pl-140\"  class=\"panel-layout\" ><div id=\"pg-140-0\"  class=\"panel-grid panel-no-style\" ><div id=\"pgc-140-0-0\"  class=\"panel-grid-cell panel-grid-cell-empty\" ><\/div><\/div><div id=\"pg-140-1\"  class=\"panel-grid panel-no-style\" ><div id=\"pgc-140-1-0\"  class=\"panel-grid-cell\" ><div id=\"panel-140-1-0-0\" class=\"so-panel widget widget_sow-tabs panel-first-child panel-last-child\" data-index=\"0\" ><div\n\t\t\t\n\t\t\tclass=\"so-widget-sow-tabs so-widget-sow-tabs-default-02e4508ec074-140\"\n\t\t\t\n\t\t><h3 class=\"widget-title\">Editais<\/h3><div class=\"sow-tabs\">\n\t<div class=\"sow-tabs-tab-container\" role=\"tablist\">\n\t\t\t<div class=\"sow-tabs-tab sow-tabs-tab-selected\"\n\t\t\t role=\"tab\" data-anchor=\"2026\"\n\t\t\t aria-selected=\"true\" tabindex=\"0\">\n\t\t\t<div class=\"sow-tabs-title sow-tabs-title-icon-left\">\n\t\t\t\t\t\t\t\t2026\t\t\t\t\t\t\t<\/div>\n\t\t<\/div>\n\t\t\t<div class=\"sow-tabs-tab\"\n\t\t\t role=\"tab\" data-anchor=\"2025\"\n\t\t\t aria-selected=\"false\" tabindex=\"-1\">\n\t\t\t<div class=\"sow-tabs-title sow-tabs-title-icon-left\">\n\t\t\t\t\t\t\t\t2025\t\t\t\t\t\t\t<\/div>\n\t\t<\/div>\n\t\t\t<div class=\"sow-tabs-tab\"\n\t\t\t role=\"tab\" data-anchor=\"2024\"\n\t\t\t aria-selected=\"false\" tabindex=\"-1\">\n\t\t\t<div class=\"sow-tabs-title sow-tabs-title-icon-left\">\n\t\t\t\t\t\t\t\t2024\t\t\t\t\t\t\t<\/div>\n\t\t<\/div>\n\t\t\t<div class=\"sow-tabs-tab\"\n\t\t\t role=\"tab\" data-anchor=\"2023\"\n\t\t\t aria-selected=\"false\" tabindex=\"-1\">\n\t\t\t<div class=\"sow-tabs-title sow-tabs-title-icon-left\">\n\t\t\t\t\t\t\t\t2023\t\t\t\t\t\t\t<\/div>\n\t\t<\/div>\n\t\t\t<div class=\"sow-tabs-tab\"\n\t\t\t role=\"tab\" data-anchor=\"2022\"\n\t\t\t aria-selected=\"false\" tabindex=\"-1\">\n\t\t\t<div class=\"sow-tabs-title sow-tabs-title-icon-left\">\n\t\t\t\t\t\t\t\t2022\t\t\t\t\t\t\t<\/div>\n\t\t<\/div>\n\t\t\t<div class=\"sow-tabs-tab\"\n\t\t\t role=\"tab\" data-anchor=\"2021\"\n\t\t\t aria-selected=\"false\" tabindex=\"-1\">\n\t\t\t<div class=\"sow-tabs-title sow-tabs-title-icon-left\">\n\t\t\t\t\t\t\t\t2021\t\t\t\t\t\t\t<\/div>\n\t\t<\/div>\n\t\t\t<div class=\"sow-tabs-tab\"\n\t\t\t role=\"tab\" data-anchor=\"2020\"\n\t\t\t aria-selected=\"false\" tabindex=\"-1\">\n\t\t\t<div class=\"sow-tabs-title sow-tabs-title-icon-left\">\n\t\t\t\t\t\t\t\t2020\t\t\t\t\t\t\t<\/div>\n\t\t<\/div>\n\t\t\t<div class=\"sow-tabs-tab\"\n\t\t\t role=\"tab\" data-anchor=\"2019\"\n\t\t\t aria-selected=\"false\" tabindex=\"-1\">\n\t\t\t<div class=\"sow-tabs-title sow-tabs-title-icon-left\">\n\t\t\t\t\t\t\t\t2019\t\t\t\t\t\t\t<\/div>\n\t\t<\/div>\n\t\t<\/div>\n\t\n\t<div class=\"sow-tabs-panel-container\">\n\t\t\t<div class=\"sow-tabs-panel\">\n\t\t\t<div class=\"sow-tabs-panel-content\" role=\"tabpanel\" tabindex=\"0\">\n\t\t\t\t<p><a href=\"http:\/\/www2.uepg.br\/parana-fala-idiomas\/wp-content\/uploads\/sites\/37\/2026\/03\/Edital-de-Convocacao-de-Turmas-e-Lista-de-Espera-2026_1-1.pdf\">EDITAL 004 - Convoca\u00e7\u00f5es de Turmas e Lista de Espera - 2026.1<\/a><\/p>\n<p><a href=\"http:\/\/www2.uepg.br\/parana-fala-idiomas\/wp-content\/uploads\/sites\/37\/2026\/02\/EDITAL-PFE-RESULTADO-SELECAO-COORDENADOR-PEDAGOGICO-UEPG.docx.pdf\">EDITAL 003 - Resultado final Sele\u00e7\u00e3o de Coordenador Pedag\u00f3gico - 2026.1<\/a><\/p>\n<p><a href=\"http:\/\/www2.uepg.br\/parana-fala-idiomas\/wp-content\/uploads\/sites\/37\/2026\/02\/EDITAL-PFE-SELECAO-COORDENADOR-PEDAGOGICO-UEPG.docx-1.pdf\">EDITAL 002 - Sele\u00e7\u00e3o Coordenador Pedag\u00f3gico - 2026.1<\/a><\/p>\n<p><a href=\"http:\/\/www2.uepg.br\/parana-fala-idiomas\/wp-content\/uploads\/sites\/37\/2026\/02\/EDITAL-CHAMADA-FORMULARIOS-PFE-2026_1.docx-1.pdf\">EDITAL 001 - Inscri\u00e7\u00f5es Cursos - 2026.1<\/a><\/p>\n<p>&nbsp;<\/p>\n\t\t\t<\/div>\n\t\t<\/div>\n\t\t\t<div class=\"sow-tabs-panel\">\n\t\t\t<div class=\"sow-tabs-panel-content\" role=\"tabpanel\" aria-hidden=\"true\">\n\t\t\t\t<p><a href=\"http:\/\/www2.uepg.br\/parana-fala-idiomas\/wp-content\/uploads\/sites\/37\/2025\/12\/EDITAL-PFE-RESULTADO-FINAL-DO-PROCESSO-DE-SELECAO-BOLSISTA-PROFISSIONAL-GRADUADO-PARA-ATUAR-NO-PROGRAMA-PARANA-FALA-ESPANHOL-.docx.pdf\">EDITAL 008 - Resultado final do processo de sele\u00e7\u00e3o bolsista profissional graduado - 2025.2<\/a><\/p>\n<p><a href=\"http:\/\/www2.uepg.br\/parana-fala-idiomas\/wp-content\/uploads\/sites\/37\/2025\/12\/EDITAL-PFE-RESULTADO-PROVA-ESCRITA-E-CONVOCACAO-PARA-PROVA-DIDATICA.docx-2-1.pdf\">EDITAL 007 - Resultado da prova escrita e convoca\u00e7\u00e3o para prova did\u00e1tica - 2025.2<\/a><\/p>\n<p><a href=\"http:\/\/www2.uepg.br\/parana-fala-idiomas\/wp-content\/uploads\/sites\/37\/2025\/12\/EDITAL-PFE-HOMOLOGACAO-DAS-INSCRICOES-E-CONVOCACAO-PARA-PROVA-ESCRITA.docx.pdf\">EDITAL 006 - Homologa\u00e7\u00e3o das inscri\u00e7\u00f5es e convoca\u00e7\u00e3o para prova escrita - 2025.2<\/a><\/p>\n<p><a href=\"http:\/\/www2.uepg.br\/parana-fala-idiomas\/wp-content\/uploads\/sites\/37\/2025\/11\/EDITAL-PFE-SELECAO-PROFISSIONAL-GRADUADO-UEPG.docx-4.pdf\">EDITAL 005 - Sele\u00e7\u00e3o Profissional Graduado\u00a0 - 2025.2<\/a><\/p>\n<p><a href=\"http:\/\/www2.uepg.br\/parana-fala-idiomas\/wp-content\/uploads\/sites\/37\/2025\/08\/Edital-de-Convocacao-de-Turmas-e-Lista-de-Espera-2025_2-1.pdf\">EDITAL 004 - Convoca\u00e7\u00e3o de Turmas e Lista de Espera - 2025.2<\/a><\/p>\n<p><a href=\"http:\/\/www2.uepg.br\/parana-fala-idiomas\/wp-content\/uploads\/sites\/37\/2025\/06\/EDITAL-CHAMADA-FORMULARIOS-PFE-2025_2.docx-1.pdf\">EDITAL 003 - Inscri\u00e7\u00f5es Cursos - 2025.2<\/a><\/p>\n<p><a href=\"http:\/\/www2.uepg.br\/parana-fala-idiomas\/wp-content\/uploads\/sites\/37\/2025\/03\/Edital-de-Convocacao-de-Turmas-e-Lista-de-Espera-2025_1-2.pdf\">EDITAL 002 - Convoca\u00e7\u00e3o de Turmas e Lista de Espera - 2025.1<\/a><\/p>\n<p><a href=\"http:\/\/www2.uepg.br\/parana-fala-idiomas\/wp-content\/uploads\/sites\/37\/2025\/02\/EDITAL-CHAMADA-FORMULARIOS-PFE-2025_1.docx-4.pdf\">EDITAL 001 - Inscri\u00e7\u00f5es Cursos - 2025.1<\/a><\/p>\n\t\t\t<\/div>\n\t\t<\/div>\n\t\t\t<div class=\"sow-tabs-panel\">\n\t\t\t<div class=\"sow-tabs-panel-content\" role=\"tabpanel\" aria-hidden=\"true\">\n\t\t\t\t<p><a href=\"http:\/\/www2.uepg.br\/parana-fala-idiomas\/wp-content\/uploads\/sites\/37\/2024\/08\/Retificacao-Edital-012.pdf\">RETIFICA\u00c7\u00c3O DO EDITAL 012.<\/a><\/p>\n<p><a href=\"http:\/\/www2.uepg.br\/parana-fala-idiomas\/wp-content\/uploads\/sites\/37\/2024\/08\/Edital-012-Resultado-final-apos-a-prorrogacao-das-inscricoes.-3.pdf\">EDITAL 012 - Resultado Final de Matr\u00edculas Ap\u00f3s Prorroga\u00e7\u00e3o - 2024\/2.<\/a><\/p>\n<p><a href=\"http:\/\/www2.uepg.br\/parana-fala-idiomas\/wp-content\/uploads\/sites\/37\/2024\/08\/Parcial-Formacao-de-turmas-2024_2-2.pdf\">EDITAL 011 - Forma\u00e7\u00e3o Parcial de Turmas - 2024\/2<\/a><\/p>\n<p><a href=\"http:\/\/www2.uepg.br\/parana-fala-idiomas\/wp-content\/uploads\/sites\/37\/2024\/08\/Prorrogacao-do-Edital-008.2024-Edital-cursos-PFE-2024_2.docx-1.pdf\">EDITAL 010 - Prorroga\u00e7\u00e3o das Inscri\u00e7\u00f5es 2024\/2<\/a><\/p>\n<p><a href=\"http:\/\/www2.uepg.br\/parana-fala-idiomas\/wp-content\/uploads\/sites\/37\/2024\/08\/Formacao-de-turmas-2024_2.pdf\">EDITAL 009 - Forma\u00e7\u00e3o de turmas-2024\/2<\/a><\/p>\n<p><a href=\"http:\/\/www2.uepg.br\/parana-fala-idiomas\/wp-content\/uploads\/sites\/37\/2024\/07\/EDITAL-CHAMADA-FORMULARIOS-PFE-2024_2.docx-1.pdf\">EDITAL 008 - Edital cursos PFE 2\u00ba semestre 2024<\/a><\/p>\n<p><a href=\"http:\/\/www2.uepg.br\/parana-fala-idiomas\/wp-content\/uploads\/sites\/37\/2024\/07\/EDITAL-007-RESULTADO-PROVISORIO.docx.pdf\">EDITAL 007 - Resultado final provis\u00f3rio e convoca\u00e7\u00e3o para contrata\u00e7\u00e3o de bolsistas selecionados <\/a><\/p>\n<p><a href=\"http:\/\/www2.uepg.br\/parana-fala-idiomas\/wp-content\/uploads\/sites\/37\/2024\/07\/EDITAL-006-Convocacao-para-entrevistas.docx.pdf\">EDITAL 006 - Convoca\u00e7\u00e3o para entrevistas- SELE\u00c7\u00c3O DE BOLSISTAS: estudante de gradua\u00e7\u00e3o<\/a><\/p>\n<p><a href=\"http:\/\/www2.uepg.br\/parana-fala-idiomas\/wp-content\/uploads\/sites\/37\/2024\/07\/EDITAL-N005-HOMOLOGACAO-DAS-INSCRICOES.docx-1.pdf\">EDITAL 005 - Homologa\u00e7\u00e3o de inscri\u00e7\u00f5es-SELE\u00c7\u00c3O DE BOLSISTAS:estudante de gradua\u00e7\u00e3o<\/a><\/p>\n<p><a href=\"http:\/\/www2.uepg.br\/parana-fala-idiomas\/wp-content\/uploads\/sites\/37\/2024\/06\/PFE-EDITAL-DE-INSCRICAO-site.docx-2.pdf\">EDITAL 004 - Sele\u00e7\u00e3o de bolsistas: Estudante de gradua\u00e7\u00e3o<\/a><\/p>\n<p><a href=\"http:\/\/www2.uepg.br\/parana-fala-idiomas\/wp-content\/uploads\/sites\/37\/2024\/03\/Formacao-das-Turmas-2024.1-2.pdf\">EDITAL 003.2024-Formacao das Turmas 2024.1 <\/a><\/p>\n<p><a href=\"http:\/\/www2.uepg.br\/parana-fala-idiomas\/wp-content\/uploads\/sites\/37\/2024\/03\/EDITAL-CHAMADA-FORMULARIOS-PFE-2024.docx-2.pdf\">EDITAL 002.2024- Prorroga\u00e7\u00e3o das inscri\u00e7\u00f5es dos cursos PFE-2024.1<\/a><\/p>\n<p><a href=\"http:\/\/www2.uepg.br\/parana-fala-idiomas\/wp-content\/uploads\/sites\/37\/2024\/03\/EDITAL-CHAMADA-FORMULARIOS-PFE-2024.docx-1-1.pdf\">EDITAL 001.2024 Incri\u00e7\u00f5es cursos-PFE<\/a><\/p>\n\t\t\t<\/div>\n\t\t<\/div>\n\t\t\t<div class=\"sow-tabs-panel\">\n\t\t\t<div class=\"sow-tabs-panel-content\" role=\"tabpanel\" aria-hidden=\"true\">\n\t\t\t\t<p><a href=\"http:\/\/www2.uepg.br\/parana-fala-idiomas\/wp-content\/uploads\/sites\/37\/2023\/08\/EDITAL-010.2023-Formacao-das-Turmas-2023.2.pdf\">EDITAL 010.2023 Forma\u00e7\u00e3o das Turmas 2023.2<\/a><\/p>\n<p><a href=\"http:\/\/www2.uepg.br\/parana-fala-idiomas\/wp-content\/uploads\/sites\/37\/2023\/07\/EDITAL-009-Abertura-de-Incricoes-PFE-2023-2.pdf\">EDITAL 009 Abertura das inscri\u00e7\u00f5es para os cursos do segundo semestre do programa O Paran\u00e1 Fala Espanhol<\/a><\/p>\n<p><a href=\"http:\/\/www2.uepg.br\/parana-fala-idiomas\/wp-content\/uploads\/sites\/37\/2023\/03\/EDITAL-008.2023-Formacao-das-Turmas-2023.1.pdf\">EDITAL 008.2023 Forma\u00e7\u00e3o das Turmas 2023.1<\/a><\/p>\n<p><a href=\"http:\/\/www2.uepg.br\/parana-fala-idiomas\/wp-content\/uploads\/sites\/37\/2023\/03\/EDITAL-007-Abertura-de-Incricoes-PFE-2023.pdf\">EDITAL 007.2023 Abertura das inscri\u00e7\u00f5es para os cursos do PFE<\/a><\/p>\n<p><a href=\"http:\/\/www2.uepg.br\/parana-fala-idiomas\/wp-content\/uploads\/sites\/37\/2023\/03\/EDITAL-006.2023-PFE.pdf\">EDITAL 006.2023 Resultado final Estudante de Gradua\u00e7\u00e3o e convoca\u00e7\u00e3o para a contrata\u00e7\u00e3o<\/a><\/p>\n<p><a href=\"http:\/\/www2.uepg.br\/parana-fala-idiomas\/wp-content\/uploads\/sites\/37\/2023\/02\/EDITAL-005.2023-PFE.pdf\">EDITAL 005.2023 Resultado fina Provis\u00f3rio e convoca\u00e7\u00e3o para contrata\u00e7\u00e3o dos Bolsistas selecionados<\/a><\/p>\n<p><a href=\"http:\/\/www2.uepg.br\/parana-fala-idiomas\/wp-content\/uploads\/sites\/37\/2023\/02\/EDITAL-004.2023-Homologacao-das-inscricoes-e-convocacao-para-entrevista-Estudante-de-Graduacao.pdf\">EDITAL 004.2023 Homologa\u00e7\u00e3o das inscri\u00e7\u00f5es e convoca\u00e7\u00e3o para entrevista Estudante de Gradua\u00e7\u00e3o<\/a><\/p>\n<p><a href=\"http:\/\/www2.uepg.br\/parana-fala-idiomas\/wp-content\/uploads\/sites\/37\/2023\/02\/EDITAL-N\u00b0-003.2023-HOMOLOGACAO-DE-INSCRICOES-DE-BOLSISTAS-ESTUDANTE-DE-GRADUACAO.pdf\">EDITAL 003.2023 Resultado da homologa\u00e7\u00e3o das inscri\u00e7\u00f5es dos candidatos \u00e0 vaga de Estudante de Gradua\u00e7\u00e3o<\/a><\/p>\n<p><a href=\"http:\/\/www2.uepg.br\/parana-fala-idiomas\/wp-content\/uploads\/sites\/37\/2023\/02\/EDITAL-002.2023-Retificacao-do-Edital-001.2023-ESTUDANTE-DE-GRADUACAO.pdf\">EDITAL 002.2023 Retifica\u00e7\u00e3o do Edital 001.2023 Estudante de Gradua\u00e7\u00e3o<\/a><\/p>\n<p><a href=\"http:\/\/www2.uepg.br\/parana-fala-idiomas\/wp-content\/uploads\/sites\/37\/2023\/01\/Edital-PFE-Estudante-de-Graduacao.pdf\">EDITAL 001.2023 Estudante de Gradua\u00e7\u00e3o<\/a><\/p>\n\t\t\t<\/div>\n\t\t<\/div>\n\t\t\t<div class=\"sow-tabs-panel\">\n\t\t\t<div class=\"sow-tabs-panel-content\" role=\"tabpanel\" aria-hidden=\"true\">\n\t\t\t\t<p><a href=\"http:\/\/www2.uepg.br\/parana-fala-idiomas\/wp-content\/uploads\/sites\/37\/2022\/12\/EDITAL-007.2022-Retificacao-do-Edital-de-Resultado-Final-da-Prova-Didatica-e-a-Convocacao-para-Entrega-de-Documentos-PROFISSIONAL-GRADUADO.pdf\">EDITAL 007.2022 Retifica\u00e7\u00e3o do Edital de Resultado Final da Prova Did\u00e1tica e a Convoca\u00e7\u00e3o para Entrega de Documentos PROFISSIONAL GRADUADO<\/a><\/p>\n<p><a href=\"http:\/\/www2.uepg.br\/parana-fala-idiomas\/wp-content\/uploads\/sites\/37\/2022\/12\/EDITAL-006.2022-Publicacao-do-Resultado-Final-da-Prova-Didatica-e-a-Convocacao-para-Entrega-de-Documentos-PROFISSIONAL-GRADUADO-1.pdf\">EDITAL 006.2022 Publica\u00e7\u00e3o do Resultado Final da Prova Did\u00e1tica e a Convoca\u00e7\u00e3o para Entrega de Documentos PROFISSIONAL GRADUADO<\/a><\/p>\n<p><a href=\"http:\/\/www2.uepg.br\/parana-fala-idiomas\/wp-content\/uploads\/sites\/37\/2022\/12\/EDITAL-DE-RESULTADO-PROVA-ESCRITA-E-CONVOCACAO-PARA-PROVA-DIDATICA-BOLSISTA-PROFISSIONAL-GRADUADO.pdf\">EDITAL 005.2022 Resultado da Prova Escrita e Convoca\u00e7\u00e3o para Prova Did\u00e1tica BOLSISTA PROFISSIONAL GRADUADO<\/a><\/p>\n<p><a href=\"http:\/\/www2.uepg.br\/parana-fala-idiomas\/wp-content\/uploads\/sites\/37\/2022\/11\/EDITAL-004.2022-PRORROGACAO-PFE-ESTUDANTE-DE-GRADUACAO.pdf\">EDITAL 004.2022 Prorroga\u00e7\u00e3o PFE ESTUDANTE DE GRADUA\u00c7\u00c3O<\/a><\/p>\n<p><a href=\"http:\/\/www2.uepg.br\/parana-fala-idiomas\/wp-content\/uploads\/sites\/37\/2022\/11\/EDITAL-003.2022-HOMOLOGACAO-DAS-INSCRICOES-PARA-O-PROGRAMA-PARANA-FALA-ESPANHOL-E-CONVOCACAO-PARA-PROVA-ESCRITA.pdf\">EDITAL 003.2022 Homologa\u00e7\u00e3o das inscri\u00e7\u00f5es para Profissional Graduado do programa PARAN\u00c1 FALA ESPANHOL\u00a0 e convoca\u00e7\u00e3o para a Prova Escrita<\/a><\/p>\n<p><a href=\"http:\/\/www2.uepg.br\/parana-fala-idiomas\/wp-content\/uploads\/sites\/37\/2022\/11\/edital-PFE-estudante-de-graduacao-UEPG-revisado.pdf\">EDITAL 002.2022 Estudante de Gradua\u00e7\u00e3o<\/a><\/p>\n<p><a href=\"http:\/\/www2.uepg.br\/parana-fala-idiomas\/wp-content\/uploads\/sites\/37\/2022\/11\/edital-PFE-profissional-graduado-UEPG.pdf\">EDITAL 001.2022 Profissional Graduado<\/a><\/p>\n\t\t\t<\/div>\n\t\t<\/div>\n\t\t\t<div class=\"sow-tabs-panel\">\n\t\t\t<div class=\"sow-tabs-panel-content\" role=\"tabpanel\" aria-hidden=\"true\">\n\t\t\t\t\t\t\t<\/div>\n\t\t<\/div>\n\t\t\t<div class=\"sow-tabs-panel\">\n\t\t\t<div class=\"sow-tabs-panel-content\" role=\"tabpanel\" aria-hidden=\"true\">\n\t\t\t\t<p><a href=\"http:\/\/www2.uepg.br\/parana-fala-idiomas\/wp-content\/uploads\/sites\/37\/2020\/03\/Edital-09.2020-Resultado-Final-Estudante-de-Gradua\u00e7\u00e3o-e-Profissional-Graduado.pdf\">Edital 09.2020 Resultado Final - Estudante de Gradua\u00e7\u00e3o e Profissional Graduado<\/a><\/p>\n<p><a href=\"http:\/\/www2.uepg.br\/parana-fala-idiomas\/wp-content\/uploads\/sites\/37\/2020\/03\/Edital-08-2020-Resultado-Prova-Escrita-e-Convoca\u00e7\u00e3o-Prova-Did\u00e1tica-Profissional-Graduado.pdf\">Edital 08.2020 Resultado Prova Escrita e Convoca\u00e7\u00e3o Prova Did\u00e1tica Profissional Graduado<\/a><\/p>\n<p><a href=\"http:\/\/www2.uepg.br\/parana-fala-idiomas\/wp-content\/uploads\/sites\/37\/2020\/03\/Edital-07-2020-resultado-proficiencia-e-convoca\u00e7\u00e3o-entrevista.pdf\">Edital 07.2020 Resultado Profici\u00eancia e Convoca\u00e7\u00e3o Entrevista<\/a><\/p>\n<p><a href=\"http:\/\/www2.uepg.br\/parana-fala-idiomas\/wp-content\/uploads\/sites\/37\/2020\/02\/Edital-006.2020-Retifica\u00e7\u00e3o-edital-de-homologa\u00e7\u00e3o-Profissional-Graduado.pdf\">Edital 006.2020 Retifica\u00e7\u00e3o edital de homologa\u00e7\u00e3o Profissional Graduado<\/a><\/p>\n<p><a href=\"http:\/\/www2.uepg.br\/parana-fala-idiomas\/wp-content\/uploads\/sites\/37\/2020\/02\/Edital-005.2020-Retifica\u00e7\u00e3o-edital-de-homologa\u00e7\u00e3o-Estudante-de-Gradua\u00e7\u00e3o.pdf\">Edital 005.2020 Retifica\u00e7\u00e3o edital de homologa\u00e7\u00e3o Estudante de Gradua\u00e7\u00e3o<\/a><\/p>\n<p><a href=\"http:\/\/www2.uepg.br\/parana-fala-idiomas\/wp-content\/uploads\/sites\/37\/2020\/02\/Edital-004.2020-Homologacao-Profissional-Graduado.pdf\">Edital 004.2020 Homologa\u00e7\u00e3o - Profissional Graduado<\/a><\/p>\n<p><a href=\"http:\/\/www2.uepg.br\/parana-fala-idiomas\/wp-content\/uploads\/sites\/37\/2020\/02\/Edital-003.2020-Homologacao-convocacao-teste-proficiencia-e-entrevista-Estudante-de-Graduac\u0327a\u0303o.pdf\">Edital 003.2020 Homologa\u00e7\u00e3o -Estudante de Graduac\u0327a\u0303o<\/a><\/p>\n<p><a href=\"http:\/\/www2.uepg.br\/parana-fala-idiomas\/wp-content\/uploads\/sites\/37\/2020\/02\/EDITAL-002.2020-PROFISSIONAL-GRADUADO_PFE_UEPG.pdf\">EDITAL 002.2020 - Sele\u00e7\u00e3o Profissional Graduado<\/a><\/p>\n<p><a href=\"http:\/\/www2.uepg.br\/parana-fala-idiomas\/wp-content\/uploads\/sites\/37\/2020\/02\/EDITAL-DE-SELECAO-001.2020-ESTUDANTE-DE-GRADUACAO.pdf\">EDITAL 001.2020 - Sele\u00e7\u00e3o Estudante de Gradua\u00e7\u00e3o<\/a><\/p>\n<p><a href=\"http:\/\/www2.uepg.br\/parana-fala-idiomas\/wp-content\/uploads\/sites\/37\/2020\/02\/EDITAL-001.2020-ANEXO-I.pdf\">EDITAL 001.2020 - ANEXO 1<\/a><\/p>\n<p><a href=\"http:\/\/www2.uepg.br\/parana-fala-idiomas\/wp-content\/uploads\/sites\/37\/2020\/02\/EDITAL-001.2020-ANEXO-2.pdf\">EDITAL 001.2020 - ANEXO 2<\/a><\/p>\n<p><a href=\"http:\/\/www2.uepg.br\/parana-fala-idiomas\/wp-content\/uploads\/sites\/37\/2020\/02\/ANEXO-1-EDITAL-002.2020.pdf\"> EDITAL 002.2020 - ANEXO 1<\/a><\/p>\n<p><a href=\"http:\/\/www2.uepg.br\/parana-fala-idiomas\/wp-content\/uploads\/sites\/37\/2020\/02\/ANEXO-2-EDITAL-002.2020.pdf\">EDITAL 002.2020 - ANEXO 2<\/a><\/p>\n\t\t\t<\/div>\n\t\t<\/div>\n\t\t\t<div class=\"sow-tabs-panel\">\n\t\t\t<div class=\"sow-tabs-panel-content\" role=\"tabpanel\" aria-hidden=\"true\">\n\t\t\t\t<p><a href=\"http:\/\/www2.uepg.br\/parana-fala-idiomas\/wp-content\/uploads\/sites\/37\/2019\/12\/ANEXO-2_EDITAL-002.2019_PFE_UEPG.pdf\">EDITAL 002.2019 <\/a><a href=\"http:\/\/www2.uepg.br\/parana-fala-idiomas\/wp-content\/uploads\/sites\/37\/2019\/12\/ANEXO-2_EDITAL-002.2019_PFE_UEPG.pdf\">ANEXO 2<\/a><\/p>\n<p><a href=\"http:\/\/www2.uepg.br\/parana-fala-idiomas\/wp-content\/uploads\/sites\/37\/2019\/12\/ANEXO-1-EDITAL-002.2019-_PFE_UEPG.pdf\">EDITAL 002.2019 <\/a><a href=\"http:\/\/www2.uepg.br\/parana-fala-idiomas\/wp-content\/uploads\/sites\/37\/2019\/12\/ANEXO-1-EDITAL-002.2019-_PFE_UEPG.pdf\">ANEXO 1<\/a><\/p>\n<p><a href=\"http:\/\/www2.uepg.br\/parana-fala-idiomas\/wp-content\/uploads\/sites\/37\/2019\/12\/EDITAL-002.2019-PROFISSIONAL-GRADUADO_PFE_UEPG.pdf\">EDITAL 002.2019\u00a0SELE\u00c7\u00c3O DE BOLSISTA \u00a0\u2013 Profissional Graduado<\/a><\/p>\n<p><a href=\"http:\/\/www2.uepg.br\/parana-fala-idiomas\/wp-content\/uploads\/sites\/37\/2019\/12\/EDITAL-001.2019-ANEXO-2_PFE_UEPG.pdf\">EDITAL 001.2019- ANEXO 2<\/a><\/p>\n<p><a href=\"http:\/\/www2.uepg.br\/parana-fala-idiomas\/wp-content\/uploads\/sites\/37\/2019\/12\/EDITAL-001.2019-ANEXO-I_PFE_UEPG.pdf\">EDITAL 001.2019- ANEXO I<\/a><\/p>\n<p><a href=\"http:\/\/www2.uepg.br\/parana-fala-idiomas\/wp-content\/uploads\/sites\/37\/2019\/12\/EDITAL-DE-SELECAO-ESTUDANTE-DE-GRADUACAO-2.pdf\">EDITAL 001.2019 - SELE\u00c7\u00c3O DE BOLSIST<\/a><a href=\"http:\/\/www2.uepg.br\/parana-fala-idiomas\/wp-content\/uploads\/sites\/37\/2019\/12\/EDITAL-DE-SELECAO-ESTUDANTE-DE-GRADUACAO-2.pdf\">A - Estudante de Gradua\u00e7\u00e3o \u00a0<\/a><\/p>\n<p>&nbsp;<\/p>\n<p>&nbsp;<\/p>\n\t\t\t<\/div>\n\t\t<\/div>\n\t\t<\/div>\n<\/div>\n<\/div><\/div><\/div><\/div><\/div>","protected":false},"excerpt":{"rendered":"<p>Editais 2026 2025 2024 2023 2022 2021 2020 2019 EDITAL 004 &#8211; Convoca\u00e7\u00f5es de Turmas e Lista de Espera &#8211; 2026.1 EDITAL 003 &#8211; Resultado final Sele\u00e7\u00e3o de Coordenador Pedag\u00f3gico &#8211; 2026.1 EDITAL 002 &#8211; Sele\u00e7\u00e3o Coordenador Pedag\u00f3gico &#8211; 2026.1 EDITAL 001 &#8211; Inscri\u00e7\u00f5es Cursos &#8211; 2026.1 &nbsp; EDITAL 008 &#8211; Resultado final do processo&nbsp;&hellip;<\/p>\n","protected":false},"author":80,"featured_media":0,"parent":0,"menu_order":0,"comment_status":"closed","ping_status":"closed","template":"","meta":[],"_links":{"self":[{"href":"https:\/\/www2.uepg.br\/parana-fala-idiomas\/wp-json\/wp\/v2\/pages\/140"}],"collection":[{"href":"https:\/\/www2.uepg.br\/parana-fala-idiomas\/wp-json\/wp\/v2\/pages"}],"about":[{"href":"https:\/\/www2.uepg.br\/parana-fala-idiomas\/wp-json\/wp\/v2\/types\/page"}],"author":[{"embeddable":true,"href":"https:\/\/www2.uepg.br\/parana-fala-idiomas\/wp-json\/wp\/v2\/users\/80"}],"replies":[{"embeddable":true,"href":"https:\/\/www2.uepg.br\/parana-fala-idiomas\/wp-json\/wp\/v2\/comments?post=140"}],"version-history":[{"count":56,"href":"https:\/\/www2.uepg.br\/parana-fala-idiomas\/wp-json\/wp\/v2\/pages\/140\/revisions"}],"predecessor-version":[{"id":2528,"href":"https:\/\/www2.uepg.br\/parana-fala-idiomas\/wp-json\/wp\/v2\/pages\/140\/revisions\/2528"}],"wp:attachment":[{"href":"https:\/\/www2.uepg.br\/parana-fala-idiomas\/wp-json\/wp\/v2\/media?parent=140"}],"curies":[{"name":"wp","href":"https:\/\/api.w.org\/{rel}","templated":true}]}}