{"id":155,"date":"2019-12-23T16:17:05","date_gmt":"2019-12-23T19:17:05","guid":{"rendered":"http:\/\/www2.uepg.br\/parana-fala-idiomas\/?page_id=155"},"modified":"2023-03-16T10:09:48","modified_gmt":"2023-03-16T13:09:48","slug":"matriculas-pfi","status":"publish","type":"page","link":"https:\/\/www2.uepg.br\/parana-fala-idiomas\/matriculas-pfi\/","title":{"rendered":"Matr\u00edculas e Teste de Nivelamento"},"content":{"rendered":"<div id=\"pl-155\"  class=\"panel-layout\" ><div id=\"pg-155-0\"  class=\"panel-grid panel-no-style\" ><div id=\"pgc-155-0-0\"  class=\"panel-grid-cell\" ><div id=\"panel-155-0-0-0\" class=\"so-panel widget widget_text panel-first-child\" data-index=\"0\" ><h3 class=\"widget-title\">N\u00cdVEIS LINGU\u00cdSTICOS<\/h3>\t\t\t<div class=\"textwidget\"><p><strong>Entenda seu resultado no Teste de Nivelamento de acordo com a tabela da <em>SMRT ENGLISH:<\/em><\/strong><\/p>\n<p><a href=\"http:\/\/www2.uepg.br\/parana-fala-idiomas\/wp-content\/uploads\/sites\/37\/2021\/02\/Tabela-Quadro-equivale\u0302ncia.pdf\">Tabela-Quadro-equivale\u0302ncia<\/a><\/p>\n<\/div>\n\t\t<\/div><div id=\"panel-155-0-0-1\" class=\"so-panel widget widget_sow-tabs panel-last-child\" data-index=\"1\" ><div\n\t\t\t\n\t\t\tclass=\"so-widget-sow-tabs so-widget-sow-tabs-default-02e4508ec074-155\"\n\t\t\t\n\t\t><h3 class=\"widget-title\">INFORMA\u00c7\u00d5ES<\/h3><div class=\"sow-tabs\">\n\t<div class=\"sow-tabs-tab-container\" role=\"tablist\">\n\t\t\t<div class=\"sow-tabs-tab sow-tabs-tab-selected\"\n\t\t\t role=\"tab\" data-anchor=\"2023\"\n\t\t\t aria-selected=\"true\" tabindex=\"0\">\n\t\t\t<div class=\"sow-tabs-title sow-tabs-title-icon-left\">\n\t\t\t\t\t\t\t\t2023\t\t\t\t\t\t\t<\/div>\n\t\t<\/div>\n\t\t\t<div class=\"sow-tabs-tab\"\n\t\t\t role=\"tab\" data-anchor=\"2022\"\n\t\t\t aria-selected=\"false\" tabindex=\"-1\">\n\t\t\t<div class=\"sow-tabs-title sow-tabs-title-icon-left\">\n\t\t\t\t\t\t\t\t2022\t\t\t\t\t\t\t<\/div>\n\t\t<\/div>\n\t\t\t<div class=\"sow-tabs-tab\"\n\t\t\t role=\"tab\" data-anchor=\"2021\"\n\t\t\t aria-selected=\"false\" tabindex=\"-1\">\n\t\t\t<div class=\"sow-tabs-title sow-tabs-title-icon-left\">\n\t\t\t\t\t\t\t\t2021\t\t\t\t\t\t\t<\/div>\n\t\t<\/div>\n\t\t\t<div class=\"sow-tabs-tab\"\n\t\t\t role=\"tab\" data-anchor=\"2020\"\n\t\t\t aria-selected=\"false\" tabindex=\"-1\">\n\t\t\t<div class=\"sow-tabs-title sow-tabs-title-icon-left\">\n\t\t\t\t\t\t\t\t2020\t\t\t\t\t\t\t<\/div>\n\t\t<\/div>\n\t\t<\/div>\n\t\n\t<div class=\"sow-tabs-panel-container\">\n\t\t\t<div class=\"sow-tabs-panel\">\n\t\t\t<div class=\"sow-tabs-panel-content\" role=\"tabpanel\" tabindex=\"0\">\n\t\t\t\t<h3><span style=\"color: #ff0000\"><strong>INFORMA\u00c7\u00d5ES<\/strong><\/span><\/h3>\n<h3><strong>Em 06\/03\/2023<\/strong><\/h3>\n<h4>Rematr\u00edcula e Chamada para o Teste de Nivelamento para novos alunos 1\u00ba Semestre<\/h4>\n<ul>\n<li>\n<h4>Se voc\u00ea \u00e9 aluno ou ex-aluno, n\u00e3o \u00e9 necess\u00e1rio realizar o teste de nivelamento.<\/h4>\n<\/li>\n<li>\n<h4>Para novas inscri\u00e7\u00f5es \u00e9 necess\u00e1rio realizar o <span style=\"color: #3366ff\"><a style=\"color: #3366ff\" href=\"https:\/\/docs.google.com\/forms\/d\/e\/1FAIpQLSfBc7L_dqvc0SL1Azw0YBnAQbLivCVhLyxs9IhDj5Lwcil3Zw\/viewform\"><strong>Teste de nivelamento<\/strong><\/a><strong> \u00a0\ud83d\udc48<\/strong><\/span><\/h4>\n<\/li>\n<li>\n<h4>Acesse o link\u00a0 ao lado para realizar a\u00a0 matr\u00edcula\u00a0 <span style=\"color: #000080\">\ud83d\udc49<\/span><span style=\"color: #3366ff\"> <strong><a style=\"color: #3366ff\" href=\"http:\/\/www2.uepg.br\/parana-fala-idiomas\/wp-content\/uploads\/sites\/37\/2023\/03\/MATRI\u0301CULAS-PFI-2023.1.correto.-pdf.pdf\">Matr\u00edculas PFI 2023.1<\/a><\/strong><\/span><\/h4>\n<\/li>\n<li>\n<h4>O resultado da primeira chamada do TESTE DE NIVELAMENTO e CHAMADA PARA MATR\u00cdCULA ser\u00e3o divulgados atrav\u00e9s de publica\u00e7\u00e3o de edital a partir dia <strong>08 de mar\u00e7o de 2023.<\/strong><\/h4>\n<\/li>\n<li>\n<h4>O resultado das chamadas subsequentes do teste de nivelamento e chamada para matr\u00edcula ser\u00e3o divulgados atrav\u00e9s de edital nos dias 10, 13, e 15\/03 de 2023.<\/h4>\n<\/li>\n<li>\n<h4>O candidato n\u00e3o dever\u00e1 utilizar nenhum tipo de material de apoio\/consulta, como dicion\u00e1rios, livros, google etc, pois isso poder\u00e1 acarretar em resultado de n\u00edvel diferente do n\u00edvel real do aluno, prejudicando assim o acompanhamento\u00a0 e desempenho durante as aulas.<\/h4>\n<\/li>\n<\/ul>\n\t\t\t<\/div>\n\t\t<\/div>\n\t\t\t<div class=\"sow-tabs-panel\">\n\t\t\t<div class=\"sow-tabs-panel-content\" role=\"tabpanel\" aria-hidden=\"true\">\n\t\t\t\t<h3><span style=\"color: #ff0000\"><strong>INFORMA\u00c7\u00d5ES<\/strong><\/span><\/h3>\n<h3><strong>Em 12\/09\/2022<\/strong><\/h3>\n<h3><span style=\"color: #ff0000\"><strong>MATR\u00cdCULAS 2\u00ba SEMESTRE 2022.2<\/strong><\/span><\/h3>\n<ul>\n<li>\n<h4>Matricule-se nas turmas dispon\u00edveis correspondentes ao seu n\u00edvel de acordo com o Resultado do Teste de Nivelamento a partir do Edital n\u00b0 013.2022.<\/h4>\n<\/li>\n<li>\n<h4>Acesse o link\u00a0 para realizar sua matr\u00edcula:\u00a0<strong><span style=\"color: #000080\"><a style=\"color: #000080\" href=\"http:\/\/www2.uepg.br\/parana-fala-idiomas\/wp-content\/uploads\/sites\/37\/2019\/12\/MATRICULAS-PFI-2022.2.pdf\">MATRICULAS PFI 2022.2<\/a><\/span><\/strong><\/h4>\n<\/li>\n<\/ul>\n<h3><strong>Em 30\/08\/2022<\/strong><\/h3>\n<h4>Chamada para o Teste de Nivelamento para novos alunos <span style=\"text-decoration: underline\">2\u00ba Semestre<\/span><\/h4>\n<ul>\n<li>\n<h4>O resultado da primeira chamada do TESTE DE NIVELAMENTO e CHAMADA PARA MATR\u00cdCULA ser\u00e3o divulgados atrav\u00e9s de publica\u00e7\u00e3o de edital no dia <span style=\"color: #000080\">09 de setembro de 2022<\/span>.<\/h4>\n<\/li>\n<li>\n<h4>O resultado das chamadas subsequentes do teste de nivelamento e chamada para matr\u00edcula ser\u00e3o divulgados atrav\u00e9s de edital nos dias <span style=\"color: #000080\">12\/09, 19\/09 e 23\/09 de 2022<\/span>.<\/h4>\n<\/li>\n<li>\n<h4>O candidato n\u00e3o dever\u00e1 utilizar nenhum tipo de material de apoio\/consulta, como dicion\u00e1rios, livros, google etc, pois isso poder\u00e1 acarretar em resultado de n\u00edvel diferente do n\u00edvel real do aluno, prejudicando assim o acompanhamento\u00a0 e desempenho durante as aulas.<\/h4>\n<\/li>\n<li>\n<h4>Acesse o link ao lado para realizar o teste:\u00a0<span style=\"color: #000080\"><a style=\"color: #000080\" href=\"https:\/\/docs.google.com\/forms\/d\/e\/1FAIpQLSfBc7L_dqvc0SL1Azw0YBnAQbLivCVhLyxs9IhDj5Lwcil3Zw\/viewform\" target=\"_blank\" rel=\"noopener noreferrer\">TESTE DE NIVELAMENTO<\/a><\/span><\/h4>\n<\/li>\n<\/ul>\n<h3><strong>Em 17\/06\/2022 <\/strong><\/h3>\n<h3><span style=\"color: #ff0000\"><strong>MATR\u00cdCULAS 1\u00b0SEMESTRE 2022.1.2<\/strong><\/span><\/h3>\n<ul>\n<li>\n<h4>Matricule-se nas turmas dispon\u00edveis correspondentes ao seu n\u00edvel de acordo com o Resultado do Teste de Nivelamento publicado no Edital n\u00b0 007.2022.<\/h4>\n<\/li>\n<li>\n<h4>Acesse o link\u00a0 para realizar sua matr\u00edcula: <span style=\"color: #000080\"><a style=\"color: #000080\" href=\"http:\/\/www2.uepg.br\/parana-fala-idiomas\/wp-content\/uploads\/sites\/37\/2022\/07\/MATRICULAS-2022.1.2.pdf\">MATR\u00cdCULAS 2022.1.2<\/a><\/span><\/h4>\n<\/li>\n<\/ul>\n<h3><\/h3>\n<h3><strong>Em 01\/06\/2022<\/strong><\/h3>\n<ul>\n<li>\n<h4>O prazo para a realiza\u00e7\u00e3o do teste de nivelamento \u00e9 de 01\/06\/2022 at\u00e9 as 23h59 do dia 15\/06\/2022.<\/h4>\n<\/li>\n<li>\n<h4>O resultado do TESTE DE NIVELAMENTO e CHAMADA PARA MATR\u00cdCULA ser\u00e1 divulgado atrav\u00e9s de publica\u00e7\u00e3o de edital no dia 17 de junho de 2022.<\/h4>\n<\/li>\n<li>\n<h4>O candidato n\u00e3o dever\u00e1 utilizar nenhum tipo de material de apoio\/consulta, como dicion\u00e1rios, livros, google etc, pois isso poder\u00e1 acarretar em resultado de n\u00edvel diferente do n\u00edvel real do aluno, prejudicando assim o acompanhamento\u00a0 e desempenho durante as aulas.<\/h4>\n<\/li>\n<li>\n<h4>Acesse o link ao lado para realizar o teste: <span style=\"color: #000080\"><a style=\"color: #000080\" href=\"https:\/\/docs.google.com\/forms\/d\/1Meq6iSa3xjy4fqN9fWZzs-5n4yXcInjZLRKOvvMbeMA\/viewform?gxids=7628&amp;edit_requested=true\" target=\"_blank\" rel=\"noopener noreferrer\">TESTE DE NIVELAMENTO<\/a><\/span><\/h4>\n<\/li>\n<\/ul>\n<h3><\/h3>\n<h3><strong>Em 03\/03\/2022<\/strong><\/h3>\n<ul>\n<li>\n<h4>Prazo para realiza\u00e7\u00e3o do Teste de nivelamento prorrogado at\u00e9 10\/03.<\/h4>\n<\/li>\n<li>\n<h4>O resultado do TESTE DE NIVELAMENTO e a 2\u00aa CHAMADA PARA MATR\u00cdCULA ser\u00e1 divulgado atrav\u00e9s de publica\u00e7\u00e3o de edital no dia 11 de mar\u00e7o de 2022.<\/h4>\n<\/li>\n<\/ul>\n<h3><\/h3>\n<h3><strong>Em 28\/02\/2022<\/strong><\/h3>\n<h3><span style=\"color: #ff0000\"><strong>MATR\u00cdCULAS 1\u00b0SEMESTRE 2022.1<\/strong><\/span><\/h3>\n<ul>\n<li>\n<h4>Matricule-se nas turmas dispon\u00edveis correspondentes ao seu n\u00edvel de acordo com o Resultado do Teste de Nivelamento publicado no Edital n\u00b0 002.2022.<\/h4>\n<\/li>\n<li>\n<h4>Acesse o link abaixo para realizar sua matr\u00edcula: <a style=\"color: #0000ff\" href=\"http:\/\/www2.uepg.br\/parana-fala-idiomas\/wp-content\/uploads\/sites\/37\/2022\/02\/LINKS-MATRICULAS-2022.1-2-1.pdf\">MATR\u00cdCULAS 2022.1<\/a><\/h4>\n<\/li>\n<\/ul>\n<h3><strong>Em 02\/02\/2022<\/strong><\/h3>\n<ul>\n<li>\n<h4>O prazo para a realiza\u00e7\u00e3o do teste de nivelamento \u00e9 de 02\/02\/2022 at\u00e9 as 23h59 do dia 24\/02\/2022.<\/h4>\n<\/li>\n<li>\n<h4>O resultado do TESTE DE NIVELAMENTO e CHAMADA PARA MATR\u00cdCULA ser\u00e1 divulgado atrav\u00e9s de publica\u00e7\u00e3o de edital no dia 25 de fevereiro de 2022.<\/h4>\n<\/li>\n<li>\n<h4>O candidato n\u00e3o dever\u00e1 utilizar nenhum tipo de material de apoio\/consulta, como dicion\u00e1rios, livros, google etc, pois isso poder\u00e1 acarretar em resultado de n\u00edvel diferente do n\u00edvel real do aluno, prejudicando assim o acompanhamento\u00a0 e desempenho durante as aulas.<\/h4>\n<\/li>\n<\/ul>\n<ul>\n<li>\n<h4>Acesse o link abaixo para realizar o teste: <a style=\"color: #0000ff\" href=\"https:\/\/docs.google.com\/forms\/d\/1Meq6iSa3xjy4fqN9fWZzs-5n4yXcInjZLRKOvvMbeMA\/viewform?gxids=7628&amp;edit_requested=true\" target=\"_blank\" rel=\"noopener noreferrer\">TESTE DE NIVELAMENTO<\/a><\/h4>\n<\/li>\n<\/ul>\n\t\t\t<\/div>\n\t\t<\/div>\n\t\t\t<div class=\"sow-tabs-panel\">\n\t\t\t<div class=\"sow-tabs-panel-content\" role=\"tabpanel\" aria-hidden=\"true\">\n\t\t\t\t<h3><span style=\"color: #ff0000\"><strong>INFORMA\u00c7\u00d5ES<\/strong><\/span><\/h3>\n<h3><\/h3>\n<h3>Em 30\/08\/2021<\/h3>\n<h3><span style=\"color: #ff0000\"><strong>MATR\u00cdCULAS 2\u00b0SEMESTRE 2021<\/strong><\/span><\/h3>\n<ul>\n<li>\n<h4>Matricule-se nas turmas dispon\u00edveis correspondentes ao seu n\u00edvel de acordo com o Resultado do Teste de Nivelamento publicado no Edital n\u00b0 024.2021.<\/h4>\n<\/li>\n<li>\n<h4>Acesse o link abaixo para realizar sua matr\u00edcula:<\/h4>\n<\/li>\n<\/ul>\n<h4 style=\"text-align: center\"><span style=\"color: #0000ff\"><a style=\"color: #0000ff\" href=\"http:\/\/www2.uepg.br\/parana-fala-idiomas\/wp-content\/uploads\/sites\/37\/2021\/08\/LINKS-MATRICULAS-2021.2.pdf\">LINKS MATR\u00cdCULAS 2021.2<\/a><\/span><\/h4>\n<h3><\/h3>\n<p>&nbsp;<\/p>\n<h3><strong>Em 28\/08\/2021<\/strong><\/h3>\n<ul>\n<li>\n<h4>O prazo para a realiza\u00e7\u00e3o do teste de nivelamento foi prorrogado at\u00e9 <strong>o dia 04\/09\/2021<\/strong>.<\/h4>\n<\/li>\n<li>\n<h4>O resultado do TESTE DE NIVELAMENTO e CHAMADA PARA MATR\u00cdCULA ser\u00e1 divulgado atrav\u00e9s de publica\u00e7\u00e3o de edital no dia 28 de agosto de 2021.<\/h4>\n<\/li>\n<li>\n<h4>Acesse o link abaixo para realizar o teste:<\/h4>\n<\/li>\n<\/ul>\n<h4 style=\"text-align: center\"><span style=\"color: #0000ff\"><a style=\"color: #0000ff\" href=\"https:\/\/docs.google.com\/forms\/d\/1Meq6iSa3xjy4fqN9fWZzs-5n4yXcInjZLRKOvvMbeMA\/viewform?gxids=7628&amp;edit_requested=true\" target=\"_blank\" rel=\"noopener\"><span style=\"text-decoration: underline\">LINK TESTE DE NIVELAMENTO<\/span><\/a><\/span><\/h4>\n<h4 style=\"text-align: center\"><\/h4>\n<h3><\/h3>\n<h3><\/h3>\n<h3><strong>Em 18\/08\/2021<\/strong><\/h3>\n<ul>\n<li>\n<h4>O prazo para a realiza\u00e7\u00e3o do teste de nivelamento \u00e9 de <strong>18\/08\/2021 at\u00e9 as 23h59 do dia 27\/08\/2021<\/strong>.<\/h4>\n<\/li>\n<li>\n<h4>O resultado do TESTE DE NIVELAMENTO e CHAMADA PARA MATR\u00cdCULA ser\u00e1 divulgado atrav\u00e9s de publica\u00e7\u00e3o de edital no dia 28 de agosto de 2021.<\/h4>\n<\/li>\n<li>\n<h4>Acesse o link abaixo para realizar o teste:<\/h4>\n<\/li>\n<\/ul>\n<h4 style=\"text-align: center\"><span style=\"color: #0000ff\"><a style=\"color: #0000ff\" href=\"https:\/\/docs.google.com\/forms\/d\/1Meq6iSa3xjy4fqN9fWZzs-5n4yXcInjZLRKOvvMbeMA\/viewform?gxids=7628&amp;edit_requested=true\" target=\"_blank\" rel=\"noopener\">LINK TESTE DE NIVELAMENTO<\/a><\/span><\/h4>\n<h3><\/h3>\n<h3><strong>Em 19\/02\/2021<\/strong><\/h3>\n<h3><span style=\"color: #ff0000\"><strong>MATR\u00cdCULAS 1\u00b0SEMESTRE 2021<\/strong><\/span><\/h3>\n<ul>\n<li>\n<h4>Matricule-se nas turmas dispon\u00edveis correspondentes ao seu n\u00edvel de acordo com o Resultado do Teste de Nivelamento publicado no Edital n\u00b0 004.2021.<\/h4>\n<\/li>\n<li>\n<h4 style=\"text-align: left\">Acesse o link abaixo para realizar sua matr\u00edcula:<\/h4>\n<\/li>\n<\/ul>\n<h4 style=\"text-align: center\"><span style=\"color: #0000ff\"><a style=\"color: #0000ff\" href=\"http:\/\/www2.uepg.br\/parana-fala-idiomas\/wp-content\/uploads\/sites\/37\/2021\/02\/LINKS-MATRICULAS-2021.pdf\">LINK MATR\u00cdCULAS 2021<\/a><\/span><\/h4>\n<h3><\/h3>\n<h3><\/h3>\n<p>&nbsp;<\/p>\n<p>&nbsp;<\/p>\n<p>&nbsp;<\/p>\n<h3><strong>Em 15\/02\/2021<\/strong><\/h3>\n<h3><span style=\"color: #ff0000\"><strong>COMUNICADO<\/strong><\/span><\/h3>\n<ul>\n<li>\n<h4>O prazo para a realiza\u00e7\u00e3o do teste de nivelamento foi prorrogado para at\u00e9 as <strong>23h59 do dia 17\/02\/2021.<\/strong><\/h4>\n<\/li>\n<li>\n<h4>O resultado do TESTE DE NIVELAMENTO e CHAMADA PARA MATR\u00cdCULA ser\u00e1 divulgado atrav\u00e9s de publica\u00e7\u00e3o de edital no dia <strong>19 de fevereiro de 2021.<\/strong><\/h4>\n<\/li>\n<li>\n<h4>Acesse o link abaixo para realizar o teste:<\/h4>\n<\/li>\n<\/ul>\n<h4 style=\"text-align: center\"><span style=\"color: #0000ff\"><a style=\"color: #0000ff\" href=\"https:\/\/docs.google.com\/forms\/d\/1Meq6iSa3xjy4fqN9fWZzs-5n4yXcInjZLRKOvvMbeMA\/edit?gxids=7628\" target=\"_blank\" rel=\"noopener\">Link teste de nivelamento<\/a><\/span><\/h4>\n<p>&nbsp;<\/p>\n<p>&nbsp;<\/p>\n<h3><strong>Em 27\/01\/2021<\/strong><\/h3>\n<h3><span style=\"color: #ff0000\"><strong>INFORMA\u00c7\u00d5ES IMPORTANTES<\/strong><\/span><\/h3>\n<h3><strong>TESTE DE NIVELAMENTO<\/strong><\/h3>\n<ul>\n<li>\n<h4>O prazo para a realiza\u00e7\u00e3o do teste de nivelamento ser\u00e1 de <strong>27\/01\/2021 a 12\/02\/2021.<\/strong><\/h4>\n<\/li>\n<li>\n<h4>O resultado do TESTE DE NIVELAMENTO e CHAMADA PARA MATR\u00cdCULA ser\u00e1 divulgado atrav\u00e9s de publica\u00e7\u00e3o de edital no dia <strong>19 de fevereiro de 2021.<\/strong><\/h4>\n<\/li>\n<li>\n<h4>Acesse o link abaixo para realizar o teste:<\/h4>\n<\/li>\n<\/ul>\n<h4 style=\"text-align: center\"><a href=\"https:\/\/docs.google.com\/forms\/d\/1Meq6iSa3xjy4fqN9fWZzs-5n4yXcInjZLRKOvvMbeMA\/edit?gxids=7628\" target=\"_blank\" rel=\"noopener\"><span style=\"color: #0000ff\">Link teste de nivelamento<\/span><\/a><\/h4>\n\t\t\t<\/div>\n\t\t<\/div>\n\t\t\t<div class=\"sow-tabs-panel\">\n\t\t\t<div class=\"sow-tabs-panel-content\" role=\"tabpanel\" aria-hidden=\"true\">\n\t\t\t\t<p><strong>Em 14\/08\/2020<\/strong><\/p>\n<p><strong>INFORMA\u00c7\u00d5ES IMPORTANTES<\/strong><\/p>\n<p><strong>\u00a0 \u00a0 \u00a0 \u00a0MATR\u00cdCULAS<\/strong><\/p>\n<ul>\n<li>Matricule-se nas turmas dispon\u00edveis correspondentes ao seu n\u00edvel de aprova\u00e7\u00e3o conforme o Edital n\u00b0 020.2020<\/li>\n<li>Acesse o link abaixo para realizar sua matr\u00edcula:<\/li>\n<\/ul>\n<p style=\"text-align: center\"><a href=\"http:\/\/www2.uepg.br\/parana-fala-idiomas\/wp-content\/uploads\/sites\/37\/2020\/08\/links-formularios-matriculas.pdf\">LINKS FORMUL\u00c1RIOS MATR\u00cdCULAS 2020.2<\/a><\/p>\n<p>&nbsp;<\/p>\n<p><strong>Em 28\/07\/2020<\/strong><\/p>\n<p><strong>INFORMA\u00c7\u00d5ES IMPORTANTES<\/strong><\/p>\n<p><strong>\u00a0 \u00a0 \u00a0 \u00a0TESTE DE NIVELAMENTO<\/strong><\/p>\n<ul>\n<li>O prazo para a realiza\u00e7\u00e3o do teste de nivelamento ser\u00e1 de <strong>28\/07\/2020 a 10\/08\/2020.<\/strong><\/li>\n<li>O resultado do TESTE DE NIVELAMENTO e CHAMADA PARA MATR\u00cdCULA ser\u00e1 divulgado atrav\u00e9s de publica\u00e7\u00e3o de edital no dia <strong>14 de agosto de 2020.<\/strong><\/li>\n<li>Acesse o link abaixo para realizar o teste:<\/li>\n<\/ul>\n<p style=\"text-align: center\"><a href=\"https:\/\/docs.google.com\/forms\/d\/e\/1FAIpQLSfBc7L_dqvc0SL1Azw0YBnAQbLivCVhLyxs9IhDj5Lwcil3Zw\/viewform\" target=\"_blank\" rel=\"noopener\">Link teste de nivelamento<\/a><\/p>\n<p>&nbsp;<\/p>\n<p><b>Em 13\/04\/2020<\/b><\/p>\n<p><b>INFORMA\u00c7\u00d5ES IMPORTANTES<\/b><\/p>\n<p><strong>\u00a0 \u00a0 \u00a0 \u00a0MATR\u00cdCULAS<\/strong><\/p>\n<ul>\n<li>Matricule-se nas turmas dispon\u00edveis correspondentes ao seu n\u00edvel de aprova\u00e7\u00e3o conforme o <a href=\"http:\/\/www2.uepg.br\/parana-fala-idiomas\/wp-content\/uploads\/sites\/37\/2020\/04\/Edital_011.2020-Result-Tese-Nivelamento-1-1.pdf\">Edital 011.2020 - Resultado do Teste de Nivelamento<\/a><\/li>\n<li>Acesse o link abaixo para realizar sua matr\u00edcula:<\/li>\n<\/ul>\n<h6 style=\"text-align: center\"><a href=\"http:\/\/www2.uepg.br\/parana-fala-idiomas\/wp-content\/uploads\/sites\/37\/2020\/04\/LINKS-FORMULA\u0301RIO-DE-VAGAS-REMANESCENTES.pdf\">LINKS FORMULA\u0301RIO DE VAGAS REMANESCENTES<\/a><\/h6>\n<ul>\n<li>As informa\u00e7\u00f5es sobre pagamento ser\u00e3o enviadas por email<\/li>\n<\/ul>\n<p><strong>Em 06\/03\/2020<\/strong><\/p>\n<p><b>INFORMA\u00c7\u00d5ES IMPORTANTES<\/b><\/p>\n<p><strong>\u00a0 \u00a0 \u00a0 \u00a0MATR\u00cdCULAS<\/strong><\/p>\n<ul>\n<li>Matricule-se nas turmas dispon\u00edveis correspondentes ao seu n\u00edvel de aprova\u00e7\u00e3o conforme o <a href=\"http:\/\/www2.uepg.br\/parana-fala-idiomas\/wp-content\/uploads\/sites\/37\/2020\/03\/Edital_007.2020-Result-Tese-Nivelamento-1.pdf\" target=\"_blank\" rel=\"noopener\">Edital 007.2020- Resultado Teste de Nivelamento<\/a><\/li>\n<li>Acesse o link abaixo para realizar sua matr\u00edcula:<\/li>\n<\/ul>\n<p style=\"text-align: center\"><a href=\"http:\/\/www2.uepg.br\/parana-fala-idiomas\/wp-content\/uploads\/sites\/37\/2020\/03\/Links-para-matri\u0301cula-20202F1-2-1.pdf\" target=\"_blank\" rel=\"noopener\">Links para matri\u0301cula - 2020\/1<\/a><\/p>\n<h6 style=\"text-align: left\">Obs: Conforme o <a href=\"http:\/\/www2.uepg.br\/parana-fala-idiomas\/wp-content\/uploads\/sites\/37\/2020\/03\/Edital-Retifica\u00e7\u00e3o-008.2020-HOMOL_PROVA-ESCRITA.pdf\">Edital Retifica\u00e7\u00e3o 008.2020<\/a> , o curso <strong>Preparat\u00f3rio TOEFL 120\/125<\/strong> n\u00e3o ser\u00e1 mais ofertado. Solicita-se que o aluno escolha um outro curso correspondente ao seu resultado no teste de nivelamento.<\/h6>\n<ul>\n<li>As informa\u00e7\u00f5es sobre pagamento ser\u00e3o enviadas por email<\/li>\n<li>Link para alunos em lista de espera:<\/li>\n<\/ul>\n<p style=\"text-align: center\"><a href=\"http:\/\/www2.uepg.br\/parana-fala-idiomas\/wp-content\/uploads\/sites\/37\/2020\/03\/LISTA-DE-ESPERA-1.pdf\">LISTA DE ESPERA 2020.1\u00a0<\/a><\/p>\n<p><strong>Em 10\/02\/2020<\/strong><\/p>\n<p><b>INFORMA\u00c7\u00d5ES MPORTANTES<\/b><\/p>\n<p>1. O Teste de Nivelamento \u00e9 dirigido apenas aos alunos novos que n\u00e3o possuem certificado de profici\u00eancia, (ex. TOEFL, teste da Smrt English, etc)<\/p>\n<p>2. <strong>CRONOGRAMA:<\/strong><\/p>\n<ul>\n<li><strong>Agendamento Teste Nivelamento:<\/strong> de 10\/02\/2020 \u00e0 26\/02\/2020<\/li>\n<li><strong>Edital Divulga\u00e7\u00e3o Data e hor\u00e1rio do Teste<\/strong>: 27\/02\/2020<\/li>\n<li><strong>Realiza\u00e7\u00e3o do teste:<\/strong> de 02\/03\/2020 \u00e0 04\/03\/2020<\/li>\n<li><strong>Edital Resultado do Teste e Chamada Matr\u00edcula:<\/strong> 06\/03\/2020<\/li>\n<\/ul>\n<p>3. O cursos s\u00e3o para a comunidade interna da UEPG: docentes, discentes e servidores.<\/p>\n<p>4. O Teste de Nivelamento ser\u00e1 <b>presencial <\/b>nos Laborat\u00f3rios do PFI - Bloco C Campus Central da UEPG.<\/p>\n<p>5. No ato da inscri\u00e7\u00e3o online, \u00e9 necess\u00e1rio anexar um documento comprobat\u00f3rio de v\u00ednculo com a universidade.<\/p>\n<p>6. Os cursos s\u00e3o presenciais e gratuitos, com aulas nos Laborat\u00f3rios do PFI, no Campus Central da UEPG, Bloco C, com material online da <i>Smrt English, <\/i>que dever\u00e1 ser adquirido pelo aluno no valor \u00fanico semestral de R$75,00. Conhe\u00e7a os cursos aqui:<\/p>\n<p>https:\/\/smrtenglish.com\/smrt\/library<\/p>\n<p>7. Importante informar corretamente seu <b>endere\u00e7o de e-mail<\/b><b> <\/b>no sistema, pois \u00e9 por meio dele que entraremos em contato com voc\u00ea.<\/p>\n<p>8. Escolha o dia e hor\u00e1rio para o teste que melhor se adapte a voc\u00ea!<\/p>\n<p style=\"text-align: center\"><a href=\"http:\/\/www2.uepg.br\/parana-fala-idiomas\/wp-content\/uploads\/sites\/37\/2020\/02\/Links-para-Teste-de-Nivelamento-2020_1-2.pdf\">Links para Teste de Nivelamento - 2020_1<\/a><\/p>\n<p>&nbsp;<\/p>\n\t\t\t<\/div>\n\t\t<\/div>\n\t\t<\/div>\n<\/div>\n<\/div><\/div><\/div><\/div><\/div>","protected":false},"excerpt":{"rendered":"<p>Entenda seu resultado no Teste de Nivelamento de acordo com a tabela da SMRT ENGLISH: Tabela-Quadro-equivale\u0302ncia<\/p>\n","protected":false},"author":80,"featured_media":0,"parent":0,"menu_order":0,"comment_status":"closed","ping_status":"closed","template":"","meta":[],"_links":{"self":[{"href":"https:\/\/www2.uepg.br\/parana-fala-idiomas\/wp-json\/wp\/v2\/pages\/155"}],"collection":[{"href":"https:\/\/www2.uepg.br\/parana-fala-idiomas\/wp-json\/wp\/v2\/pages"}],"about":[{"href":"https:\/\/www2.uepg.br\/parana-fala-idiomas\/wp-json\/wp\/v2\/types\/page"}],"author":[{"embeddable":true,"href":"https:\/\/www2.uepg.br\/parana-fala-idiomas\/wp-json\/wp\/v2\/users\/80"}],"replies":[{"embeddable":true,"href":"https:\/\/www2.uepg.br\/parana-fala-idiomas\/wp-json\/wp\/v2\/comments?post=155"}],"version-history":[{"count":65,"href":"https:\/\/www2.uepg.br\/parana-fala-idiomas\/wp-json\/wp\/v2\/pages\/155\/revisions"}],"predecessor-version":[{"id":1734,"href":"https:\/\/www2.uepg.br\/parana-fala-idiomas\/wp-json\/wp\/v2\/pages\/155\/revisions\/1734"}],"wp:attachment":[{"href":"https:\/\/www2.uepg.br\/parana-fala-idiomas\/wp-json\/wp\/v2\/media?parent=155"}],"curies":[{"name":"wp","href":"https:\/\/api.w.org\/{rel}","templated":true}]}}