{"id":159,"date":"2019-12-23T16:42:25","date_gmt":"2019-12-23T19:42:25","guid":{"rendered":"http:\/\/www2.uepg.br\/parana-fala-idiomas\/?page_id=159"},"modified":"2026-03-06T16:31:06","modified_gmt":"2026-03-06T19:31:06","slug":"editais-pff","status":"publish","type":"page","link":"https:\/\/www2.uepg.br\/parana-fala-idiomas\/editais-pff\/","title":{"rendered":"Editais Paran\u00e1 Fala Franc\u00eas"},"content":{"rendered":"<div id=\"pl-159\"  class=\"panel-layout\" ><div id=\"pg-159-0\"  class=\"panel-grid panel-no-style\" ><div id=\"pgc-159-0-0\"  class=\"panel-grid-cell\" ><div id=\"panel-159-0-0-0\" class=\"so-panel widget widget_sow-tabs panel-first-child panel-last-child\" data-index=\"0\" ><div\n\t\t\t\n\t\t\tclass=\"so-widget-sow-tabs so-widget-sow-tabs-default-02e4508ec074-159\"\n\t\t\t\n\t\t><h3 class=\"widget-title\"> Editais<\/h3><div class=\"sow-tabs\">\n\t<div class=\"sow-tabs-tab-container\" role=\"tablist\">\n\t\t\t<div class=\"sow-tabs-tab sow-tabs-tab-selected\"\n\t\t\t role=\"tab\" data-anchor=\"2026\"\n\t\t\t aria-selected=\"true\" tabindex=\"0\">\n\t\t\t<div class=\"sow-tabs-title sow-tabs-title-icon-left\">\n\t\t\t\t\t\t\t\t2026\t\t\t\t\t\t\t<\/div>\n\t\t<\/div>\n\t\t\t<div class=\"sow-tabs-tab\"\n\t\t\t role=\"tab\" data-anchor=\"2025\"\n\t\t\t aria-selected=\"false\" tabindex=\"-1\">\n\t\t\t<div class=\"sow-tabs-title sow-tabs-title-icon-left\">\n\t\t\t\t\t\t\t\t2025\t\t\t\t\t\t\t<\/div>\n\t\t<\/div>\n\t\t\t<div class=\"sow-tabs-tab\"\n\t\t\t role=\"tab\" data-anchor=\"2024\"\n\t\t\t aria-selected=\"false\" tabindex=\"-1\">\n\t\t\t<div class=\"sow-tabs-title sow-tabs-title-icon-left\">\n\t\t\t\t\t\t\t\t2024\t\t\t\t\t\t\t<\/div>\n\t\t<\/div>\n\t\t\t<div class=\"sow-tabs-tab\"\n\t\t\t role=\"tab\" data-anchor=\"2023\"\n\t\t\t aria-selected=\"false\" tabindex=\"-1\">\n\t\t\t<div class=\"sow-tabs-title sow-tabs-title-icon-left\">\n\t\t\t\t\t\t\t\t2023\t\t\t\t\t\t\t<\/div>\n\t\t<\/div>\n\t\t\t<div class=\"sow-tabs-tab\"\n\t\t\t role=\"tab\" data-anchor=\"2022\"\n\t\t\t aria-selected=\"false\" tabindex=\"-1\">\n\t\t\t<div class=\"sow-tabs-title sow-tabs-title-icon-left\">\n\t\t\t\t\t\t\t\t2022\t\t\t\t\t\t\t<\/div>\n\t\t<\/div>\n\t\t\t<div class=\"sow-tabs-tab\"\n\t\t\t role=\"tab\" data-anchor=\"2021\"\n\t\t\t aria-selected=\"false\" tabindex=\"-1\">\n\t\t\t<div class=\"sow-tabs-title sow-tabs-title-icon-left\">\n\t\t\t\t\t\t\t\t2021\t\t\t\t\t\t\t<\/div>\n\t\t<\/div>\n\t\t\t<div class=\"sow-tabs-tab\"\n\t\t\t role=\"tab\" data-anchor=\"2020\"\n\t\t\t aria-selected=\"false\" tabindex=\"-1\">\n\t\t\t<div class=\"sow-tabs-title sow-tabs-title-icon-left\">\n\t\t\t\t\t\t\t\t2020\t\t\t\t\t\t\t<\/div>\n\t\t<\/div>\n\t\t<\/div>\n\t\n\t<div class=\"sow-tabs-panel-container\">\n\t\t\t<div class=\"sow-tabs-panel\">\n\t\t\t<div class=\"sow-tabs-panel-content\" role=\"tabpanel\" tabindex=\"0\">\n\t\t\t\t<p>06\/03 - Edital de convoca\u00e7\u00e3o dos inscritos e lista de espera para os cursos do 1\u00ba semestre -\u00a0<a href=\"http:\/\/www2.uepg.br\/parana-fala-idiomas\/wp-content\/uploads\/sites\/37\/2026\/03\/EDITAL_CONVOCACAO_INSCRICOES_PFF_2026.1_assinado.pdf\">Edital 002\/2026<\/a><\/p>\n<p>12\/02 - Edital chamada para inscri\u00e7\u00f5es cursos 1\u00ba semestre de 2026 -\u00a0<a href=\"http:\/\/www2.uepg.br\/parana-fala-idiomas\/wp-content\/uploads\/sites\/37\/2026\/02\/EDITAL-CHAMADA-1-SEMESTRE-2026-ASSINADO.pdf\">Edital n\u00ba001\/2026<\/a><\/p>\n\t\t\t<\/div>\n\t\t<\/div>\n\t\t\t<div class=\"sow-tabs-panel\">\n\t\t\t<div class=\"sow-tabs-panel-content\" role=\"tabpanel\" aria-hidden=\"true\">\n\t\t\t\t<p>15\/08 - Edital de convoca\u00e7\u00e3o dos inscritos das vagas remanescentes <strong>para os cursos do 2\u00ba semestre -\u00a0<\/strong><a href=\"http:\/\/www2.uepg.br\/parana-fala-idiomas\/wp-content\/uploads\/sites\/37\/2025\/08\/EDITAL-CONVOCAC\u0327A\u0303O-INSCRIC\u0327O\u0303ES-VAGAS-REMANESCENTES-2025.2-1.pdf\">Edital n\u00ba006\/2025<\/a><\/p>\n<p>08\/08 - Edital abertura inscri\u00e7\u00f5es vagas remanescentes <strong>para os cursos do 2\u00ba semestre -\u00a0<\/strong><a href=\"http:\/\/www2.uepg.br\/parana-fala-idiomas\/wp-content\/uploads\/sites\/37\/2025\/08\/EDITAL_VAGAS_REMANESCENTES_2025.2_assinado.pdf\">Edital n\u00ba005\/2025<\/a><\/p>\n<p>06\/08 - Edital de convoca\u00e7\u00e3o dos inscritos e lista de espera <strong>para os cursos do 2\u00ba semestre -<\/strong>\u00a0<a href=\"http:\/\/www2.uepg.br\/parana-fala-idiomas\/wp-content\/uploads\/sites\/37\/2025\/08\/2025-2-EDITAL_CONVOCACAO_INSCRICOES_PFF_.pdf\">Edital<\/a><a href=\"http:\/\/www2.uepg.br\/parana-fala-idiomas\/wp-content\/uploads\/sites\/37\/2025\/08\/2025-2-EDITAL_CONVOCACAO_INSCRICOES_PFF_.pdf\"> n\u00ba004<\/a><a href=\"http:\/\/www2.uepg.br\/parana-fala-idiomas\/wp-content\/uploads\/sites\/37\/2025\/08\/2025-2-EDITAL_CONVOCACAO_INSCRICOES_PFF_.pdf\">\/<\/a><a href=\"http:\/\/www2.uepg.br\/parana-fala-idiomas\/wp-content\/uploads\/sites\/37\/2025\/08\/2025-2-EDITAL_CONVOCACAO_INSCRICOES_PFF_.pdf\">2025<\/a><\/p>\n<p>30\/06 - Edital chamada para <strong>inscri\u00e7\u00f5es cursos 2\u00ba semestre<\/strong> -\u00a0<a href=\"http:\/\/www2.uepg.br\/parana-fala-idiomas\/wp-content\/uploads\/sites\/37\/2025\/06\/EDITAL-CHAMADA-2-SEMESTRE-ASS.pdf\">Edital n\u00ba003\/2025<\/a><\/p>\n<p>14\/03 - Edital de convoca\u00e7\u00e3o dos inscritos e lista de espera para os cursos do 1\u00ba semestre -\u00a0<a href=\"http:\/\/www2.uepg.br\/parana-fala-idiomas\/wp-content\/uploads\/sites\/37\/2025\/03\/EDITAL-CONVOCACAO-ALUNOS-2025.1-1.pdf\">Edital n\u00ba002\/2025<\/a><\/p>\n<p>24\/02 - Edital chamada para inscri\u00e7\u00f5es cursos 1\u00ba semestre -\u00a0<a href=\"http:\/\/www2.uepg.br\/parana-fala-idiomas\/wp-content\/uploads\/sites\/37\/2025\/02\/EDITAL_CHAMADA_FORMULARIOS_PFF_2025.1_final.pdf\">Edital n\u00ba001\/2025<\/a><\/p>\n\t\t\t<\/div>\n\t\t<\/div>\n\t\t\t<div class=\"sow-tabs-panel\">\n\t\t\t<div class=\"sow-tabs-panel-content\" role=\"tabpanel\" aria-hidden=\"true\">\n\t\t\t\t<p>09\/12 - Edital resultado final Profissional Graduado -\u00a0<a href=\"http:\/\/www2.uepg.br\/parana-fala-idiomas\/wp-content\/uploads\/sites\/37\/2024\/12\/EDITAL-016-2024-Bolsista-resultado-_FINAL__assinado.pdf\">Edital n\u00ba016\/2024<\/a><\/p>\n<p>04\/12 - Edital resultado da prova did\u00e1tica Profissional Graduado\u00a0 -\u00a0<a href=\"http:\/\/www2.uepg.br\/parana-fala-idiomas\/wp-content\/uploads\/sites\/37\/2024\/12\/EDITAL-015-2024-Bolsista-Graduado-resultado-_didatica_assinado.pdf\">Edital n\u00ba015\/2024<\/a><\/p>\n<p>29\/11 - Edital de resultado da prova escrita e convoca\u00e7\u00e3o para a prova did\u00e1tica Profissional Graduado -\u00a0<a href=\"http:\/\/www2.uepg.br\/parana-fala-idiomas\/wp-content\/uploads\/sites\/37\/2024\/11\/EDITAL-014-2024-Bolsista-Graduado-resultado-prova-escrita_1_assinado.pdf\">Edital n\u00ba014\/2024<\/a><\/p>\n<p>22\/11 - Edital de homologa\u00e7\u00e3o das inscri\u00e7\u00f5es para o Profissional Graduado do PFF e convoca\u00e7\u00e3o para prova escrita - <a href=\"http:\/\/www2.uepg.br\/parana-fala-idiomas\/wp-content\/uploads\/sites\/37\/2024\/11\/EDITAL_013_2024-Bolsista-Graduado-Homologacao_28129_assinado.pdf\">Edital n\u00ba013\/2024<\/a><\/p>\n<p>07\/11 - Edital de sele\u00e7\u00e3o bolsista PROFISSIONAL GRADUADO -\u00a0<a href=\"http:\/\/www2.uepg.br\/parana-fala-idiomas\/wp-content\/uploads\/sites\/37\/2024\/11\/EDITAL-12_2024_Bolsista_Graduado-1.pdf\">Edital n\u00ba012\/2024<\/a><\/p>\n<p>02\/08 - Edital de convoca\u00e7\u00e3o dos inscritos do curso B1.1 INTERMEDI\u00c1RIO 1 (2\u00ba SEMESTRE DE 2024) -\u00a0<a href=\"http:\/\/www2.uepg.br\/parana-fala-idiomas\/wp-content\/uploads\/sites\/37\/2024\/08\/EDITAL-B1.1-INTERM.-2024.2.pdf\">Edital n\u00ba011\/2024<\/a><\/p>\n<p>02\/08 - Edital de convoca\u00e7\u00e3o dos inscritos do curso A2.2 PR\u00c9-INTERMEDI\u00c1RIO 2 (2\u00ba SEMESTRE DE 2024) -\u00a0<a href=\"http:\/\/www2.uepg.br\/parana-fala-idiomas\/wp-content\/uploads\/sites\/37\/2024\/08\/EDITAL-A2.2-PRE\u0301-INTERM.-2024.2.pdf\">Edital n\u00ba010\/2024<\/a><\/p>\n<p>02\/08 - Edital de convoca\u00e7\u00e3o dos inscritos do curso A2.1 PR\u00c9-INTERMEDI\u00c1RIO 1 (2\u00ba SEMESTRE DE 2024) -\u00a0<a href=\"http:\/\/www2.uepg.br\/parana-fala-idiomas\/wp-content\/uploads\/sites\/37\/2024\/08\/EDITAL-A2.1-PRE\u0301-INTERM.-2024.2.pdf\">Edital n\u00ba009\/2024<\/a><\/p>\n<p>02\/08 - Edital de convoca\u00e7\u00e3o dos inscritos do curso A1.2 B\u00c1SICO (2\u00ba SEMESTRE DE 2024) -\u00a0<a href=\"http:\/\/www2.uepg.br\/parana-fala-idiomas\/wp-content\/uploads\/sites\/37\/2024\/08\/EDITAL-A1.2-BA\u0301SICO-2024.2.pdf\">Edital n\u00ba008\/2024<\/a><\/p>\n<p>02\/08 - Edital de convoca\u00e7\u00e3o dos inscritos do curso A1.1 INICIANTE ONLINE (2\u00ba SEMESTRE DE 2024) -\u00a0<a href=\"http:\/\/www2.uepg.br\/parana-fala-idiomas\/wp-content\/uploads\/sites\/37\/2024\/08\/EDITAL-A1.1-ONLINE-2024.2-1.pdf\">Edital n\u00ba007\/2024<\/a><\/p>\n<p>02\/08 - Edital de convoca\u00e7\u00e3o dos inscritos do curso A1.1 INICIANTE PRESENCIAL (2\u00ba SEMESTRE DE 2024) -\u00a0<a href=\"http:\/\/www2.uepg.br\/parana-fala-idiomas\/wp-content\/uploads\/sites\/37\/2024\/08\/EDITAL-A1.1-CENTRO-2024.2.pdf\">Edital n\u00ba006\/2024<\/a><\/p>\n<p>23\/04 - Edital com o resultado final de sele\u00e7\u00e3o bolsista profissional -\u00a0<a href=\"http:\/\/www2.uepg.br\/parana-fala-idiomas\/wp-content\/uploads\/sites\/37\/2024\/04\/EDITAL-05-2024-Bolsista-Graduado-resultado-final.pdf\">Edital n\u00ba005\/2024<\/a><\/p>\n<p>19\/04 - Edital com o resultado da prova escrita e convoca\u00e7\u00e3o para a prova did\u00e1tica - <a href=\"http:\/\/www2.uepg.br\/parana-fala-idiomas\/wp-content\/uploads\/sites\/37\/2024\/04\/EDITAL-04-2024-Bolsista-Graduado-resultado-prova-escrita.pdf\">Edital n\u00ba004\/2024<\/a><\/p>\n<p>16\/04 - Edital de homologa\u00e7\u00e3o das inscri\u00e7\u00f5es e convoca\u00e7\u00e3o para prova escrita -\u00a0<a href=\"http:\/\/www2.uepg.br\/parana-fala-idiomas\/wp-content\/uploads\/sites\/37\/2024\/04\/EDITAL-03-2024-Bolsista-Graduado-Homologacao.pdf\">Edital n\u00ba003\/2024<\/a><\/p>\n<p>10\/04 - Edital para sele\u00e7\u00e3o de bolsista - profissional graduado -\u00a0<a href=\"http:\/\/www2.uepg.br\/parana-fala-idiomas\/wp-content\/uploads\/sites\/37\/2024\/04\/EDITAL-02-2024-Bolsista-Graduado.pdf\">Edital n\u00ba002\/2024<\/a><\/p>\n<p>08\/03 - Edital de convoca\u00e7\u00e3o dos inscritos para os cursos de franc\u00eas PFF - <a href=\"http:\/\/www2.uepg.br\/parana-fala-idiomas\/wp-content\/uploads\/sites\/37\/2024\/03\/EDITAL-CONVOCACAO-ALUNOS-20241.pdf\">Edital n\u00ba001\/2024<\/a><\/p>\n\t\t\t<\/div>\n\t\t<\/div>\n\t\t\t<div class=\"sow-tabs-panel\">\n\t\t\t<div class=\"sow-tabs-panel-content\" role=\"tabpanel\" aria-hidden=\"true\">\n\t\t\t\t<p>18\/12 - Edital Sele\u00e7\u00e3o Bolsista de Gradua\u00e7\u00e3o - Resultado - <a href=\"http:\/\/www2.uepg.br\/parana-fala-idiomas\/wp-content\/uploads\/sites\/37\/2023\/12\/EDITAL-ESTUDANTE-DE-GRADUACAO-no-9-resultado.pdf\" target=\"_blank\" rel=\"noopener\">Edital 009\/2023<\/a><\/p>\n<p>14\/12 - Edital Sele\u00e7\u00e3o Bolsista de Gradua\u00e7\u00e3o - Aprovados para a entrevista -<a href=\"http:\/\/www2.uepg.br\/parana-fala-idiomas\/wp-content\/uploads\/sites\/37\/2023\/12\/EDITAL-ESTUDANTE-DE-GRADUACAO-no-8-convocacao-entrevista.pdf\" target=\"_blank\" rel=\"noopener\"> Edital 008\/2023<\/a><\/p>\n<p>07\/12 - Edital Sele\u00e7\u00e3o Bolsista de Gradua\u00e7\u00e3o - <a href=\"http:\/\/www2.uepg.br\/parana-fala-idiomas\/wp-content\/uploads\/sites\/37\/2023\/12\/EDITAL-ESTUDANTE-DE-GRADUACAO.pdf\" target=\"_blank\" rel=\"noopener\">Edital 007\/2023<\/a><\/p>\n<p>25\/08 - Convoca\u00e7\u00e3o para os cursos do 2\u00ba semestre do PFF - <a href=\"http:\/\/www2.uepg.br\/parana-fala-idiomas\/wp-content\/uploads\/sites\/37\/2023\/08\/CONVOCACAO-PFF-2023.2-1.pdf\" target=\"_blank\" rel=\"noopener\">Edital 006\/2023<\/a><\/p>\n<p>22\/08 - Prorroga\u00e7\u00e3o de Inscri\u00e7\u00f5es e Formul\u00e1rios dos novos cursos do 2\u00ba semestre de 2023 - <a href=\"http:\/\/www2.uepg.br\/parana-fala-idiomas\/wp-content\/uploads\/sites\/37\/2023\/08\/EDITAL-FORMULARIOS-PFF-2023.-2-NOVOS-CURSOS.pdf\" target=\"_blank\" rel=\"noopener\">Edital 005\/2023<\/a><\/p>\n<p>04\/08 - Formul\u00e1rios de Inscri\u00e7\u00e3o para os cursos do 2\u00ba semestre de 2023 - <a href=\"http:\/\/www2.uepg.br\/parana-fala-idiomas\/wp-content\/uploads\/sites\/37\/2023\/08\/EDITAL-FORMULARIOS-PFF-2023.-2.pdf\" target=\"_blank\" rel=\"noopener\">Edital 004\/2023<\/a><\/p>\n<p>22\/03 - Convoca\u00e7\u00e3o para os cursos A1.1 Iniciante (s\u00e1bado) e Leitura de G\u00eaneros Orais e Escritos da Esfera Acad\u00eamica em LF - <a href=\"http:\/\/www2.uepg.br\/parana-fala-idiomas\/wp-content\/uploads\/sites\/37\/2023\/03\/EDITAL-CONVOCACAO-PFF-1-3.pdf\" target=\"_blank\" rel=\"noopener\">Edital 003\/2023<\/a><\/p>\n<p>10\/03 - Convoca\u00e7\u00e3o para os cursos do 1\u00ba semestre do PFF - <a href=\"http:\/\/www2.uepg.br\/parana-fala-idiomas\/wp-content\/uploads\/sites\/37\/2023\/03\/EDITAL-CONVOCACAO-PFF-1-1.pdf\" target=\"_blank\" rel=\"noopener\">Edital 002\/2023<\/a><\/p>\n<p>08\/03- Links para os formul\u00e1rios - <a href=\"https:\/\/forms.gle\/8gcbP3humAGsf9K99\" target=\"_blank\" rel=\"noopener\">A1.1 INICIANTE (S\u00c1BADO)<\/a> e <a href=\"https:\/\/forms.gle\/QyEQFYteXeu7b7BEA\" target=\"_blank\" rel=\"noopener\">LEITURA DE G\u00caNEROS ORAIS E ESCRITOS DA ESFERA ACAD\u00caMICA EM L\u00cdNGUA FRANCESA<\/a><\/p>\n<p>06\/02- Formul\u00e1rios de Inscri\u00e7\u00e3o para os cursos do 1\u00ba semestre de 2023 - <a href=\"http:\/\/www2.uepg.br\/parana-fala-idiomas\/wp-content\/uploads\/sites\/37\/2023\/02\/EDITAL-FORMULARIOS-PFF-2023.pdf\" target=\"_blank\" rel=\"noopener\">Edital 001\/2023<\/a><\/p>\n\t\t\t<\/div>\n\t\t<\/div>\n\t\t\t<div class=\"sow-tabs-panel\">\n\t\t\t<div class=\"sow-tabs-panel-content\" role=\"tabpanel\" aria-hidden=\"true\">\n\t\t\t\t<p>04\/10- Links para os formul\u00e1rios (A1 Iniciante) - <a href=\"https:\/\/forms.gle\/FmDDiV7MrbsPC8EAA\" target=\"_blank\" rel=\"noopener\">Centro<\/a> e\u00a0 <a href=\"https:\/\/forms.gle\/H81oGbA2nuXBMGYi9\" target=\"_blank\" rel=\"noopener\">Uvaranas\u00a0<\/a><\/p>\n<p>16\/09- Edital Convoca\u00e7\u00e3o para os cursos <a href=\"http:\/\/www2.uepg.br\/parana-fala-idiomas\/wp-content\/uploads\/sites\/37\/2022\/09\/EDITAL-CONVOCA\u00c7\u00c3O-PFF-2.pdf\" target=\"_blank\" rel=\"noopener noreferrer\">Edital 015\/2022<\/a><\/p>\n<p>29\/08- Edital Formul\u00e1rios de Inscri\u00e7\u00e3o para os cursos <a href=\"http:\/\/www2.uepg.br\/parana-fala-idiomas\/wp-content\/uploads\/sites\/37\/2022\/08\/EDITAL-FORMULARIOS-PFF-1.pdf\" target=\"_blank\" rel=\"noopener noreferrer\">Edital 014\/2022<\/a><\/p>\n<p>16\/06- Edital Convoca\u00e7\u00e3o para os cursos <a href=\"http:\/\/www2.uepg.br\/parana-fala-idiomas\/wp-content\/uploads\/sites\/37\/2022\/06\/EDITAL-CONVOCACAO-PFF.pdf\">Edital 013\/2022<\/a><\/p>\n<p>03\/06- Edital Formul\u00e1rios de Inscri\u00e7\u00e3o para os cursos <a href=\"http:\/\/www2.uepg.br\/parana-fala-idiomas\/wp-content\/uploads\/sites\/37\/2022\/06\/EDITAL-FORMULARIOS-PFF-2022.pdf\" target=\"_blank\" rel=\"noopener noreferrer\">Edital 012\/2022<\/a><\/p>\n<p>02\/05- Edital Resultado Final- Professor Graduado<a href=\"http:\/\/www2.uepg.br\/parana-fala-idiomas\/wp-content\/uploads\/sites\/37\/2022\/05\/Edital-11-2022-Resultado-final-Profissional-Graduado.pdf\"> Edital 011\/2022<\/a><\/p>\n<p>27\/04- Edital Resultado da Prova Escrita e Convoca\u00e7\u00e3o para a Prova Did\u00e1tica <a href=\"http:\/\/www2.uepg.br\/parana-fala-idiomas\/wp-content\/uploads\/sites\/37\/2022\/04\/Edital-10-22-Resultado-prova-escrita-Profissional-Graduado.pdf\">Edital 010\/2022<\/a><\/p>\n<p>25\/04- Edital Homologa\u00e7\u00e3o das Inscri\u00e7\u00f5es <a href=\"http:\/\/www2.uepg.br\/parana-fala-idiomas\/wp-content\/uploads\/sites\/37\/2022\/04\/PFF-EDITAL-0009-22-Homologacao-PROFISSIONAL-GRADUADO.pdf\">Edital 009\/2022<\/a><\/p>\n<p>15\/04- Edital Profissional Graduado <a href=\"http:\/\/www2.uepg.br\/parana-fala-idiomas\/wp-content\/uploads\/sites\/37\/2022\/04\/EDITAL-008-2022-PROFISSIONAL-GRADUADO.pdf\">Edital 008\/2022<\/a><\/p>\n<p>03\/03- Edital Convoca\u00e7\u00e3o para os cursos <a href=\"http:\/\/www2.uepg.br\/parana-fala-idiomas\/wp-content\/uploads\/sites\/37\/2022\/03\/EDITAL-CONVOCACAO-PFF.pdf\">Edital 007\/2022<\/a><\/p>\n<p>21\/02- Edital Formul\u00e1rio de Inscri\u00e7\u00f5es para os cursos <a href=\"http:\/\/www2.uepg.br\/parana-fala-idiomas\/wp-content\/uploads\/sites\/37\/2022\/02\/EDITAL-FORMULARIOS-PFF-2.pdf\" target=\"_blank\" rel=\"noopener noreferrer\">Edital 006\/2022<\/a><\/p>\n<p>15\/02- Edital Resultado Final- Profissional Graduado <a href=\"http:\/\/www2.uepg.br\/parana-fala-idiomas\/wp-content\/uploads\/sites\/37\/2022\/02\/Edital-05-2022-Resultado-final-Profissional-Graduado.pdf\">Edital 005\/2022<\/a><\/p>\n<p>15\/02- Edital Resultado Provis\u00f3rio- Prova escrita e prova did\u00e1tica<a href=\"http:\/\/www2.uepg.br\/parana-fala-idiomas\/wp-content\/uploads\/sites\/37\/2022\/02\/Edital-04-2022-Resultado-provisorio-prova-escrita-e-didatica.pdf\"> Edital 004\/2022<\/a><\/p>\n<p>09\/02- Edital Resultado- Prova escrita e Convoca\u00e7\u00e3o para a prova did\u00e1tica <a href=\"http:\/\/www2.uepg.br\/parana-fala-idiomas\/wp-content\/uploads\/sites\/37\/2022\/02\/Edital-Resultado-prova-escrita-Profissional-Graduado.pdf\">Edital 003\/2022<\/a><\/p>\n<p>07\/02- Edital Homologa\u00e7\u00e3o das Inscri\u00e7\u00f5es <a href=\"http:\/\/www2.uepg.br\/parana-fala-idiomas\/wp-content\/uploads\/sites\/37\/2022\/02\/PFF-EDITAL-Homologacao-candidatos-PROFISSIONAL-GRADUADO-2022.pdf\">Edital 002\/2022<\/a><\/p>\n<p>28\/01- Edital Profissional Graduado<a href=\"http:\/\/www2.uepg.br\/parana-fala-idiomas\/wp-content\/uploads\/sites\/37\/2022\/01\/PFF-EDITAL-PROFISSIONAL-GRADUADO-2022.pdf\"> Edital 001\/2022<\/a><\/p>\n\t\t\t<\/div>\n\t\t<\/div>\n\t\t\t<div class=\"sow-tabs-panel\">\n\t\t\t<div class=\"sow-tabs-panel-content\" role=\"tabpanel\" aria-hidden=\"true\">\n\t\t\t\t<p>04\/08\/2021- CONVOCA\u00c7\u00c3O DOS INSCRITOS PARA OS CURSOS DO 2\u00baSEMESTRE\u00a0<a href=\"http:\/\/www2.uepg.br\/parana-fala-idiomas\/wp-content\/uploads\/sites\/37\/2021\/08\/convocacao-PFF.pdf\" target=\"_blank\" rel=\"noopener\">Edital 12- 2021 Convoca\u00e7\u00e3o 2\u00baSemestre<\/a><\/p>\n<p>12\/07\/2021 - INSCRI\u00c7\u00d5ES ABERTAS PARA OS CURSOS DO 2\u00b0 SEMESTRE <a href=\"http:\/\/www2.uepg.br\/parana-fala-idiomas\/wp-content\/uploads\/sites\/37\/2021\/07\/EDITAL-PFF-2o-SEMESTRE.pdf\" target=\"_blank\" rel=\"noopener\">Edital 11-2021 Inscri\u00e7\u00f5es 2\u00b0 semestre<\/a><\/p>\n<p>17\/03\/2021 - CONVOCA\u00c7\u00c3O DOS INSCRITOS PARA OS CURSOS <a href=\"http:\/\/www2.uepg.br\/parana-fala-idiomas\/wp-content\/uploads\/sites\/37\/2021\/03\/Edital-10-2021-1a-Convocacao-inscritos-Cursos.pdf\">Edital 10-2021 1\u00aa Convoca\u00e7\u00e3o inscritos Cursos<\/a><\/p>\n<p>26\/02\/2021 - INSCRI\u00c7\u00d5ES ABERTAS PARA OS CURSOS <a href=\"http:\/\/www2.uepg.br\/parana-fala-idiomas\/wp-content\/uploads\/sites\/37\/2021\/03\/Edital-009-2021-Inscricoes-para-os-cursos.pdf\">Edital 009-2021 Inscri\u00e7\u00f5es para os cursos<\/a><\/p>\n<p>12\/02\/2021 Resultado da prova de profici\u00eancia e entrevista do Edital Bolsista de Gradua\u00e7\u00e3o - <a href=\"http:\/\/www2.uepg.br\/parana-fala-idiomas\/wp-content\/uploads\/sites\/37\/2021\/02\/Edital-008-2021-REsultado-Estudante-de-Graduacao.pdf\">Edital 008-2021 REsultado Estudante de Gradua\u00e7\u00e3o<\/a><\/p>\n<p>12\/02\/2021 Publica\u00e7\u00e3o do Resultado da prova did\u00e1tica do Edital Bolsista Profissional Graduado - <a href=\"http:\/\/www2.uepg.br\/parana-fala-idiomas\/wp-content\/uploads\/sites\/37\/2021\/02\/Edital-007-2021-Resultado-prova-didatica-Profissional-Graduado.pdf\">Edital 007-2021 Resultado prova did\u00e1tica Profissional Graduado<\/a><\/p>\n<p>05\/02\/2021 Resultado da prova escrita e agendamento da prova did\u00e1tica - Edital Profissional Graduado <a href=\"http:\/\/www2.uepg.br\/parana-fala-idiomas\/wp-content\/uploads\/sites\/37\/2021\/02\/Edital-Resultado-prova-escrita-Profissional-Graduado.pdf\">Edital Resultado prova escrita Profissional Graduado<\/a><\/p>\n<p>04\/02\/2021- Homologa\u00e7\u00e3o das inscri\u00e7\u00f5es dos candidatos ao Edital Bolsista de Gradua\u00e7\u00e3o - <a href=\"http:\/\/www2.uepg.br\/parana-fala-idiomas\/wp-content\/uploads\/sites\/37\/2021\/02\/Edital-Homologacao-Candidatos-Estudante-de-Graduacao.pdf\">Edital Homologa\u00e7\u00e3o Candidatos Estudante de Gradua\u00e7\u00e3o<\/a><\/p>\n<p><a href=\"http:\/\/www2.uepg.br\/parana-fala-idiomas\/wp-content\/uploads\/sites\/37\/2021\/01\/Edital-Prorrogacao-Estudante-de-Graduacao.pdf\">28\/01\/2021 - Prorroga\u00e7\u00e3o das inscri\u00e7\u00f5es para Bolsista de Gradua\u00e7\u00e3o - Edital Prorroga\u00e7\u00e3o Estudante de Gradua\u00e7\u00e3o<\/a><\/p>\n<p>28\/01\/2021 Homologa\u00e7\u00e3o das inscri\u00e7\u00f5es dos candidatos ao Edital Profissional Graduado: <a href=\"http:\/\/www2.uepg.br\/parana-fala-idiomas\/wp-content\/uploads\/sites\/37\/2021\/01\/Edital-Homologacao-Candidatos-Profissional-Graduado.pdf\">Edital 003\/21 Homologa\u00e7\u00e3o Candidatos Profissional Graduado<\/a><\/p>\n<p><a href=\"http:\/\/www2.uepg.br\/parana-fala-idiomas\/wp-content\/uploads\/sites\/37\/2021\/01\/PFF-EDITAL001-2021-PROFISSIONAL-GRADUADO.pdf\">12\/01\/2021 Edital para Profissional Graduado: PFF EDITAL001-2021 PROFISSIONAL GRADUADO<\/a><\/p>\n<p><a href=\"http:\/\/www2.uepg.br\/parana-fala-idiomas\/wp-content\/uploads\/sites\/37\/2021\/01\/Anexo-I-PFF-EDITAL-PROFISSIONAL-GRADUADO-1.docx\">Documento Anexo I - Edital Profissional Graduado: Anexo I PFF EDITAL PROFISSIONAL GRADUADO<\/a><\/p>\n<p><a href=\"http:\/\/www2.uepg.br\/parana-fala-idiomas\/wp-content\/uploads\/sites\/37\/2021\/01\/Anexo-II-PFF-EDITAL-PROFISSIONAL-GRADUADO-1.docx\">Documento Anexo II - Edital Profissional Graduado: Anexo II PFF EDITAL PROFISSIONAL GRADUADO<\/a><\/p>\n<p><a href=\"http:\/\/www2.uepg.br\/parana-fala-idiomas\/wp-content\/uploads\/sites\/37\/2021\/01\/PFF-EDITAL-002-2021-ESTUDANTE-DE-GRADUACAO.pdf\">12\/01\/2021 Edital para Bolsista de Gradua\u00e7\u00e3o: PFF EDITAL 002-2021 ESTUDANTE DE GRADUA\u00c7\u00c3O<\/a><\/p>\n<p><a href=\"http:\/\/www2.uepg.br\/parana-fala-idiomas\/wp-content\/uploads\/sites\/37\/2021\/01\/Anexo-I-PFF-EDITAL-ESTUDANTE-DE-GRADUACAO.docx\">Documento Anexo I - Edital Bolsista de Gradua\u00e7\u00e3o: Anexo I PFF EDITAL ESTUDANTE DE GRADUA\u00c7\u00c3O<\/a><\/p>\n<p><a href=\"http:\/\/www2.uepg.br\/parana-fala-idiomas\/wp-content\/uploads\/sites\/37\/2021\/01\/Anexo-II-PFF-EDITAL-ESTUDANTE-DE-GRADUACAO.docx\">Documento Anexo II para Bolsista de Gradua\u00e7\u00e3o: Anexo II PFF EDITAL ESTUDANTE DE GRADUA\u00c7\u00c3O<\/a><\/p>\n\t\t\t<\/div>\n\t\t<\/div>\n\t\t\t<div class=\"sow-tabs-panel\">\n\t\t\t<div class=\"sow-tabs-panel-content\" role=\"tabpanel\" aria-hidden=\"true\">\n\t\t\t\t<p><a href=\"http:\/\/www2.uepg.br\/parana-fala-idiomas\/wp-content\/uploads\/sites\/37\/2020\/04\/Edital-03-2020-Cursos-franc\u00eas-ONLINE-plano-covid-19.pdf\">Edital 03-2020 Cursos franc\u00eas ONLINE plano covid-19<\/a><\/p>\n<p><a href=\"http:\/\/www2.uepg.br\/parana-fala-idiomas\/wp-content\/uploads\/sites\/37\/2020\/02\/Edital-02-2020-INTENSIVO-FRANC\u00caS-convertido.pdf\">Edital 02.2020 - Inscri\u00e7\u00f5es para Curso Intensivo de Inicia\u00e7\u00e3o \u00e0 L\u00edngua Francesa\u00a0<\/a><\/p>\n<p><a href=\"http:\/\/www2.uepg.br\/parana-fala-idiomas\/wp-content\/uploads\/sites\/37\/2020\/02\/Edital-01-2020-Inscri\u00e7\u00f5es-alunos-PFF-convertido.pdf\">Edital 01.2020 - Abertura de Inscri\u00e7\u00f5es\u00a0<\/a><\/p>\n\t\t\t<\/div>\n\t\t<\/div>\n\t\t<\/div>\n<\/div>\n<\/div><\/div><\/div><\/div><\/div>","protected":false},"excerpt":{"rendered":"<p>Editais 2026 2025 2024 2023 2022 2021 2020 06\/03 &#8211; Edital de convoca\u00e7\u00e3o dos inscritos e lista de espera para os cursos do 1\u00ba semestre &#8211;\u00a0Edital 002\/2026 12\/02 &#8211; Edital chamada para inscri\u00e7\u00f5es cursos 1\u00ba semestre de 2026 &#8211;\u00a0Edital n\u00ba001\/2026 15\/08 &#8211; Edital de convoca\u00e7\u00e3o dos inscritos das vagas remanescentes para os cursos do 2\u00ba&nbsp;&hellip;<\/p>\n","protected":false},"author":80,"featured_media":0,"parent":0,"menu_order":0,"comment_status":"closed","ping_status":"closed","template":"","meta":[],"_links":{"self":[{"href":"https:\/\/www2.uepg.br\/parana-fala-idiomas\/wp-json\/wp\/v2\/pages\/159"}],"collection":[{"href":"https:\/\/www2.uepg.br\/parana-fala-idiomas\/wp-json\/wp\/v2\/pages"}],"about":[{"href":"https:\/\/www2.uepg.br\/parana-fala-idiomas\/wp-json\/wp\/v2\/types\/page"}],"author":[{"embeddable":true,"href":"https:\/\/www2.uepg.br\/parana-fala-idiomas\/wp-json\/wp\/v2\/users\/80"}],"replies":[{"embeddable":true,"href":"https:\/\/www2.uepg.br\/parana-fala-idiomas\/wp-json\/wp\/v2\/comments?post=159"}],"version-history":[{"count":101,"href":"https:\/\/www2.uepg.br\/parana-fala-idiomas\/wp-json\/wp\/v2\/pages\/159\/revisions"}],"predecessor-version":[{"id":2518,"href":"https:\/\/www2.uepg.br\/parana-fala-idiomas\/wp-json\/wp\/v2\/pages\/159\/revisions\/2518"}],"wp:attachment":[{"href":"https:\/\/www2.uepg.br\/parana-fala-idiomas\/wp-json\/wp\/v2\/media?parent=159"}],"curies":[{"name":"wp","href":"https:\/\/api.w.org\/{rel}","templated":true}]}}