{"id":167,"date":"2021-01-15T16:20:08","date_gmt":"2021-01-15T19:20:08","guid":{"rendered":"http:\/\/www2.uepg.br\/parana-fala-idiomas\/?page_id=167"},"modified":"2026-02-12T14:36:18","modified_gmt":"2026-02-12T17:36:18","slug":"cursos-e-horarios-pff","status":"publish","type":"page","link":"https:\/\/www2.uepg.br\/parana-fala-idiomas\/cursos-e-horarios-pff\/","title":{"rendered":"Cursos e Hor\u00e1rios Paran\u00e1 Fala Franc\u00eas"},"content":{"rendered":"<div id=\"pl-167\"  class=\"panel-layout\" ><div id=\"pg-167-0\"  class=\"panel-grid panel-no-style\" ><div id=\"pgc-167-0-0\"  class=\"panel-grid-cell\" ><div id=\"panel-167-0-0-0\" class=\"so-panel widget widget_sow-editor panel-first-child panel-last-child\" data-index=\"0\" ><div\n\t\t\t\n\t\t\tclass=\"so-widget-sow-editor so-widget-sow-editor-base\"\n\t\t\t\n\t\t>\n<div class=\"siteorigin-widget-tinymce textwidget\">\n\t<h2 style=\"text-align: center\"><span style=\"color: #ff6600\"><strong>CURSOS DO 1\u00ba SEMESTRE DE 2026<\/strong><\/span><\/h2>\n<h3 style=\"text-align: center;padding-left: 40px\"><span style=\"color: #000000\">As inscri\u00e7\u00f5es para os<\/span><span style=\"color: #edb200\"><strong> cursos de FRANC\u00caS <\/strong><\/span><span style=\"color: #000000\">do<\/span><strong><br \/>\n<\/strong><span style=\"color: #008000\"><strong>Paran\u00e1 Fala Franc\u00eas<\/strong><\/span> <span style=\"color: #000000\">est\u00e3o<\/span>\u00a0<strong><span style=\"color: #c74444\">ABERTAS <\/span><\/strong><span style=\"color: #c74444\"><span style=\"color: #000000\">at\u00e9 05\/03.<\/span><\/span><\/h3>\n<hr \/>\n<p>&nbsp;<\/p>\n<\/div>\n<\/div><\/div><\/div><\/div><div id=\"pg-167-1\"  class=\"panel-grid panel-has-style\" ><div class=\"siteorigin-panels-stretch panel-row-style panel-row-style-for-167-1\" data-stretch-type=\"full\" ><div id=\"pgc-167-1-0\"  class=\"panel-grid-cell\" ><div id=\"panel-167-1-0-0\" class=\"so-panel widget widget_sow-features panel-first-child panel-last-child\" data-index=\"1\" ><div\n\t\t\t\n\t\t\tclass=\"so-widget-sow-features so-widget-sow-features-default-5a1a8d6c0a6f-167\"\n\t\t\t\n\t\t>\n<div class=\"sow-features-list sow-features-responsive\">\n\n\t\t\t\t\t\t<div\n\t\t\t\tclass=\"sow-features-feature sow-icon-container-position-top \"\n\t\t\t\tstyle=\"display: flex; flex-direction: column; float: left; width: 33.333%;\"\n\t\t\t>\n\n\t\t\t\t\t\t\t\t<div\n\t\t\t\t\tclass=\"sow-icon-container sow-container-none\"\n                    style=\"color: #404040; \"\n\t\t\t\t\t>\n\t\t\t\t\t<div class=\"sow-icon-image\" style=\"background-image: url(https:\/\/www2.uepg.br\/parana-fala-idiomas\/wp-content\/uploads\/sites\/37\/2026\/02\/1.png); font-size: 200px\"><\/div>\t\t\t\t<\/div>\n\t\t\t\t\n\t\t\t\t<div class=\"textwidget\">\n\t\t\t\t\t\t\t\t\t\t\t<h5>\n\t\t\t\t\t\t\t\n\t\t\t\t\t\t\tFranc\u00eas A1.1 \u2013 Introdu\u00e7\u00e3o \u00e0 Comunica\u00e7\u00e3o Acad\u00eamica e \u00e0 Mobilidade Internacional\t\t\t\t\t\t\t\t\t\t\t\t\t<\/h5>\n\t\t\t\t\t\n\t\t\t\t\t\t\t\t\t\t\t<hr \/>\n<p>O curso \u00e9 destinado para quem <strong>nunca<\/strong> estudou franc\u00eas antes, ou seja, apresentam <strong>n\u00edvel zero<\/strong> na l\u00edngua francesa.<\/p>\n<hr \/>\n<p style=\"text-align: left\"><strong>Sala: <\/strong><em>em breve<\/em><\/p>\n<p style=\"text-align: left\"><b>N\u00famero de vagas: <\/b>25 (por ordem de inscri\u00e7\u00e3o)<\/p>\n<p style=\"text-align: left\"><strong>Dias e hor\u00e1rios das aulas: <\/strong>Ter\u00e7as e quintas-feiras | 17h - 18h30<\/p>\n<p style=\"text-align: left\"><b>Local: <\/b>UEPG Centro<\/p>\n<p style=\"text-align: left\"><b> <\/b><b>Professor: <\/b>Christofer Goes Miranda<\/p>\n<p style=\"text-align: left\"><strong>Modalidade:<\/strong> PRESENCIAL<\/p>\n<p style=\"text-align: left\"><em><strong>INSCRI\u00c7\u00c3O: <a href=\"https:\/\/forms.gle\/NZfKVFzVD48s1BNJ7\">https:\/\/forms.gle\/NZfKVFzVD48s1BNJ7<\/a><\/strong><\/em><\/p>\n\t\t\t\t\t\n\t\t\t\t\t\t\t\t\t<\/div>\n\t\t\t\t\t\t\t<\/div>\n\n\t\t\t\t\t<div\n\t\t\t\tclass=\"sow-features-feature sow-icon-container-position-top \"\n\t\t\t\tstyle=\"display: flex; flex-direction: column; float: left; width: 33.333%;\"\n\t\t\t>\n\n\t\t\t\t\t\t\t\t<div\n\t\t\t\t\tclass=\"sow-icon-container sow-container-none\"\n                    style=\"color: #404040; \"\n\t\t\t\t\t>\n\t\t\t\t\t<div class=\"sow-icon-image\" style=\"background-image: url(https:\/\/www2.uepg.br\/parana-fala-idiomas\/wp-content\/uploads\/sites\/37\/2026\/02\/2.png); font-size: 200px\"><\/div>\t\t\t\t<\/div>\n\t\t\t\t\n\t\t\t\t<div class=\"textwidget\">\n\t\t\t\t\t\t\t\t\t\t\t<h5>\n\t\t\t\t\t\t\t\n\t\t\t\t\t\t\tFranc\u00eas A1.1 \u2013 Introdu\u00e7\u00e3o \u00e0 Comunica\u00e7\u00e3o Acad\u00eamica e \u00e0 Mobilidade Internacional\t\t\t\t\t\t\t\t\t\t\t\t\t<\/h5>\n\t\t\t\t\t\n\t\t\t\t\t\t\t\t\t\t\t<hr \/>\n<p>O curso \u00e9 destinado para quem <strong>nunca<\/strong> estudou franc\u00eas antes, ou seja, apresentam <strong>n\u00edvel zero<\/strong> na l\u00edngua francesa.<\/p>\n<hr \/>\n<p style=\"text-align: left\"><strong>Sala: <\/strong><em>em breve<\/em><\/p>\n<p style=\"text-align: left\"><b>N\u00famero de vagas: <\/b>25 (por ordem de inscri\u00e7\u00e3o)<\/p>\n<p style=\"text-align: left\"><strong>Dias e hor\u00e1rios das aulas: <\/strong>Ter\u00e7as-feiras | 09h30 \u00e0s 11h<\/p>\n<p style=\"text-align: left\"><b>Local: <\/b>UEPG Uvaranas<\/p>\n<p style=\"text-align: left\"><b> <\/b><b>Professor: <\/b>Daiane Pereira Xavier<\/p>\n<p style=\"text-align: left\"><strong>Modalidade:<\/strong> PRESENCIAL<\/p>\n<p style=\"text-align: left\"><em><strong>INSCRI\u00c7\u00c3O: <a href=\"https:\/\/forms.gle\/BYSxS5mkEvDtfjkX9\">https:\/\/forms.gle\/BYSxS5mkEvDtfjkX9<\/a><\/strong><\/em><\/p>\n\t\t\t\t\t\n\t\t\t\t\t\t\t\t\t<\/div>\n\t\t\t\t\t\t\t<\/div>\n\n\t\t\t\t\t<div\n\t\t\t\tclass=\"sow-features-feature sow-icon-container-position-top \"\n\t\t\t\tstyle=\"display: flex; flex-direction: column; float: left; width: 33.333%;\"\n\t\t\t>\n\n\t\t\t\t\t\t\t\t<div\n\t\t\t\t\tclass=\"sow-icon-container sow-container-none\"\n                    style=\"color: #404040; \"\n\t\t\t\t\t>\n\t\t\t\t\t<div class=\"sow-icon-image\" style=\"background-image: url(https:\/\/www2.uepg.br\/parana-fala-idiomas\/wp-content\/uploads\/sites\/37\/2026\/02\/3.png); font-size: 200px\"><\/div>\t\t\t\t<\/div>\n\t\t\t\t\n\t\t\t\t<div class=\"textwidget\">\n\t\t\t\t\t\t\t\t\t\t\t<h5>\n\t\t\t\t\t\t\t\n\t\t\t\t\t\t\tFranc\u00eas A1.2 \u2013 Para Contextos Acad\u00eamicos Iniciais\t\t\t\t\t\t\t\t\t\t\t\t\t<\/h5>\n\t\t\t\t\t\n\t\t\t\t\t\t\t\t\t\t\t<hr \/>\n<p>O curso \u00e9 destinado para quem j\u00e1 cursou, pelo menos, 1 semestre de franc\u00eas.<\/p>\n<hr \/>\n<p style=\"text-align: left\"><strong>Sala: <\/strong><em>em breve<\/em><\/p>\n<p style=\"text-align: left\"><b>N\u00famero de vagas: <\/b>25 (por ordem de inscri\u00e7\u00e3o)<\/p>\n<p style=\"text-align: left\"><strong>Dias e hor\u00e1rios das aulas: <\/strong>Quartas-feiras | 9h30 \u00e0s 11h<\/p>\n<p style=\"text-align: left\"><b>Local:<\/b>ESLIN (R. J\u00falia Wanderley, 980 - Centro, Ponta Grossa - PR)<\/p>\n<p style=\"text-align: left\"><b> <\/b><b>Professor: <\/b>Daiane Pereira Xavier<\/p>\n<p style=\"text-align: left\"><strong>Modalidade:<\/strong> PRESENCIAL<\/p>\n<p style=\"text-align: left\"><em><strong>INSCRI\u00c7\u00c3O: <a href=\"https:\/\/forms.gle\/Ss332sDMPweEfKxY8\">https:\/\/forms.gle\/Ss332sDMPweEfKxY8<\/a><\/strong><\/em><\/p>\n\t\t\t\t\t\n\t\t\t\t\t\t\t\t\t<\/div>\n\t\t\t\t\t\t\t<\/div>\n\n\t\t\t\t\t<div\n\t\t\t\tclass=\"sow-features-feature sow-icon-container-position-top \"\n\t\t\t\tstyle=\"display: flex; flex-direction: column; float: left; width: 33.333%;\"\n\t\t\t>\n\n\t\t\t\t\t\t\t\t<div\n\t\t\t\t\tclass=\"sow-icon-container sow-container-none\"\n                    style=\"color: #404040; \"\n\t\t\t\t\t>\n\t\t\t\t\t<div class=\"sow-icon-image\" style=\"background-image: url(https:\/\/www2.uepg.br\/parana-fala-idiomas\/wp-content\/uploads\/sites\/37\/2026\/02\/4.png); font-size: 200px\"><\/div>\t\t\t\t<\/div>\n\t\t\t\t\n\t\t\t\t<div class=\"textwidget\">\n\t\t\t\t\t\t\t\t\t\t\t<h5>\n\t\t\t\t\t\t\t\n\t\t\t\t\t\t\tFranc\u00eas A2.1 \u2013 Intera\u00e7\u00f5es Acad\u00eamicas em Contextos de Mobilidade Internacional\t\t\t\t\t\t\t\t\t\t\t\t\t<\/h5>\n\t\t\t\t\t\n\t\t\t\t\t\t\t\t\t\t\t<hr \/>\n<p>O curso \u00e9 destinado para quem j\u00e1 cursou, pelo menos, 2 semestres de franc\u00eas.<\/p>\n<hr \/>\n<p style=\"text-align: left\"><strong>Sala: <\/strong><em>em breve<\/em><\/p>\n<p style=\"text-align: left\"><b>N\u00famero de vagas: <\/b>25 (por ordem de inscri\u00e7\u00e3o)<\/p>\n<p style=\"text-align: left\"><strong>Dias e hor\u00e1rios das aulas: <\/strong>Ter\u00e7as e quintas-feiras | 17h - 18h30<\/p>\n<p style=\"text-align: left\"><b>Local: <\/b>UEPG Centro<\/p>\n<p style=\"text-align: left\"><b> <\/b><b>Professor: <\/b>Daiane Pereira Xavier<\/p>\n<p style=\"text-align: left\"><strong>Modalidade:<\/strong> PRESENCIAL<\/p>\n<p style=\"text-align: left\"><em><strong>INSCRI\u00c7\u00c3O: <a href=\"https:\/\/forms.gle\/7mV5cfeZjkk3b1oA9\">https:\/\/forms.gle\/7mV5cfeZjkk3b1oA9<\/a><\/strong><\/em><\/p>\n\t\t\t\t\t\n\t\t\t\t\t\t\t\t\t<\/div>\n\t\t\t\t\t\t\t<\/div>\n\n\t\t\t\t\t<div\n\t\t\t\tclass=\"sow-features-feature sow-icon-container-position-top \"\n\t\t\t\tstyle=\"display: flex; flex-direction: column; float: left; width: 33.333%;\"\n\t\t\t>\n\n\t\t\t\t\t\t\t\t<div\n\t\t\t\t\tclass=\"sow-icon-container sow-container-none\"\n                    style=\"color: #404040; \"\n\t\t\t\t\t>\n\t\t\t\t\t<div class=\"sow-icon-image\" style=\"background-image: url(https:\/\/www2.uepg.br\/parana-fala-idiomas\/wp-content\/uploads\/sites\/37\/2026\/02\/5.png); font-size: 200px\"><\/div>\t\t\t\t<\/div>\n\t\t\t\t\n\t\t\t\t<div class=\"textwidget\">\n\t\t\t\t\t\t\t\t\t\t\t<h5>\n\t\t\t\t\t\t\t\n\t\t\t\t\t\t\tFranc\u00eas A2.2 - Integra\u00e7\u00e3o Lingu\u00edstica para Experi\u00eancias de Internacionaliza\u00e7\u00e3o\t\t\t\t\t\t\t\t\t\t\t\t\t<\/h5>\n\t\t\t\t\t\n\t\t\t\t\t\t\t\t\t\t\t<hr \/>\n<p>O curso \u00e9 destinado para quem j\u00e1 cursou, pelo menos, 3 semestres de franc\u00eas.<\/p>\n<hr \/>\n<p style=\"text-align: left\"><strong>Sala: <\/strong><em>em breve<\/em><\/p>\n<p style=\"text-align: left\"><b>N\u00famero de vagas: <\/b>25 (por ordem de inscri\u00e7\u00e3o)<\/p>\n<p style=\"text-align: left\"><strong>Dias e hor\u00e1rios das aulas: <\/strong>Quartas e sextas-feiras | 17h - 18h30<\/p>\n<p style=\"text-align: left\"><b>Local: <\/b>UEPG Centro<\/p>\n<p style=\"text-align: left\"><b> <\/b><b>Professor: <\/b>Christofer Goes Miranda<\/p>\n<p style=\"text-align: left\"><strong>Modalidade:<\/strong> PRESENCIAL<\/p>\n<p style=\"text-align: left\"><em><strong>INSCRI\u00c7\u00c3O: <a href=\"https:\/\/forms.gle\/pbyh8PXyuuSdHcF97\">https:\/\/forms.gle\/pbyh8PXyuuSdHcF97<\/a><\/strong><\/em><\/p>\n\t\t\t\t\t\n\t\t\t\t\t\t\t\t\t<\/div>\n\t\t\t\t\t\t\t<\/div>\n\n\t\t\t\t\t<div\n\t\t\t\tclass=\"sow-features-feature sow-icon-container-position-top \"\n\t\t\t\tstyle=\"display: flex; flex-direction: column; float: left; width: 33.333%;\"\n\t\t\t>\n\n\t\t\t\t\t\t\t\t<div\n\t\t\t\t\tclass=\"sow-icon-container sow-container-none\"\n                    style=\"color: #404040; \"\n\t\t\t\t\t>\n\t\t\t\t\t<div class=\"sow-icon-image\" style=\"background-image: url(https:\/\/www2.uepg.br\/parana-fala-idiomas\/wp-content\/uploads\/sites\/37\/2026\/02\/6.png); font-size: 200px\"><\/div>\t\t\t\t<\/div>\n\t\t\t\t\n\t\t\t\t<div class=\"textwidget\">\n\t\t\t\t\t\t\t\t\t\t\t<h5>\n\t\t\t\t\t\t\t\n\t\t\t\t\t\t\tFranc\u00eas Preparat\u00f3rio para Testes de Sufici\u00eancia\t\t\t\t\t\t\t\t\t\t\t\t\t<\/h5>\n\t\t\t\t\t\n\t\t\t\t\t\t\t\t\t\t\t<hr \/>\n<p>Prepara\u00e7\u00e3o lingu\u00edstica para exames de sufici\u00eancia em l\u00edngua francesa. Desenvolvimento das compet\u00eancias de leitura. Estrat\u00e9gias de leitura de textos cient\u00edficos e liter\u00e1rios. Revis\u00e3o gramatical focada em estruturas recorrentes em provas. Pr\u00e1tica com modelos de exames.<\/p>\n<hr \/>\n<p style=\"text-align: left\"><strong>Sala: <\/strong><em>em breve<\/em><\/p>\n<p style=\"text-align: left\"><b>N\u00famero de vagas: <\/b>25 (por ordem de inscri\u00e7\u00e3o)<\/p>\n<p style=\"text-align: left\"><strong>Dias e hor\u00e1rios das aulas: <\/strong>Segundas-feiras | 19h - 20h30<\/p>\n<p style=\"text-align: left\"><b>Local: <\/b>ESLIN (R. J\u00falia Wanderley, 980 - Centro, Ponta Grossa - PR)<\/p>\n<p style=\"text-align: left\"><b> <\/b><b>Professor: <\/b>Daiane Pereira Xavier<\/p>\n<p style=\"text-align: left\"><strong>Modalidade:<\/strong> PRESENCIAL<\/p>\n<p style=\"text-align: left\"><em><strong>INSCRI\u00c7\u00c3O: <a href=\"https:\/\/forms.gle\/iQCvhe73b28XNy4P7\">https:\/\/forms.gle\/iQCvhe73b28XNy4P7<\/a><\/strong><\/em><\/p>\n\t\t\t\t\t\n\t\t\t\t\t\t\t\t\t<\/div>\n\t\t\t\t\t\t\t<\/div>\n\n\t\t\t\t\t<div\n\t\t\t\tclass=\"sow-features-feature sow-icon-container-position-top sow-features-feature-last-row\"\n\t\t\t\tstyle=\"display: flex; flex-direction: column; float: left; width: 33.333%;\"\n\t\t\t>\n\n\t\t\t\t\t\t\t\t<div\n\t\t\t\t\tclass=\"sow-icon-container sow-container-none\"\n                    style=\"color: #404040; \"\n\t\t\t\t\t>\n\t\t\t\t\t<div class=\"sow-icon-image\" style=\"background-image: url(https:\/\/www2.uepg.br\/parana-fala-idiomas\/wp-content\/uploads\/sites\/37\/2026\/02\/7.png); font-size: 200px\"><\/div>\t\t\t\t<\/div>\n\t\t\t\t\n\t\t\t\t<div class=\"textwidget\">\n\t\t\t\t\t\t\t\t\t\t\t<h5>\n\t\t\t\t\t\t\t\n\t\t\t\t\t\t\tConversa\u00e7\u00e3o em Franc\u00eas \u2013 Mobilidade Acad\u00eamica e Intera\u00e7\u00f5es Universit\u00e1rias\t\t\t\t\t\t\t\t\t\t\t\t\t<\/h5>\n\t\t\t\t\t\n\t\t\t\t\t\t\t\t\t\t\t<hr \/>\n<p>Desenvolvimento da flu\u00eancia oral em franc\u00eas por meio de atividades comunicativas e de a\u00e7\u00e3o. Debates, simula\u00e7\u00f5es e discuss\u00f5es tem\u00e1ticas. \u00canfase na pron\u00fancia, entona\u00e7\u00e3o e intera\u00e7\u00e3o oral. Amplia\u00e7\u00e3o do vocabul\u00e1rio e das estrat\u00e9gias discursivas. Curso voltado para alunos com conhecimentos b\u00e1sicos da l\u00edngua.<\/p>\n<hr \/>\n<p style=\"text-align: left\"><strong>Sala: <\/strong><em>em breve<\/em><\/p>\n<p style=\"text-align: left\"><b>N\u00famero de vagas: <\/b>25 (por ordem de inscri\u00e7\u00e3o)<\/p>\n<p style=\"text-align: left\"><strong>Dias e hor\u00e1rios das aulas: <\/strong>Quintas-feiras<strong> | <span style=\"font-weight: 400\">19h-20h30<\/span><\/strong><\/p>\n<p style=\"text-align: left\"><b>Local: <\/b>ESLIN (R. J\u00falia Wanderley, 980 - Centro, Ponta Grossa - PR)<\/p>\n<p style=\"text-align: left\"><b> <\/b><b>Professor: <\/b>Christofer Goes Miranda<\/p>\n<p style=\"text-align: left\"><strong>Modalidade:<\/strong> PRESENCIAL<\/p>\n<p style=\"text-align: left\"><em><strong>INSCRI\u00c7\u00c3O: <a href=\"https:\/\/forms.gle\/gLnPWp647CHPXxfB7\">https:\/\/forms.gle\/gLnPWp647CHPXxfB7<\/a><\/strong><\/em><\/p>\n\t\t\t\t\t\n\t\t\t\t\t\t\t\t\t<\/div>\n\t\t\t\t\t\t\t<\/div>\n\n\t\t\t\t\t<div\n\t\t\t\tclass=\"sow-features-feature sow-icon-container-position-top sow-features-feature-last-row\"\n\t\t\t\tstyle=\"display: flex; flex-direction: column; float: left; width: 33.333%;\"\n\t\t\t>\n\n\t\t\t\t\t\t\t\t<div\n\t\t\t\t\tclass=\"sow-icon-container sow-container-none\"\n                    style=\"color: #404040; \"\n\t\t\t\t\t>\n\t\t\t\t\t<div class=\"sow-icon-image\" style=\"background-image: url(https:\/\/www2.uepg.br\/parana-fala-idiomas\/wp-content\/uploads\/sites\/37\/2026\/02\/8.png); font-size: 200px\"><\/div>\t\t\t\t<\/div>\n\t\t\t\t\n\t\t\t\t<div class=\"textwidget\">\n\t\t\t\t\t\t\t\t\t\t\t<h5>\n\t\t\t\t\t\t\t\n\t\t\t\t\t\t\tFranc\u00eas para Arquitetura e Mobilidade Acad\u00eamica 2 \u2013 Introdu\u00e7\u00e3o ao Vocabul\u00e1rio Profissional\t\t\t\t\t\t\t\t\t\t\t\t\t<\/h5>\n\t\t\t\t\t\n\t\t\t\t\t\t\t\t\t\t\t<hr \/>\n<p>Aperfei\u00e7oamento do franc\u00eas com foco na \u00e1rea de Arquitetura e Urbanismo. Vocabul\u00e1rio t\u00e9cnico e acad\u00eamico. Leitura e compreens\u00e3o de textos especializados (projetos, descri\u00e7\u00f5es arquitet\u00f4nicas, artigos). Introdu\u00e7\u00e3o a refer\u00eancias culturais e arquitet\u00f4nicas do espa\u00e7o franc\u00f3fono.<\/p>\n<hr \/>\n<p style=\"text-align: left\"><strong>Sala: <\/strong><em>em breve<\/em><\/p>\n<p style=\"text-align: left\"><b>N\u00famero de vagas: <\/b>25 (por ordem de inscri\u00e7\u00e3o)<\/p>\n<p style=\"text-align: left\"><strong>Dias e hor\u00e1rios das aulas: <\/strong>Segundas-feiras | 17h - 18h30<\/p>\n<p style=\"text-align: left\"><b>Local: <\/b>UEPG Uvaranas<\/p>\n<p style=\"text-align: left\"><b> <\/b><b>Professor: <\/b>Christofer Goes Miranda<\/p>\n<p style=\"text-align: left\"><strong>Modalidade:<\/strong> PRESENCIAL<\/p>\n<p style=\"text-align: left\"><em><strong>INSCRI\u00c7\u00c3O: <a href=\"https:\/\/forms.gle\/SSeehcP8SqSvqJ279\">https:\/\/forms.gle\/SSeehcP8SqSvqJ279<\/a><\/strong><\/em><\/p>\n\t\t\t\t\t\n\t\t\t\t\t\t\t\t\t<\/div>\n\t\t\t\t\t\t\t<\/div>\n\n\t\t\t\t\t<div\n\t\t\t\tclass=\"sow-features-feature sow-icon-container-position-top sow-features-feature-last-row\"\n\t\t\t\tstyle=\"display: flex; flex-direction: column; float: left; width: 33.333%;\"\n\t\t\t>\n\n\t\t\t\t\t\t\t\t<div\n\t\t\t\t\tclass=\"sow-icon-container sow-container-none\"\n                    style=\"color: #404040; \"\n\t\t\t\t\t>\n\t\t\t\t\t<div class=\"sow-icon-image\" style=\"background-image: url(https:\/\/www2.uepg.br\/parana-fala-idiomas\/wp-content\/uploads\/sites\/37\/2026\/02\/9.png); font-size: 200px\"><\/div>\t\t\t\t<\/div>\n\t\t\t\t\n\t\t\t\t<div class=\"textwidget\">\n\t\t\t\t\t\t\t\t\t\t\t<h5>\n\t\t\t\t\t\t\t\n\t\t\t\t\t\t\tFranc\u00eas para \u00c1rea da Sa\u00fade\t\t\t\t\t\t\t\t\t\t\t\t\t<\/h5>\n\t\t\t\t\t\n\t\t\t\t\t\t\t\t\t\t\t<hr \/>\n<p>Introdu\u00e7\u00e3o ao franc\u00eas com foco na \u00e1rea da Sa\u00fade. Vocabul\u00e1rio t\u00e9cnico b\u00e1sico, situa\u00e7\u00f5es comunicativas em contexto profissional (atendimento, anamnese simples, orienta\u00e7\u00f5es). Leitura de textos informativos da \u00e1rea. Produ\u00e7\u00e3o oral e escrita funcional. Aspectos culturais e \u00e9ticos da comunica\u00e7\u00e3o em sa\u00fade no contexto franc\u00f3fono.<\/p>\n<hr \/>\n<p style=\"text-align: left\"><strong>Sala: <\/strong>em breve<\/p>\n<p style=\"text-align: left\"><b>N\u00famero de vagas: <\/b>25 (por ordem de inscri\u00e7\u00e3o)<\/p>\n<p style=\"text-align: left\"><strong>Dias e hor\u00e1rios das aulas: <\/strong>Quartas-feiras | 17h - 18h30<\/p>\n<p style=\"text-align: left\"><b>Local: <\/b>UEPG Uvaranas<\/p>\n<p style=\"text-align: left\"><b> <\/b><b>Professor: <\/b>Daiane Pereira Xavier<\/p>\n<p style=\"text-align: left\"><strong>Modalidade:<\/strong> PRESENCIAL<\/p>\n<p style=\"text-align: left\"><em><strong>INSCRI\u00c7\u00c3O: <a href=\"https:\/\/forms.gle\/doPBmiZuULxV1Qhr5\">https:\/\/forms.gle\/doPBmiZuULxV1Qhr5<\/a><\/strong><\/em><\/p>\n\t\t\t\t\t\n\t\t\t\t\t\t\t\t\t<\/div>\n\t\t\t\t\t\t\t<\/div>\n\n\t\t\t\n<\/div>\n<\/div><\/div><\/div><\/div><\/div><\/div>","protected":false},"excerpt":{"rendered":"<p>CURSOS DO 1\u00ba SEMESTRE DE 2026 As inscri\u00e7\u00f5es para os cursos de FRANC\u00caS do Paran\u00e1 Fala Franc\u00eas est\u00e3o\u00a0ABERTAS at\u00e9 05\/03. &nbsp;<\/p>\n","protected":false},"author":80,"featured_media":0,"parent":0,"menu_order":0,"comment_status":"closed","ping_status":"closed","template":"","meta":[],"_links":{"self":[{"href":"https:\/\/www2.uepg.br\/parana-fala-idiomas\/wp-json\/wp\/v2\/pages\/167"}],"collection":[{"href":"https:\/\/www2.uepg.br\/parana-fala-idiomas\/wp-json\/wp\/v2\/pages"}],"about":[{"href":"https:\/\/www2.uepg.br\/parana-fala-idiomas\/wp-json\/wp\/v2\/types\/page"}],"author":[{"embeddable":true,"href":"https:\/\/www2.uepg.br\/parana-fala-idiomas\/wp-json\/wp\/v2\/users\/80"}],"replies":[{"embeddable":true,"href":"https:\/\/www2.uepg.br\/parana-fala-idiomas\/wp-json\/wp\/v2\/comments?post=167"}],"version-history":[{"count":126,"href":"https:\/\/www2.uepg.br\/parana-fala-idiomas\/wp-json\/wp\/v2\/pages\/167\/revisions"}],"predecessor-version":[{"id":2488,"href":"https:\/\/www2.uepg.br\/parana-fala-idiomas\/wp-json\/wp\/v2\/pages\/167\/revisions\/2488"}],"wp:attachment":[{"href":"https:\/\/www2.uepg.br\/parana-fala-idiomas\/wp-json\/wp\/v2\/media?parent=167"}],"curies":[{"name":"wp","href":"https:\/\/api.w.org\/{rel}","templated":true}]}}