{"id":355,"date":"2020-03-01T23:15:49","date_gmt":"2020-03-02T02:15:49","guid":{"rendered":"http:\/\/www2.uepg.br\/parana-fala-idiomas\/?page_id=355"},"modified":"2026-02-23T14:36:42","modified_gmt":"2026-02-23T17:36:42","slug":"equipe","status":"publish","type":"page","link":"https:\/\/www2.uepg.br\/parana-fala-idiomas\/equipe\/","title":{"rendered":"Equipe"},"content":{"rendered":"<h2 style=\"text-align: center\"><span style=\"color: #800000\">Conhe\u00e7a a equipe por tr\u00e1s do Programa Paran\u00e1 Fala Ingl\u00eas &#8211; UEPG:<\/span><\/h2>\n<p>&nbsp;<\/p>\n<p>&nbsp;<\/p>\n<p><img loading=\"lazy\" class=\"size-medium wp-image-128 aligncenter\" src=\"http:\/\/www2.uepg.br\/parana-fala-idiomas\/wp-content\/uploads\/sites\/37\/2019\/12\/IMG_9374-min-300x200.jpg\" alt=\"\" width=\"300\" height=\"200\" srcset=\"https:\/\/www2.uepg.br\/parana-fala-idiomas\/wp-content\/uploads\/sites\/37\/2019\/12\/IMG_9374-min-300x200.jpg 300w, https:\/\/www2.uepg.br\/parana-fala-idiomas\/wp-content\/uploads\/sites\/37\/2019\/12\/IMG_9374-min-1024x683.jpg 1024w, https:\/\/www2.uepg.br\/parana-fala-idiomas\/wp-content\/uploads\/sites\/37\/2019\/12\/IMG_9374-min-768x512.jpg 768w, https:\/\/www2.uepg.br\/parana-fala-idiomas\/wp-content\/uploads\/sites\/37\/2019\/12\/IMG_9374-min-1536x1024.jpg 1536w, https:\/\/www2.uepg.br\/parana-fala-idiomas\/wp-content\/uploads\/sites\/37\/2019\/12\/IMG_9374-min-2048x1365.jpg 2048w, https:\/\/www2.uepg.br\/parana-fala-idiomas\/wp-content\/uploads\/sites\/37\/2019\/12\/IMG_9374-min-1232x821.jpg 1232w, https:\/\/www2.uepg.br\/parana-fala-idiomas\/wp-content\/uploads\/sites\/37\/2019\/12\/IMG_9374-min-1620x1080.jpg 1620w, https:\/\/www2.uepg.br\/parana-fala-idiomas\/wp-content\/uploads\/sites\/37\/2019\/12\/IMG_9374-min-272x182.jpg 272w\" sizes=\"(max-width: 300px) 100vw, 300px\" \/><\/p>\n<h3 style=\"text-align: center\"><span style=\"color: #000000\"><strong>Coordenadora Institucional: Mariza Tulio<\/strong><\/span><\/h3>\n<p class=\"q_team_name\" style=\"text-align: center\">Doutora em Estudos Lingu\u00edsticos na linha Linguagens, culturas e identidades: ensino e aprendizagem pela Universidade Federal do Paran\u00e1 (UFPR), com per\u00edodo sandu\u00edche na Universit\u00e1 degli Studi Internaionale di Roma (UNINT) sob a supervis\u00e3o da Prof. Cristina Benicchi, financiado pelo Programa Institucional de Internacionaliza\u00e7\u00e3o &#8211; Print\/Capes. Possui mestrado em Letras (Ingl\u00eas e Literatura Correspondente) pela Universidade Federal de Santa Catarina(2009), especializa\u00e7\u00e3o em Letras (Ensino e Aprendizagem de L\u00ednguas Estrangeiras &#8211; L\u00edngua Inglesa) pela Universidade Estadual de Ponta Grossa (2003) e gradua\u00e7\u00e3o em Licenciatura em Letras Ingl\u00eas pela Universidade Estadual de Ponta Grossa (2001). Atualmente \u00e9 professora de L\u00edngua Inglesa no curso de gradua\u00e7\u00e3o em Letras na Universidade Estadual de Ponta Grossa &#8211; UEPG, no Departamento de Estudos da Linguagem, DEEL. Tem pesquisas na \u00e1rea de estudos de cinema e de g\u00eanero e atualmente est\u00e1 desenvolvendo pesquisas sobre internacionaliza\u00e7\u00e3o do Ensino Superior, Internacionaliza\u00e7\u00e3o em Casa e EMI (English as a Medium of Instruction).<\/p>\n<p>&nbsp;<\/p>\n<p>&nbsp;<\/p>\n<p><img loading=\"lazy\" class=\"wp-image-2242 aligncenter\" src=\"http:\/\/www2.uepg.br\/parana-fala-idiomas\/wp-content\/uploads\/sites\/37\/2024\/11\/247961856_4275606705869954_1643704904965191641_n.jpg\" alt=\"\" width=\"335\" height=\"419\" \/><\/p>\n<h3 style=\"text-align: center\"><strong><span style=\"color: #000000\">Orientadora Pedag\u00f3gica: Silvely Brandes<\/span><\/strong><\/h3>\n<p style=\"text-align: center\">Possui gradua\u00e7\u00e3o em Letras &#8211; Ingl\u00eas pela Universidade Estadual de Ponta Grossa (2014), mestrado em Linguagem, Identidade e Subjetividade pela Universidade Estadual de Ponta Grossa (2017) e doutorado em Estudos Lingu\u00edsticos pela Universidade Federal do Paran\u00e1 (2022). Atualmente \u00e9 professora colaboradora da Universidade Estadual de Ponta Grossa. Tem experi\u00eancia na \u00e1rea de Lingu\u00edstica, com \u00eanfase em Lingu\u00edstica aplicada, atuando principalmente nos seguintes temas: literatura ind\u00edgena e di\u00e1logos interculturais.<\/p>\n<p>&nbsp;<\/p>\n<p>&nbsp;<\/p>\n<p><a href=\"http:\/\/www2.uepg.br\/parana-fala-idiomas\/wp-content\/uploads\/sites\/37\/2023\/10\/DSC_0035.jpg\"><img loading=\"lazy\" class=\"aligncenter wp-image-1841\" src=\"http:\/\/www2.uepg.br\/parana-fala-idiomas\/wp-content\/uploads\/sites\/37\/2023\/10\/DSC_0035.jpg\" alt=\"\" width=\"240\" height=\"360\" \/><\/a><\/p>\n<h3 style=\"text-align: center\"><span style=\"color: #000000\"><strong>Instrutora: Paula Fitzhum<\/strong><\/span><\/h3>\n<p style=\"text-align: center\">Graduada em Letras &#8211; Portugu\u00eas\/Ingl\u00eas pela Universidade Estadual de Ponta Grossa e especialista em Ensino de L\u00edngua Inglesa.<\/p>\n<p>&nbsp;<\/p>\n<h3>\u00a0 \u00a0 \u00a0 \u00a0 \u00a0 \u00a0 \u00a0 \u00a0 \u00a0 \u00a0 \u00a0 \u00a0 \u00a0 \u00a0 \u00a0 \u00a0 \u00a0 \u00a0 \u00a0 \u00a0 \u00a0 \u00a0 \u00a0 \u00a0 \u00a0 \u00a0 \u00a0 \u00a0 \u00a0 \u00a0 \u00a0<img loading=\"lazy\" class=\"alignnone wp-image-2502 \" src=\"http:\/\/www2.uepg.br\/parana-fala-idiomas\/wp-content\/uploads\/sites\/37\/2026\/02\/WhatsApp-Image-2026-02-20-at-12.36.59-169x300.jpeg\" alt=\"\" width=\"222\" height=\"394\" srcset=\"https:\/\/www2.uepg.br\/parana-fala-idiomas\/wp-content\/uploads\/sites\/37\/2026\/02\/WhatsApp-Image-2026-02-20-at-12.36.59-169x300.jpeg 169w, https:\/\/www2.uepg.br\/parana-fala-idiomas\/wp-content\/uploads\/sites\/37\/2026\/02\/WhatsApp-Image-2026-02-20-at-12.36.59-576x1024.jpeg 576w, https:\/\/www2.uepg.br\/parana-fala-idiomas\/wp-content\/uploads\/sites\/37\/2026\/02\/WhatsApp-Image-2026-02-20-at-12.36.59-768x1366.jpeg 768w, https:\/\/www2.uepg.br\/parana-fala-idiomas\/wp-content\/uploads\/sites\/37\/2026\/02\/WhatsApp-Image-2026-02-20-at-12.36.59-864x1536.jpeg 864w, https:\/\/www2.uepg.br\/parana-fala-idiomas\/wp-content\/uploads\/sites\/37\/2026\/02\/WhatsApp-Image-2026-02-20-at-12.36.59-607x1080.jpeg 607w, https:\/\/www2.uepg.br\/parana-fala-idiomas\/wp-content\/uploads\/sites\/37\/2026\/02\/WhatsApp-Image-2026-02-20-at-12.36.59.jpeg 899w\" sizes=\"(max-width: 222px) 100vw, 222px\" \/><\/h3>\n<h3 style=\"text-align: center\"><span style=\"color: #000000\"><strong>Instrutora: Mariana de Camargo<br \/>\n<\/strong><\/span><\/h3>\n<p class=\"q_team_name\" style=\"text-align: center\">Graduada em Letras &#8211; Portugu\u00eas\/Ingl\u00eas pela Universidade Estadual de Ponta Grossa (2019) e p\u00f3s-graduada em Psicopedagogia Institucional, Alfabetiza\u00e7\u00e3o e Letramento pela Faculdade CENSUPEG (2025), possui ampla experi\u00eancia no ensino de l\u00edngua inglesa no ensino b\u00e1sico e em cursos de idiomas.<\/p>\n<h3><\/h3>\n<p>&nbsp;<\/p>\n<p><img loading=\"lazy\" class=\"size-full wp-image-2238 aligncenter\" src=\"http:\/\/www2.uepg.br\/parana-fala-idiomas\/wp-content\/uploads\/sites\/37\/2024\/11\/Captura-de-tela-2024-11-28-153059.png\" alt=\"\" width=\"383\" height=\"562\" \/><\/p>\n<h3 style=\"text-align: center\"><span style=\"color: #000000\"><strong>Instrutor: Jo\u00e3o Vitor Luz de Geus<\/strong><\/span><\/h3>\n<p style=\"text-align: center\">Graduado no curso de Letras &#8211; Ingl\u00eas\/Portugu\u00eas pela Universidade Estadual de Ponta Grossa, Possui experi\u00eancia na \u00e1rea de Letras, com \u00eanfase em L\u00ednguas Estrangeiras Modernas.<\/p>\n<p>&nbsp;<\/p>\n<p>&nbsp;<\/p>\n<h2 style=\"text-align: center\"><span style=\"color: #800000\">\u00a0<img loading=\"lazy\" class=\"alignnone wp-image-2503 size-medium\" src=\"http:\/\/www2.uepg.br\/parana-fala-idiomas\/wp-content\/uploads\/sites\/37\/2026\/02\/WhatsApp-Image-2026-02-23-at-14.32.35-300x300.jpeg\" alt=\"\" width=\"300\" height=\"300\" srcset=\"https:\/\/www2.uepg.br\/parana-fala-idiomas\/wp-content\/uploads\/sites\/37\/2026\/02\/WhatsApp-Image-2026-02-23-at-14.32.35-300x300.jpeg 300w, https:\/\/www2.uepg.br\/parana-fala-idiomas\/wp-content\/uploads\/sites\/37\/2026\/02\/WhatsApp-Image-2026-02-23-at-14.32.35-1024x1024.jpeg 1024w, https:\/\/www2.uepg.br\/parana-fala-idiomas\/wp-content\/uploads\/sites\/37\/2026\/02\/WhatsApp-Image-2026-02-23-at-14.32.35-150x150.jpeg 150w, https:\/\/www2.uepg.br\/parana-fala-idiomas\/wp-content\/uploads\/sites\/37\/2026\/02\/WhatsApp-Image-2026-02-23-at-14.32.35-768x768.jpeg 768w, https:\/\/www2.uepg.br\/parana-fala-idiomas\/wp-content\/uploads\/sites\/37\/2026\/02\/WhatsApp-Image-2026-02-23-at-14.32.35.jpeg 1080w\" sizes=\"(max-width: 300px) 100vw, 300px\" \/><\/span><\/h2>\n<h3 style=\"text-align: center\"><span style=\"color: #000000\"><strong>Secret\u00e1ria: Alanis Cristine Barros<\/strong><\/span><\/h3>\n<p style=\"text-align: center\">Graduanda em Letras Portugu\u00eas\/ Ingl\u00eas na Universidade Estadual de Ponta Grossa.<\/p>\n<p>&nbsp;<\/p>\n","protected":false},"excerpt":{"rendered":"<p>Conhe\u00e7a a equipe por tr\u00e1s do Programa Paran\u00e1 Fala Ingl\u00eas &#8211; UEPG: &nbsp; &nbsp; Coordenadora Institucional: Mariza Tulio Doutora em Estudos Lingu\u00edsticos na linha Linguagens, culturas e identidades: ensino e aprendizagem pela Universidade Federal do Paran\u00e1 (UFPR), com per\u00edodo sandu\u00edche na Universit\u00e1 degli Studi Internaionale di Roma (UNINT) sob a supervis\u00e3o da Prof. Cristina Benicchi,&nbsp;&hellip;<\/p>\n","protected":false},"author":125,"featured_media":0,"parent":0,"menu_order":0,"comment_status":"closed","ping_status":"closed","template":"","meta":[],"_links":{"self":[{"href":"https:\/\/www2.uepg.br\/parana-fala-idiomas\/wp-json\/wp\/v2\/pages\/355"}],"collection":[{"href":"https:\/\/www2.uepg.br\/parana-fala-idiomas\/wp-json\/wp\/v2\/pages"}],"about":[{"href":"https:\/\/www2.uepg.br\/parana-fala-idiomas\/wp-json\/wp\/v2\/types\/page"}],"author":[{"embeddable":true,"href":"https:\/\/www2.uepg.br\/parana-fala-idiomas\/wp-json\/wp\/v2\/users\/125"}],"replies":[{"embeddable":true,"href":"https:\/\/www2.uepg.br\/parana-fala-idiomas\/wp-json\/wp\/v2\/comments?post=355"}],"version-history":[{"count":29,"href":"https:\/\/www2.uepg.br\/parana-fala-idiomas\/wp-json\/wp\/v2\/pages\/355\/revisions"}],"predecessor-version":[{"id":2506,"href":"https:\/\/www2.uepg.br\/parana-fala-idiomas\/wp-json\/wp\/v2\/pages\/355\/revisions\/2506"}],"wp:attachment":[{"href":"https:\/\/www2.uepg.br\/parana-fala-idiomas\/wp-json\/wp\/v2\/media?parent=355"}],"curies":[{"name":"wp","href":"https:\/\/api.w.org\/{rel}","templated":true}]}}