{"id":5,"date":"2019-09-10T11:11:47","date_gmt":"2019-09-10T14:11:47","guid":{"rendered":"http:\/\/www2.uepg.br\/parana-fala-idiomas\/?page_id=5"},"modified":"2020-03-18T08:25:22","modified_gmt":"2020-03-18T11:25:22","slug":"inicio","status":"publish","type":"page","link":"https:\/\/www2.uepg.br\/parana-fala-idiomas\/","title":{"rendered":"In\u00edcio"},"content":{"rendered":"<div id=\"pl-5\"  class=\"panel-layout\" ><div id=\"pg-5-0\"  class=\"panel-grid panel-no-style\" ><div id=\"pgc-5-0-0\"  class=\"panel-grid-cell\" ><div id=\"panel-5-0-0-0\" class=\"so-panel widget widget_sow-image panel-first-child panel-last-child\" data-index=\"0\" ><div id=\"shadow\" class=\"panel-widget-style panel-widget-style-for-5-0-0-0\" ><div\n\t\t\t\n\t\t\tclass=\"so-widget-sow-image so-widget-sow-image-default-6b88c04c1f9b-5\"\n\t\t\t\n\t\t>\n\n<div class=\"sow-image-container\">\n\t\t\t<a href=\"https:\/\/www2.uepg.br\/parana-fala-idiomas\/frances\/\"\n\t\t\t\t\t>\n\t\t\t<img src=\"https:\/\/www2.uepg.br\/parana-fala-idiomas\/wp-content\/uploads\/sites\/37\/2019\/09\/PFI_Frances.png\" width=\"360\" height=\"192\" srcset=\"https:\/\/www2.uepg.br\/parana-fala-idiomas\/wp-content\/uploads\/sites\/37\/2019\/09\/PFI_Frances.png 360w, https:\/\/www2.uepg.br\/parana-fala-idiomas\/wp-content\/uploads\/sites\/37\/2019\/09\/PFI_Frances-300x160.png 300w\" sizes=\"(max-width: 360px) 100vw, 360px\" alt=\"\" loading=\"lazy\" \t\tclass=\"so-widget-image\"\/>\n\t<\/a><\/div>\n\n<\/div><\/div><\/div><\/div><div id=\"pgc-5-0-1\"  class=\"panel-grid-cell\" ><div id=\"panel-5-0-1-0\" class=\"so-panel widget widget_sow-image panel-first-child panel-last-child\" data-index=\"1\" ><div id=\"shadow\" class=\"panel-widget-style panel-widget-style-for-5-0-1-0\" ><div\n\t\t\t\n\t\t\tclass=\"so-widget-sow-image so-widget-sow-image-default-6b88c04c1f9b-5\"\n\t\t\t\n\t\t>\n\n<div class=\"sow-image-container\">\n\t\t\t<a href=\"https:\/\/www2.uepg.br\/parana-fala-idiomas\/espanhol\/\"\n\t\t\t\t\t>\n\t\t\t<img src=\"https:\/\/www2.uepg.br\/parana-fala-idiomas\/wp-content\/uploads\/sites\/37\/2019\/12\/PFe.jpg\" width=\"360\" height=\"192\" srcset=\"https:\/\/www2.uepg.br\/parana-fala-idiomas\/wp-content\/uploads\/sites\/37\/2019\/12\/PFe.jpg 360w, https:\/\/www2.uepg.br\/parana-fala-idiomas\/wp-content\/uploads\/sites\/37\/2019\/12\/PFe-300x160.jpg 300w\" sizes=\"(max-width: 360px) 100vw, 360px\" alt=\"\" loading=\"lazy\" \t\tclass=\"so-widget-image\"\/>\n\t<\/a><\/div>\n\n<\/div><\/div><\/div><\/div><div id=\"pgc-5-0-2\"  class=\"panel-grid-cell\" ><div id=\"panel-5-0-2-0\" class=\"so-panel widget widget_sow-image panel-first-child panel-last-child\" data-index=\"2\" ><div\n\t\t\t\n\t\t\tclass=\"so-widget-sow-image so-widget-sow-image-default-6b88c04c1f9b-5\"\n\t\t\t\n\t\t>\n\n<div class=\"sow-image-container\">\n\t\t\t<a href=\"https:\/\/www2.uepg.br\/parana-fala-idiomas\/ingles\/\"\n\t\t\t\t\t>\n\t\t\t<img src=\"https:\/\/www2.uepg.br\/parana-fala-idiomas\/wp-content\/uploads\/sites\/37\/2019\/09\/PFI_Ingles.png\" width=\"360\" height=\"192\" srcset=\"https:\/\/www2.uepg.br\/parana-fala-idiomas\/wp-content\/uploads\/sites\/37\/2019\/09\/PFI_Ingles.png 360w, https:\/\/www2.uepg.br\/parana-fala-idiomas\/wp-content\/uploads\/sites\/37\/2019\/09\/PFI_Ingles-300x160.png 300w\" sizes=\"(max-width: 360px) 100vw, 360px\" alt=\"\" loading=\"lazy\" \t\tclass=\"so-widget-image\"\/>\n\t<\/a><\/div>\n\n<\/div><\/div><\/div><\/div><div id=\"pg-5-1\"  class=\"panel-grid panel-no-style\" ><div id=\"pgc-5-1-0\"  class=\"panel-grid-cell\" ><div id=\"panel-5-1-0-0\" class=\"so-panel widget widget_sow-headline panel-first-child\" data-index=\"3\" ><div\n\t\t\t\n\t\t\tclass=\"so-widget-sow-headline so-widget-sow-headline-default-80ee9909c901-5 so-widget-fittext-wrapper\"\n\t\t\t data-fit-text-compressor=\"0.85\"\n\t\t><div class=\"sow-headline-container \">\n\t<h1 class='sow-headline'>O Paran\u00e1 Fala Idiomas<\/h1>\t\t\t\t\t<div class=\"decoration\">\n\t\t\t\t\t\t<div class=\"decoration-inside\"><\/div>\n\t\t\t\t\t<\/div>\n\t\t\t\t\t<\/div><\/div><\/div><div id=\"panel-5-1-0-1\" class=\"so-panel widget widget_sow-editor panel-last-child\" data-index=\"4\" ><div\n\t\t\t\n\t\t\tclass=\"so-widget-sow-editor so-widget-sow-editor-base\"\n\t\t\t\n\t\t>\n<div class=\"siteorigin-widget-tinymce textwidget\">\n\t<p>Com o apoio da Superintend\u00eancia de Ci\u00eancia, Tecnologia e Ensino Superior do Paran\u00e1 (SETI), bem como da Unidade Gestora do Fundo Paran\u00e1 (UGF), o Programa O Paran\u00e1 Fala L\u00ednguas Estrangeiras tem como principal objetivo apoiar o processo de internacionaliza\u00e7\u00e3o das institui\u00e7\u00f5es de\u00a0ensino superior do Paran\u00e1. Com o aprimoramento das capacidades de comunica\u00e7\u00e3o cient\u00edfica e acad\u00eamica em l\u00edngua estrangeira, os cursos de gradua\u00e7\u00e3o e p\u00f3s-gradua\u00e7\u00e3o de nosso Estado podem conquistar um patamar compat\u00edvel com os das melhores universidades nacionais e estrangeiras.<\/p>\n<p>A primeira etapa do programa iniciou no segundo semestre de 2014 com o Paran\u00e1 Fala Ingl\u00eas (PFI) e teve dura\u00e7\u00e3o de 22 meses envolvendo as sete universidades estaduais do Paran\u00e1 (UEL, UEM, UENP, UEPG, UNESPAR,\u00a0UNICENTRO, UNIOESTE). Nesta etapa, foram ofertados cursos semestrais de l\u00edngua inglesa preparat\u00f3rios para o exame TOEFL iBT, em n\u00edvel intermedi\u00e1rio e p\u00f3s-intermedi\u00e1rio para a comunidade universit\u00e1ria.<\/p>\n<p>A segunda etapa do Paran\u00e1 Fala Ingl\u00eas iniciou em junho de 2017, com um Acordo de Coopera\u00e7\u00e3o firmado entre a SETI e a\u00a0\u00a0<em>Languages Canada,<\/em>\u00a0de significativa import\u00e2ncia para a pol\u00edtica lingu\u00edstica do Estado.\u00a0Nesta fase, partiu-se do princ\u00edpio de que \u00e9 necess\u00e1rio ir al\u00e9m da prepara\u00e7\u00e3o para os testes de profici\u00eancia, indo ao encontro das reais necessidades dos contextos educacionais, a fim de promover a\u00e7\u00f5es que impulsionem as universidades de maneira significativa na promo\u00e7\u00e3o do ensino, da pesquisa e da extens\u00e3o, que ultrapassem as barreiras geogr\u00e1ficas. Em 2018, alunos e coordenadores institucionais das 7 universidades participaram de um programa de mobilidade internacional no Canad\u00e1, com 21 (vinte e uma) bolsas \u00a0ofertadas pela <em>Languages Canada<\/em>.<\/p>\n<p>Os programas Paran\u00e1 Fala Ingl\u00eas, na terceira etapa iniciada em 2019,\u00a0Paran\u00e1 Fala Franc\u00eas, implementado em 2019, e Paran\u00e1 Fala Espanhol, em 2020, fazem parte do plano estrat\u00e9gico da Superintend\u00eancia Geral de Ci\u00eancia, Tecnologia e Ensino Superior (SETI) chamado \u201cParan\u00e1 Fala L\u00ednguas Estrangeiras\", tem com objetivo ampliar a oferta de l\u00ednguas estrangeiras a fim de inserir as universidades em um relevante contexto mundial.<\/p>\n<div class=\"page\" title=\"Page 4\">\n<div class=\"section\">\n<div class=\"layoutArea\">\n<div class=\"column\">\n<p>Desse modo, \u00e9 poss\u00edvel perceber que o Programa \u201cO Paran\u00e1 Fala L\u00ednguas Estrangeiras\u201d, no geral, est\u00e1 se consolidando com grande visibilidade e import\u00e2ncia, e traz, cada vez mais, novas oportunidades \u00e0 comunidade acad\u00eamica de cada IEES do Paran\u00e1.<\/p>\n<h4>Objetivo Geral<\/h4>\n<\/div>\n<\/div>\n<\/div>\n<\/div>\n<p>Impulsionar as universidades a promoverem a\u00e7\u00f5es de internacionaliza\u00e7\u00e3o de maneira significativa por meio do ensino, da pesquisa e da extens\u00e3o que ultrapassem as barreiras geogr\u00e1ficas ao capacitar estudantes, docentes e agentes universit\u00e1rios em l\u00edngua estrangeira.<\/p>\n<h4>Objetivos Espec\u00edficos<\/h4>\n<ul>\n<li>Ofertar cursos preparat\u00f3rios para obten\u00e7\u00e3o da pontua\u00e7\u00e3o necess\u00e1ria em exames internacionais de l\u00edngua inglesa;<\/li>\n<li>Ofertar cursos de ingl\u00eas, franc\u00eas e espanhol, potencializando as publica\u00e7\u00f5es em revistas internacionais de alto impacto<\/li>\n<li>Ofertar cursos para intensificar a participa\u00e7\u00e3o da comunidade acad\u00eamica em eventos internacionais e preparar a comunidade acad\u00eamica para o cen\u00e1rio internacional da pesquisa, considerando a diversidade lingu\u00edstico-cultural;<\/li>\n<li>Ofertar cursos em \u00e1reas estrat\u00e9gias de desenvolvimento internacional da universidade;<\/li>\n<li>Fomentar a parceria com pa\u00edses falantes das l\u00ednguas estrangeiras ofertadas pelo programa, a fim de promover a\u00e7\u00f5es conjuntas em prol da qualifica\u00e7\u00e3o, fortalecimento e expans\u00e3o do Paran\u00e1 Fala Idiomas.<\/li>\n<\/ul>\n<p>Superintend\u00eancia de Ci\u00eancia, Tecnologia e Ensino Superior do Paran\u00e1 (SETI)\u00a0- Fundo Paran\u00e1 - Programa Parana Fala Idiomas<\/p>\n<p><a href=\"http:\/\/www.seti.pr.gov.br\">http:\/\/www.seti.pr.gov.br\u00a0<\/a><\/p>\n<\/div>\n<\/div><\/div><\/div><\/div><\/div>","protected":false},"excerpt":{"rendered":"<p>Com o apoio da Superintend\u00eancia de Ci\u00eancia, Tecnologia e Ensino Superior do Paran\u00e1 (SETI), bem como da Unidade Gestora do Fundo Paran\u00e1 (UGF), o Programa O Paran\u00e1 Fala L\u00ednguas Estrangeiras tem como principal objetivo apoiar o processo de internacionaliza\u00e7\u00e3o das institui\u00e7\u00f5es de\u00a0ensino superior do Paran\u00e1. Com o aprimoramento das capacidades de comunica\u00e7\u00e3o cient\u00edfica e acad\u00eamica&nbsp;&hellip;<\/p>\n","protected":false},"author":24,"featured_media":0,"parent":0,"menu_order":0,"comment_status":"closed","ping_status":"closed","template":"","meta":[],"_links":{"self":[{"href":"https:\/\/www2.uepg.br\/parana-fala-idiomas\/wp-json\/wp\/v2\/pages\/5"}],"collection":[{"href":"https:\/\/www2.uepg.br\/parana-fala-idiomas\/wp-json\/wp\/v2\/pages"}],"about":[{"href":"https:\/\/www2.uepg.br\/parana-fala-idiomas\/wp-json\/wp\/v2\/types\/page"}],"author":[{"embeddable":true,"href":"https:\/\/www2.uepg.br\/parana-fala-idiomas\/wp-json\/wp\/v2\/users\/24"}],"replies":[{"embeddable":true,"href":"https:\/\/www2.uepg.br\/parana-fala-idiomas\/wp-json\/wp\/v2\/comments?post=5"}],"version-history":[{"count":44,"href":"https:\/\/www2.uepg.br\/parana-fala-idiomas\/wp-json\/wp\/v2\/pages\/5\/revisions"}],"predecessor-version":[{"id":284,"href":"https:\/\/www2.uepg.br\/parana-fala-idiomas\/wp-json\/wp\/v2\/pages\/5\/revisions\/284"}],"wp:attachment":[{"href":"https:\/\/www2.uepg.br\/parana-fala-idiomas\/wp-json\/wp\/v2\/media?parent=5"}],"curies":[{"name":"wp","href":"https:\/\/api.w.org\/{rel}","templated":true}]}}