{"id":7,"date":"2019-09-10T11:12:13","date_gmt":"2019-09-10T14:12:13","guid":{"rendered":"http:\/\/www2.uepg.br\/parana-fala-idiomas\/?page_id=7"},"modified":"2026-02-19T16:10:02","modified_gmt":"2026-02-19T19:10:02","slug":"ingles","status":"publish","type":"page","link":"https:\/\/www2.uepg.br\/parana-fala-idiomas\/ingles\/","title":{"rendered":"Paran\u00e1 Fala Ingl\u00eas"},"content":{"rendered":"<div id=\"pl-7\"  class=\"panel-layout\" ><div id=\"pg-7-0\"  class=\"panel-grid panel-no-style\" ><div id=\"pgc-7-0-0\"  class=\"panel-grid-cell\" ><div id=\"panel-7-0-0-0\" class=\"so-panel widget widget_siteorigin-panels-builder panel-first-child panel-last-child\" data-index=\"0\" ><div id=\"pl-w6997600a143c5\"  class=\"panel-layout\" ><div id=\"pg-w6997600a143c5-0\"  class=\"panel-grid panel-no-style\" ><div id=\"pgc-w6997600a143c5-0-0\"  class=\"panel-grid-cell\" ><div id=\"panel-w6997600a143c5-0-0-0\" class=\"so-panel widget widget_text panel-first-child panel-last-child\" data-index=\"0\" >\t\t\t<div class=\"textwidget\"><div class=\"siteorigin-widget-tinymce textwidget\">\n<h2 style=\"text-align: center\"><strong>PARAN\u00c1 FALA INGL\u00caS<br \/>\n<\/strong>2026.1<\/h2>\n<\/div>\n<\/div>\n\t\t<\/div><\/div><\/div><\/div><\/div><\/div><\/div><div id=\"pg-7-1\"  class=\"panel-grid panel-no-style\" ><div id=\"pgc-7-1-0\"  class=\"panel-grid-cell\" ><div id=\"panel-7-1-0-0\" class=\"so-panel widget widget_sow-features panel-first-child panel-last-child\" data-index=\"1\" ><div\n\t\t\t\n\t\t\tclass=\"so-widget-sow-features so-widget-sow-features-default-3791fd0745cb-7\"\n\t\t\t\n\t\t>\n<div class=\"sow-features-list sow-features-responsive\">\n\n\t\t\t\t\t\t<div\n\t\t\t\tclass=\"sow-features-feature sow-icon-container-position-top \"\n\t\t\t\tstyle=\"display: flex; flex-direction: column; float: left; width: 33.333%;\"\n\t\t\t>\n\n\t\t\t\t\t\t\t\t<div\n\t\t\t\t\tclass=\"sow-icon-container sow-container-round\"\n                    style=\"color: #ffffff; \"\n\t\t\t\t\ttitle=\"Editais\">\n\t\t\t\t\t<div class=\"sow-icon-image\" style=\"background-image: url(https:\/\/www2.uepg.br\/parana-fala-idiomas\/wp-content\/uploads\/sites\/37\/2021\/11\/9c2cb378f152bdc8b15b754e8c4f796f.jpg); font-size: 24px\"><\/div>\t\t\t\t<\/div>\n\t\t\t\t\n\t\t\t\t<div class=\"textwidget\">\n\t\t\t\t\t\t\t\t\t\t\t<h5>\n\t\t\t\t\t\t\t\n\t\t\t\t\t\t\tEditais\t\t\t\t\t\t\t\t\t\t\t\t\t<\/h5>\n\t\t\t\t\t\n\t\t\t\t\t\t\t\t\t\t\t<span style=\"color: #800000\"><strong><a style=\"color: #800000\" href=\"https:\/\/www2.uepg.br\/parana-fala-idiomas\/editais-pfi\/\">Acesse aqui editais de processos seletivos, inscri\u00e7\u00f5es e outros<\/a><\/strong><\/span>\t\t\t\t\t\n\t\t\t\t\t\t\t\t\t<\/div>\n\t\t\t\t\t\t\t<\/div>\n\n\t\t\t\t\t<div\n\t\t\t\tclass=\"sow-features-feature sow-icon-container-position-top \"\n\t\t\t\tstyle=\"display: flex; flex-direction: column; float: left; width: 33.333%;\"\n\t\t\t>\n\n\t\t\t\t\t\t\t\t<div\n\t\t\t\t\tclass=\"sow-icon-container sow-container-round\"\n                    style=\"color: #ffffff; \"\n\t\t\t\t\ttitle=\"Certificados\">\n\t\t\t\t\t<div class=\"sow-icon-image\" style=\"background-image: url(https:\/\/www2.uepg.br\/parana-fala-idiomas\/wp-content\/uploads\/sites\/37\/2021\/11\/graduado-feliz-com-diploma-lapis-desenho-continuo-131636354.jpg); font-size: 24px\"><\/div>\t\t\t\t<\/div>\n\t\t\t\t\n\t\t\t\t<div class=\"textwidget\">\n\t\t\t\t\t\t\t\t\t\t\t<h5>\n\t\t\t\t\t\t\t\n\t\t\t\t\t\t\tCertificados\t\t\t\t\t\t\t\t\t\t\t\t\t<\/h5>\n\t\t\t\t\t\n\t\t\t\t\t\t\t\t\t\t\t<p><strong><a href=\"https:\/\/sumerio.apps.uepg.br\/buscar\" target=\"_blank\" rel=\"noopener\"><span style=\"color: #800000\">Acesse aqui seu certificado<\/span><\/a><\/strong><\/p>\n\t\t\t\t\t\n\t\t\t\t\t\t\t\t\t<\/div>\n\t\t\t\t\t\t\t<\/div>\n\n\t\t\t\t\t<div\n\t\t\t\tclass=\"sow-features-feature sow-icon-container-position-top \"\n\t\t\t\tstyle=\"display: flex; flex-direction: column; float: left; width: 33.333%;\"\n\t\t\t>\n\n\t\t\t\t\t\t\t\t<div\n\t\t\t\t\tclass=\"sow-icon-container sow-container-round\"\n                    style=\"color: #ffffff; \"\n\t\t\t\t\t>\n\t\t\t\t\t<div class=\"sow-icon-image\" style=\"background-image: url(https:\/\/www2.uepg.br\/parana-fala-idiomas\/wp-content\/uploads\/sites\/37\/2021\/11\/\u2014Pngtree\u2014continuous-line-drawing-of-children_5231115.png); font-size: 24px\"><\/div>\t\t\t\t<\/div>\n\t\t\t\t\n\t\t\t\t<div class=\"textwidget\">\n\t\t\t\t\t\t\t\t\t\t\t<h5>\n\t\t\t\t\t\t\t\n\t\t\t\t\t\t\tCursos e Hor\u00e1rios Paran\u00e1 Fala Ingl\u00eas\t\t\t\t\t\t\t\t\t\t\t\t\t<\/h5>\n\t\t\t\t\t\n\t\t\t\t\t\t\t\t\t\t\t<p><a href=\"https:\/\/docs.google.com\/document\/d\/1Hb19SLaCpMy7IBY50YQhjWcqQ8ymzEEHxEVZWRcqoAs\/edit?tab=t.0\" target=\"_blank\" rel=\"noopener\"><strong><span style=\"color: #800000\"><span style=\"color: #800000\">Acesse aqui os hor\u00e1rios dos cursos<\/span><\/span><\/strong><\/a><\/p>\n\t\t\t\t\t\n\t\t\t\t\t\t\t\t\t<\/div>\n\t\t\t\t\t\t\t<\/div>\n\n\t\t\t\t\t<div\n\t\t\t\tclass=\"sow-features-feature sow-icon-container-position-top sow-features-feature-last-row\"\n\t\t\t\tstyle=\"display: flex; flex-direction: column; float: left; width: 33.333%;\"\n\t\t\t>\n\n\t\t\t\t\t\t\t\t<div\n\t\t\t\t\tclass=\"sow-icon-container sow-container-round\"\n                    style=\"color: #ffffff; \"\n\t\t\t\t\t>\n\t\t\t\t\t<div class=\"sow-icon-image\" style=\"background-image: url(https:\/\/www2.uepg.br\/parana-fala-idiomas\/wp-content\/uploads\/sites\/37\/2021\/11\/138508928-continuous-one-single-line-drawing-online-education-icon-vector-illustration-concept.jpg); font-size: 24px\"><\/div>\t\t\t\t<\/div>\n\t\t\t\t\n\t\t\t\t<div class=\"textwidget\">\n\t\t\t\t\t\t\t\t\t\t\t<h5>\n\t\t\t\t\t\t\t\n\t\t\t\t\t\t\tGaleria\t\t\t\t\t\t\t\t\t\t\t\t\t<\/h5>\n\t\t\t\t\t\n\t\t\t\t\t\t\t\t\t\t\t<p><a href=\"https:\/\/www2.uepg.br\/parana-fala-idiomas\/galeria-pfi\/\"><span style=\"color: #800000\"><strong>Confira fotos de aulas e eventos<\/strong><\/span><\/a><\/p>\n\t\t\t\t\t\n\t\t\t\t\t\t\t\t\t<\/div>\n\t\t\t\t\t\t\t<\/div>\n\n\t\t\t\t\t<div\n\t\t\t\tclass=\"sow-features-feature sow-icon-container-position-top sow-features-feature-last-row\"\n\t\t\t\tstyle=\"display: flex; flex-direction: column; float: left; width: 33.333%;\"\n\t\t\t>\n\n\t\t\t\t\t\t\t\t<div\n\t\t\t\t\tclass=\"sow-icon-container sow-container-round\"\n                    style=\"color: #ffffff; \"\n\t\t\t\t\t>\n\t\t\t\t\t<div class=\"sow-icon-image\" style=\"background-image: url(https:\/\/www2.uepg.br\/parana-fala-idiomas\/wp-content\/uploads\/sites\/37\/2021\/11\/798c58de38e2a1f11108878874da9ff6.jpg); font-size: 24px\"><\/div>\t\t\t\t<\/div>\n\t\t\t\t\n\t\t\t\t<div class=\"textwidget\">\n\t\t\t\t\t\t\t\t\t\t\t<h5>\n\t\t\t\t\t\t\t\n\t\t\t\t\t\t\tRedes sociais\t\t\t\t\t\t\t\t\t\t\t\t\t<\/h5>\n\t\t\t\t\t\n\t\t\t\t\t\t\t\t\t\t\t<p><a href=\"https:\/\/www.instagram.com\/pfiuepg\/\"><span style=\"color: #800000\"><strong>Confira nosso Instagram clicando aqui<\/strong><\/span><\/a><\/p>\n\t\t\t\t\t\n\t\t\t\t\t\t\t\t\t<\/div>\n\t\t\t\t\t\t\t<\/div>\n\n\t\t\t\t\t<div\n\t\t\t\tclass=\"sow-features-feature sow-icon-container-position-top sow-features-feature-last-row\"\n\t\t\t\tstyle=\"display: flex; flex-direction: column; float: left; width: 33.333%;\"\n\t\t\t>\n\n\t\t\t\t\t\t\t\t<div\n\t\t\t\t\tclass=\"sow-icon-container sow-container-round\"\n                    style=\"color: #ffffff; \"\n\t\t\t\t\t>\n\t\t\t\t\t<div class=\"sow-icon-image\" style=\"background-image: url(https:\/\/www2.uepg.br\/parana-fala-idiomas\/wp-content\/uploads\/sites\/37\/2021\/11\/\u2014Pngtree\u2014continuous-one-line-drawing-of_5046989.png); font-size: 24px\"><\/div>\t\t\t\t<\/div>\n\t\t\t\t\n\t\t\t\t<div class=\"textwidget\">\n\t\t\t\t\t\t\t\t\t\t\t<h5>\n\t\t\t\t\t\t\t\n\t\t\t\t\t\t\tEquipe\t\t\t\t\t\t\t\t\t\t\t\t\t<\/h5>\n\t\t\t\t\t\n\t\t\t\t\t\t\t\t\t\t\t<p><strong><a href=\"https:\/\/www2.uepg.br\/parana-fala-idiomas\/equipe\/\"><span style=\"color: #800000\">Nossa equipe<\/span><\/a><\/strong><\/p>\n\t\t\t\t\t\n\t\t\t\t\t\t\t\t\t<\/div>\n\t\t\t\t\t\t\t<\/div>\n\n\t\t\t\n<\/div>\n<\/div><\/div><\/div><\/div><\/div>","protected":false},"excerpt":{"rendered":"<p>PARAN\u00c1 FALA INGL\u00caS 2026.1 Editais Acesse aqui editais de processos seletivos, inscri\u00e7\u00f5es e outros Certificados Acesse aqui seu certificado Cursos e Hor\u00e1rios Paran\u00e1 Fala Ingl\u00eas Acesse aqui os hor\u00e1rios dos cursos Galeria Confira fotos de aulas e eventos Redes sociais Confira nosso Instagram clicando aqui Equipe Nossa equipe<\/p>\n","protected":false},"author":24,"featured_media":0,"parent":0,"menu_order":0,"comment_status":"closed","ping_status":"closed","template":"","meta":[],"_links":{"self":[{"href":"https:\/\/www2.uepg.br\/parana-fala-idiomas\/wp-json\/wp\/v2\/pages\/7"}],"collection":[{"href":"https:\/\/www2.uepg.br\/parana-fala-idiomas\/wp-json\/wp\/v2\/pages"}],"about":[{"href":"https:\/\/www2.uepg.br\/parana-fala-idiomas\/wp-json\/wp\/v2\/types\/page"}],"author":[{"embeddable":true,"href":"https:\/\/www2.uepg.br\/parana-fala-idiomas\/wp-json\/wp\/v2\/users\/24"}],"replies":[{"embeddable":true,"href":"https:\/\/www2.uepg.br\/parana-fala-idiomas\/wp-json\/wp\/v2\/comments?post=7"}],"version-history":[{"count":393,"href":"https:\/\/www2.uepg.br\/parana-fala-idiomas\/wp-json\/wp\/v2\/pages\/7\/revisions"}],"predecessor-version":[{"id":2496,"href":"https:\/\/www2.uepg.br\/parana-fala-idiomas\/wp-json\/wp\/v2\/pages\/7\/revisions\/2496"}],"wp:attachment":[{"href":"https:\/\/www2.uepg.br\/parana-fala-idiomas\/wp-json\/wp\/v2\/media?parent=7"}],"curies":[{"name":"wp","href":"https:\/\/api.w.org\/{rel}","templated":true}]}}