{"id":9,"date":"2019-09-10T11:12:27","date_gmt":"2019-09-10T14:12:27","guid":{"rendered":"http:\/\/www2.uepg.br\/parana-fala-idiomas\/?page_id=9"},"modified":"2025-06-03T10:10:28","modified_gmt":"2025-06-03T13:10:28","slug":"frances","status":"publish","type":"page","link":"https:\/\/www2.uepg.br\/parana-fala-idiomas\/frances\/","title":{"rendered":"Paran\u00e1 Fala Franc\u00eas"},"content":{"rendered":"<div id=\"pl-9\"  class=\"panel-layout\" ><div id=\"pg-9-0\"  class=\"panel-grid panel-no-style\" ><div id=\"pgc-9-0-0\"  class=\"panel-grid-cell\" ><div id=\"panel-9-0-0-0\" class=\"so-panel widget widget_sow-editor panel-first-child\" data-index=\"0\" ><div\n\t\t\t\n\t\t\tclass=\"so-widget-sow-editor so-widget-sow-editor-base\"\n\t\t\t\n\t\t>\n<div class=\"siteorigin-widget-tinymce textwidget\">\n\t<h2 style=\"text-align: center\"><strong><span style=\"color: #0f9abd\">CONHE\u00c7A O NOSSO PROGRAMA<\/span><\/strong><\/h2>\n<h4 style=\"text-align: center\">ACESSE E BAIXE O LIVRO DO <strong>PARAN\u00c1 FALA FRANC\u00caS<\/strong> NO BOT\u00c3O ABAIXO<\/h4>\n<\/div>\n<\/div><\/div><div id=\"panel-9-0-0-1\" class=\"so-panel widget widget_sow-button panel-last-child\" data-index=\"1\" ><div\n\t\t\t\n\t\t\tclass=\"so-widget-sow-button so-widget-sow-button-flat-000bb5036be6-9\"\n\t\t\t\n\t\t><div class=\"ow-button-base ow-button-align-center\">\n\t<a href=\"http:\/\/www2.uepg.br\/parana-fala-idiomas\/wp-content\/uploads\/sites\/37\/2024\/10\/Parana\u0301-fala-idiomas-book.pdf\" class=\"ow-icon-placement-bottom ow-button-hover\" target=\"_blank\" rel=\"noopener noreferrer\" \t\t>\n\t\t<span>\n\t\t\t\n\t\t\tLIVRO PARAN\u00c1 FALA FRANC\u00caS\t\t<\/span>\n\t<\/a>\n<\/div>\n<\/div><\/div><\/div><\/div><div id=\"pg-9-1\"  class=\"panel-grid panel-has-style\" ><div class=\"siteorigin-panels-stretch panel-row-style panel-row-style-for-9-1\" id=\"services\" data-stretch-type=\"full\" ><div id=\"pgc-9-1-0\"  class=\"panel-grid-cell\" ><div id=\"panel-9-1-0-0\" class=\"so-panel widget widget_sow-features panel-first-child panel-last-child\" data-index=\"2\" ><div class=\"panel-widget-style panel-widget-style-for-9-1-0-0\" ><div\n\t\t\t\n\t\t\tclass=\"so-widget-sow-features so-widget-sow-features-default-6d54a4998627-9\"\n\t\t\t\n\t\t>\n<div class=\"sow-features-list sow-features-responsive\">\n\n\t\t\t\t\t\t<div\n\t\t\t\tclass=\"sow-features-feature sow-icon-container-position-top \"\n\t\t\t\tstyle=\"display: flex; flex-direction: column; float: left; width: 33.333%;\"\n\t\t\t>\n\n\t\t\t\t\t\t\t\t<div\n\t\t\t\t\tclass=\"sow-icon-container sow-container-none\"\n                    style=\"color: #404040; \"\n\t\t\t\t\ttitle=\"Editais e documentos \">\n\t\t\t\t\t<div class=\"sow-icon-image\" style=\"background-image: url(https:\/\/www2.uepg.br\/parana-fala-idiomas\/wp-content\/uploads\/sites\/37\/2021\/11\/9c2cb378f152bdc8b15b754e8c4f796f.jpg); font-size: 54px\"><\/div>\t\t\t\t<\/div>\n\t\t\t\t\n\t\t\t\t<div class=\"textwidget\">\n\t\t\t\t\t\t\t\t\t\t\t<h5>\n\t\t\t\t\t\t\t\n\t\t\t\t\t\t\tEditais e Documentos\t\t\t\t\t\t\t\t\t\t\t\t\t<\/h5>\n\t\t\t\t\t\n\t\t\t\t\t\n\t\t\t\t\t\t\t\t\t\t\t<p class=\"sow-more-text\">\n\t\t\t\t\t\t\t<a href=\"https:\/\/www2.uepg.br\/parana-fala-idiomas\/editais-pff\/\" >\t\t\t\t\t\t\tAcesse aqui editais de processos seletivos, inscri\u00e7\u00f5es e outros\t\t\t\t\t\t\t<\/a>\t\t\t\t\t\t<\/p>\n\t\t\t\t\t\t\t\t\t<\/div>\n\t\t\t\t\t\t\t<\/div>\n\n\t\t\t\t\t<div\n\t\t\t\tclass=\"sow-features-feature sow-icon-container-position-top \"\n\t\t\t\tstyle=\"display: flex; flex-direction: column; float: left; width: 33.333%;\"\n\t\t\t>\n\n\t\t\t\t\t\t\t\t<div\n\t\t\t\t\tclass=\"sow-icon-container sow-container-none\"\n                    style=\"color: #404040; \"\n\t\t\t\t\t>\n\t\t\t\t\t<div class=\"sow-icon-image\" style=\"background-image: url(https:\/\/www2.uepg.br\/parana-fala-idiomas\/wp-content\/uploads\/sites\/37\/2021\/11\/\u2014Pngtree\u2014continuous-line-drawing-of-children_5231115.png); font-size: 54px\"><\/div>\t\t\t\t<\/div>\n\t\t\t\t\n\t\t\t\t<div class=\"textwidget\">\n\t\t\t\t\t\t\t\t\t\t\t<h5>\n\t\t\t\t\t\t\t\n\t\t\t\t\t\t\tCursos e Hor\u00e1rios\t\t\t\t\t\t\t\t\t\t\t\t\t<\/h5>\n\t\t\t\t\t\n\t\t\t\t\t\n\t\t\t\t\t\t\t\t\t\t\t<p class=\"sow-more-text\">\n\t\t\t\t\t\t\t<a href=\"https:\/\/www2.uepg.br\/parana-fala-idiomas\/cursos-e-horarios-pff\/\" >\t\t\t\t\t\t\tConhe\u00e7a os cursos e turmas oferecidos\t\t\t\t\t\t\t<\/a>\t\t\t\t\t\t<\/p>\n\t\t\t\t\t\t\t\t\t<\/div>\n\t\t\t\t\t\t\t<\/div>\n\n\t\t\t\t\t<div\n\t\t\t\tclass=\"sow-features-feature sow-icon-container-position-top \"\n\t\t\t\tstyle=\"display: flex; flex-direction: column; float: left; width: 33.333%;\"\n\t\t\t>\n\n\t\t\t\t\t\t\t\t<div\n\t\t\t\t\tclass=\"sow-icon-container sow-container-none\"\n                    style=\"color: #404040; \"\n\t\t\t\t\ttitle=\"Publica\u00e7\u00f5es e Pesquisas\">\n\t\t\t\t\t<div class=\"sow-icon-image\" style=\"background-image: url(https:\/\/www2.uepg.br\/parana-fala-idiomas\/wp-content\/uploads\/sites\/37\/2021\/11\/\u2014Pngtree\u2014continuous-one-line-drawing-of_5046989.png); font-size: 54px\"><\/div>\t\t\t\t<\/div>\n\t\t\t\t\n\t\t\t\t<div class=\"textwidget\">\n\t\t\t\t\t\t\t\t\t\t\t<h5>\n\t\t\t\t\t\t\t\n\t\t\t\t\t\t\tPublica\u00e7\u00f5es e Pesquisas\t\t\t\t\t\t\t\t\t\t\t\t\t<\/h5>\n\t\t\t\t\t\n\t\t\t\t\t\n\t\t\t\t\t\t\t\t\t\t\t<p class=\"sow-more-text\">\n\t\t\t\t\t\t\t<a href=\"https:\/\/www2.uepg.br\/parana-fala-idiomas\/publicacoes-e-pesquisas-pff\/\" >\t\t\t\t\t\t\tAcesse trabalhos desenvolvidos e publicados pelo PFF\t\t\t\t\t\t\t<\/a>\t\t\t\t\t\t<\/p>\n\t\t\t\t\t\t\t\t\t<\/div>\n\t\t\t\t\t\t\t<\/div>\n\n\t\t\t\t\t<div\n\t\t\t\tclass=\"sow-features-feature sow-icon-container-position-top sow-features-feature-last-row\"\n\t\t\t\tstyle=\"display: flex; flex-direction: column; float: left; width: 33.333%;\"\n\t\t\t>\n\n\t\t\t\t\t\t\t\t<div\n\t\t\t\t\tclass=\"sow-icon-container sow-container-none\"\n                    style=\"color: #404040; \"\n\t\t\t\t\t>\n\t\t\t\t\t<div class=\"sow-icon-image\" style=\"background-image: url(https:\/\/www2.uepg.br\/parana-fala-idiomas\/wp-content\/uploads\/sites\/37\/2021\/11\/graduado-feliz-com-diploma-lapis-desenho-continuo-131636354.jpg); font-size: 54px\"><\/div>\t\t\t\t<\/div>\n\t\t\t\t\n\t\t\t\t<div class=\"textwidget\">\n\t\t\t\t\t\t\t\t\t\t\t<h5>\n\t\t\t\t\t\t\t\n\t\t\t\t\t\t\tCertificados\t\t\t\t\t\t\t\t\t\t\t\t\t<\/h5>\n\t\t\t\t\t\n\t\t\t\t\t\n\t\t\t\t\t\t\t\t\t\t\t<p class=\"sow-more-text\">\n\t\t\t\t\t\t\t<a href=\"https:\/\/sumerio.apps.uepg.br\/buscar\" >\t\t\t\t\t\t\tAcesse seus certificados\t\t\t\t\t\t\t<\/a>\t\t\t\t\t\t<\/p>\n\t\t\t\t\t\t\t\t\t<\/div>\n\t\t\t\t\t\t\t<\/div>\n\n\t\t\t\t\t<div\n\t\t\t\tclass=\"sow-features-feature sow-icon-container-position-top sow-features-feature-last-row\"\n\t\t\t\tstyle=\"display: flex; flex-direction: column; float: left; width: 33.333%;\"\n\t\t\t>\n\n\t\t\t\t\t\t\t\t<div\n\t\t\t\t\tclass=\"sow-icon-container sow-container-none\"\n                    style=\"color: #404040; \"\n\t\t\t\t\t>\n\t\t\t\t\t<div class=\"sow-icon-image\" style=\"background-image: url(https:\/\/www2.uepg.br\/parana-fala-idiomas\/wp-content\/uploads\/sites\/37\/2021\/11\/798c58de38e2a1f11108878874da9ff6.jpg); font-size: 54px\"><\/div>\t\t\t\t<\/div>\n\t\t\t\t\n\t\t\t\t<div class=\"textwidget\">\n\t\t\t\t\t\t\t\t\t\t\t<h5>\n\t\t\t\t\t\t\t\n\t\t\t\t\t\t\tNot\u00edcias\t\t\t\t\t\t\t\t\t\t\t\t\t<\/h5>\n\t\t\t\t\t\n\t\t\t\t\t\n\t\t\t\t\t\t\t\t\t\t\t<p class=\"sow-more-text\">\n\t\t\t\t\t\t\t<a href=\"https:\/\/www2.uepg.br\/parana-fala-idiomas\/category\/noticias-frances\/\" >\t\t\t\t\t\t\tTudo o que acontece no PFF\t\t\t\t\t\t\t<\/a>\t\t\t\t\t\t<\/p>\n\t\t\t\t\t\t\t\t\t<\/div>\n\t\t\t\t\t\t\t<\/div>\n\n\t\t\t\t\t<div\n\t\t\t\tclass=\"sow-features-feature sow-icon-container-position-top sow-features-feature-last-row\"\n\t\t\t\tstyle=\"display: flex; flex-direction: column; float: left; width: 33.333%;\"\n\t\t\t>\n\n\t\t\t\t\t\t\t\t<div\n\t\t\t\t\tclass=\"sow-icon-container sow-container-none\"\n                    style=\"color: #404040; \"\n\t\t\t\t\t>\n\t\t\t\t\t<div class=\"sow-icon-image\" style=\"background-image: url(https:\/\/www2.uepg.br\/parana-fala-idiomas\/wp-content\/uploads\/sites\/37\/2021\/11\/138508928-continuous-one-single-line-drawing-online-education-icon-vector-illustration-concept.jpg); font-size: 54px\"><\/div>\t\t\t\t<\/div>\n\t\t\t\t\n\t\t\t\t<div class=\"textwidget\">\n\t\t\t\t\t\t\t\t\t\t\t<h5>\n\t\t\t\t\t\t\t\n\t\t\t\t\t\t\tGaleria\t\t\t\t\t\t\t\t\t\t\t\t\t<\/h5>\n\t\t\t\t\t\n\t\t\t\t\t\n\t\t\t\t\t\t\t\t\t\t\t<p class=\"sow-more-text\">\n\t\t\t\t\t\t\t<a href=\"https:\/\/www2.uepg.br\/parana-fala-idiomas\/galeria-pff\/\" >\t\t\t\t\t\t\tConfira fotos de cursos e eventos\t\t\t\t\t\t\t<\/a>\t\t\t\t\t\t<\/p>\n\t\t\t\t\t\t\t\t\t<\/div>\n\t\t\t\t\t\t\t<\/div>\n\n\t\t\t\n<\/div>\n<\/div><\/div><\/div><\/div><\/div><\/div><div id=\"pg-9-2\"  class=\"panel-grid panel-has-style\" ><div class=\"siteorigin-panels-stretch panel-row-style panel-row-style-for-9-2\" id=\"team\" data-stretch-type=\"full\" ><div id=\"pgc-9-2-0\"  class=\"panel-grid-cell\" ><div id=\"panel-9-2-0-0\" class=\"so-panel widget widget_sow-editor panel-first-child panel-last-child\" data-index=\"3\" ><div class=\"panel-widget-style panel-widget-style-for-9-2-0-0\" ><div\n\t\t\t\n\t\t\tclass=\"so-widget-sow-editor so-widget-sow-editor-base\"\n\t\t\t\n\t\t><h3 class=\"widget-title\">EQUIPE PARAN\u00c1 FALA FRANC\u00caS UEPG<\/h3>\n<div class=\"siteorigin-widget-tinymce textwidget\">\n\t<h4><strong>CONHE\u00c7A NOSSA EQUIPE:<\/strong><\/h4>\n<p>Coordenadora institucional, professora Janeffer Desselman<\/p>\n<p>Coordenadora pedag\u00f3gica, professora Juliana Ristow Canuto<\/p>\n<p>Profissional graduado, instrutor Christofer Felipe Goes Miranda<\/p>\n<p>Profissional graduado, instrutora Daiane Pereira Xavier<\/p>\n<p>Bolsista de gradua\u00e7\u00e3o, discente Nicole Cristina Pokczyva<\/p>\n<\/div>\n<\/div><\/div><\/div><\/div><\/div><\/div><div id=\"pg-9-3\"  class=\"panel-grid panel-has-style\" ><div class=\"siteorigin-panels-stretch panel-row-style panel-row-style-for-9-3\" id=\"contact-2\" data-stretch-type=\"full\" ><div id=\"pgc-9-3-0\"  class=\"panel-grid-cell\" ><div id=\"panel-9-3-0-0\" class=\"so-panel widget widget_sow-editor panel-first-child panel-last-child\" data-index=\"4\" ><div\n\t\t\t\n\t\t\tclass=\"so-widget-sow-editor so-widget-sow-editor-base\"\n\t\t\t\n\t\t><h3 class=\"widget-title\">NOSSA SECRETARIA<\/h3>\n<div class=\"siteorigin-widget-tinymce textwidget\">\n\t<p><strong>E-MAIL:<\/strong> pffrances@uepg.br<\/p>\n<p><strong>ENDERE\u00c7O: <\/strong>ESLiN (Escola de L\u00ednguas, Literaturas e Culturas) - UEPG, R. J\u00falia Wanderley, 980 - Centro, Ponta Grossa - PR<\/p>\n<p>&nbsp;<\/p>\n<\/div>\n<\/div><\/div><\/div><\/div><\/div><\/div>","protected":false},"excerpt":{"rendered":"<p>CONHE\u00c7A O NOSSO PROGRAMA ACESSE E BAIXE O LIVRO DO PARAN\u00c1 FALA FRANC\u00caS NO BOT\u00c3O ABAIXO<\/p>\n","protected":false},"author":24,"featured_media":0,"parent":0,"menu_order":0,"comment_status":"closed","ping_status":"closed","template":"","meta":[],"_links":{"self":[{"href":"https:\/\/www2.uepg.br\/parana-fala-idiomas\/wp-json\/wp\/v2\/pages\/9"}],"collection":[{"href":"https:\/\/www2.uepg.br\/parana-fala-idiomas\/wp-json\/wp\/v2\/pages"}],"about":[{"href":"https:\/\/www2.uepg.br\/parana-fala-idiomas\/wp-json\/wp\/v2\/types\/page"}],"author":[{"embeddable":true,"href":"https:\/\/www2.uepg.br\/parana-fala-idiomas\/wp-json\/wp\/v2\/users\/24"}],"replies":[{"embeddable":true,"href":"https:\/\/www2.uepg.br\/parana-fala-idiomas\/wp-json\/wp\/v2\/comments?post=9"}],"version-history":[{"count":94,"href":"https:\/\/www2.uepg.br\/parana-fala-idiomas\/wp-json\/wp\/v2\/pages\/9\/revisions"}],"predecessor-version":[{"id":2363,"href":"https:\/\/www2.uepg.br\/parana-fala-idiomas\/wp-json\/wp\/v2\/pages\/9\/revisions\/2363"}],"wp:attachment":[{"href":"https:\/\/www2.uepg.br\/parana-fala-idiomas\/wp-json\/wp\/v2\/media?parent=9"}],"curies":[{"name":"wp","href":"https:\/\/api.w.org\/{rel}","templated":true}]}}