{"id":132,"date":"2025-05-20T09:06:15","date_gmt":"2025-05-20T12:06:15","guid":{"rendered":"https:\/\/www2.uepg.br\/jornalismo-ambiental\/?page_id=132"},"modified":"2025-06-23T11:41:53","modified_gmt":"2025-06-23T14:41:53","slug":"quem-somos","status":"publish","type":"page","link":"https:\/\/www2.uepg.br\/pauta-ambiental\/quem-somos\/","title":{"rendered":"Quem Somos"},"content":{"rendered":"<p style=\"text-align: justify\">Somos um servi\u00e7o de extens\u00e3o do Curso de Jornalismo da Universidade Estadual de Ponta Grossa (UEPG).<\/p>\n<p style=\"text-align: justify\"><b>Pauta Ambiental<\/b> consiste numa ag\u00eancia de not\u00edcias local\/regional com foco na tem\u00e1tica sobre meio ambiente. Produzimos e disponibilizamos reportagens, entrevistas e an\u00e1lises, de forma aberta, para ve\u00edculos de imprensa e p\u00fablico em geral. Nossa equipe \u00e9 composta por estudantes e professoras(es) orientadoras(es) do Curso de Jornalismo da UEPG, imersos nos desafios e experimenta\u00e7\u00e3o da pr\u00e1tica do jornalismo ambiental. A ideia come\u00e7ou a ser elaborada no in\u00edcio deste 2025, com a efetiva\u00e7\u00e3o em maio. Priorizamos a pauta sobre meio ambiente!<\/p>\n<p style=\"text-align: justify\">A prote\u00e7\u00e3o da natureza tem sido uma preocupa\u00e7\u00e3o central para toda a sociedade, com mais aten\u00e7\u00e3o nessas duas \u00faltimas d\u00e9cadas, quando veio \u00e0 tona a quest\u00e3o clim\u00e1tica. A COP30 (Confer\u00eancia das Partes) da ONU, ou a Confer\u00eancia do Clima, a ser realizada em Bel\u00e9m, no Par\u00e1, em novembro deste 2025, convoca diversas lideran\u00e7as mundiais para decis\u00f5es que reduzam os impactos ambientais.<\/p>\n<p style=\"text-align: justify\">Na Eco-92, Confer\u00eancia da ONU sobre meio ambiente realizada no Rio de Janeiro em 1992, o jornalismo brasileiro deu um grande salto na cobertura sobre meio ambiente. Antes t\u00edmida, a partir daquele evento internacional a quest\u00e3o ambiental passou a ser incorporada pela maioria dos ve\u00edculos de imprensa brasileiros. Com a COP30, os desafios s\u00e3o maiores para o jornalismo no pa\u00eds, pois, a quest\u00e3o clim\u00e1tica n\u00e3o pode ser adiada. Parafraseando o fil\u00f3sofo ind\u00edgena Ailton Krenak, proteger a natureza &#8220;para adiarmos o fim do mundo&#8221;.<\/p>\n<p style=\"text-align: justify\">Nesse sentido, <strong>Pauta Ambiental<\/strong> vem somar-se a diversas iniciativas jornal\u00edsticas que priorizam o meio ambiente como tem\u00e1tica central. S\u00e3o bem-vindas as sugest\u00f5es de pautas, coment\u00e1rios e cr\u00edticas, atrav\u00e9s de nossos canais de contato. Para receber nossos conte\u00fados de forma gratuita, basta assinar nossa newsletter! Acompanhe-nos nas redes sociais!<\/p>\n<p>&nbsp;<\/p>\n<p><strong>EQUIPE<\/strong><\/p>\n<p><strong>Estudantes:\u00a0<\/strong>Amanda Grzebielucka, Carolina Oleg\u00e1rio, Diego Santana, Julia Almeida, Matheus Le\u00f4nidas, Nicolle Brustolim, Pedro Moro e Victoria da Fonseca.<\/p>\n<p><strong>Coordenadora do Projeto:<\/strong> Profa. Dra. Hebe Gon\u00e7alves<\/p>\n<p><strong>V\u00ednculo ao Programa de Extens\u00e3o:<\/strong> Ag\u00eancia de Jornalismo UEPG<\/p>\n<p><strong>Departamento de Jornalismo\/UEPG<\/strong><\/p>\n<p><strong>N\u00facleo de Tecnologia da Informa\u00e7\u00e3o\/UEPG<\/strong><\/p>\n","protected":false},"excerpt":{"rendered":"<p>Somos um servi\u00e7o de extens\u00e3o do Curso de Jornalismo da Universidade Estadual de Ponta Grossa (UEPG). Pauta Ambiental consiste numa ag\u00eancia de not\u00edcias local\/regional com foco na tem\u00e1tica sobre meio ambiente. Produzimos e disponibilizamos reportagens, entrevistas e an\u00e1lises, de forma aberta, para ve\u00edculos de imprensa e p\u00fablico em geral. Nossa equipe \u00e9 composta por estudantes&nbsp;&hellip;<\/p>\n","protected":false},"author":378,"featured_media":0,"parent":0,"menu_order":0,"comment_status":"closed","ping_status":"closed","template":"","meta":[],"_links":{"self":[{"href":"https:\/\/www2.uepg.br\/pauta-ambiental\/wp-json\/wp\/v2\/pages\/132"}],"collection":[{"href":"https:\/\/www2.uepg.br\/pauta-ambiental\/wp-json\/wp\/v2\/pages"}],"about":[{"href":"https:\/\/www2.uepg.br\/pauta-ambiental\/wp-json\/wp\/v2\/types\/page"}],"author":[{"embeddable":true,"href":"https:\/\/www2.uepg.br\/pauta-ambiental\/wp-json\/wp\/v2\/users\/378"}],"replies":[{"embeddable":true,"href":"https:\/\/www2.uepg.br\/pauta-ambiental\/wp-json\/wp\/v2\/comments?post=132"}],"version-history":[{"count":12,"href":"https:\/\/www2.uepg.br\/pauta-ambiental\/wp-json\/wp\/v2\/pages\/132\/revisions"}],"predecessor-version":[{"id":290,"href":"https:\/\/www2.uepg.br\/pauta-ambiental\/wp-json\/wp\/v2\/pages\/132\/revisions\/290"}],"wp:attachment":[{"href":"https:\/\/www2.uepg.br\/pauta-ambiental\/wp-json\/wp\/v2\/media?parent=132"}],"curies":[{"name":"wp","href":"https:\/\/api.w.org\/{rel}","templated":true}]}}